{"id":10,"date":"2023-03-17T11:53:27","date_gmt":"2023-03-17T08:53:27","guid":{"rendered":"https:\/\/arpdestek.com\/?page_id=10"},"modified":"2023-09-12T11:08:19","modified_gmt":"2023-09-12T08:08:19","slug":"ana-sayfa","status":"publish","type":"page","link":"https:\/\/arpdestek.com\/","title":{"rendered":"Ana Sayfa"},"content":{"rendered":"\t\t<div data-elementor-type=\"wp-page\" data-elementor-id=\"10\" class=\"elementor elementor-10\">\n\t\t\t\t\t\t\t\t\t<section class=\"elementor-section elementor-top-section elementor-element elementor-element-e207f1b elementor-section-full_width elementor-section-height-min-height elementor-section-height-default elementor-section-items-middle\" data-id=\"e207f1b\" data-element_type=\"section\" data-settings=\"{&quot;background_background&quot;:&quot;classic&quot;}\">\n\t\t\t\t\t\t<div class=\"elementor-container elementor-column-gap-default\">\n\t\t\t\t\t<div class=\"elementor-column elementor-col-100 elementor-top-column elementor-element elementor-element-5c9e378\" data-id=\"5c9e378\" data-element_type=\"column\">\n\t\t\t<div class=\"elementor-widget-wrap elementor-element-populated\">\n\t\t\t\t\t\t\t\t<div class=\"elementor-element elementor-element-d92782d elementor-widget elementor-widget-heading\" data-id=\"d92782d\" data-element_type=\"widget\" data-widget_type=\"heading.default\">\n\t\t\t\t<div class=\"elementor-widget-container\">\n\t\t\t<style>\/*! elementor - v3.11.5 - 14-03-2023 *\/\n.elementor-heading-title{padding:0;margin:0;line-height:1}.elementor-widget-heading .elementor-heading-title[class*=elementor-size-]>a{color:inherit;font-size:inherit;line-height:inherit}.elementor-widget-heading .elementor-heading-title.elementor-size-small{font-size:15px}.elementor-widget-heading .elementor-heading-title.elementor-size-medium{font-size:19px}.elementor-widget-heading .elementor-heading-title.elementor-size-large{font-size:29px}.elementor-widget-heading .elementor-heading-title.elementor-size-xl{font-size:39px}.elementor-widget-heading .elementor-heading-title.elementor-size-xxl{font-size:59px}<\/style><h2 class=\"elementor-heading-title elementor-size-default\">Dan\u0131\u015fmanl\u0131k Hizmeti Verdi\u011fimiz Alanlar<\/h2>\t\t<\/div>\n\t\t\t\t<\/div>\n\t\t\t\t\t<\/div>\n\t\t<\/div>\n\t\t\t\t\t\t\t<\/div>\n\t\t<\/section>\n\t\t\t\t<section class=\"elementor-section elementor-top-section elementor-element elementor-element-0f7260a elementor-section-height-min-height elementor-section-boxed elementor-section-height-default elementor-section-items-middle\" data-id=\"0f7260a\" data-element_type=\"section\">\n\t\t\t\t\t\t<div class=\"elementor-container elementor-column-gap-default\">\n\t\t\t\t\t<div class=\"elementor-column elementor-col-33 elementor-top-column elementor-element elementor-element-3d9cad2\" data-id=\"3d9cad2\" data-element_type=\"column\">\n\t\t\t<div class=\"elementor-widget-wrap elementor-element-populated\">\n\t\t\t\t\t\t\t\t<div class=\"elementor-element elementor-element-9c3f64e elementor-invisible elementor-widget elementor-widget-image\" data-id=\"9c3f64e\" data-element_type=\"widget\" data-settings=\"{&quot;_animation&quot;:&quot;bounceIn&quot;}\" data-widget_type=\"image.default\">\n\t\t\t\t<div class=\"elementor-widget-container\">\n\t\t\t<style>\/*! elementor - v3.11.5 - 14-03-2023 *\/\n.elementor-widget-image{text-align:center}.elementor-widget-image a{display:inline-block}.elementor-widget-image a img[src$=\".svg\"]{width:48px}.elementor-widget-image img{vertical-align:middle;display:inline-block}<\/style>\t\t\t\t\t\t\t\t\t<figure class=\"wp-caption\">\n\t\t\t\t\t\t\t\t\t\t\t<a href=\"https:\/\/arpdestek.com\/index.php\/ticaret-bakanligi-ihracat-destekleri\/\" target=\"_blank\">\n\t\t\t\t\t\t\t<img decoding=\"async\" width=\"300\" height=\"300\" src=\"https:\/\/arpdestek.com\/wp-content\/uploads\/2023\/03\/Ticaret_Bakanligi_logo.svg_-300x300.png\" class=\"elementor-animation-grow attachment-medium size-medium wp-image-64\" alt=\"\" loading=\"lazy\" srcset=\"https:\/\/arpdestek.com\/wp-content\/uploads\/2023\/03\/Ticaret_Bakanligi_logo.svg_-300x300.png 300w, https:\/\/arpdestek.com\/wp-content\/uploads\/2023\/03\/Ticaret_Bakanligi_logo.svg_-1024x1024.png 1024w, https:\/\/arpdestek.com\/wp-content\/uploads\/2023\/03\/Ticaret_Bakanligi_logo.svg_-150x150.png 150w, https:\/\/arpdestek.com\/wp-content\/uploads\/2023\/03\/Ticaret_Bakanligi_logo.svg_-768x768.png 768w, https:\/\/arpdestek.com\/wp-content\/uploads\/2023\/03\/Ticaret_Bakanligi_logo.svg_.png 1200w\" sizes=\"(max-width: 300px) 100vw, 300px\" \/>\t\t\t\t\t\t\t\t<\/a>\n\t\t\t\t\t\t\t\t\t\t\t<figcaption class=\"widget-image-caption wp-caption-text\">Ticaret Bakanl\u0131\u011f\u0131 \u0130hracat Destekleri<\/figcaption>\n\t\t\t\t\t\t\t\t\t\t<\/figure>\n\t\t\t\t\t\t\t\t\t<\/div>\n\t\t\t\t<\/div>\n\t\t\t\t\t<\/div>\n\t\t<\/div>\n\t\t\t\t<div class=\"elementor-column elementor-col-33 elementor-top-column elementor-element elementor-element-f83b16a\" data-id=\"f83b16a\" data-element_type=\"column\">\n\t\t\t<div class=\"elementor-widget-wrap elementor-element-populated\">\n\t\t\t\t\t\t\t\t<div class=\"elementor-element elementor-element-19954b1 elementor-invisible elementor-widget elementor-widget-image\" data-id=\"19954b1\" data-element_type=\"widget\" data-settings=\"{&quot;_animation&quot;:&quot;bounceIn&quot;}\" data-widget_type=\"image.default\">\n\t\t\t\t<div class=\"elementor-widget-container\">\n\t\t\t\t\t\t\t\t\t\t\t\t<figure class=\"wp-caption\">\n\t\t\t\t\t\t\t\t\t\t\t<a href=\"https:\/\/arpdestek.com\/index.php\/kosgeb-destekleri\/\" target=\"_blank\">\n\t\t\t\t\t\t\t<img decoding=\"async\" width=\"300\" height=\"246\" src=\"https:\/\/arpdestek.com\/wp-content\/uploads\/2023\/03\/KOSGEB_logo.svg_-300x246.png\" class=\"elementor-animation-grow attachment-medium size-medium wp-image-65\" alt=\"\" loading=\"lazy\" srcset=\"https:\/\/arpdestek.com\/wp-content\/uploads\/2023\/03\/KOSGEB_logo.svg_-300x246.png 300w, https:\/\/arpdestek.com\/wp-content\/uploads\/2023\/03\/KOSGEB_logo.svg_-1024x840.png 1024w, https:\/\/arpdestek.com\/wp-content\/uploads\/2023\/03\/KOSGEB_logo.svg_-768x630.png 768w, https:\/\/arpdestek.com\/wp-content\/uploads\/2023\/03\/KOSGEB_logo.svg_.png 1200w\" sizes=\"(max-width: 300px) 100vw, 300px\" \/>\t\t\t\t\t\t\t\t<\/a>\n\t\t\t\t\t\t\t\t\t\t\t<figcaption class=\"widget-image-caption wp-caption-text\">KOSGEB Destekleri<\/figcaption>\n\t\t\t\t\t\t\t\t\t\t<\/figure>\n\t\t\t\t\t\t\t\t\t<\/div>\n\t\t\t\t<\/div>\n\t\t\t\t\t<\/div>\n\t\t<\/div>\n\t\t\t\t<div class=\"elementor-column elementor-col-33 elementor-top-column elementor-element elementor-element-b32f747\" data-id=\"b32f747\" data-element_type=\"column\">\n\t\t\t<div class=\"elementor-widget-wrap elementor-element-populated\">\n\t\t\t\t\t\t\t\t<div class=\"elementor-element elementor-element-c5346e2 elementor-invisible elementor-widget elementor-widget-image\" data-id=\"c5346e2\" data-element_type=\"widget\" data-settings=\"{&quot;_animation&quot;:&quot;bounceIn&quot;}\" data-widget_type=\"image.default\">\n\t\t\t\t<div class=\"elementor-widget-container\">\n\t\t\t\t\t\t\t\t\t\t\t\t<figure class=\"wp-caption\">\n\t\t\t\t\t\t\t\t\t\t\t<a href=\"https:\/\/arpdestek.com\/index.php\/yatirim-tesvik-belgesi-danismanligi\/\" target=\"_blank\">\n\t\t\t\t\t\t\t<img decoding=\"async\" width=\"300\" height=\"300\" src=\"https:\/\/arpdestek.com\/wp-content\/uploads\/2023\/03\/stb-arma-300x300.png\" class=\"elementor-animation-grow attachment-medium size-medium wp-image-69\" alt=\"\" loading=\"lazy\" srcset=\"https:\/\/arpdestek.com\/wp-content\/uploads\/2023\/03\/stb-arma-300x300.png 300w, https:\/\/arpdestek.com\/wp-content\/uploads\/2023\/03\/stb-arma-150x150.png 150w, https:\/\/arpdestek.com\/wp-content\/uploads\/2023\/03\/stb-arma.png 363w\" sizes=\"(max-width: 300px) 100vw, 300px\" \/>\t\t\t\t\t\t\t\t<\/a>\n\t\t\t\t\t\t\t\t\t\t\t<figcaption class=\"widget-image-caption wp-caption-text\">Yat\u0131r\u0131m Te\u015fvik Belgesi <\/figcaption>\n\t\t\t\t\t\t\t\t\t\t<\/figure>\n\t\t\t\t\t\t\t\t\t<\/div>\n\t\t\t\t<\/div>\n\t\t\t\t\t<\/div>\n\t\t<\/div>\n\t\t\t\t\t\t\t<\/div>\n\t\t<\/section>\n\t\t\t\t\t\t\t<\/div>\n\t\t","protected":false},"excerpt":{"rendered":"<p>Dan\u0131\u015fmanl\u0131k Hizmeti Verdi\u011fimiz Alanlar Ticaret Bakanl\u0131\u011f\u0131 \u0130hracat Destekleri KOSGEB Destekleri Yat\u0131r\u0131m Te\u015fvik Belgesi<\/p>\n","protected":false},"author":1,"featured_media":0,"parent":0,"menu_order":0,"comment_status":"closed","ping_status":"closed","template":"elementor_header_footer","meta":[],"_links":{"self":[{"href":"https:\/\/arpdestek.com\/index.php\/wp-json\/wp\/v2\/pages\/10"}],"collection":[{"href":"https:\/\/arpdestek.com\/index.php\/wp-json\/wp\/v2\/pages"}],"about":[{"href":"https:\/\/arpdestek.com\/index.php\/wp-json\/wp\/v2\/types\/page"}],"author":[{"embeddable":true,"href":"https:\/\/arpdestek.com\/index.php\/wp-json\/wp\/v2\/users\/1"}],"replies":[{"embeddable":true,"href":"https:\/\/arpdestek.com\/index.php\/wp-json\/wp\/v2\/comments?post=10"}],"version-history":[{"count":55,"href":"https:\/\/arpdestek.com\/index.php\/wp-json\/wp\/v2\/pages\/10\/revisions"}],"predecessor-version":[{"id":772,"href":"https:\/\/arpdestek.com\/index.php\/wp-json\/wp\/v2\/pages\/10\/revisions\/772"}],"wp:attachment":[{"href":"https:\/\/arpdestek.com\/index.php\/wp-json\/wp\/v2\/media?parent=10"}],"curies":[{"name":"wp","href":"https:\/\/api.w.org\/{rel}","templated":true}]}}