{"id":194,"date":"2023-03-17T16:27:48","date_gmt":"2023-03-17T13:27:48","guid":{"rendered":"https:\/\/arpdestek.com\/?page_id=194"},"modified":"2025-01-20T13:52:52","modified_gmt":"2025-01-20T10:52:52","slug":"ticaret-bakanligi-detay","status":"publish","type":"page","link":"https:\/\/arpdestek.com\/index.php\/ticaret-bakanligi-detay\/","title":{"rendered":"Mal \u0130hracat Destekleri"},"content":{"rendered":"\t\t<div data-elementor-type=\"wp-page\" data-elementor-id=\"194\" class=\"elementor elementor-194\">\n\t\t\t\t\t\t\t\t\t<section class=\"elementor-section elementor-top-section elementor-element elementor-element-073bf46 elementor-section-height-min-height elementor-section-boxed elementor-section-height-default elementor-section-items-middle\" data-id=\"073bf46\" data-element_type=\"section\">\n\t\t\t\t\t\t<div class=\"elementor-container elementor-column-gap-default\">\n\t\t\t\t\t<div class=\"elementor-column elementor-col-100 elementor-top-column elementor-element elementor-element-e474cc8\" data-id=\"e474cc8\" data-element_type=\"column\">\n\t\t\t<div class=\"elementor-widget-wrap elementor-element-populated\">\n\t\t\t\t\t\t\t\t<div class=\"elementor-element elementor-element-2abceb9 elementor-widget elementor-widget-heading\" data-id=\"2abceb9\" data-element_type=\"widget\" data-widget_type=\"heading.default\">\n\t\t\t\t<div class=\"elementor-widget-container\">\n\t\t\t<style>\/*! elementor - v3.11.5 - 14-03-2023 *\/\n.elementor-heading-title{padding:0;margin:0;line-height:1}.elementor-widget-heading .elementor-heading-title[class*=elementor-size-]>a{color:inherit;font-size:inherit;line-height:inherit}.elementor-widget-heading .elementor-heading-title.elementor-size-small{font-size:15px}.elementor-widget-heading .elementor-heading-title.elementor-size-medium{font-size:19px}.elementor-widget-heading .elementor-heading-title.elementor-size-large{font-size:29px}.elementor-widget-heading .elementor-heading-title.elementor-size-xl{font-size:39px}.elementor-widget-heading .elementor-heading-title.elementor-size-xxl{font-size:59px}<\/style><h1 class=\"elementor-heading-title elementor-size-default\">Mal \u0130hracat\u0131 Destekleri <\/h1>\t\t<\/div>\n\t\t\t\t<\/div>\n\t\t\t\t\t<\/div>\n\t\t<\/div>\n\t\t\t\t\t\t\t<\/div>\n\t\t<\/section>\n\t\t\t\t<section class=\"elementor-section elementor-top-section elementor-element elementor-element-ef0cc08 elementor-section-boxed elementor-section-height-default elementor-section-height-default\" data-id=\"ef0cc08\" data-element_type=\"section\">\n\t\t\t\t\t\t<div class=\"elementor-container elementor-column-gap-default\">\n\t\t\t\t\t<div class=\"elementor-column elementor-col-100 elementor-top-column elementor-element elementor-element-84933e3\" data-id=\"84933e3\" data-element_type=\"column\">\n\t\t\t<div class=\"elementor-widget-wrap elementor-element-populated\">\n\t\t\t\t\t\t\t\t<div class=\"elementor-element elementor-element-55493e4 elementor-widget elementor-widget-text-editor\" data-id=\"55493e4\" data-element_type=\"widget\" data-widget_type=\"text-editor.default\">\n\t\t\t\t<div class=\"elementor-widget-container\">\n\t\t\t<style>\/*! elementor - v3.11.5 - 14-03-2023 *\/\n.elementor-widget-text-editor.elementor-drop-cap-view-stacked .elementor-drop-cap{background-color:#818a91;color:#fff}.elementor-widget-text-editor.elementor-drop-cap-view-framed .elementor-drop-cap{color:#818a91;border:3px solid;background-color:transparent}.elementor-widget-text-editor:not(.elementor-drop-cap-view-default) .elementor-drop-cap{margin-top:8px}.elementor-widget-text-editor:not(.elementor-drop-cap-view-default) .elementor-drop-cap-letter{width:1em;height:1em}.elementor-widget-text-editor .elementor-drop-cap{float:left;text-align:center;line-height:1;font-size:50px}.elementor-widget-text-editor .elementor-drop-cap-letter{display:inline-block}<\/style>\t\t\t\t<p><strong>T\u0130CARET BAKANLI\u011eI \u0130HRACAT DESTEKLER\u0130NDEN K\u0130MLER FAYDALANAB\u0130L\u0130R? <\/strong><\/p><p>18.08.2022 tarihli <strong>5973<\/strong> say\u0131l\u0131 \u0130hracat Destekleri Hakk\u0131nda Cumhurba\u015fkanl\u0131\u011f\u0131 Karar\u0131\u2019na g\u00f6re, ihracat desteklerinden,<\/p><ul><li>\u015eirketler, \u00a0<\/li><li>Pazaryerleri ve<\/li><li>Perakende e-ticaret siteleri yararlanabilir.<\/li><\/ul><p><strong>\u00a0<\/strong><\/p><p><strong>5973 SAYILI \u0130HRACAT DESTEKLER\u0130 HAKKINDA\u00a0 KARARIN AMACI NED\u0130R?<\/strong><\/p><ul><li>Yararlan\u0131c\u0131lar\u0131n, ihracata\/e-ihracata haz\u0131rlanmas\u0131 ve uluslararas\u0131 pazarlarda rekabet avantaj\u0131 kazand\u0131r\u0131lmas\u0131 amac\u0131yla;<\/li><li>Tasar\u0131m ve kurumsal kapasitelerinin g\u00fc\u00e7lendirilmesi,<\/li><li>\u00dcr\u00fcnlerin yurt d\u0131\u015f\u0131nda tan\u0131t\u0131m\u0131, pazarlanmas\u0131, tutundurulmas\u0131 ve<\/li><li>Markala\u015fmas\u0131n\u0131n desteklenmesine y\u00f6nelik harcamalar\u0131 ile<\/li><li>\u0130hracatta s\u00fcrd\u00fcr\u00fclebilir art\u0131\u015f\u0131n sa\u011flanmas\u0131 i\u00e7in gerekli faaliyetlere ili\u015fkin harcamalar\u0131n,<\/li><li>Destekleme ve Fiyat \u0130stikrar Fonu (DF\u0130F)\u2019ndan kar\u015f\u0131lanmas\u0131na y\u00f6nelik d\u00fczenleme yap\u0131lm\u0131\u015ft\u0131r.<\/li><\/ul><p><strong>\u00a0<\/strong><\/p><p><strong>\u0130HRACAT DESTEKLER\u0130NDE G\u00dcNCELLEME YAPILMAKTA MIDIR? DESTEK ORANI NE KADARDIR? \u0130LAVE DESTEK VER\u0130LMEKTE M\u0130D\u0130R? <\/strong><\/p><ul><li><span style=\"font-size: 12pt; line-height: 107%; background-image: initial; background-position: initial; background-size: initial; background-repeat: initial; background-attachment: initial; background-origin: initial; background-clip: initial;\">Karar kapsam\u0131ndaki destek \u00fcst limitleri her takvim y\u0131l\u0131 ba\u015f\u0131nda (T\u00dcFE+Y\u0130-\u00dcFE)\/2 oran\u0131nda g\u00fcncellenecektir.<\/span><\/li><li><span style=\"font-size: 12pt;\">T\u00fcm destek oranlar\u0131\u00a0<b>%50<\/b>\u00a0olarak belirlenmi\u015ftir. <\/span><\/li><li><span style=\"font-size: 12pt;\">Ticaret Bakanl\u0131\u011f\u0131, <\/span><\/li><li><b><u><span style=\"font-size: 12pt;\">Hedef \u00fclkeler<\/span><\/u><\/b><span style=\"font-size: 12pt;\">e y\u00f6nelik ticari faaliyet giderlerine ili\u015fkin destek oran\u0131n\u0131\u00a0<b>20 puana kadar, <\/b><\/span><\/li><li><b><\/b><b><u><span style=\"font-size: 12pt;\">Hedef \u00fclkelerdeki hedef sekt\u00f6rler<\/span><\/u><\/b><b>e <\/b><span style=\"font-size: 12pt;\">y\u00f6nelik ticari faaliyet giderlerine ili\u015fkin destek oran\u0131n\u0131 ilave <b>5 puana kadar<\/b> art\u0131rabilir.\u00a0\u00a0<\/span><\/li><\/ul><p>\u00a0<\/p>\t\t\t\t\t\t<\/div>\n\t\t\t\t<\/div>\n\t\t\t\t\t<\/div>\n\t\t<\/div>\n\t\t\t\t\t\t\t<\/div>\n\t\t<\/section>\n\t\t\t\t\t\t\t<\/div>\n\t\t","protected":false},"excerpt":{"rendered":"<p>Mal \u0130hracat\u0131 Destekleri T\u0130CARET BAKANLI\u011eI \u0130HRACAT DESTEKLER\u0130NDEN K\u0130MLER FAYDALANAB\u0130L\u0130R? 18.08.2022 tarihli 5973 say\u0131l\u0131 \u0130hracat Destekleri Hakk\u0131nda Cumhurba\u015fkanl\u0131\u011f\u0131 Karar\u0131\u2019na g\u00f6re, ihracat desteklerinden, \u015eirketler, \u00a0 Pazaryerleri ve Perakende e-ticaret siteleri yararlanabilir. \u00a0 5973 SAYILI \u0130HRACAT DESTEKLER\u0130 HAKKINDA\u00a0 KARARIN AMACI NED\u0130R? Yararlan\u0131c\u0131lar\u0131n, ihracata\/e-ihracata haz\u0131rlanmas\u0131 ve uluslararas\u0131 pazarlarda rekabet avantaj\u0131 kazand\u0131r\u0131lmas\u0131 amac\u0131yla; Tasar\u0131m ve kurumsal kapasitelerinin g\u00fc\u00e7lendirilmesi, \u00dcr\u00fcnlerin yurt [&hellip;]<\/p>\n","protected":false},"author":1,"featured_media":0,"parent":0,"menu_order":0,"comment_status":"closed","ping_status":"closed","template":"elementor_header_footer","meta":[],"_links":{"self":[{"href":"https:\/\/arpdestek.com\/index.php\/wp-json\/wp\/v2\/pages\/194"}],"collection":[{"href":"https:\/\/arpdestek.com\/index.php\/wp-json\/wp\/v2\/pages"}],"about":[{"href":"https:\/\/arpdestek.com\/index.php\/wp-json\/wp\/v2\/types\/page"}],"author":[{"embeddable":true,"href":"https:\/\/arpdestek.com\/index.php\/wp-json\/wp\/v2\/users\/1"}],"replies":[{"embeddable":true,"href":"https:\/\/arpdestek.com\/index.php\/wp-json\/wp\/v2\/comments?post=194"}],"version-history":[{"count":18,"href":"https:\/\/arpdestek.com\/index.php\/wp-json\/wp\/v2\/pages\/194\/revisions"}],"predecessor-version":[{"id":920,"href":"https:\/\/arpdestek.com\/index.php\/wp-json\/wp\/v2\/pages\/194\/revisions\/920"}],"wp:attachment":[{"href":"https:\/\/arpdestek.com\/index.php\/wp-json\/wp\/v2\/media?parent=194"}],"curies":[{"name":"wp","href":"https:\/\/api.w.org\/{rel}","templated":true}]}}