{"id":24,"date":"2023-03-17T11:56:15","date_gmt":"2023-03-17T08:56:15","guid":{"rendered":"https:\/\/arpdestek.com\/?page_id=24"},"modified":"2023-03-17T16:38:15","modified_gmt":"2023-03-17T13:38:15","slug":"ekibimiz","status":"publish","type":"page","link":"https:\/\/arpdestek.com\/index.php\/ekibimiz\/","title":{"rendered":"Ekibimiz"},"content":{"rendered":"\t\t<div data-elementor-type=\"wp-page\" data-elementor-id=\"24\" class=\"elementor elementor-24\">\n\t\t\t\t\t\t\t\t\t<section class=\"elementor-section elementor-top-section elementor-element elementor-element-b24b05f elementor-section-height-min-height elementor-section-boxed elementor-section-height-default elementor-section-items-middle\" data-id=\"b24b05f\" data-element_type=\"section\">\n\t\t\t\t\t\t<div class=\"elementor-container elementor-column-gap-default\">\n\t\t\t\t\t<div class=\"elementor-column elementor-col-100 elementor-top-column elementor-element elementor-element-cb3508a\" data-id=\"cb3508a\" data-element_type=\"column\">\n\t\t\t<div class=\"elementor-widget-wrap elementor-element-populated\">\n\t\t\t\t\t\t\t\t<div class=\"elementor-element elementor-element-d0dac35 elementor-widget elementor-widget-heading\" data-id=\"d0dac35\" data-element_type=\"widget\" data-widget_type=\"heading.default\">\n\t\t\t\t<div class=\"elementor-widget-container\">\n\t\t\t<style>\/*! elementor - v3.11.5 - 14-03-2023 *\/\n.elementor-heading-title{padding:0;margin:0;line-height:1}.elementor-widget-heading .elementor-heading-title[class*=elementor-size-]>a{color:inherit;font-size:inherit;line-height:inherit}.elementor-widget-heading .elementor-heading-title.elementor-size-small{font-size:15px}.elementor-widget-heading .elementor-heading-title.elementor-size-medium{font-size:19px}.elementor-widget-heading .elementor-heading-title.elementor-size-large{font-size:29px}.elementor-widget-heading .elementor-heading-title.elementor-size-xl{font-size:39px}.elementor-widget-heading .elementor-heading-title.elementor-size-xxl{font-size:59px}<\/style><h2 class=\"elementor-heading-title elementor-size-default\">Ekibimiz<\/h2>\t\t<\/div>\n\t\t\t\t<\/div>\n\t\t\t\t\t<\/div>\n\t\t<\/div>\n\t\t\t\t\t\t\t<\/div>\n\t\t<\/section>\n\t\t\t\t<section class=\"elementor-section elementor-top-section elementor-element elementor-element-b87a4d1 elementor-section-height-min-height elementor-section-boxed elementor-section-height-default elementor-section-items-middle\" data-id=\"b87a4d1\" data-element_type=\"section\">\n\t\t\t\t\t\t<div class=\"elementor-container elementor-column-gap-default\">\n\t\t\t\t\t<div class=\"elementor-column elementor-col-100 elementor-top-column elementor-element elementor-element-48d26b3\" data-id=\"48d26b3\" data-element_type=\"column\">\n\t\t\t<div class=\"elementor-widget-wrap elementor-element-populated\">\n\t\t\t\t\t\t\t\t<div class=\"elementor-element elementor-element-13124dc elementor-widget elementor-widget-heading\" data-id=\"13124dc\" data-element_type=\"widget\" data-widget_type=\"heading.default\">\n\t\t\t\t<div class=\"elementor-widget-container\">\n\t\t\t<h2 class=\"elementor-heading-title elementor-size-default\">Saim PARLAK \/ Kurucu Ortak<\/h2>\t\t<\/div>\n\t\t\t\t<\/div>\n\t\t\t\t\t<\/div>\n\t\t<\/div>\n\t\t\t\t\t\t\t<\/div>\n\t\t<\/section>\n\t\t\t\t<section class=\"elementor-section elementor-top-section elementor-element elementor-element-a0b2ba1 elementor-section-content-middle elementor-section-boxed elementor-section-height-default elementor-section-height-default\" data-id=\"a0b2ba1\" data-element_type=\"section\">\n\t\t\t\t\t\t<div class=\"elementor-container elementor-column-gap-default\">\n\t\t\t\t\t<div class=\"elementor-column elementor-col-50 elementor-top-column elementor-element elementor-element-54f2fc1\" data-id=\"54f2fc1\" data-element_type=\"column\">\n\t\t\t<div class=\"elementor-widget-wrap elementor-element-populated\">\n\t\t\t\t\t\t\t\t<div class=\"elementor-element elementor-element-5b419c1 elementor-widget elementor-widget-text-editor\" data-id=\"5b419c1\" data-element_type=\"widget\" data-widget_type=\"text-editor.default\">\n\t\t\t\t<div class=\"elementor-widget-container\">\n\t\t\t<style>\/*! elementor - v3.11.5 - 14-03-2023 *\/\n.elementor-widget-text-editor.elementor-drop-cap-view-stacked .elementor-drop-cap{background-color:#818a91;color:#fff}.elementor-widget-text-editor.elementor-drop-cap-view-framed .elementor-drop-cap{color:#818a91;border:3px solid;background-color:transparent}.elementor-widget-text-editor:not(.elementor-drop-cap-view-default) .elementor-drop-cap{margin-top:8px}.elementor-widget-text-editor:not(.elementor-drop-cap-view-default) .elementor-drop-cap-letter{width:1em;height:1em}.elementor-widget-text-editor .elementor-drop-cap{float:left;text-align:center;line-height:1;font-size:50px}.elementor-widget-text-editor .elementor-drop-cap-letter{display:inline-block}<\/style>\t\t\t\t<p>&nbsp; &nbsp; &nbsp; Lisans e\u011fitimini Ankara \u00dcniversitesi Siyasal Bilgiler Fak\u00fcltesi\u2019nde, y\u00fcksek lisans\u0131n\u0131 ise T\u00fcrkiye ve Ortado\u011fu Amme \u0130daresi Enstit\u00fcs\u00fc\u2019nde tamamlayan Saim PARLAK, kamu sekt\u00f6r\u00fcnde 30 y\u0131ldan fazla s\u00fcreyle b\u00fct\u00e7e uzman yard\u0131mc\u0131s\u0131, kaymakam, m\u00fclkiye ba\u015fm\u00fcfetti\u015fi, bakan dan\u0131\u015fman\u0131, m\u00fcste\u015far yard\u0131mc\u0131s\u0131, belediye ba\u015fkan yard\u0131mc\u0131s\u0131 ve hukuk m\u00fc\u015faviri\/vali yard\u0131mc\u0131s\u0131 unvanlar\u0131yla g\u00f6rev icra etmi\u015f; bilgi, tecr\u00fcbe ve birikimlerini \u00f6zel sekt\u00f6rdeki ki\u015fi, kurum ve kurulu\u015flara aktarmak \u00fczere erken ya\u015fta emekli olarak ARP DESTEK DANI\u015eMANLIK A.\u015e.\u2019ni kurmu\u015ftur.<\/p>\n<p>&nbsp; &nbsp; &nbsp;Kamu sekt\u00f6r\u00fcndeki g\u00f6revi s\u00fcresince uzman, denet\u00e7i ve y\u00f6netici d\u00fczeyinde \u00e7ok say\u0131da projenin haz\u0131rlanmas\u0131nda, uygulanmas\u0131nda, y\u00f6netilmesinde ve denetlenmesinde g\u00f6rev alm\u0131\u015f; yerel, ulusal ve uluslararas\u0131 d\u00fczeyde bir\u00e7ok toplant\u0131ya kat\u0131l\u0131m sa\u011flam\u0131\u015f veya ba\u015fkanl\u0131k etmi\u015ftir.<\/p>\n<p>&nbsp; &nbsp; &nbsp; &nbsp;\u0130yi derecede \u0130ngilizce bilen Saim PARLAK, evli ve 2 \u00e7ocuk babas\u0131d\u0131r.<\/p>\t\t\t\t\t\t<\/div>\n\t\t\t\t<\/div>\n\t\t\t\t\t<\/div>\n\t\t<\/div>\n\t\t\t\t<div class=\"elementor-column elementor-col-50 elementor-top-column elementor-element elementor-element-66208a3\" data-id=\"66208a3\" data-element_type=\"column\">\n\t\t\t<div class=\"elementor-widget-wrap elementor-element-populated\">\n\t\t\t\t\t\t\t\t<div class=\"elementor-element elementor-element-d186a40 elementor-widget elementor-widget-image\" data-id=\"d186a40\" data-element_type=\"widget\" data-widget_type=\"image.default\">\n\t\t\t\t<div class=\"elementor-widget-container\">\n\t\t\t<style>\/*! elementor - v3.11.5 - 14-03-2023 *\/\n.elementor-widget-image{text-align:center}.elementor-widget-image a{display:inline-block}.elementor-widget-image a img[src$=\".svg\"]{width:48px}.elementor-widget-image img{vertical-align:middle;display:inline-block}<\/style>\t\t\t\t\t\t\t\t\t\t\t\t<img decoding=\"async\" width=\"228\" height=\"300\" src=\"https:\/\/arpdestek.com\/wp-content\/uploads\/2023\/03\/WhatsApp-Image-2023-01-31-at-12.37.34-e1679050944175-228x300.jpeg\" class=\"attachment-medium size-medium wp-image-107\" alt=\"\" loading=\"lazy\" srcset=\"https:\/\/arpdestek.com\/wp-content\/uploads\/2023\/03\/WhatsApp-Image-2023-01-31-at-12.37.34-e1679050944175-228x300.jpeg 228w, https:\/\/arpdestek.com\/wp-content\/uploads\/2023\/03\/WhatsApp-Image-2023-01-31-at-12.37.34-e1679050944175.jpeg 530w\" sizes=\"(max-width: 228px) 100vw, 228px\" \/>\t\t\t\t\t\t\t\t\t\t\t\t\t\t\t<\/div>\n\t\t\t\t<\/div>\n\t\t\t\t\t<\/div>\n\t\t<\/div>\n\t\t\t\t\t\t\t<\/div>\n\t\t<\/section>\n\t\t\t\t<section class=\"elementor-section elementor-top-section elementor-element elementor-element-0b3dce0 elementor-section-height-min-height elementor-section-boxed elementor-section-height-default elementor-section-items-middle\" data-id=\"0b3dce0\" data-element_type=\"section\">\n\t\t\t\t\t\t<div class=\"elementor-container elementor-column-gap-default\">\n\t\t\t\t\t<div class=\"elementor-column elementor-col-100 elementor-top-column elementor-element elementor-element-70c9b5e\" data-id=\"70c9b5e\" data-element_type=\"column\">\n\t\t\t<div class=\"elementor-widget-wrap elementor-element-populated\">\n\t\t\t\t\t\t\t\t<div class=\"elementor-element elementor-element-dc50a14 elementor-widget elementor-widget-heading\" data-id=\"dc50a14\" data-element_type=\"widget\" data-widget_type=\"heading.default\">\n\t\t\t\t<div class=\"elementor-widget-container\">\n\t\t\t<h2 class=\"elementor-heading-title elementor-size-default\">Mustafa YILMAZ \/ Kurucu Ortak<\/h2>\t\t<\/div>\n\t\t\t\t<\/div>\n\t\t\t\t\t<\/div>\n\t\t<\/div>\n\t\t\t\t\t\t\t<\/div>\n\t\t<\/section>\n\t\t\t\t<section class=\"elementor-section elementor-top-section elementor-element elementor-element-9a80b08 elementor-section-content-middle elementor-section-boxed elementor-section-height-default elementor-section-height-default\" data-id=\"9a80b08\" data-element_type=\"section\">\n\t\t\t\t\t\t<div class=\"elementor-container elementor-column-gap-default\">\n\t\t\t\t\t<div class=\"elementor-column elementor-col-50 elementor-top-column elementor-element elementor-element-9a9b724\" data-id=\"9a9b724\" data-element_type=\"column\">\n\t\t\t<div class=\"elementor-widget-wrap elementor-element-populated\">\n\t\t\t\t\t\t\t\t<div class=\"elementor-element elementor-element-5f223cb elementor-widget elementor-widget-text-editor\" data-id=\"5f223cb\" data-element_type=\"widget\" data-widget_type=\"text-editor.default\">\n\t\t\t\t<div class=\"elementor-widget-container\">\n\t\t\t\t\t\t\t<p>\u00a0 \u00a0 Mustafa YILMAZ, kamu sekt\u00f6r\u00fcnde vergi m\u00fcfetti\u015fi olarak 6 y\u0131l s\u00fcreyle g\u00f6rev yapt\u0131ktan sonra, bilgi, birikim ve tecr\u00fcbesini \u00f6zel sekt\u00f6rde de\u011ferlendirmek \u00fczere mali m\u00fc\u015favirlik alan\u0131nda faaliyet g\u00f6stermeye ba\u015flam\u0131\u015f; proje haz\u0131rlama ve mali mevzuattaki birikimini, ihtiya\u00e7 duyan i\u015fletmelere dan\u0131\u015fmanl\u0131k yapmak suretiyle aktarmak \u00fczere ARP DESTEK DANI\u015eMANLIK A.\u015e.\u2019ne kurucu ortak olmu\u015ftur.<\/p><p>\u00a0 \u00a0Kamu sekt\u00f6r\u00fcndeki g\u00f6revi s\u00fcresince \u00f6zel sekt\u00f6rdeki \u00e7ok say\u0131da kurum ve kurulu\u015fun mali denetimini yapm\u0131\u015f ve \u00f6zel sekt\u00f6re sa\u011flanan kamu destekleri hususunda incelemelerde bulunmu\u015ftur.<\/p>\t\t\t\t\t\t<\/div>\n\t\t\t\t<\/div>\n\t\t\t\t\t<\/div>\n\t\t<\/div>\n\t\t\t\t<div class=\"elementor-column elementor-col-50 elementor-top-column elementor-element elementor-element-4d75211\" data-id=\"4d75211\" data-element_type=\"column\">\n\t\t\t<div class=\"elementor-widget-wrap elementor-element-populated\">\n\t\t\t\t\t\t\t\t<div class=\"elementor-element elementor-element-1394e60 elementor-widget elementor-widget-image\" data-id=\"1394e60\" data-element_type=\"widget\" data-widget_type=\"image.default\">\n\t\t\t\t<div class=\"elementor-widget-container\">\n\t\t\t\t\t\t\t\t\t\t\t\t\t\t\t<img decoding=\"async\" width=\"254\" height=\"300\" src=\"https:\/\/arpdestek.com\/wp-content\/uploads\/2023\/03\/Myilmaz-e1679051116855-254x300.jpg\" class=\"attachment-medium size-medium wp-image-108\" alt=\"\" loading=\"lazy\" srcset=\"https:\/\/arpdestek.com\/wp-content\/uploads\/2023\/03\/Myilmaz-e1679051116855-254x300.jpg 254w, https:\/\/arpdestek.com\/wp-content\/uploads\/2023\/03\/Myilmaz-e1679051116855.jpg 464w\" sizes=\"(max-width: 254px) 100vw, 254px\" \/>\t\t\t\t\t\t\t\t\t\t\t\t\t\t\t<\/div>\n\t\t\t\t<\/div>\n\t\t\t\t\t<\/div>\n\t\t<\/div>\n\t\t\t\t\t\t\t<\/div>\n\t\t<\/section>\n\t\t\t\t\t\t\t<\/div>\n\t\t","protected":false},"excerpt":{"rendered":"<p>Ekibimiz Saim PARLAK \/ Kurucu Ortak &nbsp; &nbsp; &nbsp; Lisans e\u011fitimini Ankara \u00dcniversitesi Siyasal Bilgiler Fak\u00fcltesi\u2019nde, y\u00fcksek lisans\u0131n\u0131 ise T\u00fcrkiye ve Ortado\u011fu Amme \u0130daresi Enstit\u00fcs\u00fc\u2019nde tamamlayan Saim PARLAK, kamu sekt\u00f6r\u00fcnde 30 y\u0131ldan fazla s\u00fcreyle b\u00fct\u00e7e uzman yard\u0131mc\u0131s\u0131, kaymakam, m\u00fclkiye ba\u015fm\u00fcfetti\u015fi, bakan dan\u0131\u015fman\u0131, m\u00fcste\u015far yard\u0131mc\u0131s\u0131, belediye ba\u015fkan yard\u0131mc\u0131s\u0131 ve hukuk m\u00fc\u015faviri\/vali yard\u0131mc\u0131s\u0131 unvanlar\u0131yla g\u00f6rev icra etmi\u015f; [&hellip;]<\/p>\n","protected":false},"author":1,"featured_media":0,"parent":0,"menu_order":0,"comment_status":"closed","ping_status":"closed","template":"elementor_header_footer","meta":[],"_links":{"self":[{"href":"https:\/\/arpdestek.com\/index.php\/wp-json\/wp\/v2\/pages\/24"}],"collection":[{"href":"https:\/\/arpdestek.com\/index.php\/wp-json\/wp\/v2\/pages"}],"about":[{"href":"https:\/\/arpdestek.com\/index.php\/wp-json\/wp\/v2\/types\/page"}],"author":[{"embeddable":true,"href":"https:\/\/arpdestek.com\/index.php\/wp-json\/wp\/v2\/users\/1"}],"replies":[{"embeddable":true,"href":"https:\/\/arpdestek.com\/index.php\/wp-json\/wp\/v2\/comments?post=24"}],"version-history":[{"count":7,"href":"https:\/\/arpdestek.com\/index.php\/wp-json\/wp\/v2\/pages\/24\/revisions"}],"predecessor-version":[{"id":209,"href":"https:\/\/arpdestek.com\/index.php\/wp-json\/wp\/v2\/pages\/24\/revisions\/209"}],"wp:attachment":[{"href":"https:\/\/arpdestek.com\/index.php\/wp-json\/wp\/v2\/media?parent=24"}],"curies":[{"name":"wp","href":"https:\/\/api.w.org\/{rel}","templated":true}]}}