{"id":242,"date":"2023-03-18T00:17:41","date_gmt":"2023-03-17T21:17:41","guid":{"rendered":"https:\/\/arpdestek.com\/?page_id=242"},"modified":"2025-01-20T14:29:37","modified_gmt":"2025-01-20T11:29:37","slug":"e-ihracat-destekleri","status":"publish","type":"page","link":"https:\/\/arpdestek.com\/index.php\/e-ihracat-destekleri\/","title":{"rendered":"E \u0130hracat Destekleri"},"content":{"rendered":"\t\t<div data-elementor-type=\"wp-page\" data-elementor-id=\"242\" class=\"elementor elementor-242\">\n\t\t\t\t\t\t\t\t\t<section class=\"elementor-section elementor-top-section elementor-element elementor-element-1db1a52 elementor-section-height-min-height elementor-section-boxed elementor-section-height-default elementor-section-items-middle\" data-id=\"1db1a52\" data-element_type=\"section\">\n\t\t\t\t\t\t<div class=\"elementor-container elementor-column-gap-default\">\n\t\t\t\t\t<div class=\"elementor-column elementor-col-100 elementor-top-column elementor-element elementor-element-64862a0\" data-id=\"64862a0\" data-element_type=\"column\">\n\t\t\t<div class=\"elementor-widget-wrap elementor-element-populated\">\n\t\t\t\t\t\t\t\t<div class=\"elementor-element elementor-element-7fbfe60 elementor-widget elementor-widget-heading\" data-id=\"7fbfe60\" data-element_type=\"widget\" data-widget_type=\"heading.default\">\n\t\t\t\t<div class=\"elementor-widget-container\">\n\t\t\t<style>\/*! elementor - v3.11.5 - 14-03-2023 *\/\n.elementor-heading-title{padding:0;margin:0;line-height:1}.elementor-widget-heading .elementor-heading-title[class*=elementor-size-]>a{color:inherit;font-size:inherit;line-height:inherit}.elementor-widget-heading .elementor-heading-title.elementor-size-small{font-size:15px}.elementor-widget-heading .elementor-heading-title.elementor-size-medium{font-size:19px}.elementor-widget-heading .elementor-heading-title.elementor-size-large{font-size:29px}.elementor-widget-heading .elementor-heading-title.elementor-size-xl{font-size:39px}.elementor-widget-heading .elementor-heading-title.elementor-size-xxl{font-size:59px}<\/style><h1 class=\"elementor-heading-title elementor-size-default\">E \u0130hracat Destekleri<\/h1>\t\t<\/div>\n\t\t\t\t<\/div>\n\t\t\t\t\t<\/div>\n\t\t<\/div>\n\t\t\t\t\t\t\t<\/div>\n\t\t<\/section>\n\t\t\t\t<section class=\"elementor-section elementor-top-section elementor-element elementor-element-bd05af4 elementor-section-boxed elementor-section-height-default elementor-section-height-default\" data-id=\"bd05af4\" data-element_type=\"section\">\n\t\t\t\t\t\t<div class=\"elementor-container elementor-column-gap-default\">\n\t\t\t\t\t<div class=\"elementor-column elementor-col-100 elementor-top-column elementor-element elementor-element-f887ea7\" data-id=\"f887ea7\" data-element_type=\"column\">\n\t\t\t<div class=\"elementor-widget-wrap elementor-element-populated\">\n\t\t\t\t\t\t\t\t<div class=\"elementor-element elementor-element-da94135 elementor-widget elementor-widget-text-editor\" data-id=\"da94135\" data-element_type=\"widget\" data-widget_type=\"text-editor.default\">\n\t\t\t\t<div class=\"elementor-widget-container\">\n\t\t\t<style>\/*! elementor - v3.11.5 - 14-03-2023 *\/\n.elementor-widget-text-editor.elementor-drop-cap-view-stacked .elementor-drop-cap{background-color:#818a91;color:#fff}.elementor-widget-text-editor.elementor-drop-cap-view-framed .elementor-drop-cap{color:#818a91;border:3px solid;background-color:transparent}.elementor-widget-text-editor:not(.elementor-drop-cap-view-default) .elementor-drop-cap{margin-top:8px}.elementor-widget-text-editor:not(.elementor-drop-cap-view-default) .elementor-drop-cap-letter{width:1em;height:1em}.elementor-widget-text-editor .elementor-drop-cap{float:left;text-align:center;line-height:1;font-size:50px}.elementor-widget-text-editor .elementor-drop-cap-letter{display:inline-block}<\/style>\t\t\t\t<h4><strong>\u00a0 \u00a0 \u00a0 E-\u0130HRACAT NED\u0130R? NASIL GER\u00c7EKLE\u015eT\u0130R\u0130L\u0130R?<\/strong><\/h4><p>\u00a0 \u00a0 \u00a0 \u00a0 \u00a0 E-ihracat, 23\/10\/2014 tarihli ve 6563 say\u0131l\u0131 Elektronik Ticaretin D\u00fczenlenmesi Hakk\u0131nda Kanunda tan\u0131mlanan \u00e7evrim i\u00e7i iktisadi ve ticari her t\u00fcrl\u00fc mal al\u0131\u015fveri\u015fini ifade eder.<\/p><p>\u00a0 \u00a0 \u00a0 \u00a0 \u00a0 E-ihracat, bir arac\u0131 dijital platform marifetiyle i\u015fletmeler, t\u00fcketiciler, h\u00fck\u00fcmetler gibi taraflar aras\u0131nda ger\u00e7ekle\u015ftirilebilece\u011fi gibi herhangi bir merkezi a\u011f platformu olmaks\u0131z\u0131n emsal istemciler (P2P) \u00fczerinden de ger\u00e7ekle\u015febilir.<\/p><p>\u00a0<\/p><p><strong>\u00a0 \u00a0 \u00a0 \u00a0 \u00a0 E-\u0130HRACAT DESTE\u011e\u0130NDEN K\u0130MLER YARARLANAB\u0130L\u0130R?<\/strong><\/p><p>\u00a0 \u00a0 \u00a0 \u00a0 \u00a0 E-ihracat deste\u011finden yararlanman\u0131n <u>\u00f6n \u015fart\u0131<\/u> ihracat\u00e7\u0131 birli\u011fine \u00fcye olmakt\u0131r.<\/p><p>\u00a0 \u00a0 \u00a0 \u00a0 \u00a0 Bu \u015fart\u0131 ta\u015f\u0131yan;<\/p><ul><li>Perakende e-ticaret siteleri<\/li><li>Pazaryerleri<\/li><li>E-ihracat Konsorsiyumlar\u0131<\/li><li>B2B (i\u015fletmeden i\u015fletmeye elektronik ticaret kapsam\u0131nda sipari\u015f alma imk\u00e2n\u0131 sunan arac\u0131 hizmet sa\u011flay\u0131c\u0131 \u015firket) platformlar\u0131 e-ihracat desteklerinden yararlanabilir.<\/li><li>E-ihracat deste\u011finden yararlanmak isteyen yararlan\u0131c\u0131lar ve i\u015fbirli\u011fi kurulu\u015flar\u0131n\u0131n Destek Y\u00f6netim Sistemi\u2019ne (DYS) kay\u0131t olmalar\u0131 zorunludur.<\/li><\/ul><p>\u00a0<\/p><p><strong>\u00a0 \u00a0 \u00a0 \u00a0 \u00a0 E-\u0130HRACAT DE\u011eER\u0130 NELERDEN OLU\u015eUR?<\/strong><\/p><p>\u00a0 \u00a0 \u00a0 \u00a0 \u00a0 Basitle\u015ftirilmi\u015f G\u00fcmr\u00fck Beyannameleri (BGB) ve G\u00fcmr\u00fck Beyannamelerinde (GB) e-ticaret olarak beyan edilen ve Genel Ticaret Sistemine g\u00f6re tutulan ihracat de\u011ferlerinin toplam\u0131d\u0131r.<\/p><p>\u00a0<\/p><p><strong>\u00a0 \u00a0 \u00a0 \u00a0 \u00a0 E-\u0130HRACAT DESTEKLER\u0130 NE \u015eEK\u0130LDE D\u00dcZENLENM\u0130\u015eT\u0130R?<\/strong><\/p><p>\u00a0 \u00a0 \u00a0 \u00a0 \u00a0 E-\u0130hracat destekleri 25.08.2022 tarih ve <strong>5986<\/strong> say\u0131l\u0131 Cumhurba\u015fkanl\u0131\u011f\u0131 Karar\u0131 ile d\u00fczenlenmi\u015ftir. Bu kararla:\u00a0<\/p><p>\u00a0 \u00a0 \u00a0 \u00a0 \u00a0 \u015eirketlerin, pazaryerlerinin ve perakende e-ticaret sitelerinin e-ihracata haz\u0131rlanmas\u0131,<\/p><p>\u00a0 \u00a0 \u00a0 \u00a0 \u00a0 Yurt d\u0131\u015f\u0131 pazarlarda ve pazaryerlerinde;<\/p><p>\u00a0 \u00a0 \u00a0 \u00a0 \u00a0 T\u00fcrk \u00fcr\u00fcnlerinin ve markalar\u0131n\u0131n \u00e7evrim i\u00e7i sergilenmesi, tan\u0131t\u0131lmas\u0131, yurt d\u0131\u015f\u0131 sipari\u015flere ili\u015fkin h\u0131zl\u0131 teslimat\u0131n sa\u011flanmas\u0131na ili\u015fkin giderlerinin desteklenmesi ve\/veya<\/p><p>\u00a0 \u00a0 \u00a0 \u00a0 \u00a0 \u015eirketlerin e-ihracat ger\u00e7ekle\u015ftirmelerine imk\u00e2n sa\u011flayacak E-\u0130hracat Konsorsiyumlar\u0131 ile T\u00fcrkiye E-\u0130hracat Platformuna y\u00f6nelik faaliyetlere ili\u015fkin giderlerin,<\/p><p>\u00a0 \u00a0 \u00a0 \u00a0 \u00a0 Destekleme ve\u00a0 Fiyat \u0130stikrar Fonu (DF\u0130F)\u2019ndan kar\u015f\u0131lanmas\u0131na y\u00f6nelik d\u00fczenleme yap\u0131lm\u0131\u015ft\u0131r.<\/p><p>\u00a0<\/p><p><strong>\u00a0 \u00a0 \u00a0 \u00a0 \u00a0 E- \u0130HRACAT DESTEKLER\u0130NDE DESTEK ORANI NE KADARDIR? \u0130LAVE DESTEK VER\u0130LMEKTE M\u0130D\u0130R? <\/strong><\/p><p>\u00a0 \u00a0 \u00a0 \u00a0 \u00a0 Kural olarak destek oran\u0131 %50\u2019dir. Ticaret Bakanl\u0131\u011f\u0131, <strong><u>E-ihracat hedef \u00fclkeleri<\/u>ne y\u00f6nelik<\/strong> ticari faaliyet giderlerine ili\u015fkin destek oran\u0131n\u0131\u00a0<strong>20 puana kadar art\u0131rabilir.<\/strong><\/p><p><strong>\u00a0<\/strong><\/p><h4><strong>\u00a0 \u00a0 \u00a0 \u00a0YARARLANICILARA Y\u00d6NEL\u0130K E-\u0130HRACAT DESTEKLER\u0130 NELERD\u0130R? <\/strong><\/h4><h5><strong>\u00a0 \u00a0 \u00a0 \u00a0 A) PAZARA G\u0130R\u0130\u015e RAPOR DESTE\u011e\u0130<\/strong><\/h5><ul><li><strong>Destekten kimler yararlanabilir?<\/strong><\/li><li><strong>Perakende e-ticaret siteleri<\/strong><\/li><li><strong>Pazaryerleri <\/strong><\/li><li><strong>E-\u0130hracat Konsorsiyumlar\u0131 <\/strong><\/li><li><strong>Destek <\/strong><strong>kapsam\u0131ndaki giderler, destek miktar\u0131 ve s\u00fcresi ne kadard\u0131r?<\/strong><\/li><\/ul><p>\u00a0 \u00a0 \u00a0 \u00a0 \u00a0 Yararlan\u0131c\u0131lar\u0131n, yurt d\u0131\u015f\u0131nda e-ticarete ili\u015fkin pazara giri\u015f stratejileri ile eylem planlar\u0131n\u0131n olu\u015fturulabilmesi amac\u0131yla sat\u0131n ald\u0131klar\u0131 sekt\u00f6r, \u00fclke ve e-ihracat odakl\u0131 raporlara ili\u015fkin giderleri desteklenir.<\/p><p>\u00a0<\/p><h5><strong>\u00a0 \u00a0 \u00a0 \u00a0 B) D\u0130J\u0130TAL PAZAR YER\u0130 TANITIM DESTE\u011e\u0130 <\/strong><\/h5><p><strong>\u00a0 \u00a0 \u00a0 \u00a0 \u00a0 Destekten kimler yararlanabilir?<\/strong><\/p><ul><li><strong>\u015eirketler<\/strong><\/li><li><strong>Perakende e-ticaret siteleri<\/strong><\/li><li><strong>E-\u0130hracat Konsorsiyumlar\u0131 <\/strong><\/li><li><strong>Destek<\/strong><strong> kapsam\u0131ndaki giderler, destek miktar\u0131 ve s\u00fcresi ne kadard\u0131r?<\/strong><\/li><\/ul><p>\u00a0 \u00a0 \u00a0 \u00a0 \u00a0 Yurt d\u0131\u015f\u0131 pazaryerleri \u00fczerinden ger\u00e7ekle\u015ftirdi\u011fi dijital reklam \u00fczerinden d\u00f6nen toplam sat\u0131\u015flar\u0131n\u0131n %20\u2019sini a\u015fmayan dijital pazaryeri tan\u0131t\u0131m giderleri desteklenir.<\/p><h5><strong>\u00a0 \u00a0 \u00a0 \u00a0 C) E-\u0130HRACAT TANITIM DESTE\u011e\u0130<\/strong><\/h5><p><strong>\u00a0 \u00a0 \u00a0 \u00a0 \u00a0 Destekten kimler yararlanabilir?<\/strong><\/p><ul><li><strong>Perakende e-ticaret siteleri<\/strong><\/li><li><strong>B2B platformlar\u0131 <\/strong><\/li><li><strong>Pazaryerleri <\/strong><\/li><li><strong>E-\u0130hracat Konsorsiyumlar\u0131 <\/strong><\/li><\/ul><p><strong>\u00a0 \u00a0 \u00a0 \u00a0 \u00a0 Destek kapsam\u0131ndaki giderler, destek miktar\u0131 ve s\u00fcresi ne kadard\u0131r?<\/strong><\/p><p><strong>\u00a0 \u00a0 \u00a0 \u00a0 \u00a0 Ticaret Bakanl\u0131\u011f\u0131 taraf\u0131ndan belirlenen (dijital pazar yeri tan\u0131t\u0131m\u0131 hari\u00e7) pazarlama faaliyetlerine ili\u015fkin giderleri her \u00fclke i\u00e7in ayr\u0131 ayr\u0131 desteklenir. <\/strong><\/p><p>\u00a0<\/p><h5><strong>\u00a0 \u00a0 \u00a0 \u00a0 \u00c7) S\u0130PAR\u0130\u015e KAR\u015eILAMA H\u0130ZMET\u0130 DESTE\u011e\u0130<\/strong><\/h5><p><strong>\u00a0 \u00a0 \u00a0 \u00a0 \u00a0 Destekten kimler yararlanabilir?<\/strong><\/p><ul><li>\u015eirketler<\/li><li>Perakende e-ticaret siteleri<\/li><li>Pazaryerleri<\/li><li>E-\u0130hracat Konsorsiyumlar\u0131<\/li><\/ul><p><strong>\u00a0 \u00a0 \u00a0 \u00a0 \u00a0 Destek kapsam\u0131ndaki giderler, destek miktar\u0131 ve s\u00fcresi ne kadard\u0131r?<\/strong><\/p><p>\u00a0 \u00a0 \u00a0 \u00a0 \u00a0 Yararlan\u0131c\u0131lar\u0131n, ilgili \u00fclkedeki toplam e-ticaret sat\u0131\u015flar\u0131n\u0131n %10\u2019unu a\u015fmayan sipari\u015f kar\u015f\u0131lama hizmetlerine ili\u015fkin giderleri desteklenir.<\/p><p>\u00a0 \u00a0 \u00a0 \u00a0 \u00a0 Sipari\u015f kar\u015f\u0131lama hizmeti kapsam\u0131nda, birim ba\u015f\u0131na sipari\u015f kar\u015f\u0131lama hizmeti gideri (iade kabul d\u00e2hil) ve depolama giderleri desteklenir.<\/p><p>\u00a0 \u00a0 \u00a0 \u00a0 \u00a0 Bu hizmete ili\u015fkin komisyon, \u00fcyelik, vergi (dolayl\u0131 vergi hari\u00e7) ve di\u011fer \u00fccretler ile \u00fcr\u00fcn\u00fcn\u00fcn ilgili \u00fclkeden geri \u00e7ekilmesi ya da imhas\u0131na y\u00f6nelik hizmetler destek kapsam\u0131nda de\u011ferlendirilmez.<\/p><h5>\u00a0<\/h5><h5><strong>\u00a0 \u00a0 \u00a0 \u00a0 D) YURT DI\u015eI DEPO K\u0130RA DESTE\u011e\u0130<\/strong><\/h5><p><strong>\u00a0 \u00a0 \u00a0 \u00a0 \u00a0 Destekten kimler yararlanabilir?<\/strong><\/p><ul><li>Perakende e-ticaret siteleri<\/li><li>Pazaryerleri<\/li><li>E-\u0130hracat Konsorsiyumlar\u0131<\/li><\/ul><p><strong>\u00a0 \u00a0 \u00a0 \u00a0 \u00a0 Destek kapsam\u0131ndaki giderler, destek miktar\u0131 ve s\u00fcresi ne kadard\u0131r?<\/strong><\/p><p>\u00a0 \u00a0 \u00a0 \u00a0 \u00a0 Depo kira deste\u011fi kapsam\u0131nda, deponun net kira bedeli ve depo ve bina y\u00f6netimi taraf\u0131ndan ortak kullan\u0131mlara ili\u015fkin kiralayandan s\u00f6zle\u015fme kapsam\u0131nda al\u0131nan ortak alanlar\u0131n kullan\u0131ma ait giderler desteklenir.<\/p><p>\u00a0 \u00a0 \u00a0 \u00a0 \u00a0 Bu kiralamaya ili\u015fkin komisyon, vergi (dolayl\u0131 vergi hari\u00e7) ve di\u011fer \u00fccretler destek kapsam\u0131nda de\u011ferlendirilmez.<\/p><p>\u00a0 \u00a0 \u00a0 \u00a0 \u00a0 Kira deste\u011finden en fazla 25 birim i\u00e7in yararlan\u0131labilir.<\/p><h5><strong>\u00a0 \u00a0 \u00a0 \u00a0<\/strong><\/h5><h5><strong> \u00a0 \u00a0 \u00a0 \u00a0 E) YURT DI\u015eI PAZARYER\u0130 ENTEGRASYON DESTE\u011e\u0130<\/strong><\/h5><p><strong>\u00a0 \u00a0 \u00a0 \u00a0 \u00a0 Destekten kimler yararlanabilir?<\/strong><\/p><ul><li>Perakende e-ticaret siteleri<\/li><li>Pazaryerleri<\/li><li>E-\u0130hracat Konsorsiyumlar\u0131<\/li><\/ul><p><strong>\u00a0 \u00a0 \u00a0 \u00a0 \u00a0 Destek kapsam\u0131ndaki giderler, destek miktar\u0131 ve s\u00fcresi ne kadard\u0131r?<\/strong><\/p><p>\u00a0 \u00a0 \u00a0 \u00a0 \u00a0 Yararlan\u0131c\u0131lar\u0131n yurt d\u0131\u015f\u0131 pazaryerleri ve yurt d\u0131\u015f\u0131 pazaryerlerine ili\u015fkin yurt i\u00e7inde yapacaklar\u0131 entegrasyon hizmetlerine ait giderleri, en fazla 6 pazaryeri entegrasyonu i\u00e7in desteklenir.<\/p><p>\u00a0 \u00a0 \u00a0 \u00a0 \u00a0 Bu kapsamdaki destekler i\u00e7in hedef \u00fclke ilave puan\u0131 uygulanmaz.<\/p><p><strong>\u00a0<\/strong><\/p><h5><strong>\u00a0 \u00a0 \u00a0 \u00a0 F) \u00c7EVR\u0130M \u0130\u00c7\u0130 MA\u011eAZA VE HEDEF \u00dcLKE E-T\u0130CARET PAYDA\u015eLARINDAN ALINAN H\u0130ZMET DESTE\u011e\u0130<\/strong><\/h5><p><strong>\u00a0 \u00a0 \u00a0 \u00a0 \u00a0 Destekten kimler yararlanabilir?<\/strong><\/p><ul><li>\u015eirketler<\/li><li>E-\u0130hracat Konsorsiyumlar\u0131<\/li><li>Perakende e-ticaret siteleri<\/li><\/ul><p><strong>\u00a0 \u00a0 \u00a0 \u00a0 \u00a0 Destek kapsam\u0131ndaki giderler, destek miktar\u0131 ve s\u00fcresi ne kadard\u0131r?<\/strong><\/p><p>\u00a0 \u00a0 \u00a0 \u00a0 \u00a0 Yararlan\u0131c\u0131lar\u0131n, hedef \u00fclkelerin yurt d\u0131\u015f\u0131 pazaryerlerinde \u00e7evrim i\u00e7i ma\u011faza a\u00e7ma, bu ma\u011fazalar\u0131n y\u0131ll\u0131k \u00f6demeleri ve \u00fclkelerin e-ticaret payda\u015flar\u0131ndan alacaklar\u0131 hizmetlere ili\u015fkin giderleri desteklenir.<\/p><p>\u00a0 \u00a0 \u00a0 \u00a0 \u00a0 Bu kapsamdaki destekler i\u00e7in hedef \u00fclke ilave puan\u0131 uygulanmaz.<\/p><p><strong>\u00a0 \u00a0 \u00a0 \u00a0 \u00a0 \u015eirketler i\u00e7in bir \u00f6nceki y\u0131l 2,5 milyon ABD Dolar\u0131 ihracat ger\u00e7ekle\u015ftirme \u015fart\u0131 vard\u0131r. <\/strong><\/p><p>\u00a0<\/p><h5><strong>\u00a0 \u00a0 \u00a0 \u00a0 G) PAZARYER\u0130 KOM\u0130SYON G\u0130DER\u0130 DESTE\u011e\u0130<\/strong><\/h5><p><strong>\u00a0 \u00a0 \u00a0 \u00a0 \u00a0 Destekten kimler yararlanabilir?<\/strong><\/p><ul><li>\u015eirketler<\/li><li>E-\u0130hracat Konsorsiyumlar\u0131<\/li><li>Perakende e-ticaret siteleri<\/li><\/ul><p><strong>\u00a0 \u00a0 \u00a0 \u00a0 \u00a0 Destek kapsam\u0131ndaki giderler, destek miktar\u0131 ve s\u00fcresi ne kadard\u0131r?<\/strong><\/p><p><strong>\u00a0 \u00a0 \u00a0 \u00a0 \u00a0 Yararlan\u0131c\u0131lar\u0131n, yurt d\u0131\u015f\u0131 pazaryerleri \u00fczerinden ger\u00e7ekle\u015ftirilen hedef \u00fclkelerdeki pazaryeri komisyon giderleri desteklenir.<\/strong><\/p><p>\u00a0<\/p><h4><strong>\u00a0 \u00a0 \u00a0 \u00a0E-\u0130HRACAT DESTE\u011e\u0130 YARARLANICILARINA \u0130L\u0130\u015eK\u0130N L\u0130M\u0130TLER<\/strong><\/h4><p><strong>\u00a0 \u00a0 \u00a0 \u00a0 \u00a0 Dijital pazaryeri tan\u0131t\u0131m deste\u011fi, sipari\u015f kar\u015f\u0131lama hizmeti ve depo deste\u011fi ve pazaryeri komisyon gideri deste\u011fi kapsam\u0131ndaki desteklere ili\u015fkin destek oran\u0131n\u0131n hesaplanmas\u0131nda T\u00fcrk \u00fcr\u00fcnlerinin sat\u0131\u015f oran\u0131 ile Marka ve TURQUALITY destek program\u0131 kapsam\u0131ndaki markal\u0131 \u00fcr\u00fcnlerin sat\u0131\u015f oran\u0131 esas al\u0131n\u0131r.<\/strong><\/p><p><br \/><br \/><\/p>\t\t\t\t\t\t<\/div>\n\t\t\t\t<\/div>\n\t\t\t\t\t<\/div>\n\t\t<\/div>\n\t\t\t\t\t\t\t<\/div>\n\t\t<\/section>\n\t\t\t\t\t\t\t<\/div>\n\t\t","protected":false},"excerpt":{"rendered":"<p>E \u0130hracat Destekleri \u00a0 \u00a0 \u00a0 E-\u0130HRACAT NED\u0130R? NASIL GER\u00c7EKLE\u015eT\u0130R\u0130L\u0130R? \u00a0 \u00a0 \u00a0 \u00a0 \u00a0 E-ihracat, 23\/10\/2014 tarihli ve 6563 say\u0131l\u0131 Elektronik Ticaretin D\u00fczenlenmesi Hakk\u0131nda Kanunda tan\u0131mlanan \u00e7evrim i\u00e7i iktisadi ve ticari her t\u00fcrl\u00fc mal al\u0131\u015fveri\u015fini ifade eder. \u00a0 \u00a0 \u00a0 \u00a0 \u00a0 E-ihracat, bir arac\u0131 dijital platform marifetiyle i\u015fletmeler, t\u00fcketiciler, h\u00fck\u00fcmetler gibi taraflar aras\u0131nda [&hellip;]<\/p>\n","protected":false},"author":1,"featured_media":0,"parent":0,"menu_order":0,"comment_status":"closed","ping_status":"closed","template":"elementor_header_footer","meta":[],"_links":{"self":[{"href":"https:\/\/arpdestek.com\/index.php\/wp-json\/wp\/v2\/pages\/242"}],"collection":[{"href":"https:\/\/arpdestek.com\/index.php\/wp-json\/wp\/v2\/pages"}],"about":[{"href":"https:\/\/arpdestek.com\/index.php\/wp-json\/wp\/v2\/types\/page"}],"author":[{"embeddable":true,"href":"https:\/\/arpdestek.com\/index.php\/wp-json\/wp\/v2\/users\/1"}],"replies":[{"embeddable":true,"href":"https:\/\/arpdestek.com\/index.php\/wp-json\/wp\/v2\/comments?post=242"}],"version-history":[{"count":37,"href":"https:\/\/arpdestek.com\/index.php\/wp-json\/wp\/v2\/pages\/242\/revisions"}],"predecessor-version":[{"id":932,"href":"https:\/\/arpdestek.com\/index.php\/wp-json\/wp\/v2\/pages\/242\/revisions\/932"}],"wp:attachment":[{"href":"https:\/\/arpdestek.com\/index.php\/wp-json\/wp\/v2\/media?parent=242"}],"curies":[{"name":"wp","href":"https:\/\/api.w.org\/{rel}","templated":true}]}}