{"id":254,"date":"2023-03-18T00:30:38","date_gmt":"2023-03-17T21:30:38","guid":{"rendered":"https:\/\/arpdestek.com\/?page_id=254"},"modified":"2025-01-20T14:41:50","modified_gmt":"2025-01-20T11:41:50","slug":"hizmet-sektoru-destekleri","status":"publish","type":"page","link":"https:\/\/arpdestek.com\/index.php\/hizmet-sektoru-destekleri\/","title":{"rendered":"Hizmet Sekt\u00f6r\u00fc destekleri"},"content":{"rendered":"\t\t<div data-elementor-type=\"wp-page\" data-elementor-id=\"254\" class=\"elementor elementor-254\">\n\t\t\t\t\t\t\t\t\t<section class=\"elementor-section elementor-top-section elementor-element elementor-element-01b49e0 elementor-section-height-min-height elementor-section-boxed elementor-section-height-default elementor-section-items-middle\" data-id=\"01b49e0\" data-element_type=\"section\">\n\t\t\t\t\t\t<div class=\"elementor-container elementor-column-gap-default\">\n\t\t\t\t\t<div class=\"elementor-column elementor-col-100 elementor-top-column elementor-element elementor-element-c0aab81\" data-id=\"c0aab81\" data-element_type=\"column\">\n\t\t\t<div class=\"elementor-widget-wrap elementor-element-populated\">\n\t\t\t\t\t\t\t\t<div class=\"elementor-element elementor-element-0d06c99 elementor-widget elementor-widget-heading\" data-id=\"0d06c99\" data-element_type=\"widget\" data-widget_type=\"heading.default\">\n\t\t\t\t<div class=\"elementor-widget-container\">\n\t\t\t<style>\/*! elementor - v3.11.5 - 14-03-2023 *\/\n.elementor-heading-title{padding:0;margin:0;line-height:1}.elementor-widget-heading .elementor-heading-title[class*=elementor-size-]>a{color:inherit;font-size:inherit;line-height:inherit}.elementor-widget-heading .elementor-heading-title.elementor-size-small{font-size:15px}.elementor-widget-heading .elementor-heading-title.elementor-size-medium{font-size:19px}.elementor-widget-heading .elementor-heading-title.elementor-size-large{font-size:29px}.elementor-widget-heading .elementor-heading-title.elementor-size-xl{font-size:39px}.elementor-widget-heading .elementor-heading-title.elementor-size-xxl{font-size:59px}<\/style><h1 class=\"elementor-heading-title elementor-size-default\">Hizmet Sekt\u00f6r\u00fc Destekleri<\/h1>\t\t<\/div>\n\t\t\t\t<\/div>\n\t\t\t\t\t<\/div>\n\t\t<\/div>\n\t\t\t\t\t\t\t<\/div>\n\t\t<\/section>\n\t\t\t\t<section class=\"elementor-section elementor-top-section elementor-element elementor-element-8fd1268 elementor-section-boxed elementor-section-height-default elementor-section-height-default\" data-id=\"8fd1268\" data-element_type=\"section\">\n\t\t\t\t\t\t<div class=\"elementor-container elementor-column-gap-default\">\n\t\t\t\t\t<div class=\"elementor-column elementor-col-100 elementor-top-column elementor-element elementor-element-2ab3e15\" data-id=\"2ab3e15\" data-element_type=\"column\">\n\t\t\t<div class=\"elementor-widget-wrap elementor-element-populated\">\n\t\t\t\t\t\t\t\t<div class=\"elementor-element elementor-element-8aebaf0 elementor-widget elementor-widget-text-editor\" data-id=\"8aebaf0\" data-element_type=\"widget\" data-widget_type=\"text-editor.default\">\n\t\t\t\t<div class=\"elementor-widget-container\">\n\t\t\t<style>\/*! elementor - v3.11.5 - 14-03-2023 *\/\n.elementor-widget-text-editor.elementor-drop-cap-view-stacked .elementor-drop-cap{background-color:#818a91;color:#fff}.elementor-widget-text-editor.elementor-drop-cap-view-framed .elementor-drop-cap{color:#818a91;border:3px solid;background-color:transparent}.elementor-widget-text-editor:not(.elementor-drop-cap-view-default) .elementor-drop-cap{margin-top:8px}.elementor-widget-text-editor:not(.elementor-drop-cap-view-default) .elementor-drop-cap-letter{width:1em;height:1em}.elementor-widget-text-editor .elementor-drop-cap{float:left;text-align:center;line-height:1;font-size:50px}.elementor-widget-text-editor .elementor-drop-cap-letter{display:inline-block}<\/style>\t\t\t\t<p>\u00a0<\/p><h5><strong>\u00a0 \u00a0 \u00a0 \u00a0 E\u011e\u0130T\u0130M H\u0130ZMETLER\u0130NE Y\u00d6NEL\u0130K \u0130HRACAT DESTEKLER\u0130NDEN K\u0130MLER YARARLANAB\u0130L\u0130R?<\/strong><\/h5><p>\u00a0 \u00a0 \u00a0 \u00a0 \u00a0 T\u00fcrkiye\u2019de yerle\u015fik;<\/p><ul><li>\u00dcniversiteler,<\/li><li>Y\u00fcksek teknoloji enstit\u00fcleri,<\/li><li>Vak\u0131flar taraf\u0131ndan kurulan meslek y\u00fcksekokullar\u0131,<\/li><li>E\u011fitim sekt\u00f6r\u00fcnde faaliyet g\u00f6steren Ticaret Bakanl\u0131\u011f\u0131 taraf\u0131ndan uygun g\u00f6r\u00fclen di\u011fer \u015firket, kurum ve kurulu\u015flar\u0131,<\/li><li>\u0130\u015fbirli\u011fi kurulu\u015flar\u0131 (Y\u00fcksek\u00f6\u011fretim Kurulu, T\u00fcrkiye \u0130hracat\u00e7\u0131lar Meclisi, Hizmet \u0130hracat\u00e7\u0131lar\u0131 Birli\u011fi, T\u00fcrkiye Odalar ve Borsalar Birli\u011fi, D\u0131\u015f Ekonomik \u0130li\u015fkiler Kurulu, ticaret ve\/veya sanayi odas\u0131 ile e\u011fitim sekt\u00f6r\u00fcnde faaliyet g\u00f6steren dernekler) yararlanabilir.<\/li><\/ul><p>\u00a0<\/p><h5><strong>\u00a0 \u00a0 \u00a0 \u00a0 FUARCILIK H\u0130ZMETLER\u0130NE Y\u00d6NEL\u0130K DESTEKLERDEN K\u0130MLER YARARLANAB\u0130L\u0130R?<\/strong><\/h5><p>\u00a0 \u00a0 \u00a0 \u00a0 \u00a0 \u00dcr\u00fcn ya da hizmetlerin tan\u0131t\u0131m\u0131, pazar bulunabilmesi ve sat\u0131n al\u0131nabilmesi, ticari ili\u015fki kurulmas\u0131 ve geli\u015ftirilmesi i\u00e7in fiziki ve\/veya sanal fuar organizasyonlar\u0131nda fuarc\u0131l\u0131k hizmeti veren;<\/p><ul><li>T\u00fcrkiye\u2019de yerle\u015fik \u015firketler<\/li><li>Di\u011fer kurum ve kurulu\u015flar ve<\/li><li>\u0130\u015fbirli\u011fi kurulu\u015flar\u0131 yararlanabilir.<\/li><\/ul><p>\u00a0\u00a0\u00a0\u00a0\u00a0\u00a0\u00a0\u00a0\u00a0 \u00a0<\/p><h5><strong>\u00a0 \u00a0 \u00a0 \u00a0 GAYR\u0130MENKUL H\u0130ZMETLER\u0130NE Y\u00d6NEL\u0130K DESTEKLERDEN K\u0130MLER YARARLANAB\u0130L\u0130R?<\/strong><\/h5><p>\u00a0 \u00a0 \u00a0 \u00a0 \u00a0 Yabanc\u0131ya y\u00f6nelik olmak \u00fczere konut, ticari ve di\u011fer ta\u015f\u0131nmaz alanlar\u0131nda her t\u00fcrl\u00fc gayrimenkul hizmeti veren;<\/p><ul><li>T\u00fcrkiye\u2019de yerle\u015fik \u015firketler<\/li><li>Di\u011fer kurum ve kurulu\u015flar<\/li><li>\u0130\u015fbirli\u011fi kurulu\u015flar\u0131 yararlanabilir.<\/li><\/ul><p>\u00a0<\/p><h5><strong>\u00a0 \u00a0 \u00a0 \u00a0 K\u00dcLT\u00dcREL VE YARATICI END\u00dcSTR\u0130 H\u0130ZMETLER\u0130NE Y\u00d6NEL\u0130K DESTEKLERDEN K\u0130MLER YARARLANAB\u0130L\u0130R?<\/strong><\/h5><p><strong>\u00a0 \u00a0 \u00a0 \u00a0 \u00a0 K\u00fclt\u00fcrel ve yarat\u0131c\u0131 end\u00fcstri hizmetlerine y\u00f6nelik desteklerden,\u00a0<\/strong>T\u00fcrkiye\u2019de yerle\u015fik;<\/p><ul><li>Film \u015firketleri,<\/li><li>Dijital sanat \u015firketleri,<\/li><li>\u0130nternet yay\u0131n platform i\u015fletmecileri,<\/li><li>K\u00fclt\u00fcrel ve yarat\u0131c\u0131 end\u00fcstriler sekt\u00f6rlerinde faaliyet g\u00f6steren ve Ticaret Bakanl\u0131\u011f\u0131 taraf\u0131ndan uygun g\u00f6r\u00fclen di\u011fer \u015firket, kurum ve kurulu\u015flar,<\/li><li>\u0130\u015fbirli\u011fi kurulu\u015flar\u0131 yararlanabilir.<\/li><\/ul><p><strong>\u00a0<\/strong><\/p><h5><strong>\u00a0 \u00a0 \u00a0 \u00a0 LOJ\u0130ST\u0130K VE TA\u015eIMACILIK H\u0130ZMETLER\u0130NE Y\u00d6NEL\u0130K DESTEKLER NE DEMEKT\u0130R? K\u0130MLER YARARLANAB\u0130L\u0130R?<\/strong><\/h5><p><strong>\u00a0 \u00a0 \u00a0 \u00a0 \u00a0 Lojistik ve ta\u015f\u0131mac\u0131l\u0131k hizmetleri,<\/strong>\u00a0Ula\u015ft\u0131rma ve Altyap\u0131 Bakanl\u0131\u011f\u0131ndan al\u0131nm\u0131\u015f uluslararas\u0131 y\u00fck ta\u015f\u0131mac\u0131l\u0131\u011f\u0131, uluslararas\u0131 lojistik i\u015fletmecili\u011fi ve uluslararas\u0131 ta\u015f\u0131ma i\u015fleri organizat\u00f6rl\u00fc\u011f\u00fc hizmetlerine (acentelik hizmetleri hari\u00e7) ili\u015fkin faaliyet belgesi\/ ruhsat\/\u00e7al\u0131\u015fma izni vb. belgeye sahip olarak karayolu, havayolu, denizyolu veya demiryolunun bir veya birka\u00e7\u0131 ile ger\u00e7ekle\u015ftirilen d\u00f6viz kazand\u0131r\u0131c\u0131 faaliyetlerdir.<\/p><p><strong>\u00a0 \u00a0 \u00a0 \u00a0 \u00a0 Lojistik ve ta\u015f\u0131mac\u0131l\u0131k hizmetlerine y\u00f6nelik desteklerden,<\/strong><\/p><ul><li>T\u00fcrkiye\u2019de yerle\u015fik lojistik ve ta\u015f\u0131mac\u0131l\u0131k hizmetleri sekt\u00f6r\u00fcnde faaliyet g\u00f6steren \u015firketler,<\/li><li>Ticaret Bakanl\u0131\u011f\u0131 taraf\u0131ndan uygun g\u00f6r\u00fclen di\u011fer kurum ve kurulu\u015flar,<\/li><li>\u0130\u015fbirli\u011fi kurulu\u015flar\u0131 yararlanabilir.<\/li><\/ul><p>\u00a0<\/p><h5><strong>\u00a0 \u00a0 \u00a0 \u00a0 SA\u011eLIK VE SPOR TUR\u0130ZM\u0130 H\u0130ZMETLER\u0130NE Y\u00d6NEL\u0130K DESTEKLERDEN K\u0130MLER YARARLANAB\u0130L\u0130R?<\/strong><\/h5><p><strong>\u00a0 \u00a0 \u00a0 \u00a0 \u00a0 Sa\u011fl\u0131k ve spor turizmi hizmetlerine y\u00f6nelik desteklerden,<\/strong>\u00a0T\u00fcrkiye\u2019de yerle\u015fik olup;<\/p><ul><li>Sa\u011fl\u0131k turizmi sekt\u00f6r\u00fcnde faaliyet g\u00f6steren sa\u011fl\u0131k kurulu\u015flar\u0131,<\/li><li>Sa\u011fl\u0131k turizmi arac\u0131 kurulu\u015flar\u0131,<\/li><li>Spor turizmi sekt\u00f6r\u00fcnde faaliyet g\u00f6steren \u015firketler,<\/li><li>Di\u011fer kurum ve kurulu\u015flar ve i\u015fbirli\u011fi kurulu\u015flar\u0131 yararlanabilir.<\/li><\/ul><p>\u00a0<\/p><h5><strong>\u00a0 \u00a0 \u00a0 \u00a0 Y\u00d6NET\u0130M DANI\u015eMANLI\u011eI NED\u0130R? BU H\u0130ZMETLERE Y\u00d6NEL\u0130K DESTEKLERDEN K\u0130MLER YARARLANAB\u0130L\u0130R?<\/strong><\/h5><p><strong>\u00a0 \u00a0 \u00a0 \u00a0 \u00a0 Y\u00f6netim dan\u0131\u015fmanl\u0131\u011f\u0131 \u015firketi nedir?<\/strong><\/p><p>\u00a0 \u00a0 \u00a0 \u00a0 \u00a0 \u0130\u015fletme ve kurulu\u015flara;<\/p><p><strong>\u00a0 \u00a0 \u00a0 \u00a0 \u00a0 a)<\/strong>Stratejik ve \u00f6rg\u00fctsel planlama,<\/p><p><strong>\u00a0 \u00a0 \u00a0 \u00a0 \u00a0 b)<\/strong>Finansal karar alma,<\/p><p><strong>\u00a0 \u00a0 \u00a0 \u00a0 \u00a0 c)<\/strong>Pazarlama hedef ve politikalar\u0131,<\/p><p><strong>\u00a0 \u00a0 \u00a0 \u00a0 \u00a0 \u00e7)<\/strong>\u00a0\u0130nsan kaynaklar\u0131 politikalar\u0131 olu\u015fturulmas\u0131, planlamas\u0131 ve uygulanmas\u0131,<\/p><p><strong>\u00a0 \u00a0 \u00a0 \u00a0 \u00a0 d)<\/strong>\u00dcretim ve kontrol planlamas\u0131 alanlar\u0131ndan en az iki tanesine ili\u015fkin tavsiye, y\u00f6nlendirme ve dan\u0131\u015fmanl\u0131k hizmeti sunan \u015firketlerdir.<\/p><p><strong>\u00a0 \u00a0 \u00a0 \u00a0 \u00a0 Y\u00f6netim dan\u0131\u015fmanl\u0131\u011f\u0131 hizmetlerine y\u00f6nelik desteklerden,<\/strong>\u00a0T\u00fcrkiye\u2019de yerle\u015fik olup;<\/p><ul><li>Ticaret Bakanl\u0131\u011f\u0131\u2019nca belirlenen y\u00f6netim dan\u0131\u015fmanl\u0131\u011f\u0131 sekt\u00f6r\u00fcnde faaliyet g\u00f6steren \u015firketler,<\/li><li>Di\u011fer kurum ve kurulu\u015flar,<\/li><li>\u0130\u015fbirli\u011fi kurulu\u015flar\u0131 yararlanabilir.<\/li><\/ul><p>\u00a0<\/p><h5><strong>\u00a0 \u00a0 \u00a0 \u00a0 YE\u015e\u0130L H\u0130ZMETLER NE DEMEKT\u0130R? BU DESTEKLERDEN K\u0130MLER YARARLANAB\u0130L\u0130R?<\/strong><\/h5><p><strong>\u00a0 \u00a0 \u00a0 \u00a0 \u00a0 Ye\u015fil hizmetler,<\/strong>\u00a0altyap\u0131ya ili\u015fkin olmayan; \u00e7evre kirlili\u011finin \u00f6nlenmesi ve meydana geldi\u011fi hallerde kirlenmenin durdurulmas\u0131, etkilerinin giderilmesi veya azalt\u0131lmas\u0131, \u00f6zellikle iklim de\u011fi\u015fikli\u011finin ve \u00e7evre kirlili\u011finin \u00f6nlenmesine y\u00f6nelik al\u0131nan teknik \u00f6nlemlere uyumun sa\u011flanmas\u0131, \u00e7evre unsurlar\u0131n\u0131n s\u00fcrd\u00fcr\u00fclebilir kullan\u0131m\u0131n\u0131n ve geli\u015fmesinin sa\u011flanmas\u0131 amac\u0131yla verilen dan\u0131\u015fmanl\u0131k, teknik destek, belgelendirme ve uygunluk de\u011ferlendirme hizmetleri ile bu kapsamda Bakanl\u0131k\u00e7a belirlenecek di\u011fer hizmetlerdir.<\/p><p><strong>\u00a0 \u00a0 \u00a0 \u00a0 \u00a0 Ye\u015fil hizmetlere y\u00f6nelik desteklerden,<\/strong>\u00a0T\u00fcrkiye\u2019de yerle\u015fik olup<\/p><ul><li>Ticaret Bakanl\u0131\u011f\u0131\u2019nca belirlenen ye\u015fil hizmetler sekt\u00f6r\u00fcnde faaliyet g\u00f6steren \u015firketler,<\/li><li>Di\u011fer kurum ve kurulu\u015flar,<\/li><li>\u0130\u015fbirli\u011fi kurulu\u015flar\u0131 yararlanabilir.<\/li><\/ul><p>\u00a0<\/p><h5><strong>\u00a0 \u00a0 \u00a0 \u00a0 D\u0130\u011eER SEKT\u00d6RLERE Y\u00d6NEL\u0130K DESTEKLERDEN K\u0130MLER YARARLANAB\u0130L\u0130R?<\/strong><\/h5><p><strong>\u00a0 \u00a0 \u00a0 \u00a0 \u00a0 Di\u011fer sekt\u00f6rlere y\u00f6nelik hizmetlerine y\u00f6nelik desteklerden,\u00a0<\/strong><\/p><p>\u00a0 \u00a0 \u00a0 \u00a0 \u00a0 T\u00fcrkiye\u2019de yerle\u015fik olup;<\/p><p>\u00a0 \u00a0 \u00a0 \u00a0 \u00a0 1) Yurt d\u0131\u015f\u0131nda kamusal bir otorite ile s\u00f6zle\u015fme yap\u0131lmas\u0131 kayd\u0131yla sunulan tesis b\u00fcnyesinde kombine destek hizmetleri (i\u015fletme veya tesis b\u00fcnyesinde temizlik, bak\u0131m, \u00e7\u00f6plerin bertaraf\u0131, koruma ve g\u00fcvenlik, posta da\u011f\u0131t\u0131m\u0131, \u00e7ama\u015f\u0131rhane, resepsiyon ve benzeri yard\u0131mc\u0131 hizmet ve g\u00f6revlerin birden fazlas\u0131n\u0131n sa\u011flanmas\u0131),<\/p><p>\u00a0 \u00a0 \u00a0 \u00a0 \u00a0 2) Gemi klaslama m\u00fcesseseleri faaliyetleri,<\/p><p>\u00a0 \u00a0 \u00a0 \u00a0 \u00a0 3) Patent dan\u0131\u015fmanl\u0131\u011f\u0131 faaliyetleri,<\/p><p>\u00a0 \u00a0 \u00a0 \u00a0 \u00a0 4) Uygunluk de\u011ferlendirme faaliyetleri,<\/p><p>\u00a0 \u00a0 \u00a0 \u00a0 \u00a0 5) Uluslararas\u0131 ticaret ve yat\u0131r\u0131mlar konusunda hukuki dan\u0131\u015fmanl\u0131k faaliyetleri, y\u00fcr\u00fcten \u015firketler ile<\/p><ul><li>Bakanl\u0131k taraf\u0131ndan uygun g\u00f6r\u00fclen di\u011fer kurum ve kurulu\u015flar ve<\/li><li>\u0130\u015fbirli\u011fi kurulu\u015flar\u0131 yararlanabilir.<\/li><\/ul><p>\u00a0<\/p><p><br \/><br \/><\/p>\t\t\t\t\t\t<\/div>\n\t\t\t\t<\/div>\n\t\t\t\t\t<\/div>\n\t\t<\/div>\n\t\t\t\t\t\t\t<\/div>\n\t\t<\/section>\n\t\t\t\t\t\t\t<\/div>\n\t\t","protected":false},"excerpt":{"rendered":"<p>Hizmet Sekt\u00f6r\u00fc Destekleri \u00a0 \u00a0 \u00a0 \u00a0 \u00a0 E\u011e\u0130T\u0130M H\u0130ZMETLER\u0130NE Y\u00d6NEL\u0130K \u0130HRACAT DESTEKLER\u0130NDEN K\u0130MLER YARARLANAB\u0130L\u0130R? \u00a0 \u00a0 \u00a0 \u00a0 \u00a0 T\u00fcrkiye\u2019de yerle\u015fik; \u00dcniversiteler, Y\u00fcksek teknoloji enstit\u00fcleri, Vak\u0131flar taraf\u0131ndan kurulan meslek y\u00fcksekokullar\u0131, E\u011fitim sekt\u00f6r\u00fcnde faaliyet g\u00f6steren Ticaret Bakanl\u0131\u011f\u0131 taraf\u0131ndan uygun g\u00f6r\u00fclen di\u011fer \u015firket, kurum ve kurulu\u015flar\u0131, \u0130\u015fbirli\u011fi kurulu\u015flar\u0131 (Y\u00fcksek\u00f6\u011fretim Kurulu, T\u00fcrkiye \u0130hracat\u00e7\u0131lar Meclisi, Hizmet \u0130hracat\u00e7\u0131lar\u0131 Birli\u011fi, [&hellip;]<\/p>\n","protected":false},"author":1,"featured_media":0,"parent":0,"menu_order":0,"comment_status":"closed","ping_status":"closed","template":"elementor_header_footer","meta":[],"_links":{"self":[{"href":"https:\/\/arpdestek.com\/index.php\/wp-json\/wp\/v2\/pages\/254"}],"collection":[{"href":"https:\/\/arpdestek.com\/index.php\/wp-json\/wp\/v2\/pages"}],"about":[{"href":"https:\/\/arpdestek.com\/index.php\/wp-json\/wp\/v2\/types\/page"}],"author":[{"embeddable":true,"href":"https:\/\/arpdestek.com\/index.php\/wp-json\/wp\/v2\/users\/1"}],"replies":[{"embeddable":true,"href":"https:\/\/arpdestek.com\/index.php\/wp-json\/wp\/v2\/comments?post=254"}],"version-history":[{"count":19,"href":"https:\/\/arpdestek.com\/index.php\/wp-json\/wp\/v2\/pages\/254\/revisions"}],"predecessor-version":[{"id":944,"href":"https:\/\/arpdestek.com\/index.php\/wp-json\/wp\/v2\/pages\/254\/revisions\/944"}],"wp:attachment":[{"href":"https:\/\/arpdestek.com\/index.php\/wp-json\/wp\/v2\/media?parent=254"}],"curies":[{"name":"wp","href":"https:\/\/api.w.org\/{rel}","templated":true}]}}