{"id":26,"date":"2023-03-17T11:56:40","date_gmt":"2023-03-17T08:56:40","guid":{"rendered":"https:\/\/arpdestek.com\/?page_id=26"},"modified":"2023-03-17T15:00:13","modified_gmt":"2023-03-17T12:00:13","slug":"cerez-politikasi","status":"publish","type":"page","link":"https:\/\/arpdestek.com\/index.php\/cerez-politikasi\/","title":{"rendered":"\u00c7erez Politikas\u0131"},"content":{"rendered":"\t\t<div data-elementor-type=\"wp-page\" data-elementor-id=\"26\" class=\"elementor elementor-26\">\n\t\t\t\t\t\t\t\t\t<section class=\"elementor-section elementor-top-section elementor-element elementor-element-5c4a44c elementor-section-height-min-height elementor-section-boxed elementor-section-height-default elementor-section-items-middle\" data-id=\"5c4a44c\" data-element_type=\"section\">\n\t\t\t\t\t\t<div class=\"elementor-container elementor-column-gap-default\">\n\t\t\t\t\t<div class=\"elementor-column elementor-col-100 elementor-top-column elementor-element elementor-element-7d56152\" data-id=\"7d56152\" data-element_type=\"column\">\n\t\t\t<div class=\"elementor-widget-wrap elementor-element-populated\">\n\t\t\t\t\t\t\t\t<div class=\"elementor-element elementor-element-b0581f2 elementor-widget elementor-widget-heading\" data-id=\"b0581f2\" data-element_type=\"widget\" data-widget_type=\"heading.default\">\n\t\t\t\t<div class=\"elementor-widget-container\">\n\t\t\t<style>\/*! elementor - v3.11.5 - 14-03-2023 *\/\n.elementor-heading-title{padding:0;margin:0;line-height:1}.elementor-widget-heading .elementor-heading-title[class*=elementor-size-]>a{color:inherit;font-size:inherit;line-height:inherit}.elementor-widget-heading .elementor-heading-title.elementor-size-small{font-size:15px}.elementor-widget-heading .elementor-heading-title.elementor-size-medium{font-size:19px}.elementor-widget-heading .elementor-heading-title.elementor-size-large{font-size:29px}.elementor-widget-heading .elementor-heading-title.elementor-size-xl{font-size:39px}.elementor-widget-heading .elementor-heading-title.elementor-size-xxl{font-size:59px}<\/style><h2 class=\"elementor-heading-title elementor-size-default\">\u00c7erez Politikas\u0131<\/h2>\t\t<\/div>\n\t\t\t\t<\/div>\n\t\t\t\t\t<\/div>\n\t\t<\/div>\n\t\t\t\t\t\t\t<\/div>\n\t\t<\/section>\n\t\t\t\t<section class=\"elementor-section elementor-top-section elementor-element elementor-element-f7b1dd2 elementor-section-boxed elementor-section-height-default elementor-section-height-default\" data-id=\"f7b1dd2\" data-element_type=\"section\">\n\t\t\t\t\t\t<div class=\"elementor-container elementor-column-gap-default\">\n\t\t\t\t\t<div class=\"elementor-column elementor-col-100 elementor-top-column elementor-element elementor-element-ef83e79\" data-id=\"ef83e79\" data-element_type=\"column\">\n\t\t\t<div class=\"elementor-widget-wrap elementor-element-populated\">\n\t\t\t\t\t\t\t\t<div class=\"elementor-element elementor-element-25d8767 elementor-widget elementor-widget-text-editor\" data-id=\"25d8767\" data-element_type=\"widget\" data-widget_type=\"text-editor.default\">\n\t\t\t\t<div class=\"elementor-widget-container\">\n\t\t\t<style>\/*! elementor - v3.11.5 - 14-03-2023 *\/\n.elementor-widget-text-editor.elementor-drop-cap-view-stacked .elementor-drop-cap{background-color:#818a91;color:#fff}.elementor-widget-text-editor.elementor-drop-cap-view-framed .elementor-drop-cap{color:#818a91;border:3px solid;background-color:transparent}.elementor-widget-text-editor:not(.elementor-drop-cap-view-default) .elementor-drop-cap{margin-top:8px}.elementor-widget-text-editor:not(.elementor-drop-cap-view-default) .elementor-drop-cap-letter{width:1em;height:1em}.elementor-widget-text-editor .elementor-drop-cap{float:left;text-align:center;line-height:1;font-size:50px}.elementor-widget-text-editor .elementor-drop-cap-letter{display:inline-block}<\/style>\t\t\t\t<p>Son g\u00fcncellenme: 10\/01\/2023<\/p><p>\u00a0 \u00a0 \u00a0 ARP DESTEK VE DANI\u015eMANLIK A.\u015e.\u00a0 olarak g\u00fcvenli\u011finize \u00f6nem veriyor ve bu \u00c7erez Politikas\u0131 metni ile web sitemizde hangi \u00e7erezleri, hangi ama\u00e7la kulland\u0131\u011f\u0131m\u0131z ve \u00e7erez ayarlar\u0131n\u0131z\u0131 nas\u0131l de\u011fi\u015ftirece\u011finiz hususunda ziyaret\u00e7ilerimizi bilgilendirmek istiyoruz.<\/p><p>\u00a0 \u00a0 Sizlere daha iyi hizmet verebilmek i\u00e7in \u00e7erezler vas\u0131tas\u0131yla, ne t\u00fcr ki\u015fisel verilerinizin hangi ama\u00e7la topland\u0131\u011f\u0131 ve nas\u0131l i\u015flendi\u011fi konular\u0131nda bilgi sahibi olmak i\u00e7in l\u00fctfen bu metni okuyunuz.<\/p><p>\u00a0 \u00a0 \u00a0 Daha fazla bilgi i\u00e7in \u201cGizlilik Politikam\u0131z\u201da g\u00f6z atabilir veya bizlerle ileti\u015fime ge\u00e7ebilirsiniz.<\/p>\t\t\t\t\t\t<\/div>\n\t\t\t\t<\/div>\n\t\t\t\t\t<\/div>\n\t\t<\/div>\n\t\t\t\t\t\t\t<\/div>\n\t\t<\/section>\n\t\t\t\t<section class=\"elementor-section elementor-top-section elementor-element elementor-element-92a8a70 elementor-section-height-min-height elementor-section-boxed elementor-section-height-default elementor-section-items-middle\" data-id=\"92a8a70\" data-element_type=\"section\">\n\t\t\t\t\t\t<div class=\"elementor-container elementor-column-gap-default\">\n\t\t\t\t\t<div class=\"elementor-column elementor-col-100 elementor-top-column elementor-element elementor-element-fe758e5\" data-id=\"fe758e5\" data-element_type=\"column\">\n\t\t\t<div class=\"elementor-widget-wrap elementor-element-populated\">\n\t\t\t\t\t\t\t\t<div class=\"elementor-element elementor-element-51ac387 elementor-widget elementor-widget-heading\" data-id=\"51ac387\" data-element_type=\"widget\" data-widget_type=\"heading.default\">\n\t\t\t\t<div class=\"elementor-widget-container\">\n\t\t\t<h2 class=\"elementor-heading-title elementor-size-default\">\u00c7erez Nedir?<\/h2>\t\t<\/div>\n\t\t\t\t<\/div>\n\t\t\t\t\t<\/div>\n\t\t<\/div>\n\t\t\t\t\t\t\t<\/div>\n\t\t<\/section>\n\t\t\t\t<section class=\"elementor-section elementor-top-section elementor-element elementor-element-e2d0a25 elementor-section-boxed elementor-section-height-default elementor-section-height-default\" data-id=\"e2d0a25\" data-element_type=\"section\">\n\t\t\t\t\t\t<div class=\"elementor-container elementor-column-gap-default\">\n\t\t\t\t\t<div class=\"elementor-column elementor-col-100 elementor-top-column elementor-element elementor-element-c92cef8\" data-id=\"c92cef8\" data-element_type=\"column\">\n\t\t\t<div class=\"elementor-widget-wrap elementor-element-populated\">\n\t\t\t\t\t\t\t\t<div class=\"elementor-element elementor-element-530cfaf elementor-widget elementor-widget-text-editor\" data-id=\"530cfaf\" data-element_type=\"widget\" data-widget_type=\"text-editor.default\">\n\t\t\t\t<div class=\"elementor-widget-container\">\n\t\t\t\t\t\t\t<p>\u00a0 \u00a0 \u00c7erezler, kullan\u0131c\u0131lar\u0131n web sitelerini daha verimli bir \u015fekilde kullanabilmeleri i\u00e7in cihazlar\u0131na kaydedilen k\u00fc\u00e7\u00fck dosyac\u0131klard\u0131r. \u00c7erezler vas\u0131tas\u0131yla kullan\u0131c\u0131lar\u0131n bilgilerinin i\u015fleniyor olmas\u0131ndan dolay\u0131, 6698 say\u0131l\u0131 Ki\u015fisel Verilerin Korunmas\u0131 Kanunu gere\u011fi, kullan\u0131c\u0131lar\u0131n bilgilendirilmeleri ve onaylar\u0131n\u0131n al\u0131nmas\u0131 gerekmektedir.<\/p><p>\u00a0 \u00a0 ARP DESTEK DANI\u015eMANLIK A.\u015e. olarak, ziyaret\u00e7ilerimizin web sitemizden en verimli \u015fekilde yararlanabilmelerini ve kullan\u0131c\u0131 deneyimlerinin geli\u015ftirilebilmesini sa\u011flamak i\u00e7in \u00e7e\u015fitli \u00e7erezler kullanmaktay\u0131z.<\/p>\t\t\t\t\t\t<\/div>\n\t\t\t\t<\/div>\n\t\t\t\t\t<\/div>\n\t\t<\/div>\n\t\t\t\t\t\t\t<\/div>\n\t\t<\/section>\n\t\t\t\t<section class=\"elementor-section elementor-top-section elementor-element elementor-element-67eeb08 elementor-section-boxed elementor-section-height-default elementor-section-height-default\" data-id=\"67eeb08\" data-element_type=\"section\">\n\t\t\t\t\t\t<div class=\"elementor-container elementor-column-gap-default\">\n\t\t\t\t\t<div class=\"elementor-column elementor-col-100 elementor-top-column elementor-element elementor-element-0ee471e\" data-id=\"0ee471e\" data-element_type=\"column\">\n\t\t\t<div class=\"elementor-widget-wrap elementor-element-populated\">\n\t\t\t\t\t\t\t\t<div class=\"elementor-element elementor-element-50ff767 elementor-widget elementor-widget-text-editor\" data-id=\"50ff767\" data-element_type=\"widget\" data-widget_type=\"text-editor.default\">\n\t\t\t\t<div class=\"elementor-widget-container\">\n\t\t\t\t\t\t\t<h6>1. Zorunlu \u00c7erezler<\/h6><p>Zorunlu \u00e7erezler, web sitesine ili\u015fkin temel i\u015flevleri etkinle\u015ftirerek web sitesinin kullan\u0131labilir hale gelmesini sa\u011flayan \u00e7erezlerdir. Web sitesi bu \u00e7erezler olmadan d\u00fczg\u00fcn \u00e7al\u0131\u015fmaz.<\/p><h6>2. Performans \u00c7erezleri<\/h6><p>Performans \u00e7erezleri, ziyaret\u00e7ilerin web sitesine ili\u015fkin kullan\u0131m bilgilerini ve tercihlerini anonim olarak toplayan ve bu sayede web sitesinin performans\u0131n\u0131n geli\u015ftirilmesine imk\u00e2n sa\u011flayan \u00e7erezlerdir.<\/p><h6>3. Fonksiyonel \u00c7erezler<\/h6><p>Fonksiyonel \u00e7erezler, kullan\u0131c\u0131lar\u0131n web sitesine ili\u015fkin ge\u00e7mi\u015f kullan\u0131mlar\u0131ndan yola \u00e7\u0131k\u0131larak gelecekteki ziyaretlerinde tan\u0131nmalar\u0131n\u0131 ve hat\u0131rlanmalar\u0131n\u0131; bu sayede web sitelerinin kullan\u0131c\u0131lara dil, b\u00f6lge gibi ki\u015fiselle\u015ftirilmi\u015f bir hizmet sunmas\u0131na olanak tan\u0131yan \u00e7erezlerdir.<\/p><h6>4. Reklam \u00c7erezleri<\/h6><p>Reklam \u00e7erezleri, \u00fc\u00e7\u00fcnc\u00fc taraflara ait \u00e7erezler olup web sitelerinde ziyaret\u00e7ilerin davran\u0131\u015flar\u0131n\u0131 izlemek i\u00e7in kullan\u0131l\u0131rlar. Bu \u00e7erezlerin amac\u0131, ziyaret\u00e7ilerin ihtiya\u00e7lar\u0131na y\u00f6nelik ilgilerini \u00e7ekecek reklamlar\u0131n g\u00f6sterilmesine yard\u0131mc\u0131 olmakt\u0131r. Sorumlulu\u011fu \u00e7erez sahibi olan \u00fc\u00e7\u00fcnc\u00fc taraflara aittir.<\/p>\t\t\t\t\t\t<\/div>\n\t\t\t\t<\/div>\n\t\t\t\t\t<\/div>\n\t\t<\/div>\n\t\t\t\t\t\t\t<\/div>\n\t\t<\/section>\n\t\t\t\t<section class=\"elementor-section elementor-top-section elementor-element elementor-element-4cc7d78 elementor-section-boxed elementor-section-height-default elementor-section-height-default\" data-id=\"4cc7d78\" data-element_type=\"section\">\n\t\t\t\t\t\t<div class=\"elementor-container elementor-column-gap-default\">\n\t\t\t\t\t<div class=\"elementor-column elementor-col-100 elementor-top-column elementor-element elementor-element-2cd3917\" data-id=\"2cd3917\" data-element_type=\"column\">\n\t\t\t<div class=\"elementor-widget-wrap elementor-element-populated\">\n\t\t\t\t\t\t\t\t<div class=\"elementor-element elementor-element-bb1d13b elementor-widget elementor-widget-text-editor\" data-id=\"bb1d13b\" data-element_type=\"widget\" data-widget_type=\"text-editor.default\">\n\t\t\t\t<div class=\"elementor-widget-container\">\n\t\t\t\t\t\t\t<p><strong>\u00c7erezler \u0130le \u0130\u015flenen Ki\u015fisel Veriler Nelerdir?<\/strong><\/p><p>Kimlik (ad\/soyad, do\u011fum tarihi v.b.) ve ileti\u015fim (adres, e-posta adresi, telefon, IP, konum v.b.) bilgileriniz, \u00e7erezler (cookies) vas\u0131tas\u0131yla, otomatik veya otomatik olmayan y\u00f6ntemlerle ve bazen de analitik sa\u011flay\u0131c\u0131lar, reklam a\u011flar\u0131, arama bilgi sa\u011flay\u0131c\u0131lar\u0131, teknoloji sa\u011flay\u0131c\u0131lar\u0131 gibi \u00fc\u00e7\u00fcnc\u00fc taraflardan elde edilerek, kaydedilerek, depolanarak ve g\u00fcncellenerek, aram\u0131zdaki hizmet ve s\u00f6zle\u015fme ili\u015fkisi \u00e7er\u00e7evesinde ve s\u00fcresince, me\u015fru menfaat \u015fart\u0131na dayan\u0131larak i\u015flenecektir.<\/p><p><strong>\u00c7erezler Hangi Ama\u00e7la Kullan\u0131lmaktad\u0131r?<\/strong><\/p><p>Web sitemizde, \u015f\u00fcpheli eylemlerin tespiti yoluyla g\u00fcvenli\u011fin sa\u011flanmas\u0131, kullan\u0131c\u0131lar\u0131n tercihleri do\u011frultusunda i\u015flevsellik ve performans\u0131n art\u0131r\u0131lmas\u0131, \u00fcr\u00fcnlerin ve hizmetlerin geli\u015ftirilmesi ve ki\u015fiselle\u015ftirilmesi ile bu hizmetlere ula\u015f\u0131m\u0131n kolayla\u015ft\u0131r\u0131lmas\u0131, s\u00f6zle\u015fmeye ba\u011fl\u0131 ve hukuki sorumluluklar\u0131n yerine getirilmesi ama\u00e7l\u0131 \u00e7erezler kullan\u0131lmaktad\u0131r. Ayr\u0131ca kullan\u0131c\u0131lar\u0131n daha geni\u015f kapsaml\u0131 hizmet sa\u011flay\u0131c\u0131lar ile bulu\u015fturulabilmesi amac\u0131yla reklam \u00e7erezleri ve \u00fc\u00e7\u00fcnc\u00fc taraflarla bilgi payla\u015f\u0131m\u0131 da s\u00f6z konusudur.<\/p><p><strong>\u00c7erezler Nas\u0131l Y\u00f6netilmektedir?<\/strong><\/p><p>Hangi \u00e7erezlerin kullan\u0131laca\u011f\u0131 konusu, tamamen kullan\u0131c\u0131lar\u0131m\u0131z\u0131n tercihlerine ba\u011fl\u0131d\u0131r. \u00c7erez tercihlerinizi, taray\u0131c\u0131n\u0131z\u0131n ayarlar\u0131ndan silerek veya engelleyerek, web sitemize ad\u0131m att\u0131\u011f\u0131n\u0131z anda y\u00f6netebilir veya gelecekte, istedi\u011finiz zaman bu ayarlar\u0131 de\u011fi\u015ftirebilirsiniz. Daha ayr\u0131nt\u0131l\u0131 bilgi i\u00e7in \u201cGizlilik Politikam\u0131\u201dza g\u00f6z atabilir veya bizlerle\u00a0\u201cinfo@arpdestek.com\u201d\u00a0e-mail adresi \u00fczerinden ileti\u015fime ge\u00e7ebilirsiniz.<\/p><p>Bu \u00e7erez politikas\u0131\u00a0<a href=\"https:\/\/www.arpdestek.com\">https:\/\/www.arpdestek.com<\/a>\u00a0arac\u0131l\u0131\u011f\u0131yla olu\u015fturulmu\u015ftur.<\/p>\t\t\t\t\t\t<\/div>\n\t\t\t\t<\/div>\n\t\t\t\t\t<\/div>\n\t\t<\/div>\n\t\t\t\t\t\t\t<\/div>\n\t\t<\/section>\n\t\t\t\t<section class=\"elementor-section elementor-top-section elementor-element elementor-element-389e9f4 elementor-section-height-min-height elementor-section-boxed elementor-section-height-default elementor-section-items-middle\" data-id=\"389e9f4\" data-element_type=\"section\">\n\t\t\t\t\t\t<div class=\"elementor-container elementor-column-gap-default\">\n\t\t\t\t\t<div class=\"elementor-column elementor-col-100 elementor-top-column elementor-element elementor-element-84593e2\" data-id=\"84593e2\" data-element_type=\"column\">\n\t\t\t<div class=\"elementor-widget-wrap elementor-element-populated\">\n\t\t\t\t\t\t\t\t<div class=\"elementor-element elementor-element-770e8f9 elementor-widget elementor-widget-heading\" data-id=\"770e8f9\" data-element_type=\"widget\" data-widget_type=\"heading.default\">\n\t\t\t\t<div class=\"elementor-widget-container\">\n\t\t\t<h2 class=\"elementor-heading-title elementor-size-default\">Gizlilik ve G\u00fcvenlik Politikas\u0131<\/h2>\t\t<\/div>\n\t\t\t\t<\/div>\n\t\t\t\t\t<\/div>\n\t\t<\/div>\n\t\t\t\t\t\t\t<\/div>\n\t\t<\/section>\n\t\t\t\t<section class=\"elementor-section elementor-top-section elementor-element elementor-element-1ca740b elementor-section-boxed elementor-section-height-default elementor-section-height-default\" data-id=\"1ca740b\" data-element_type=\"section\">\n\t\t\t\t\t\t<div class=\"elementor-container elementor-column-gap-default\">\n\t\t\t\t\t<div class=\"elementor-column elementor-col-100 elementor-top-column elementor-element elementor-element-f835fc4\" data-id=\"f835fc4\" data-element_type=\"column\">\n\t\t\t<div class=\"elementor-widget-wrap elementor-element-populated\">\n\t\t\t\t\t\t\t\t<div class=\"elementor-element elementor-element-30e267a elementor-widget elementor-widget-text-editor\" data-id=\"30e267a\" data-element_type=\"widget\" data-widget_type=\"text-editor.default\">\n\t\t\t\t<div class=\"elementor-widget-container\">\n\t\t\t\t\t\t\t<p>\u00a0 \u00a0Firmam\u0131z, \u00e7e\u015fitli ama\u00e7larla ki\u015fisel veriler toplayabilir. A\u015fa\u011f\u0131da, toplanan ki\u015fisel verilerin nas\u0131l ve ne \u015fekilde topland\u0131\u011f\u0131, bu verilerin nas\u0131l ve ne \u015fekilde korundu\u011fu belirtilmi\u015ftir.<\/p><p>\u00a0 \u00a0\u00dcyelik ve ileti\u015fim panelleri \u00fczerinde \u00e7e\u015fitli form ve anketlerin doldurulmas\u0131 suretiyle, \u00fcyelerin kendileriyle ilgili bir tak\u0131m ki\u015fisel bilgiler (ad\/soyad, firma bilgileri, telefon, adres veya e-posta adresleri gibi) firmam\u0131z taraf\u0131ndan i\u015fin do\u011fas\u0131 gere\u011fi toplanmaktad\u0131r.<\/p><p>\u00a0 \u00a0Firmam\u0131z baz\u0131 d\u00f6nemlerde m\u00fc\u015fterilerine ve \u00fcyelerine firmam\u0131z\u0131n faaliyet alan\u0131yla ilgili iletiler g\u00f6nderebilir. \u00dcyelerimiz\u00a0 \u00fcye olurken bu gibi bilgileri al\u0131p almama konusunda her t\u00fcrl\u00fc se\u00e7imi yapabilir, \u00fcye giri\u015fi yapt\u0131ktan sonra hesap bilgileri b\u00f6l\u00fcm\u00fcnden bu se\u00e7imi de\u011fi\u015ftirilebilir veya kendisine gelen bilgilendirme iletisindeki linkle bildirim yapabilir.<\/p><p>\u00a0 \u00a0Sistemle ilgili sorunlar\u0131n tan\u0131mlanmas\u0131 ve verilen hizmet ile ilgili \u00e7\u0131kabilecek sorunlar\u0131n veya uyu\u015fmazl\u0131klar\u0131n h\u0131zla \u00e7\u00f6z\u00fclmesi i\u00e7in Firmam\u0131z, \u00fcyelerinin IP adresini kaydetmekte ve bunu kullanmaktad\u0131r. IP adresleri, kullan\u0131c\u0131lar\u0131 genel bir \u015fekilde tan\u0131mlamak ve kapsaml\u0131 demografik bilgi toplamak amac\u0131yla da kullan\u0131labilir.<\/p><p>\u00a0 \u00a0Firmam\u0131z, gizli bilgileri kesinlikle \u00f6zel ve gizli tutmay\u0131, bunu bir s\u0131r saklama y\u00fck\u00fcml\u00fcl\u00fc\u011f\u00fc olarak addetmeyi, gizlili\u011fin sa\u011flanmas\u0131 ve s\u00fcrd\u00fcr\u00fclmesi, gizli bilginin tamam\u0131n\u0131n veya herhangi bir k\u0131sm\u0131n\u0131n kamu alan\u0131na girmesini veya yetkisiz kullan\u0131m\u0131n\u0131 veya \u00fc\u00e7\u00fcnc\u00fc bir ki\u015fiye if\u015fas\u0131n\u0131 \u00f6nlemek i\u00e7in gerekli t\u00fcm tedbirleri almay\u0131 ve gerekli \u00f6zeni g\u00f6stermeyi taahh\u00fct eder.<\/p>\t\t\t\t\t\t<\/div>\n\t\t\t\t<\/div>\n\t\t\t\t\t<\/div>\n\t\t<\/div>\n\t\t\t\t\t\t\t<\/div>\n\t\t<\/section>\n\t\t\t\t<section class=\"elementor-section elementor-top-section elementor-element elementor-element-e648107 elementor-section-boxed elementor-section-height-default elementor-section-height-default\" data-id=\"e648107\" data-element_type=\"section\">\n\t\t\t\t\t\t<div class=\"elementor-container elementor-column-gap-default\">\n\t\t\t\t\t<div class=\"elementor-column elementor-col-100 elementor-top-column elementor-element elementor-element-dc6b408\" data-id=\"dc6b408\" data-element_type=\"column\">\n\t\t\t<div class=\"elementor-widget-wrap elementor-element-populated\">\n\t\t\t\t\t\t\t\t<div class=\"elementor-element elementor-element-87852f7 elementor-widget elementor-widget-text-editor\" data-id=\"87852f7\" data-element_type=\"widget\" data-widget_type=\"text-editor.default\">\n\t\t\t\t<div class=\"elementor-widget-container\">\n\t\t\t\t\t\t\t<p>\u00dc\u00e7\u00fcnc\u00fc Taraf Web Siteleri ve Uygulamalar<\/p><p>Firmam\u0131z, web sitesi dahilinde ba\u015fka sitelere link verebilir. Firmam\u0131z, bu linkler vas\u0131tas\u0131yla eri\u015filen sitelerin gizlilik uygulamalar\u0131 ve i\u00e7eriklerine y\u00f6nelik herhangi bir sorumluluk ta\u015f\u0131mamaktad\u0131r. Firmam\u0131za ait sitede yay\u0131nlanan reklamlar, reklamc\u0131l\u0131k yapan i\u015f ortaklar\u0131m\u0131z arac\u0131l\u0131\u011f\u0131 ile kullan\u0131c\u0131lar\u0131m\u0131za da\u011f\u0131t\u0131l\u0131r. \u0130\u015f bu s\u00f6zle\u015fmedeki Gizlilik Politikas\u0131 Prensipleri, sadece web sitemizin kullan\u0131m\u0131na ili\u015fkin olup, \u00fc\u00e7\u00fcnc\u00fc taraf web sitelerini kapsamaz.<\/p>\t\t\t\t\t\t<\/div>\n\t\t\t\t<\/div>\n\t\t\t\t\t<\/div>\n\t\t<\/div>\n\t\t\t\t\t\t\t<\/div>\n\t\t<\/section>\n\t\t\t\t<section class=\"elementor-section elementor-top-section elementor-element elementor-element-f2aa0e5 elementor-section-boxed elementor-section-height-default elementor-section-height-default\" data-id=\"f2aa0e5\" data-element_type=\"section\">\n\t\t\t\t\t\t<div class=\"elementor-container elementor-column-gap-default\">\n\t\t\t\t\t<div class=\"elementor-column elementor-col-100 elementor-top-column elementor-element elementor-element-8bea05e\" data-id=\"8bea05e\" data-element_type=\"column\">\n\t\t\t<div class=\"elementor-widget-wrap elementor-element-populated\">\n\t\t\t\t\t\t\t\t<div class=\"elementor-element elementor-element-f34b8d1 elementor-widget elementor-widget-text-editor\" data-id=\"f34b8d1\" data-element_type=\"widget\" data-widget_type=\"text-editor.default\">\n\t\t\t\t<div class=\"elementor-widget-container\">\n\t\t\t\t\t\t\t<p><strong>\u0130stisnai Haller<\/strong><\/p><p>Firmam\u0131z, a\u015fa\u011f\u0131da belirtilen s\u0131n\u0131rl\u0131 hallerde i\u015fbu \u201cGizlilik Politikas\u0131\u201d h\u00fck\u00fcmleri d\u0131\u015f\u0131nda kullan\u0131c\u0131lara ait bilgileri \u00fc\u00e7\u00fcnc\u00fc ki\u015filere a\u00e7\u0131klayabilir.<\/p><p>Bu durumlar \u015funlard\u0131r:<\/p><ol><li>Kanun, Cumhurba\u015fkanl\u0131\u011f\u0131 Kararnamesi, Y\u00f6netmelik gibi yetkili hukuki otorite taraf\u0131ndan \u00e7\u0131kar\u0131lan ve y\u00fcr\u00fcrl\u00fckte olan hukuk kurallar\u0131n\u0131n getirdi\u011fi zorunluluklara uymak.<\/li><li>Web sitemizin kullan\u0131c\u0131larla akdetti\u011fi \u201c\u00dcyelik S\u00f6zle\u015fmesi\u201dnin ve di\u011fer s\u00f6zle\u015fmelerin gereklerini yerine getirmek ve bunlar\u0131 uygulamaya koymak.<\/li><li>Yetkili idari ve\/veya adli kurumlar taraf\u0131ndan usul\u00fcne g\u00f6re y\u00fcr\u00fct\u00fclen bir ara\u015ft\u0131rma veya soru\u015fturman\u0131n ifas\u0131 s\u0131ras\u0131nda kullan\u0131c\u0131larla ilgili bilgi talep edilmesi.<\/li><\/ol><p>\u00a0 \u00a0 \u00a0 4.Kullan\u0131c\u0131lar\u0131n haklar\u0131 veya g\u00fcvenliklerini korumak i\u00e7in bilgi vermenin gerekli oldu\u011fu haller.<\/p>\t\t\t\t\t\t<\/div>\n\t\t\t\t<\/div>\n\t\t\t\t\t<\/div>\n\t\t<\/div>\n\t\t\t\t\t\t\t<\/div>\n\t\t<\/section>\n\t\t\t\t<section class=\"elementor-section elementor-top-section elementor-element elementor-element-c5c7b6d elementor-section-boxed elementor-section-height-default elementor-section-height-default\" data-id=\"c5c7b6d\" data-element_type=\"section\">\n\t\t\t\t\t\t<div class=\"elementor-container elementor-column-gap-default\">\n\t\t\t\t\t<div class=\"elementor-column elementor-col-100 elementor-top-column elementor-element elementor-element-c7bd36b\" data-id=\"c7bd36b\" data-element_type=\"column\">\n\t\t\t<div class=\"elementor-widget-wrap elementor-element-populated\">\n\t\t\t\t\t\t\t\t<div class=\"elementor-element elementor-element-16191e2 elementor-widget elementor-widget-text-editor\" data-id=\"16191e2\" data-element_type=\"widget\" data-widget_type=\"text-editor.default\">\n\t\t\t\t<div class=\"elementor-widget-container\">\n\t\t\t\t\t\t\t<p><strong>E-Posta G\u00fcvenli\u011fi<\/strong><\/p><p>Web sitemizdeki ileti\u015fim formlar\u0131n\u0131 kullanmak suretiyle g\u00f6nderece\u011finiz e-postalarda, asla kredi kart\u0131 numaran\u0131z\u0131 veya \u015fifrelerinizi yazmay\u0131n\u0131z. E-postalarda yer alan bilgiler \u00fc\u00e7\u00fcnc\u00fc \u015fah\u0131slar taraf\u0131ndan g\u00f6r\u00fclebilir. Firmam\u0131z e-postalar\u0131n\u0131zdan aktar\u0131lan bilgilerin g\u00fcvenli\u011fini hi\u00e7bir ko\u015fulda garanti edemez.<\/p><p><strong>Taray\u0131c\u0131 \u00c7erezleri<\/strong><\/p><p>Firmam\u0131z, web sitemizi ziyaret eden kullan\u0131c\u0131lar ve kullan\u0131c\u0131lar\u0131n web sitesini kullan\u0131m\u0131 hakk\u0131ndaki bilgileri teknik bir ileti\u015fim dosyas\u0131 (\u00e7erez-cookie) kullanarak elde edebilir. Bahsi ge\u00e7en teknik ileti\u015fim dosyalar\u0131, ana bellekte saklanmak \u00fczere bir internet sitesinin kullan\u0131c\u0131n\u0131n taray\u0131c\u0131s\u0131na (browser) g\u00f6nderdi\u011fi k\u00fc\u00e7\u00fck metin dosyalar\u0131d\u0131r. Teknik ileti\u015fim dosyas\u0131 site hakk\u0131nda durum ve tercihleri saklayarak internetin kullan\u0131m\u0131n\u0131 kolayla\u015ft\u0131r\u0131r.<\/p><p>Teknik ileti\u015fim dosyas\u0131, siteyi ka\u00e7 ki\u015finin ziyaret etti\u011fi, bir ki\u015finin siteyi hangi ama\u00e7la, ka\u00e7 kez ziyaret etti\u011fi ve ne kadar sitede kal\u0131nd\u0131\u011f\u0131 hakk\u0131nda istatistiksel bilgileri elde etmeye ve kullan\u0131c\u0131lar i\u00e7in \u00f6zel tasarlanm\u0131\u015f kullan\u0131c\u0131 sayfalar\u0131ndan dinamik olarak reklam ve i\u00e7erik \u00fcretilmesine yard\u0131mc\u0131 olur. Teknik ileti\u015fim dosyas\u0131, ana bellekte veya e-postan\u0131zdan veri veya ba\u015fkaca herhangi bir ki\u015fisel bilgi almak i\u00e7in tasarlanmam\u0131\u015ft\u0131r. Taray\u0131c\u0131lar\u0131n pek \u00e7o\u011fu, ba\u015fta teknik ileti\u015fim dosyas\u0131n\u0131 kabul eder bi\u00e7imde tasarlanm\u0131\u015f olmakla birlikte kullan\u0131c\u0131lar dilerse teknik ileti\u015fim dosyas\u0131n\u0131n gelmemesi veya teknik ileti\u015fim dosyas\u0131n\u0131n g\u00f6nderildi\u011finde uyar\u0131 verilmesini sa\u011flayacak bi\u00e7imde ayarlar\u0131 de\u011fi\u015ftirebilirler.\u00a0<\/p><p>Firmam\u0131z, i\u015fbu \u201cGizlilik Politikas\u0131\u201d h\u00fck\u00fcmlerini, sitede yay\u0131nlamak veya kullan\u0131c\u0131lara elektronik posta g\u00f6ndermek suretiyle diledi\u011fi zaman de\u011fi\u015ftirebilir. Gizlilik Politikas\u0131 h\u00fck\u00fcmleri de\u011fi\u015fti\u011fi takdirde, yay\u0131nland\u0131\u011f\u0131 tarihte y\u00fcr\u00fcrl\u00fc\u011fe girer.<\/p><p>Gizlilik politikam\u0131z ile ilgili her t\u00fcrl\u00fc soru ve \u00f6nerileriniz i\u00e7in \u00a0<a href=\"mailto:info@arpdestek.com\">info@arpdestek.com<\/a> adresine e-posta g\u00f6nderebilir, a\u015fa\u011f\u0131daki ileti\u015fim bilgilerinden Firmam\u0131za ula\u015fabilirsiniz.<\/p>\t\t\t\t\t\t<\/div>\n\t\t\t\t<\/div>\n\t\t\t\t\t<\/div>\n\t\t<\/div>\n\t\t\t\t\t\t\t<\/div>\n\t\t<\/section>\n\t\t\t\t\t\t\t<\/div>\n\t\t","protected":false},"excerpt":{"rendered":"<p>\u00c7erez Politikas\u0131 Son g\u00fcncellenme: 10\/01\/2023 \u00a0 \u00a0 \u00a0 ARP DESTEK VE DANI\u015eMANLIK A.\u015e.\u00a0 olarak g\u00fcvenli\u011finize \u00f6nem veriyor ve bu \u00c7erez Politikas\u0131 metni ile web sitemizde hangi \u00e7erezleri, hangi ama\u00e7la kulland\u0131\u011f\u0131m\u0131z ve \u00e7erez ayarlar\u0131n\u0131z\u0131 nas\u0131l de\u011fi\u015ftirece\u011finiz hususunda ziyaret\u00e7ilerimizi bilgilendirmek istiyoruz. \u00a0 \u00a0 Sizlere daha iyi hizmet verebilmek i\u00e7in \u00e7erezler vas\u0131tas\u0131yla, ne t\u00fcr ki\u015fisel verilerinizin hangi ama\u00e7la [&hellip;]<\/p>\n","protected":false},"author":1,"featured_media":0,"parent":0,"menu_order":0,"comment_status":"closed","ping_status":"closed","template":"elementor_header_footer","meta":[],"_links":{"self":[{"href":"https:\/\/arpdestek.com\/index.php\/wp-json\/wp\/v2\/pages\/26"}],"collection":[{"href":"https:\/\/arpdestek.com\/index.php\/wp-json\/wp\/v2\/pages"}],"about":[{"href":"https:\/\/arpdestek.com\/index.php\/wp-json\/wp\/v2\/types\/page"}],"author":[{"embeddable":true,"href":"https:\/\/arpdestek.com\/index.php\/wp-json\/wp\/v2\/users\/1"}],"replies":[{"embeddable":true,"href":"https:\/\/arpdestek.com\/index.php\/wp-json\/wp\/v2\/comments?post=26"}],"version-history":[{"count":7,"href":"https:\/\/arpdestek.com\/index.php\/wp-json\/wp\/v2\/pages\/26\/revisions"}],"predecessor-version":[{"id":121,"href":"https:\/\/arpdestek.com\/index.php\/wp-json\/wp\/v2\/pages\/26\/revisions\/121"}],"wp:attachment":[{"href":"https:\/\/arpdestek.com\/index.php\/wp-json\/wp\/v2\/media?parent=26"}],"curies":[{"name":"wp","href":"https:\/\/api.w.org\/{rel}","templated":true}]}}