{"id":279,"date":"2023-03-18T00:46:02","date_gmt":"2023-03-17T21:46:02","guid":{"rendered":"https:\/\/arpdestek.com\/?page_id=279"},"modified":"2023-03-18T00:48:27","modified_gmt":"2023-03-17T21:48:27","slug":"doviz-kazandirici-hizmet-sektorleri-markalasma-destegi","status":"publish","type":"page","link":"https:\/\/arpdestek.com\/index.php\/doviz-kazandirici-hizmet-sektorleri-markalasma-destegi\/","title":{"rendered":"D\u00f6viz Kazand\u0131r\u0131c\u0131 Hizmet Sekt\u00f6rleri Markala\u015fma Deste\u011fi"},"content":{"rendered":"\t\t<div data-elementor-type=\"wp-page\" data-elementor-id=\"279\" class=\"elementor elementor-279\">\n\t\t\t\t\t\t\t\t\t<section class=\"elementor-section elementor-top-section elementor-element elementor-element-5c5c74f elementor-section-height-min-height elementor-section-boxed elementor-section-height-default elementor-section-items-middle\" data-id=\"5c5c74f\" data-element_type=\"section\">\n\t\t\t\t\t\t<div class=\"elementor-container elementor-column-gap-default\">\n\t\t\t\t\t<div class=\"elementor-column elementor-col-100 elementor-top-column elementor-element elementor-element-47cfa36\" data-id=\"47cfa36\" data-element_type=\"column\">\n\t\t\t<div class=\"elementor-widget-wrap elementor-element-populated\">\n\t\t\t\t\t\t\t\t<div class=\"elementor-element elementor-element-eb7989e elementor-widget elementor-widget-heading\" data-id=\"eb7989e\" data-element_type=\"widget\" data-widget_type=\"heading.default\">\n\t\t\t\t<div class=\"elementor-widget-container\">\n\t\t\t<style>\/*! elementor - v3.11.5 - 14-03-2023 *\/\n.elementor-heading-title{padding:0;margin:0;line-height:1}.elementor-widget-heading .elementor-heading-title[class*=elementor-size-]>a{color:inherit;font-size:inherit;line-height:inherit}.elementor-widget-heading .elementor-heading-title.elementor-size-small{font-size:15px}.elementor-widget-heading .elementor-heading-title.elementor-size-medium{font-size:19px}.elementor-widget-heading .elementor-heading-title.elementor-size-large{font-size:29px}.elementor-widget-heading .elementor-heading-title.elementor-size-xl{font-size:39px}.elementor-widget-heading .elementor-heading-title.elementor-size-xxl{font-size:59px}<\/style><h1 class=\"elementor-heading-title elementor-size-default\">D\u00f6viz Kazand\u0131r\u0131c\u0131 Hizmet Sekt\u00f6rleri Markala\u015fma Deste\u011fi<\/h1>\t\t<\/div>\n\t\t\t\t<\/div>\n\t\t\t\t\t<\/div>\n\t\t<\/div>\n\t\t\t\t\t\t\t<\/div>\n\t\t<\/section>\n\t\t\t\t<section class=\"elementor-section elementor-top-section elementor-element elementor-element-798ca5a elementor-section-boxed elementor-section-height-default elementor-section-height-default\" data-id=\"798ca5a\" data-element_type=\"section\">\n\t\t\t\t\t\t<div class=\"elementor-container elementor-column-gap-default\">\n\t\t\t\t\t<div class=\"elementor-column elementor-col-100 elementor-top-column elementor-element elementor-element-c0b070a\" data-id=\"c0b070a\" data-element_type=\"column\">\n\t\t\t<div class=\"elementor-widget-wrap elementor-element-populated\">\n\t\t\t\t\t\t\t\t<div class=\"elementor-element elementor-element-ffb69b0 elementor-widget elementor-widget-text-editor\" data-id=\"ffb69b0\" data-element_type=\"widget\" data-widget_type=\"text-editor.default\">\n\t\t\t\t<div class=\"elementor-widget-container\">\n\t\t\t<style>\/*! elementor - v3.11.5 - 14-03-2023 *\/\n.elementor-widget-text-editor.elementor-drop-cap-view-stacked .elementor-drop-cap{background-color:#818a91;color:#fff}.elementor-widget-text-editor.elementor-drop-cap-view-framed .elementor-drop-cap{color:#818a91;border:3px solid;background-color:transparent}.elementor-widget-text-editor:not(.elementor-drop-cap-view-default) .elementor-drop-cap{margin-top:8px}.elementor-widget-text-editor:not(.elementor-drop-cap-view-default) .elementor-drop-cap-letter{width:1em;height:1em}.elementor-widget-text-editor .elementor-drop-cap{float:left;text-align:center;line-height:1;font-size:50px}.elementor-widget-text-editor .elementor-drop-cap-letter{display:inline-block}<\/style>\t\t\t\t<p>\u00a0 \u00a0 \u00a020.05.2020 tarih ve <strong>2564<\/strong> say\u0131l\u0131 <strong>D\u00f6viz Kazand\u0131r\u0131c\u0131 Hizmet Sekt\u00f6rleri Markala\u015fma Destekleri Hakk\u0131nda Karar<\/strong>la,<\/p><p>\u00a0 \u00a0 \u00a0D\u00f6viz kazand\u0131r\u0131c\u0131 hizmet sekt\u00f6rlerinde faaliyet g\u00f6steren ve T\u00fcrkiye\u2019de yerle\u015fik \u015firket, kurum ve kurulu\u015flar\u0131n markala\u015fmak i\u00e7in ger\u00e7ekle\u015ftirdikleri faaliyetlere ili\u015fkin giderler,<\/p><p>\u00a0 \u00a0 \u00a0T\u00fcrkiye \u0130hracat\u00e7\u0131lar Meclisi ve ihracat\u00e7\u0131 birliklerinin TURQUALITY\u00ae Program\u0131 kapsam\u0131nda \u015firket, kurum ve kurulu\u015flar\u0131n markala\u015fma s\u00fcrecinde yurt i\u00e7i ve yurt d\u0131\u015f\u0131nda verece\u011fi desteklere ili\u015fkin harcamalar,<\/p><p>\u00a0 \u00a0 \u00a0T\u00fcrk markalar\u0131n\u0131n pazara giri\u015f ve tutunmalar\u0131na y\u00f6nelik ger\u00e7ekle\u015ftirece\u011fi her t\u00fcrl\u00fc faaliyet ve organizasyona ili\u015fkin giderler ile,<\/p><p>\u00a0 \u00a0 \u00a0Hizmet sekt\u00f6rlerine y\u00f6nelik olumlu T\u00fcrk mal\u0131 ve hizmeti imaj\u0131n\u0131n olu\u015fturulmas\u0131 ve yerle\u015ftirilmesi i\u00e7in yurt i\u00e7inde ve yurt d\u0131\u015f\u0131nda ger\u00e7ekle\u015ftirilecek her t\u00fcrl\u00fc harcaman\u0131n,<\/p><p>\u00a0 \u00a0 \u00a0Destekleme ve Fiyat \u0130stikrar Fonundan kar\u015f\u0131lanmas\u0131na dair usul ve esaslar belirlenmi\u015ftir.<\/p><p>\u00a0 \u00a0 \u00a0Karar kapsam\u0131nda, T\u00fcrkiye\u2019de yerle\u015fik i\u015fbirli\u011fi kurulu\u015flar\u0131 ile d\u00f6viz kazand\u0131r\u0131c\u0131 hizmet sekt\u00f6r\u00fcnde faaliyet g\u00f6steren \u015firket, kurum ve kurulu\u015flar\u0131n Marka Destek Program\u0131 ve TURQUALITY Destek Program\u0131 kapsam\u0131ndaki muhtelif harcamalar\u0131na destek verilmektedir.\u00a0<\/p>\t\t\t\t\t\t<\/div>\n\t\t\t\t<\/div>\n\t\t\t\t\t<\/div>\n\t\t<\/div>\n\t\t\t\t\t\t\t<\/div>\n\t\t<\/section>\n\t\t\t\t\t\t\t<\/div>\n\t\t","protected":false},"excerpt":{"rendered":"<p>D\u00f6viz Kazand\u0131r\u0131c\u0131 Hizmet Sekt\u00f6rleri Markala\u015fma Deste\u011fi \u00a0 \u00a0 \u00a020.05.2020 tarih ve 2564 say\u0131l\u0131 D\u00f6viz Kazand\u0131r\u0131c\u0131 Hizmet Sekt\u00f6rleri Markala\u015fma Destekleri Hakk\u0131nda Kararla, \u00a0 \u00a0 \u00a0D\u00f6viz kazand\u0131r\u0131c\u0131 hizmet sekt\u00f6rlerinde faaliyet g\u00f6steren ve T\u00fcrkiye\u2019de yerle\u015fik \u015firket, kurum ve kurulu\u015flar\u0131n markala\u015fmak i\u00e7in ger\u00e7ekle\u015ftirdikleri faaliyetlere ili\u015fkin giderler, \u00a0 \u00a0 \u00a0T\u00fcrkiye \u0130hracat\u00e7\u0131lar Meclisi ve ihracat\u00e7\u0131 birliklerinin TURQUALITY\u00ae Program\u0131 kapsam\u0131nda \u015firket, kurum [&hellip;]<\/p>\n","protected":false},"author":1,"featured_media":0,"parent":0,"menu_order":0,"comment_status":"closed","ping_status":"closed","template":"elementor_header_footer","meta":[],"_links":{"self":[{"href":"https:\/\/arpdestek.com\/index.php\/wp-json\/wp\/v2\/pages\/279"}],"collection":[{"href":"https:\/\/arpdestek.com\/index.php\/wp-json\/wp\/v2\/pages"}],"about":[{"href":"https:\/\/arpdestek.com\/index.php\/wp-json\/wp\/v2\/types\/page"}],"author":[{"embeddable":true,"href":"https:\/\/arpdestek.com\/index.php\/wp-json\/wp\/v2\/users\/1"}],"replies":[{"embeddable":true,"href":"https:\/\/arpdestek.com\/index.php\/wp-json\/wp\/v2\/comments?post=279"}],"version-history":[{"count":4,"href":"https:\/\/arpdestek.com\/index.php\/wp-json\/wp\/v2\/pages\/279\/revisions"}],"predecessor-version":[{"id":286,"href":"https:\/\/arpdestek.com\/index.php\/wp-json\/wp\/v2\/pages\/279\/revisions\/286"}],"wp:attachment":[{"href":"https:\/\/arpdestek.com\/index.php\/wp-json\/wp\/v2\/media?parent=279"}],"curies":[{"name":"wp","href":"https:\/\/api.w.org\/{rel}","templated":true}]}}