{"id":28,"date":"2023-03-17T11:57:13","date_gmt":"2023-03-17T08:57:13","guid":{"rendered":"https:\/\/arpdestek.com\/?page_id=28"},"modified":"2025-01-20T14:32:27","modified_gmt":"2025-01-20T11:32:27","slug":"ticaret-bakanligi-ihracat-destekleri","status":"publish","type":"page","link":"https:\/\/arpdestek.com\/index.php\/ticaret-bakanligi-ihracat-destekleri\/","title":{"rendered":"Ticaret Bakanl\u0131\u011f\u0131 \u0130hracat Destekleri"},"content":{"rendered":"\t\t<div data-elementor-type=\"wp-page\" data-elementor-id=\"28\" class=\"elementor elementor-28\">\n\t\t\t\t\t\t\t\t\t<section class=\"elementor-section elementor-top-section elementor-element elementor-element-91a91e9 elementor-section-height-min-height elementor-section-boxed elementor-section-height-default elementor-section-items-middle\" data-id=\"91a91e9\" data-element_type=\"section\">\n\t\t\t\t\t\t<div class=\"elementor-container elementor-column-gap-default\">\n\t\t\t\t\t<div class=\"elementor-column elementor-col-100 elementor-top-column elementor-element elementor-element-4c00ebe\" data-id=\"4c00ebe\" data-element_type=\"column\">\n\t\t\t<div class=\"elementor-widget-wrap elementor-element-populated\">\n\t\t\t\t\t\t\t\t<div class=\"elementor-element elementor-element-afba94e elementor-widget elementor-widget-heading\" data-id=\"afba94e\" data-element_type=\"widget\" data-widget_type=\"heading.default\">\n\t\t\t\t<div class=\"elementor-widget-container\">\n\t\t\t<style>\/*! elementor - v3.11.5 - 14-03-2023 *\/\n.elementor-heading-title{padding:0;margin:0;line-height:1}.elementor-widget-heading .elementor-heading-title[class*=elementor-size-]>a{color:inherit;font-size:inherit;line-height:inherit}.elementor-widget-heading .elementor-heading-title.elementor-size-small{font-size:15px}.elementor-widget-heading .elementor-heading-title.elementor-size-medium{font-size:19px}.elementor-widget-heading .elementor-heading-title.elementor-size-large{font-size:29px}.elementor-widget-heading .elementor-heading-title.elementor-size-xl{font-size:39px}.elementor-widget-heading .elementor-heading-title.elementor-size-xxl{font-size:59px}<\/style><h1 class=\"elementor-heading-title elementor-size-default\">Ticaret Bakanl\u0131\u011f\u0131 \u0130hracat Destekleri<\/h1>\t\t<\/div>\n\t\t\t\t<\/div>\n\t\t\t\t\t<\/div>\n\t\t<\/div>\n\t\t\t\t\t\t\t<\/div>\n\t\t<\/section>\n\t\t\t\t<section class=\"elementor-section elementor-top-section elementor-element elementor-element-7edad24 elementor-section-boxed elementor-section-height-default elementor-section-height-default\" data-id=\"7edad24\" data-element_type=\"section\">\n\t\t\t\t\t\t<div class=\"elementor-container elementor-column-gap-default\">\n\t\t\t\t\t<div class=\"elementor-column elementor-col-100 elementor-top-column elementor-element elementor-element-22a0bca\" data-id=\"22a0bca\" data-element_type=\"column\">\n\t\t\t<div class=\"elementor-widget-wrap elementor-element-populated\">\n\t\t\t\t\t\t\t\t<div class=\"elementor-element elementor-element-79ad9be elementor-view-stacked elementor-widget__width-initial elementor-absolute elementor-shape-circle elementor-widget elementor-widget-icon\" data-id=\"79ad9be\" data-element_type=\"widget\" data-settings=\"{&quot;_position&quot;:&quot;absolute&quot;}\" data-widget_type=\"icon.default\">\n\t\t\t\t<div class=\"elementor-widget-container\">\n\t\t\t\t\t<div class=\"elementor-icon-wrapper\">\n\t\t\t<a class=\"elementor-icon\" href=\"https:\/\/arpdestek.com\/index.php\/ticaret-bakanligi-detay\/\" target=\"_blank\">\n\t\t\t<i aria-hidden=\"true\" class=\"far fa-hand-point-left\"><\/i>\t\t\t<\/a>\n\t\t<\/div>\n\t\t\t\t<\/div>\n\t\t\t\t<\/div>\n\t\t\t\t<div class=\"elementor-element elementor-element-f87cccc elementor-view-stacked elementor-widget__width-initial elementor-absolute elementor-shape-circle elementor-widget elementor-widget-icon\" data-id=\"f87cccc\" data-element_type=\"widget\" data-settings=\"{&quot;_position&quot;:&quot;absolute&quot;}\" data-widget_type=\"icon.default\">\n\t\t\t\t<div class=\"elementor-widget-container\">\n\t\t\t\t\t<div class=\"elementor-icon-wrapper\">\n\t\t\t<a class=\"elementor-icon\" href=\"https:\/\/arpdestek.com\/index.php\/ihracatta-kobi-kumelenme-ve-markalasma-tasarim-destekleri\/\" target=\"_blank\">\n\t\t\t<i aria-hidden=\"true\" class=\"far fa-hand-point-left\"><\/i>\t\t\t<\/a>\n\t\t<\/div>\n\t\t\t\t<\/div>\n\t\t\t\t<\/div>\n\t\t\t\t<div class=\"elementor-element elementor-element-0b5cb90 elementor-view-stacked elementor-widget__width-initial elementor-absolute elementor-widget-mobile__width-initial elementor-shape-circle elementor-widget elementor-widget-icon\" data-id=\"0b5cb90\" data-element_type=\"widget\" data-settings=\"{&quot;_position&quot;:&quot;absolute&quot;}\" data-widget_type=\"icon.default\">\n\t\t\t\t<div class=\"elementor-widget-container\">\n\t\t\t\t\t<div class=\"elementor-icon-wrapper\">\n\t\t\t<a class=\"elementor-icon\" href=\"https:\/\/arpdestek.com\/index.php\/yurt-disi-ve-yurt-ici-fuar-destekleri\/\" target=\"_blank\">\n\t\t\t<i aria-hidden=\"true\" class=\"far fa-hand-point-left\"><\/i>\t\t\t<\/a>\n\t\t<\/div>\n\t\t\t\t<\/div>\n\t\t\t\t<\/div>\n\t\t\t\t<div class=\"elementor-element elementor-element-083c19c elementor-view-stacked elementor-widget__width-initial elementor-absolute elementor-shape-circle elementor-widget elementor-widget-icon\" data-id=\"083c19c\" data-element_type=\"widget\" data-settings=\"{&quot;_position&quot;:&quot;absolute&quot;}\" data-widget_type=\"icon.default\">\n\t\t\t\t<div class=\"elementor-widget-container\">\n\t\t\t\t\t<div class=\"elementor-icon-wrapper\">\n\t\t\t<a class=\"elementor-icon\" href=\"https:\/\/arpdestek.com\/index.php\/e-ihracat-destekleri\/\" target=\"_blank\">\n\t\t\t<i aria-hidden=\"true\" class=\"far fa-hand-point-left\"><\/i>\t\t\t<\/a>\n\t\t<\/div>\n\t\t\t\t<\/div>\n\t\t\t\t<\/div>\n\t\t\t\t<div class=\"elementor-element elementor-element-d8de9ce elementor-view-stacked elementor-widget__width-initial elementor-absolute elementor-shape-circle elementor-widget elementor-widget-icon\" data-id=\"d8de9ce\" data-element_type=\"widget\" data-settings=\"{&quot;_position&quot;:&quot;absolute&quot;}\" data-widget_type=\"icon.default\">\n\t\t\t\t<div class=\"elementor-widget-container\">\n\t\t\t\t\t<div class=\"elementor-icon-wrapper\">\n\t\t\t<a class=\"elementor-icon\" href=\"https:\/\/arpdestek.com\/index.php\/hizmet-sektoru-destekleri-2\/\" target=\"_blank\">\n\t\t\t<i aria-hidden=\"true\" class=\"far fa-hand-point-left\"><\/i>\t\t\t<\/a>\n\t\t<\/div>\n\t\t\t\t<\/div>\n\t\t\t\t<\/div>\n\t\t\t\t<div class=\"elementor-element elementor-element-655b4cf elementor-view-stacked elementor-widget__width-initial elementor-absolute elementor-shape-circle elementor-widget elementor-widget-icon\" data-id=\"655b4cf\" data-element_type=\"widget\" data-settings=\"{&quot;_position&quot;:&quot;absolute&quot;}\" data-widget_type=\"icon.default\">\n\t\t\t\t<div class=\"elementor-widget-container\">\n\t\t\t\t\t<div class=\"elementor-icon-wrapper\">\n\t\t\t<a class=\"elementor-icon\" href=\"https:\/\/arpdestek.com\/index.php\/hizmet-sektoru-destekleri\/\" target=\"_blank\">\n\t\t\t<i aria-hidden=\"true\" class=\"far fa-hand-point-left\"><\/i>\t\t\t<\/a>\n\t\t<\/div>\n\t\t\t\t<\/div>\n\t\t\t\t<\/div>\n\t\t\t\t<div class=\"elementor-element elementor-element-921fef5 elementor-view-stacked elementor-widget__width-initial elementor-absolute elementor-widget-mobile__width-initial elementor-shape-circle elementor-widget elementor-widget-icon\" data-id=\"921fef5\" data-element_type=\"widget\" data-settings=\"{&quot;_position&quot;:&quot;absolute&quot;}\" data-widget_type=\"icon.default\">\n\t\t\t\t<div class=\"elementor-widget-container\">\n\t\t\t\t\t<div class=\"elementor-icon-wrapper\">\n\t\t\t<a class=\"elementor-icon\" href=\"https:\/\/arpdestek.com\/index.php\/bilisim-sektoru-ve-e-turquality\/\" target=\"_blank\">\n\t\t\t<i aria-hidden=\"true\" class=\"far fa-hand-point-left\"><\/i>\t\t\t<\/a>\n\t\t<\/div>\n\t\t\t\t<\/div>\n\t\t\t\t<\/div>\n\t\t\t\t<div class=\"elementor-element elementor-element-c489e3d elementor-view-stacked elementor-widget__width-initial elementor-absolute elementor-shape-circle elementor-widget elementor-widget-icon\" data-id=\"c489e3d\" data-element_type=\"widget\" data-settings=\"{&quot;_position&quot;:&quot;absolute&quot;}\" data-widget_type=\"icon.default\">\n\t\t\t\t<div class=\"elementor-widget-container\">\n\t\t\t\t\t<div class=\"elementor-icon-wrapper\">\n\t\t\t<a class=\"elementor-icon\" href=\"https:\/\/arpdestek.com\/index.php\/yurt-disi-lojistik-dagitim-aglari-destek-programi\/\" target=\"_blank\">\n\t\t\t<i aria-hidden=\"true\" class=\"far fa-hand-point-left\"><\/i>\t\t\t<\/a>\n\t\t<\/div>\n\t\t\t\t<\/div>\n\t\t\t\t<\/div>\n\t\t\t\t<div class=\"elementor-element elementor-element-cd87f2f elementor-view-stacked elementor-widget__width-initial elementor-absolute elementor-widget-mobile__width-initial elementor-shape-circle elementor-widget elementor-widget-icon\" data-id=\"cd87f2f\" data-element_type=\"widget\" data-settings=\"{&quot;_position&quot;:&quot;absolute&quot;}\" data-widget_type=\"icon.default\">\n\t\t\t\t<div class=\"elementor-widget-container\">\n\t\t\t\t\t<div class=\"elementor-icon-wrapper\">\n\t\t\t<a class=\"elementor-icon\" href=\"https:\/\/arpdestek.com\/index.php\/doviz-kazandirici-hizmet-sektorleri-markalasma-destegi\/\" target=\"_blank\">\n\t\t\t<i aria-hidden=\"true\" class=\"far fa-hand-point-left\"><\/i>\t\t\t<\/a>\n\t\t<\/div>\n\t\t\t\t<\/div>\n\t\t\t\t<\/div>\n\t\t\t\t<div class=\"elementor-element elementor-element-ceb44b9 elementor-view-stacked elementor-widget__width-initial elementor-absolute elementor-shape-circle elementor-widget elementor-widget-icon\" data-id=\"ceb44b9\" data-element_type=\"widget\" data-settings=\"{&quot;_position&quot;:&quot;absolute&quot;}\" data-widget_type=\"icon.default\">\n\t\t\t\t<div class=\"elementor-widget-container\">\n\t\t\t\t\t<div class=\"elementor-icon-wrapper\">\n\t\t\t<a class=\"elementor-icon\" href=\"https:\/\/arpdestek.com\/index.php\/yurt-disi-teknik-musavirlik-destekleri\/\" target=\"_blank\">\n\t\t\t<i aria-hidden=\"true\" class=\"far fa-hand-point-left\"><\/i>\t\t\t<\/a>\n\t\t<\/div>\n\t\t\t\t<\/div>\n\t\t\t\t<\/div>\n\t\t\t\t<div class=\"elementor-element elementor-element-c4be033 elementor-widget elementor-widget-text-editor\" data-id=\"c4be033\" data-element_type=\"widget\" data-widget_type=\"text-editor.default\">\n\t\t\t\t<div class=\"elementor-widget-container\">\n\t\t\t<style>\/*! elementor - v3.11.5 - 14-03-2023 *\/\n.elementor-widget-text-editor.elementor-drop-cap-view-stacked .elementor-drop-cap{background-color:#818a91;color:#fff}.elementor-widget-text-editor.elementor-drop-cap-view-framed .elementor-drop-cap{color:#818a91;border:3px solid;background-color:transparent}.elementor-widget-text-editor:not(.elementor-drop-cap-view-default) .elementor-drop-cap{margin-top:8px}.elementor-widget-text-editor:not(.elementor-drop-cap-view-default) .elementor-drop-cap-letter{width:1em;height:1em}.elementor-widget-text-editor .elementor-drop-cap{float:left;text-align:center;line-height:1;font-size:50px}.elementor-widget-text-editor .elementor-drop-cap-letter{display:inline-block}<\/style>\t\t\t\t<h6><span style=\"color: #ff0000;\"><a style=\"color: #ff0000;\" href=\"https:\/\/arpdestek.com\/index.php\/ticaret-bakanligi-detay\/\" target=\"_blank\" rel=\"noopener\"><strong>MAL \u0130HRACATI<\/strong> DESTEKLER\u0130<\/a><\/span><\/h6><h6>(Yararlan\u0131c\u0131lar\u0131n, ihracata haz\u0131rlanmas\u0131 ve uluslararas\u0131 pazarlarda rekabet avantaj\u0131 kazand\u0131r\u0131lmas\u0131 amac\u0131yla; tasar\u0131m ve kurumsal kapasitelerinin g\u00fc\u00e7lendirilmesi, \u00fcr\u00fcnlerin yurt d\u0131\u015f\u0131nda tan\u0131t\u0131m\u0131, pazarlanmas\u0131, tutundurulmas\u0131 ve markala\u015fmas\u0131n\u0131n desteklenmesine y\u00f6nelik harcamalar\u0131 ile ihracatta s\u00fcrd\u00fcr\u00fclebilir art\u0131\u015f\u0131n sa\u011flanmas\u0131 i\u00e7in gerekli faaliyetlere ili\u015fkin harcamalar\u0131 Ticaret Bakanl\u0131\u011f\u0131 taraf\u0131ndan desteklenmektedir.) Detayl\u0131 bilgi i\u00e7in <span style=\"color: #ff0000;\"><a style=\"color: #ff0000;\" href=\"https:\/\/arpdestek.com\/index.php\/ticaret-bakanligi-detay\/\">t\u0131klay\u0131n\u0131z\u2026<\/a><\/span><\/h6><h6><strong>-KOB\u0130-K\u00fcmelenme ve Markala\u015fma- Tasar\u0131m Destekleri<\/strong><\/h6><h6><span style=\"color: #000000;\"><a style=\"color: #000000;\" href=\"https:\/\/arpdestek.com\/index.php\/yurt-disi-ve-yurt-ici-fuar-destekleri\/\" target=\"_blank\" rel=\"noopener\"><strong>-Yurt \u0130\u00e7i ve Yurt D\u0131\u015f\u0131 Fuar Destekleri<\/strong><\/a><\/span><\/h6><h6><a href=\"https:\/\/arpdestek.com\/index.php\/hizmet-sektoru-destekleri-2\/\"><span style=\"color: #ff0000;\"><strong>E-\u0130HRACAT DESTEKLER\u0130<\/strong><\/span><\/a><\/h6><h6><a href=\"https:\/\/arpdestek.com\/index.php\/hizmet-sektoru-destekleri-2\/\"><span style=\"color: #ff0000;\"><strong>H\u0130ZMET SEKT\u00d6R\u00dc DESTEKLER\u0130<\/strong><\/span><\/a><\/h6><h6><b>\u00a0 \u00a0 \u00a0 \u00a0\u00a0<\/b>E\u011fitim, Fuarc\u0131l\u0131k, K\u00fclt\u00fcrel ve Yarat\u0131c\u0131 End\u00fcstri Hizmetleri, Lojistik ve Ta\u015f\u0131mac\u0131l\u0131k Hizmetleri, Sa\u011fl\u0131k ve Spor Turizmi Hizmetleri, Ye\u015fil Hizmetler, Y\u00f6netim Dan\u0131\u015fmanl\u0131\u011f\u0131 ve Di\u011fer Sekt\u00f6rler<\/h6><h6>\u00a0 \u00a0 \u00a0 \u00a0 Bili\u015fim Sekt\u00f6r\u00fc ve E-Turquality (Bili\u015fim Y\u0131ld\u0131zlar\u0131)<\/h6><h6>\u00a0 \u00a0 \u00a0 \u00a0 Yurt D\u0131\u015f\u0131 Lojistik Da\u011f\u0131t\u0131m A\u011flar\u0131 Destek Program\u0131<\/h6><h6>\u00a0 \u00a0 \u00a0 \u00a0 D\u00f6viz Kazand\u0131r\u0131c\u0131 Hizmet Sekt\u00f6rleri Markala\u015fma Deste\u011fi<\/h6><h6><span style=\"color: #ff0000;\">\u00a0<strong>YURT DI\u015eI TEKN\u0130K M\u00dc\u015eAV\u0130RL\u0130K DESTEKLER\u0130<\/strong><\/span><\/h6>\t\t\t\t\t\t<\/div>\n\t\t\t\t<\/div>\n\t\t\t\t\t<\/div>\n\t\t<\/div>\n\t\t\t\t\t\t\t<\/div>\n\t\t<\/section>\n\t\t\t\t\t\t\t<\/div>\n\t\t","protected":false},"excerpt":{"rendered":"<p>Ticaret Bakanl\u0131\u011f\u0131 \u0130hracat Destekleri MAL \u0130HRACATI DESTEKLER\u0130 (Yararlan\u0131c\u0131lar\u0131n, ihracata haz\u0131rlanmas\u0131 ve uluslararas\u0131 pazarlarda rekabet avantaj\u0131 kazand\u0131r\u0131lmas\u0131 amac\u0131yla; tasar\u0131m ve kurumsal kapasitelerinin g\u00fc\u00e7lendirilmesi, \u00fcr\u00fcnlerin yurt d\u0131\u015f\u0131nda tan\u0131t\u0131m\u0131, pazarlanmas\u0131, tutundurulmas\u0131 ve markala\u015fmas\u0131n\u0131n desteklenmesine y\u00f6nelik harcamalar\u0131 ile ihracatta s\u00fcrd\u00fcr\u00fclebilir art\u0131\u015f\u0131n sa\u011flanmas\u0131 i\u00e7in gerekli faaliyetlere ili\u015fkin harcamalar\u0131 Ticaret Bakanl\u0131\u011f\u0131 taraf\u0131ndan desteklenmektedir.) Detayl\u0131 bilgi i\u00e7in t\u0131klay\u0131n\u0131z\u2026 -KOB\u0130-K\u00fcmelenme ve Markala\u015fma- Tasar\u0131m [&hellip;]<\/p>\n","protected":false},"author":1,"featured_media":0,"parent":0,"menu_order":0,"comment_status":"closed","ping_status":"closed","template":"elementor_header_footer","meta":[],"_links":{"self":[{"href":"https:\/\/arpdestek.com\/index.php\/wp-json\/wp\/v2\/pages\/28"}],"collection":[{"href":"https:\/\/arpdestek.com\/index.php\/wp-json\/wp\/v2\/pages"}],"about":[{"href":"https:\/\/arpdestek.com\/index.php\/wp-json\/wp\/v2\/types\/page"}],"author":[{"embeddable":true,"href":"https:\/\/arpdestek.com\/index.php\/wp-json\/wp\/v2\/users\/1"}],"replies":[{"embeddable":true,"href":"https:\/\/arpdestek.com\/index.php\/wp-json\/wp\/v2\/comments?post=28"}],"version-history":[{"count":160,"href":"https:\/\/arpdestek.com\/index.php\/wp-json\/wp\/v2\/pages\/28\/revisions"}],"predecessor-version":[{"id":938,"href":"https:\/\/arpdestek.com\/index.php\/wp-json\/wp\/v2\/pages\/28\/revisions\/938"}],"wp:attachment":[{"href":"https:\/\/arpdestek.com\/index.php\/wp-json\/wp\/v2\/media?parent=28"}],"curies":[{"name":"wp","href":"https:\/\/api.w.org\/{rel}","templated":true}]}}