{"id":287,"date":"2023-03-18T00:50:24","date_gmt":"2023-03-17T21:50:24","guid":{"rendered":"https:\/\/arpdestek.com\/?page_id=287"},"modified":"2023-03-30T15:19:17","modified_gmt":"2023-03-30T12:19:17","slug":"yurt-disi-teknik-musavirlik-destekleri","status":"publish","type":"page","link":"https:\/\/arpdestek.com\/index.php\/yurt-disi-teknik-musavirlik-destekleri\/","title":{"rendered":"Yurt D\u0131\u015f\u0131 Teknik M\u00fc\u015favirlik Destekleri"},"content":{"rendered":"\t\t<div data-elementor-type=\"wp-page\" data-elementor-id=\"287\" class=\"elementor elementor-287\">\n\t\t\t\t\t\t\t\t\t<section class=\"elementor-section elementor-top-section elementor-element elementor-element-fbd0a9a elementor-section-height-min-height elementor-section-boxed elementor-section-height-default elementor-section-items-middle\" data-id=\"fbd0a9a\" data-element_type=\"section\">\n\t\t\t\t\t\t<div class=\"elementor-container elementor-column-gap-default\">\n\t\t\t\t\t<div class=\"elementor-column elementor-col-100 elementor-top-column elementor-element elementor-element-073eeff\" data-id=\"073eeff\" data-element_type=\"column\">\n\t\t\t<div class=\"elementor-widget-wrap elementor-element-populated\">\n\t\t\t\t\t\t\t\t<div class=\"elementor-element elementor-element-3e69318 elementor-widget elementor-widget-heading\" data-id=\"3e69318\" data-element_type=\"widget\" data-widget_type=\"heading.default\">\n\t\t\t\t<div class=\"elementor-widget-container\">\n\t\t\t<style>\/*! elementor - v3.11.5 - 14-03-2023 *\/\n.elementor-heading-title{padding:0;margin:0;line-height:1}.elementor-widget-heading .elementor-heading-title[class*=elementor-size-]>a{color:inherit;font-size:inherit;line-height:inherit}.elementor-widget-heading .elementor-heading-title.elementor-size-small{font-size:15px}.elementor-widget-heading .elementor-heading-title.elementor-size-medium{font-size:19px}.elementor-widget-heading .elementor-heading-title.elementor-size-large{font-size:29px}.elementor-widget-heading .elementor-heading-title.elementor-size-xl{font-size:39px}.elementor-widget-heading .elementor-heading-title.elementor-size-xxl{font-size:59px}<\/style><h1 class=\"elementor-heading-title elementor-size-default\">Yurt D\u0131\u015f\u0131 Teknik M\u00fc\u015favirlik Destekleri<\/h1>\t\t<\/div>\n\t\t\t\t<\/div>\n\t\t\t\t\t<\/div>\n\t\t<\/div>\n\t\t\t\t\t\t\t<\/div>\n\t\t<\/section>\n\t\t\t\t<section class=\"elementor-section elementor-top-section elementor-element elementor-element-cdfb0de elementor-section-boxed elementor-section-height-default elementor-section-height-default\" data-id=\"cdfb0de\" data-element_type=\"section\">\n\t\t\t\t\t\t<div class=\"elementor-container elementor-column-gap-default\">\n\t\t\t\t\t<div class=\"elementor-column elementor-col-100 elementor-top-column elementor-element elementor-element-6f3c073\" data-id=\"6f3c073\" data-element_type=\"column\">\n\t\t\t<div class=\"elementor-widget-wrap elementor-element-populated\">\n\t\t\t\t\t\t\t\t<div class=\"elementor-element elementor-element-282de17 elementor-widget elementor-widget-text-editor\" data-id=\"282de17\" data-element_type=\"widget\" data-widget_type=\"text-editor.default\">\n\t\t\t\t<div class=\"elementor-widget-container\">\n\t\t\t<style>\/*! elementor - v3.11.5 - 14-03-2023 *\/\n.elementor-widget-text-editor.elementor-drop-cap-view-stacked .elementor-drop-cap{background-color:#818a91;color:#fff}.elementor-widget-text-editor.elementor-drop-cap-view-framed .elementor-drop-cap{color:#818a91;border:3px solid;background-color:transparent}.elementor-widget-text-editor:not(.elementor-drop-cap-view-default) .elementor-drop-cap{margin-top:8px}.elementor-widget-text-editor:not(.elementor-drop-cap-view-default) .elementor-drop-cap-letter{width:1em;height:1em}.elementor-widget-text-editor .elementor-drop-cap{float:left;text-align:center;line-height:1;font-size:50px}.elementor-widget-text-editor .elementor-drop-cap-letter{display:inline-block}<\/style>\t\t\t\t<p><strong>PROGRAM KAPSAMINDA HANG\u0130 FAAL\u0130YETLER\/G\u0130DERLER DESTEK KAPSAMINDADIR?<\/strong><\/p><p style=\"padding-left: 40px;\">Bu program ile teknik m\u00fc\u015favirlik \u015firketlerinin;<\/p><ul><li>Yurt d\u0131\u015f\u0131ndaki ofisleri,<\/li><li>Reklam, tan\u0131t\u0131m ve pazarlama faaliyetleri,<\/li><li>Yurt d\u0131\u015f\u0131 fuar, seminer ve konferanslara kat\u0131l\u0131mlar\u0131,<\/li><li>Pazar ara\u015ft\u0131rmas\u0131 seyahatleri,<\/li><li>Mesleki sorumluluk sigortas\u0131 ve yaz\u0131l\u0131m harcamalar\u0131,<\/li><li>Yurtd\u0131\u015f\u0131 teknik e\u011fitim programlar\u0131na ve uluslararas\u0131 mesleki yar\u0131\u015fmalara kat\u0131l\u0131mlar\u0131,<\/li><li>En az 4 kat\u0131l\u0131mc\u0131 firma ile d\u00fczenleyecekleri yurtd\u0131\u015f\u0131 heyetler,<\/li><li>Yurt d\u0131\u015f\u0131nda girmi\u015f olduklar\u0131 ihaleler sonucunda ald\u0131klar\u0131 teknik m\u00fc\u015favirlik i\u015fleri,<\/li><\/ul><p style=\"padding-left: 40px;\">Fiyat \u0130stikrar ve Destekleme Fonu\u2019ndan sa\u011flanan kaynak ile desteklenmektedir.<\/p><p style=\"padding-left: 40px;\">Ayr\u0131ca, teknik m\u00fc\u015favirlik, m\u00fcteahhitlik ve in\u015faat malzemesi <u>sekt\u00f6r \u00f6rg\u00fctlerinin<\/u> gerek yurt d\u0131\u015f\u0131nda gerekse yurt i\u00e7inde d\u00fczenleyecekleri;<\/p><ul><li>Konferans ve seminerler,<\/li><li>Reklam, tan\u0131t\u0131m ve pazarlama faaliyetleri,<\/li><li>Yurtd\u0131\u015f\u0131nda d\u00fczenleyecekleri fuar organizasyonlar\u0131 ve heyetler<\/li><\/ul><p style=\"padding-left: 40px;\">Fiyat \u0130stikrar ve Destekleme Fonu\u2019ndan desteklenmektedir.<\/p><p><strong>TEKN\u0130K M\u00dc\u015eAV\u0130RL\u0130K \u015e\u0130RKETLER\u0130NE SA\u011eLANAN DESTEKLER NELERD\u0130R?<\/strong><\/p><ul><li><strong>Proje Deste\u011fi:<\/strong><\/li><\/ul><p style=\"padding-left: 40px;\">\u0130\u015fverenler taraf\u0131ndan a\u00e7\u0131lan ihaleler neticesinde hizmet, vek\u00e2let veya eser niteli\u011findeki teslimatlar\u0131na kar\u015f\u0131l\u0131k olarak imzalanan s\u00f6zle\u015fmelerde Teknik M\u00fc\u015favirlik \u015eirketleri;<\/p><p style=\"padding-left: 40px;\">S\u00f6zle\u015fme bedeli 2.000.000 ABD Dolar\u0131\u2019na kadar olan projeler i\u00e7in %20 oran\u0131nda, en fazla 300.000 ABD Dolar\u0131,<\/p><p style=\"padding-left: 40px;\">S\u00f6zle\u015fme bedeli 2.000.000 ABD Dolar\u0131\u2019ndan 5.000.000 ABD Dolar\u0131\u2019na kadar olan projeler i\u00e7in %15 oran\u0131nda, en fazla 500.000 ABD Dolar\u0131,<\/p><p style=\"padding-left: 40px;\">S\u00f6zle\u015fme bedeli 5.000.000 ABD Dolar\u0131\u2019ndan 10.000.000 ABD Dolar\u0131\u2019na kadar olan projeler i\u00e7in %10 oran\u0131nda, en fazla 750.000 ABD Dolar\u0131,<\/p><p style=\"padding-left: 40px;\">S\u00f6zle\u015fme bedeli 10.000.000 ABD Dolar\u0131 ve \u00fczerinde olan projeler i\u00e7in %7,5 oran\u0131nda, en fazla 1.000.000 ABD Dolar\u0131 desteklenmektedir.<\/p><ul><li><strong>Yurtd\u0131\u015f\u0131 Ofis Deste\u011fi:<\/strong><\/li><\/ul><p style=\"padding-left: 40px;\">En fazla 7 (yedi) yurt d\u0131\u015f\u0131 ofis i\u00e7in,<\/p><ul><li><strong>Kira Deste\u011fi :<\/strong> Y\u0131ll\u0131k 40.000 ABD Dolar\u0131n\u0131 a\u015fmamak kayd\u0131yla kira bedelinin % 50\u2019si,<\/li><li><strong>\u0130stihdam Deste\u011fi :<\/strong><\/li><\/ul><p style=\"padding-left: 40px;\">T.C. vatanda\u015f\u0131 Y\u00f6netici Personel i\u00e7in, y\u0131ll\u0131k 60.000 ABD Dolar\u0131n\u0131 a\u015fmamak kayd\u0131yla br\u00fct maa\u015f\u0131n % 50\u2019si,<\/p><p style=\"padding-left: 40px;\">B\u00fcro Personeli i\u00e7in, y\u0131ll\u0131k 36.000 ABD Dolar\u0131n\u0131 a\u015fmamak kayd\u0131yla br\u00fct maa\u015f\u0131n % 50\u2019si,<\/p><ul><li><strong>Dan\u0131\u015fmanl\u0131k Deste\u011fi :<\/strong> Y\u0131ll\u0131k 30.000 ABD Dolar\u0131n\u0131 a\u015fmamak kayd\u0131yla harcamalar\u0131n %50\u2019si,<\/li><\/ul><p style=\"padding-left: 40px;\">En fazla 6 (alt\u0131) y\u0131l s\u00fcreyle kar\u015f\u0131lanmaktad\u0131r.<\/p><ul><li><strong>Reklam, Tan\u0131t\u0131m ve Pazarlama Deste\u011fi:<\/strong><\/li><\/ul><p style=\"padding-left: 40px;\">Y\u0131ll\u0131k en fazla 100.000 ABD Dolar\u0131n\u0131 a\u015fmamak kayd\u0131yla reklam, tan\u0131t\u0131m,\u00a0 pazarlama ve halkla ili\u015fkiler harcamalar\u0131n\u0131n % 50\u2019si en fazla 6 (alt\u0131) y\u0131l s\u00fcreyle kar\u015f\u0131lanmaktad\u0131r.<\/p><ul><li><strong>Pazar Ara\u015ft\u0131rmas\u0131 Deste\u011fi:<\/strong><\/li><\/ul><p style=\"padding-left: 40px;\">Yurt d\u0131\u015f\u0131 pazar ara\u015ft\u0131rmas\u0131 gezilerine ili\u015fkin giderler y\u0131lda en fazla 5 adet olmak \u00fczere, %70 oran\u0131nda ve yurt d\u0131\u015f\u0131 pazar ara\u015ft\u0131rmas\u0131 gezisi ba\u015f\u0131na en fazla 5.000 ABD Dolar\u0131 kar\u015f\u0131lanmaktad\u0131r.<\/p><ul><li><strong>Yurtd\u0131\u015f\u0131 Fuar Kat\u0131l\u0131m Deste\u011fi:<\/strong><\/li><\/ul><p style=\"padding-left: 40px;\">Sekt\u00f6rel nitekli uluslararas\u0131 fuar kat\u0131l\u0131mlar\u0131nda, m2 \u00fczerinden \u00f6den stant kiras\u0131 (ilave stand hizmetleri d\u00e2hil), tan\u0131t\u0131m etkinlikleri, ula\u015f\u0131m (ekonomi s\u0131n\u0131f\u0131 u\u00e7ak) ile konaklama giderleri (oda ve kahvalt\u0131) %50 oran\u0131nda, fuar ba\u015f\u0131na en fazla 15.000 ABD Dolar\u0131na kadar kar\u015f\u0131lanmaktad\u0131r.<\/p><ul><li><strong>Seminer ve Konferans Kat\u0131l\u0131m Deste\u011fi:<\/strong><\/li><\/ul><p style=\"padding-left: 40px;\">Yurtd\u0131\u015f\u0131nda d\u00fczenlenen sekt\u00f6rel nitelikli uluslararas\u0131 seminer ve konferanslara kat\u0131l\u0131m halinde, en fazla 2 (iki) \u015firket \u00e7al\u0131\u015fan\u0131n\u0131n, yol, konaklama (oda ve kahvalt\u0131) ve kat\u0131l\u0131m bedelleri %50 oran\u0131nda, organizasyon ba\u015f\u0131na en fazla 5.000 ABD Dolar\u0131na kadar kar\u015f\u0131lanmaktad\u0131r.<\/p><ul><li><strong>Teknik M\u00fc\u015favirlik ve Teknik M\u00fc\u015favirlik Heyet Program\u0131 Deste\u011fi:<\/strong><\/li><\/ul><p style=\"padding-left: 40px;\">M\u00fcteahhitlik ve teknik m\u00fc\u015favirlik heyeti programlar\u0131 kapsam\u0131nda; her bir firmadan 2 (iki) temsilcinin ula\u015f\u0131m ve konaklama giderleri %50 oran\u0131nda kar\u015f\u0131lanmaktad\u0131r. Bakanl\u0131k taraf\u0131ndan hedef \u00fclkelere y\u00f6nelik organize edilen teknik m\u00fc\u015favirlik heyeti programlar\u0131nda destek oran\u0131 %90 olarak uygulanmaktad\u0131r.<\/p><ul><li><strong>Yurtd\u0131\u015f\u0131 E\u011fitim Deste\u011fi:<\/strong><\/li><\/ul><p style=\"padding-left: 40px;\">Firmalar\u0131n teknik personelinin yurt d\u0131\u015f\u0131 teknik e\u011fitim programlar\u0131na kat\u0131l\u0131m\u0131 halinde, program ba\u015f\u0131na 2 (iki) \u00e7al\u0131\u015fan\u0131n yol, konaklama ve kat\u0131l\u0131m giderleri %50 oran\u0131nda, y\u0131ll\u0131k en fazla 50.000 ABD Dolar\u0131na kadar kar\u015f\u0131lanmaktad\u0131r.<\/p><ul><li><strong>Yaz\u0131l\u0131m Deste\u011fi:<\/strong><\/li><\/ul><p style=\"padding-left: 40px;\">Bilgisayarl\u0131 tasar\u0131m kapsam\u0131nda sat\u0131n al\u0131nan veya kiralanan yaz\u0131l\u0131m \u00fcr\u00fcnlerinin lisanslar\u0131na ili\u015fkin harcamalar %50 oran\u0131nda, y\u0131ll\u0131k en fazla 50.000 ABD Dolar\u0131 desteklenmektedir.<\/p><ul><li><strong>Mesleki Sorumluluk Sigortas\u0131 Deste\u011fi:<\/strong><\/li><\/ul><p style=\"padding-left: 40px;\">Yurtd\u0131\u015f\u0131nda \u00fcstlenileni teknik m\u00fc\u015favirlik projeleri kapsam\u0131ndaki mesleki sorumluluk sigortas\u0131 y\u00fck\u00fcml\u00fcl\u00fcklerinden kaynaklanan poli\u00e7e al\u0131m giderleri %50 oran\u0131nda, y\u0131ll\u0131k en fazla 50.000 ABD Dolar\u0131 desteklenmektedir.<\/p><ul><li><strong>Uluslararas\u0131 Mesleki Yar\u0131\u015fmalara Kat\u0131l\u0131m Deste\u011fi:<\/strong><\/li><\/ul><p style=\"padding-left: 40px;\">Uluslararas\u0131 mesleki yar\u0131\u015fmalara kat\u0131l\u0131mlar yol, konaklama (oda ve kahvalt\u0131), kat\u0131l\u0131m bedeli, dosya sat\u0131n alma, yer g\u00f6rme bedeli giderleri %50 oran\u0131nda, organizasyon ba\u015f\u0131na azami 10.000 ABD Dolar\u0131,<\/p><p style=\"padding-left: 40px;\">Desteklenmektedir.<\/p><p><strong>SEKT\u00d6R \u00d6RG\u00dcTLER\u0130NE SA\u011eLANAN DESTEKLER NELERD\u0130R?<\/strong><\/p><ul><li><strong>Reklam, Tan\u0131t\u0131m ve Pazarlama Deste\u011fi:<\/strong><\/li><\/ul><p style=\"padding-left: 40px;\">Y\u0131ll\u0131k en fazla 100.000 ABD Dolar\u0131n\u0131 a\u015fmamak kayd\u0131yla reklam, tan\u0131t\u0131m,\u00a0 pazarlama ve halkla ili\u015fkiler harcamalar\u0131n\u0131n % 50\u2019si kar\u015f\u0131lanmaktad\u0131r.<\/p><ul><li><strong>Yurtd\u0131\u015f\u0131 Fuar Kat\u0131l\u0131m Deste\u011fi:<\/strong><\/li><\/ul><p style=\"padding-left: 40px;\">Sekt\u00f6rel nitelikli uluslararas\u0131 fuar kat\u0131l\u0131mlar\u0131nda, m2 \u00fczerinden \u00f6den stant kiras\u0131 (ilave stand hizmetleri dahil), tan\u0131t\u0131m etkinlikleri, ula\u015f\u0131m (ekonomi s\u0131n\u0131f\u0131 u\u00e7ak) ile konaklama giderleri (oda ve kahvalt\u0131) %50 oran\u0131nda, fuar ba\u015f\u0131na en fazla 15.000 ABD Dolar\u0131na kadar kar\u015f\u0131lanmaktad\u0131r.<\/p><ul><li><strong>Yurtd\u0131\u015f\u0131 Fuar Organizasyonu Deste\u011fi:<\/strong><\/li><\/ul><p style=\"padding-left: 40px;\">Yurt d\u0131\u015f\u0131nda d\u00fczenlenen sekt\u00f6rel nitelikli uluslararas\u0131 fuarlara milli kat\u0131l\u0131mlarda;<\/p><p style=\"padding-left: 40px;\">Salon kiras\u0131, sergi ve teknik altyap\u0131 kurulmas\u0131na ili\u015fkin harcamalar, kokteyl ve\/veya yemekli toplant\u0131lara ili\u015fkin giderler %90 oran\u0131nda, her bir organizasyon i\u00e7in en fazla 100.000 ABD Dolar\u0131,<\/p><p style=\"padding-left: 40px;\">Tan\u0131t\u0131m filmi, bro\u015f\u00fcr, kitap\u00e7\u0131k, elektronik ortamda tan\u0131t\u0131m\/videowall, reklam panolar\u0131 veya afi\u015f bi\u00e7imindeki tan\u0131t\u0131m etkinlikleri ile yurt d\u0131\u015f\u0131 yaz\u0131l\u0131 ve g\u00f6rsel kitle ileti\u015fim ara\u00e7lar\u0131nda yay\u0131nlanan reklamlara ili\u015fkin harcamalar %90 oran\u0131nda, fuar organizasyonu ba\u015f\u0131na en fazla 70.000 ABD Dolar\u0131 ve<\/p><p style=\"padding-left: 40px;\">S\u00f6z konusu organizasyonlara panelist, konu\u015fmac\u0131 vb. olarak davet edilen kat\u0131l\u0131mc\u0131lar\u0131n yol (u\u00e7ak bileti ve transfer) ve konaklama giderlerinin tamam\u0131 organizasyon ba\u015f\u0131na en fazla 20.000 ABD Dolar\u0131 desteklenmektedir.<\/p><ul><li><strong>Seminer ve Konferans Kat\u0131l\u0131m Deste\u011fi:<\/strong><\/li><\/ul><p style=\"padding-left: 40px;\">Yurtd\u0131\u015f\u0131nda d\u00fczenlenen sekt\u00f6rel nitelikli uluslararas\u0131 seminer ve konferanslara kat\u0131l\u0131m halinde, en fazla 2 (iki) \u015firket \u00e7al\u0131\u015fan\u0131n\u0131n, yol, konaklama (oda ve kahvalt\u0131) ve kat\u0131l\u0131m bedelleri %50 oran\u0131nda, organizasyon ba\u015f\u0131na en fazla 5.000 ABD Dolar\u0131na kadar kar\u015f\u0131lanmaktad\u0131r.<\/p><ul><li><strong>Seminer ve Konferans Organizasyonu Deste\u011fi:<\/strong><\/li><\/ul><p style=\"padding-left: 40px;\">Seminer veya konferans faaliyetleri kapsam\u0131nda salon kiras\u0131, sergi ve teknik altyap\u0131 kurulmas\u0131na ili\u015fkin harcamalar, kokteyl ve\/veya yemekli toplant\u0131lar\u0131na ili\u015fkin giderler %70 oran\u0131nda (yurtd\u0131\u015f\u0131 organizasyonlarda %90), her bir organizasyon i\u00e7in en fazla 100.000 ABD Dolar\u0131,<\/p><p style=\"padding-left: 40px;\">Tan\u0131t\u0131m filmi, bro\u015f\u00fcr, kitap\u00e7\u0131k, elektronik ortamda tan\u0131t\u0131m\/videowall, reklam panolar\u0131 veya afi\u015f bi\u00e7imindeki tan\u0131t\u0131m etkinlikleri ile yurt d\u0131\u015f\u0131 yaz\u0131l\u0131 ve g\u00f6rsel kitle ileti\u015fim ara\u00e7lar\u0131nda yay\u0131nlanan reklam vb. tan\u0131t\u0131m faaliyetlerine ili\u015fkin harcamalar %70 oran\u0131nda (yurtd\u0131\u015f\u0131 organizasyonlarda %90),\u00a0 organizasyon ba\u015f\u0131na en fazla 70.000 ABD Dolar\u0131,<\/p><p style=\"padding-left: 40px;\">S\u00f6z konusu organizasyonlara panelist, konu\u015fmac\u0131 vb. olarak davet edilen kat\u0131l\u0131mc\u0131lar\u0131n yol (u\u00e7ak bileti ve transfer) ve konaklama giderlerinin tamam\u0131 organizasyon ba\u015f\u0131na en fazla 20.000 ABD Dolar\u0131,<\/p><p style=\"padding-left: 40px;\">Desteklenmektedir.<\/p><ul><li><strong>Teknik M\u00fc\u015favirlik ve M\u00fcteahhitlik Heyet Program\u0131 Deste\u011fi:<\/strong><\/li><\/ul><p style=\"padding-left: 40px;\">Bir m\u00fcteahhitlik ve teknik m\u00fc\u015favirlik heyeti program\u0131 kapsam\u0131nda organizasyonu yapan kurulu\u015ftan ve 2 (iki) temsilcinin ula\u015f\u0131m ve konaklama giderleri ile program\u0131n reklam, pazarlama, dan\u0131\u015fmanl\u0131k, tan\u0131t\u0131m ve organizasyon giderleri %50 oran\u0131nda program ba\u015f\u0131na 150.000 ABD Dolar\u0131na kadar kar\u015f\u0131lanmaktad\u0131r.<\/p><p style=\"padding-left: 40px;\">Ticaret Bakanl\u0131\u011f\u0131 taraf\u0131ndan hedef \u00fclkelere y\u00f6nelik organize edilen m\u00fcteahhitlik ve teknik m\u00fc\u015favirlik heyeti programlar\u0131nda destek oran\u0131 %90 olarak uygulanmaktad\u0131r.<\/p>\t\t\t\t\t\t<\/div>\n\t\t\t\t<\/div>\n\t\t\t\t\t<\/div>\n\t\t<\/div>\n\t\t\t\t\t\t\t<\/div>\n\t\t<\/section>\n\t\t\t\t\t\t\t<\/div>\n\t\t","protected":false},"excerpt":{"rendered":"<p>Yurt D\u0131\u015f\u0131 Teknik M\u00fc\u015favirlik Destekleri PROGRAM KAPSAMINDA HANG\u0130 FAAL\u0130YETLER\/G\u0130DERLER DESTEK KAPSAMINDADIR? Bu program ile teknik m\u00fc\u015favirlik \u015firketlerinin; Yurt d\u0131\u015f\u0131ndaki ofisleri, Reklam, tan\u0131t\u0131m ve pazarlama faaliyetleri, Yurt d\u0131\u015f\u0131 fuar, seminer ve konferanslara kat\u0131l\u0131mlar\u0131, Pazar ara\u015ft\u0131rmas\u0131 seyahatleri, Mesleki sorumluluk sigortas\u0131 ve yaz\u0131l\u0131m harcamalar\u0131, Yurtd\u0131\u015f\u0131 teknik e\u011fitim programlar\u0131na ve uluslararas\u0131 mesleki yar\u0131\u015fmalara kat\u0131l\u0131mlar\u0131, En az 4 kat\u0131l\u0131mc\u0131 firma [&hellip;]<\/p>\n","protected":false},"author":1,"featured_media":0,"parent":0,"menu_order":0,"comment_status":"closed","ping_status":"closed","template":"elementor_header_footer","meta":[],"_links":{"self":[{"href":"https:\/\/arpdestek.com\/index.php\/wp-json\/wp\/v2\/pages\/287"}],"collection":[{"href":"https:\/\/arpdestek.com\/index.php\/wp-json\/wp\/v2\/pages"}],"about":[{"href":"https:\/\/arpdestek.com\/index.php\/wp-json\/wp\/v2\/types\/page"}],"author":[{"embeddable":true,"href":"https:\/\/arpdestek.com\/index.php\/wp-json\/wp\/v2\/users\/1"}],"replies":[{"embeddable":true,"href":"https:\/\/arpdestek.com\/index.php\/wp-json\/wp\/v2\/comments?post=287"}],"version-history":[{"count":8,"href":"https:\/\/arpdestek.com\/index.php\/wp-json\/wp\/v2\/pages\/287\/revisions"}],"predecessor-version":[{"id":666,"href":"https:\/\/arpdestek.com\/index.php\/wp-json\/wp\/v2\/pages\/287\/revisions\/666"}],"wp:attachment":[{"href":"https:\/\/arpdestek.com\/index.php\/wp-json\/wp\/v2\/media?parent=287"}],"curies":[{"name":"wp","href":"https:\/\/api.w.org\/{rel}","templated":true}]}}