{"id":295,"date":"2023-03-18T00:55:57","date_gmt":"2023-03-17T21:55:57","guid":{"rendered":"https:\/\/arpdestek.com\/?page_id=295"},"modified":"2024-05-30T16:32:02","modified_gmt":"2024-05-30T13:32:02","slug":"girisimcilik-destekleri","status":"publish","type":"page","link":"https:\/\/arpdestek.com\/index.php\/girisimcilik-destekleri\/","title":{"rendered":"Giri\u015fimci Destek Program\u0131"},"content":{"rendered":"\t\t<div data-elementor-type=\"wp-page\" data-elementor-id=\"295\" class=\"elementor elementor-295\">\n\t\t\t\t\t\t\t\t\t<section class=\"elementor-section elementor-top-section elementor-element elementor-element-cd80a0b elementor-section-height-min-height elementor-section-boxed elementor-section-height-default elementor-section-items-middle\" data-id=\"cd80a0b\" data-element_type=\"section\">\n\t\t\t\t\t\t<div class=\"elementor-container elementor-column-gap-default\">\n\t\t\t\t\t<div class=\"elementor-column elementor-col-100 elementor-top-column elementor-element elementor-element-7c38ae9\" data-id=\"7c38ae9\" data-element_type=\"column\">\n\t\t\t<div class=\"elementor-widget-wrap elementor-element-populated\">\n\t\t\t\t\t\t\t\t<div class=\"elementor-element elementor-element-e2fe88a elementor-widget elementor-widget-heading\" data-id=\"e2fe88a\" data-element_type=\"widget\" data-widget_type=\"heading.default\">\n\t\t\t\t<div class=\"elementor-widget-container\">\n\t\t\t<style>\/*! elementor - v3.11.5 - 14-03-2023 *\/\n.elementor-heading-title{padding:0;margin:0;line-height:1}.elementor-widget-heading .elementor-heading-title[class*=elementor-size-]>a{color:inherit;font-size:inherit;line-height:inherit}.elementor-widget-heading .elementor-heading-title.elementor-size-small{font-size:15px}.elementor-widget-heading .elementor-heading-title.elementor-size-medium{font-size:19px}.elementor-widget-heading .elementor-heading-title.elementor-size-large{font-size:29px}.elementor-widget-heading .elementor-heading-title.elementor-size-xl{font-size:39px}.elementor-widget-heading .elementor-heading-title.elementor-size-xxl{font-size:59px}<\/style><h1 class=\"elementor-heading-title elementor-size-default\">Giri\u015fimci Destek Program\u0131<\/h1>\t\t<\/div>\n\t\t\t\t<\/div>\n\t\t\t\t\t<\/div>\n\t\t<\/div>\n\t\t\t\t\t\t\t<\/div>\n\t\t<\/section>\n\t\t\t\t<section class=\"elementor-section elementor-top-section elementor-element elementor-element-1ac2793 elementor-section-boxed elementor-section-height-default elementor-section-height-default\" data-id=\"1ac2793\" data-element_type=\"section\">\n\t\t\t\t\t\t<div class=\"elementor-container elementor-column-gap-default\">\n\t\t\t\t\t<div class=\"elementor-column elementor-col-100 elementor-top-column elementor-element elementor-element-e301141\" data-id=\"e301141\" data-element_type=\"column\">\n\t\t\t<div class=\"elementor-widget-wrap elementor-element-populated\">\n\t\t\t\t\t\t\t\t<div class=\"elementor-element elementor-element-2d19d44 elementor-widget elementor-widget-text-editor\" data-id=\"2d19d44\" data-element_type=\"widget\" data-widget_type=\"text-editor.default\">\n\t\t\t\t<div class=\"elementor-widget-container\">\n\t\t\t<style>\/*! elementor - v3.11.5 - 14-03-2023 *\/\n.elementor-widget-text-editor.elementor-drop-cap-view-stacked .elementor-drop-cap{background-color:#818a91;color:#fff}.elementor-widget-text-editor.elementor-drop-cap-view-framed .elementor-drop-cap{color:#818a91;border:3px solid;background-color:transparent}.elementor-widget-text-editor:not(.elementor-drop-cap-view-default) .elementor-drop-cap{margin-top:8px}.elementor-widget-text-editor:not(.elementor-drop-cap-view-default) .elementor-drop-cap-letter{width:1em;height:1em}.elementor-widget-text-editor .elementor-drop-cap{float:left;text-align:center;line-height:1;font-size:50px}.elementor-widget-text-editor .elementor-drop-cap-letter{display:inline-block}<\/style>\t\t\t\t<p><b style=\"font-size: 1rem; text-align: justify; text-indent: 35.45pt;\"><span style=\"font-size: 14pt; line-height: 107%; background-image: initial; background-position: initial; background-size: initial; background-repeat: initial; background-attachment: initial; background-origin: initial; background-clip: initial;\">KOSGEB G\u0130R\u0130\u015e\u0130MC\u0130 DESTEK PROGRAMININ AMACI NED\u0130R?\u00a0<\/span><\/b><\/p><p><span style=\"font-size: 12pt; text-align: justify; text-indent: 35.4pt;\">\u00a0 \u00a0 \u00a0 \u00a0\u00dclkemizin stratejik \u00f6ncelikleri do\u011frultusunda belirlenen sekt\u00f6rler \u00f6ncelikli olmak \u00fczere yeni kurulan i\u015fletmeleri destekleyerek s\u00fcrd\u00fcr\u00fclebilirliklerini sa\u011flamakt\u0131r.\u00a0<\/span><\/p><p><span style=\"font-size: 14pt; font-weight: bold; text-align: justify; text-indent: 47.2667px;\">KOSGEB G\u0130R\u0130\u015e\u0130MC\u0130 DESTEK PROGRAMINA K\u0130MLER BA\u015eVURAB\u0130L\u0130R?\u00a0<\/span><\/p><p><b style=\"text-align: justify; text-indent: 35.4pt; font-size: 1rem;\">\u00a0 \u00a0 \u00a0 \u00a0\u0130\u015f Kurma Deste\u011fine<\/b><span style=\"text-align: justify; text-indent: 35.4pt; font-size: 12pt;\"> KOSGEB taraf\u0131ndan desteklenen sekt\u00f6rlerde faaliyet g\u00f6steren t\u00fcm i\u015fletmeler ba\u015fvurabilir.\u00a0<\/span><\/p><p><b style=\"text-align: justify; text-indent: 35.4pt; font-size: 1rem;\">\u00a0 \u00a0 \u00a0 \u00a0\u0130\u015f Geli\u015ftirme Deste\u011fine<\/b><span style=\"text-align: justify; text-indent: 35.4pt; font-size: 12pt;\"> NACE Rev. 2\u2019ye g\u00f6re\u00a0<\/span><\/p><p><span style=\"text-align: justify; text-indent: 20.7pt; font-size: 10pt; font-family: Symbol;\">\u00a0 \u00a0 \u00a0 \u00a0 \u00a0\u00b7<span style=\"font-variant-numeric: normal; font-variant-east-asian: normal; font-variant-alternates: normal; font-kerning: auto; font-optical-sizing: auto; font-feature-settings: normal; font-variation-settings: normal; font-variant-position: normal; font-stretch: normal; font-size: 7pt; line-height: normal; font-family: 'Times New Roman';\">\u00a0\u00a0\u00a0\u00a0 <\/span><\/span><span style=\"font-size: 12pt; text-align: justify; text-indent: 20.7pt;\">C-\u0130malat\u00a0<\/span><\/p><p><span style=\"text-align: justify; text-indent: 20.7pt; font-size: 10pt; font-family: Symbol;\">\u00a0 \u00a0 \u00a0 \u00a0 \u00a0\u00b7<span style=\"font-variant-numeric: normal; font-variant-east-asian: normal; font-variant-alternates: normal; font-kerning: auto; font-optical-sizing: auto; font-feature-settings: normal; font-variation-settings: normal; font-variant-position: normal; font-stretch: normal; font-size: 7pt; line-height: normal; font-family: 'Times New Roman';\">\u00a0\u00a0\u00a0\u00a0 <\/span><\/span><span style=\"text-align: justify; text-indent: 20.7pt; font-size: 12pt;\">61-Telekom\u00fcnikasyon\u00a0<\/span><\/p><p><span style=\"text-align: justify; text-indent: 20.7pt; font-size: 10pt; font-family: Symbol;\">\u00a0 \u00a0 \u00a0 \u00a0 \u00a0\u00b7<span style=\"font-variant-numeric: normal; font-variant-east-asian: normal; font-variant-alternates: normal; font-kerning: auto; font-optical-sizing: auto; font-feature-settings: normal; font-variation-settings: normal; font-variant-position: normal; font-stretch: normal; font-size: 7pt; line-height: normal; font-family: 'Times New Roman';\">\u00a0\u00a0\u00a0\u00a0 <\/span><\/span><span style=\"text-align: justify; text-indent: 20.7pt; font-size: 12pt;\">62-Bilgisayar programlama, dan\u0131\u015fmanl\u0131k ve ilgili faaliyetler\u00a0<\/span><\/p><p><span style=\"text-align: justify; text-indent: 20.7pt; font-size: 10pt; font-family: Symbol;\">\u00a0 \u00a0 \u00a0 \u00a0 \u00a0\u00b7<span style=\"font-variant-numeric: normal; font-variant-east-asian: normal; font-variant-alternates: normal; font-kerning: auto; font-optical-sizing: auto; font-feature-settings: normal; font-variation-settings: normal; font-variant-position: normal; font-stretch: normal; font-size: 7pt; line-height: normal; font-family: 'Times New Roman';\">\u00a0\u00a0\u00a0\u00a0 <\/span><\/span><span style=\"text-align: justify; text-indent: 20.7pt; font-size: 12pt;\">63-Bilgi hizmet faaliyetleri\u00a0<\/span><\/p><p><span style=\"text-align: justify; text-indent: 20.7pt; font-size: 10pt; font-family: Symbol;\">\u00a0 \u00a0 \u00a0 \u00a0 \u00a0\u00b7<span style=\"font-variant-numeric: normal; font-variant-east-asian: normal; font-variant-alternates: normal; font-kerning: auto; font-optical-sizing: auto; font-feature-settings: normal; font-variation-settings: normal; font-variant-position: normal; font-stretch: normal; font-size: 7pt; line-height: normal; font-family: 'Times New Roman';\">\u00a0\u00a0\u00a0\u00a0 <\/span><\/span><span style=\"text-align: justify; text-indent: 20.7pt; font-size: 12pt;\">72-Bilimsel ara\u015ft\u0131rma ve geli\u015ftirme faaliyetleri sekt\u00f6rlerinde faaliyet g\u00f6steren i\u015fletmeler ba\u015fvurabilir.<\/span><\/p>\t\t\t\t\t\t<\/div>\n\t\t\t\t<\/div>\n\t\t\t\t\t<\/div>\n\t\t<\/div>\n\t\t\t\t\t\t\t<\/div>\n\t\t<\/section>\n\t\t\t\t\t\t\t<\/div>\n\t\t","protected":false},"excerpt":{"rendered":"<p>Giri\u015fimci Destek Program\u0131 KOSGEB G\u0130R\u0130\u015e\u0130MC\u0130 DESTEK PROGRAMININ AMACI NED\u0130R?\u00a0 \u00a0 \u00a0 \u00a0 \u00a0\u00dclkemizin stratejik \u00f6ncelikleri do\u011frultusunda belirlenen sekt\u00f6rler \u00f6ncelikli olmak \u00fczere yeni kurulan i\u015fletmeleri destekleyerek s\u00fcrd\u00fcr\u00fclebilirliklerini sa\u011flamakt\u0131r.\u00a0 KOSGEB G\u0130R\u0130\u015e\u0130MC\u0130 DESTEK PROGRAMINA K\u0130MLER BA\u015eVURAB\u0130L\u0130R?\u00a0 \u00a0 \u00a0 \u00a0 \u00a0\u0130\u015f Kurma Deste\u011fine KOSGEB taraf\u0131ndan desteklenen sekt\u00f6rlerde faaliyet g\u00f6steren t\u00fcm i\u015fletmeler ba\u015fvurabilir.\u00a0 \u00a0 \u00a0 \u00a0 \u00a0\u0130\u015f Geli\u015ftirme Deste\u011fine NACE [&hellip;]<\/p>\n","protected":false},"author":1,"featured_media":0,"parent":0,"menu_order":0,"comment_status":"closed","ping_status":"closed","template":"elementor_header_footer","meta":[],"_links":{"self":[{"href":"https:\/\/arpdestek.com\/index.php\/wp-json\/wp\/v2\/pages\/295"}],"collection":[{"href":"https:\/\/arpdestek.com\/index.php\/wp-json\/wp\/v2\/pages"}],"about":[{"href":"https:\/\/arpdestek.com\/index.php\/wp-json\/wp\/v2\/types\/page"}],"author":[{"embeddable":true,"href":"https:\/\/arpdestek.com\/index.php\/wp-json\/wp\/v2\/users\/1"}],"replies":[{"embeddable":true,"href":"https:\/\/arpdestek.com\/index.php\/wp-json\/wp\/v2\/comments?post=295"}],"version-history":[{"count":20,"href":"https:\/\/arpdestek.com\/index.php\/wp-json\/wp\/v2\/pages\/295\/revisions"}],"predecessor-version":[{"id":877,"href":"https:\/\/arpdestek.com\/index.php\/wp-json\/wp\/v2\/pages\/295\/revisions\/877"}],"wp:attachment":[{"href":"https:\/\/arpdestek.com\/index.php\/wp-json\/wp\/v2\/media?parent=295"}],"curies":[{"name":"wp","href":"https:\/\/api.w.org\/{rel}","templated":true}]}}