{"id":30,"date":"2023-03-17T11:57:37","date_gmt":"2023-03-17T08:57:37","guid":{"rendered":"https:\/\/arpdestek.com\/?page_id=30"},"modified":"2024-05-30T16:40:57","modified_gmt":"2024-05-30T13:40:57","slug":"kosgeb-destekleri","status":"publish","type":"page","link":"https:\/\/arpdestek.com\/index.php\/kosgeb-destekleri\/","title":{"rendered":"KOSGEB Destekleri"},"content":{"rendered":"\t\t<div data-elementor-type=\"wp-page\" data-elementor-id=\"30\" class=\"elementor elementor-30\">\n\t\t\t\t\t\t\t\t\t<section class=\"elementor-section elementor-top-section elementor-element elementor-element-045c0f1 elementor-section-height-min-height elementor-section-boxed elementor-section-height-default elementor-section-items-middle\" data-id=\"045c0f1\" data-element_type=\"section\">\n\t\t\t\t\t\t<div class=\"elementor-container elementor-column-gap-default\">\n\t\t\t\t\t<div class=\"elementor-column elementor-col-100 elementor-top-column elementor-element elementor-element-a4afd4c\" data-id=\"a4afd4c\" data-element_type=\"column\">\n\t\t\t<div class=\"elementor-widget-wrap elementor-element-populated\">\n\t\t\t\t\t\t\t\t<div class=\"elementor-element elementor-element-be0e203 elementor-widget elementor-widget-heading\" data-id=\"be0e203\" data-element_type=\"widget\" data-widget_type=\"heading.default\">\n\t\t\t\t<div class=\"elementor-widget-container\">\n\t\t\t<style>\/*! elementor - v3.11.5 - 14-03-2023 *\/\n.elementor-heading-title{padding:0;margin:0;line-height:1}.elementor-widget-heading .elementor-heading-title[class*=elementor-size-]>a{color:inherit;font-size:inherit;line-height:inherit}.elementor-widget-heading .elementor-heading-title.elementor-size-small{font-size:15px}.elementor-widget-heading .elementor-heading-title.elementor-size-medium{font-size:19px}.elementor-widget-heading .elementor-heading-title.elementor-size-large{font-size:29px}.elementor-widget-heading .elementor-heading-title.elementor-size-xl{font-size:39px}.elementor-widget-heading .elementor-heading-title.elementor-size-xxl{font-size:59px}<\/style><h1 class=\"elementor-heading-title elementor-size-default\">KOSGEB Destekleri<\/h1>\t\t<\/div>\n\t\t\t\t<\/div>\n\t\t\t\t\t<\/div>\n\t\t<\/div>\n\t\t\t\t\t\t\t<\/div>\n\t\t<\/section>\n\t\t\t\t<section class=\"elementor-section elementor-top-section elementor-element elementor-element-1af21e1 elementor-section-boxed elementor-section-height-default elementor-section-height-default\" data-id=\"1af21e1\" data-element_type=\"section\">\n\t\t\t\t\t\t<div class=\"elementor-container elementor-column-gap-default\">\n\t\t\t\t\t<div class=\"elementor-column elementor-col-100 elementor-top-column elementor-element elementor-element-d0633ac\" data-id=\"d0633ac\" data-element_type=\"column\">\n\t\t\t<div class=\"elementor-widget-wrap elementor-element-populated\">\n\t\t\t\t\t\t\t\t<div class=\"elementor-element elementor-element-ec50464 elementor-widget elementor-widget-text-editor\" data-id=\"ec50464\" data-element_type=\"widget\" data-widget_type=\"text-editor.default\">\n\t\t\t\t<div class=\"elementor-widget-container\">\n\t\t\t<style>\/*! elementor - v3.11.5 - 14-03-2023 *\/\n.elementor-widget-text-editor.elementor-drop-cap-view-stacked .elementor-drop-cap{background-color:#818a91;color:#fff}.elementor-widget-text-editor.elementor-drop-cap-view-framed .elementor-drop-cap{color:#818a91;border:3px solid;background-color:transparent}.elementor-widget-text-editor:not(.elementor-drop-cap-view-default) .elementor-drop-cap{margin-top:8px}.elementor-widget-text-editor:not(.elementor-drop-cap-view-default) .elementor-drop-cap-letter{width:1em;height:1em}.elementor-widget-text-editor .elementor-drop-cap{float:left;text-align:center;line-height:1;font-size:50px}.elementor-widget-text-editor .elementor-drop-cap-letter{display:inline-block}<\/style>\t\t\t\t<p><span style=\"color: #ff0000;\"><strong>G\u0130R\u0130\u015e\u0130MC\u0130 DESTEK PROGRAMI<\/strong><\/span><\/p><p>\u0130\u015f Kurma Deste\u011fi<\/p><p>\u0130\u015f Geli\u015ftirme Deste\u011fi<\/p><p><span style=\"color: #ff0000;\"><strong>KOB\u0130 D\u0130J\u0130TAL D\u00d6N\u00dc\u015e\u00dcM DESTEK PROGRAMI<\/strong><\/span><\/p><p><span style=\"color: #ff0000;\"><strong>YE\u015e\u0130L SANAY\u0130 DESTEK PROGRAMI<\/strong><\/span><\/p><p><strong style=\"color: #ff0000;\">KOB\u0130 TEKNOLOJ\u0130K \u00dcR\u00dcN YATIRIM (TEKNO YATIRIM) DESTEK PROGRAMI<\/strong><\/p><p><span style=\"color: #ff0000;\"><strong>STRATEJ\u0130K \u00dcR\u00dcN DESTEK PROGRAMI<\/strong><\/span><\/p><p><span style=\"color: #ff0000;\"><strong>TEKMER DESTEK PROGRAMI<\/strong><\/span><\/p>\t\t\t\t\t\t<\/div>\n\t\t\t\t<\/div>\n\t\t\t\t<div class=\"elementor-element elementor-element-f5d38a2 elementor-view-stacked elementor-widget__width-initial elementor-absolute elementor-shape-circle elementor-widget elementor-widget-icon\" data-id=\"f5d38a2\" data-element_type=\"widget\" data-settings=\"{&quot;_position&quot;:&quot;absolute&quot;}\" data-widget_type=\"icon.default\">\n\t\t\t\t<div class=\"elementor-widget-container\">\n\t\t\t\t\t<div class=\"elementor-icon-wrapper\">\n\t\t\t<a class=\"elementor-icon\" href=\"https:\/\/arpdestek.com\/index.php\/girisimcilik-destekleri\/\" target=\"_blank\">\n\t\t\t<i aria-hidden=\"true\" class=\"far fa-hand-point-left\"><\/i>\t\t\t<\/a>\n\t\t<\/div>\n\t\t\t\t<\/div>\n\t\t\t\t<\/div>\n\t\t\t\t<div class=\"elementor-element elementor-element-4ad7380 elementor-view-stacked elementor-widget__width-initial elementor-absolute elementor-shape-circle elementor-widget elementor-widget-icon\" data-id=\"4ad7380\" data-element_type=\"widget\" data-settings=\"{&quot;_position&quot;:&quot;absolute&quot;}\" data-widget_type=\"icon.default\">\n\t\t\t\t<div class=\"elementor-widget-container\">\n\t\t\t\t\t<div class=\"elementor-icon-wrapper\">\n\t\t\t<a class=\"elementor-icon\" href=\"https:\/\/arpdestek.com\/index.php\/ar-ge-teknolojik-uretim-ve-yerlestirme-destekleri\/\" target=\"_blank\">\n\t\t\t<i aria-hidden=\"true\" class=\"far fa-hand-point-left\"><\/i>\t\t\t<\/a>\n\t\t<\/div>\n\t\t\t\t<\/div>\n\t\t\t\t<\/div>\n\t\t\t\t<div class=\"elementor-element elementor-element-c8739f2 elementor-view-stacked elementor-widget__width-initial elementor-absolute elementor-shape-circle elementor-widget elementor-widget-icon\" data-id=\"c8739f2\" data-element_type=\"widget\" data-settings=\"{&quot;_position&quot;:&quot;absolute&quot;}\" data-widget_type=\"icon.default\">\n\t\t\t\t<div class=\"elementor-widget-container\">\n\t\t\t\t\t<div class=\"elementor-icon-wrapper\">\n\t\t\t<a class=\"elementor-icon\" href=\"https:\/\/arpdestek.com\/index.php\/isletme-gelistirme-buyume-ve-uluslararasilasma-destekleri\/\" target=\"_blank\">\n\t\t\t<i aria-hidden=\"true\" class=\"far fa-hand-point-left\"><\/i>\t\t\t<\/a>\n\t\t<\/div>\n\t\t\t\t<\/div>\n\t\t\t\t<\/div>\n\t\t\t\t<div class=\"elementor-element elementor-element-1d8aa34 elementor-view-stacked elementor-widget__width-initial elementor-absolute elementor-shape-circle elementor-widget elementor-widget-icon\" data-id=\"1d8aa34\" data-element_type=\"widget\" data-settings=\"{&quot;_position&quot;:&quot;absolute&quot;}\" data-widget_type=\"icon.default\">\n\t\t\t\t<div class=\"elementor-widget-container\">\n\t\t\t\t\t<div class=\"elementor-icon-wrapper\">\n\t\t\t<a class=\"elementor-icon\" href=\"https:\/\/arpdestek.com\/index.php\/kobi-finansman-destekleri\/\" target=\"_blank\">\n\t\t\t<i aria-hidden=\"true\" class=\"far fa-hand-point-left\"><\/i>\t\t\t<\/a>\n\t\t<\/div>\n\t\t\t\t<\/div>\n\t\t\t\t<\/div>\n\t\t\t\t<div class=\"elementor-element elementor-element-dfe7eca elementor-view-stacked elementor-widget__width-initial elementor-absolute elementor-shape-circle elementor-widget elementor-widget-icon\" data-id=\"dfe7eca\" data-element_type=\"widget\" data-settings=\"{&quot;_position&quot;:&quot;absolute&quot;}\" data-widget_type=\"icon.default\">\n\t\t\t\t<div class=\"elementor-widget-container\">\n\t\t\t\t\t<div class=\"elementor-icon-wrapper\">\n\t\t\t<a class=\"elementor-icon\" href=\"https:\/\/arpdestek.com\/index.php\/isgem-tekmer-destekleri\/\" target=\"_blank\">\n\t\t\t<i aria-hidden=\"true\" class=\"far fa-hand-point-left\"><\/i>\t\t\t<\/a>\n\t\t<\/div>\n\t\t\t\t<\/div>\n\t\t\t\t<\/div>\n\t\t\t\t<div class=\"elementor-element elementor-element-0fb8824 elementor-view-stacked elementor-widget__width-initial elementor-absolute elementor-shape-circle elementor-widget elementor-widget-icon\" data-id=\"0fb8824\" data-element_type=\"widget\" data-settings=\"{&quot;_position&quot;:&quot;absolute&quot;}\" data-widget_type=\"icon.default\">\n\t\t\t\t<div class=\"elementor-widget-container\">\n\t\t\t\t\t<div class=\"elementor-icon-wrapper\">\n\t\t\t<a class=\"elementor-icon\" href=\"https:\/\/arpdestek.com\/index.php\/rehberlik-ve-danismanlik-hizmetleri\/\" target=\"_blank\">\n\t\t\t<i aria-hidden=\"true\" class=\"far fa-hand-point-left\"><\/i>\t\t\t<\/a>\n\t\t<\/div>\n\t\t\t\t<\/div>\n\t\t\t\t<\/div>\n\t\t\t\t<div class=\"elementor-element elementor-element-2afb1c1 elementor-view-stacked elementor-widget__width-initial elementor-absolute elementor-shape-circle elementor-widget elementor-widget-icon\" data-id=\"2afb1c1\" data-element_type=\"widget\" data-settings=\"{&quot;_position&quot;:&quot;absolute&quot;}\" data-widget_type=\"icon.default\">\n\t\t\t\t<div class=\"elementor-widget-container\">\n\t\t\t\t\t<div class=\"elementor-icon-wrapper\">\n\t\t\t<a class=\"elementor-icon\" href=\"https:\/\/arpdestek.com\/index.php\/mikro-ve-kucuk-isletmelere-hizli-destek-programi\/\" target=\"_blank\">\n\t\t\t<i aria-hidden=\"true\" class=\"far fa-hand-point-left\"><\/i>\t\t\t<\/a>\n\t\t<\/div>\n\t\t\t\t<\/div>\n\t\t\t\t<\/div>\n\t\t\t\t<div class=\"elementor-element elementor-element-369cf14 elementor-view-stacked elementor-widget__width-initial elementor-absolute elementor-shape-circle elementor-widget elementor-widget-icon\" data-id=\"369cf14\" data-element_type=\"widget\" data-settings=\"{&quot;_position&quot;:&quot;absolute&quot;}\" data-widget_type=\"icon.default\">\n\t\t\t\t<div class=\"elementor-widget-container\">\n\t\t\t\t\t<div class=\"elementor-icon-wrapper\">\n\t\t\t<a class=\"elementor-icon\" href=\"https:\/\/arpdestek.com\/index.php\/tekmer-destek-programi\/\" target=\"_blank\">\n\t\t\t<i aria-hidden=\"true\" class=\"far fa-hand-point-left\"><\/i>\t\t\t<\/a>\n\t\t<\/div>\n\t\t\t\t<\/div>\n\t\t\t\t<\/div>\n\t\t\t\t\t<\/div>\n\t\t<\/div>\n\t\t\t\t\t\t\t<\/div>\n\t\t<\/section>\n\t\t\t\t\t\t\t<\/div>\n\t\t","protected":false},"excerpt":{"rendered":"<p>KOSGEB Destekleri G\u0130R\u0130\u015e\u0130MC\u0130 DESTEK PROGRAMI \u0130\u015f Kurma Deste\u011fi \u0130\u015f Geli\u015ftirme Deste\u011fi KOB\u0130 D\u0130J\u0130TAL D\u00d6N\u00dc\u015e\u00dcM DESTEK PROGRAMI YE\u015e\u0130L SANAY\u0130 DESTEK PROGRAMI KOB\u0130 TEKNOLOJ\u0130K \u00dcR\u00dcN YATIRIM (TEKNO YATIRIM) DESTEK PROGRAMI STRATEJ\u0130K \u00dcR\u00dcN DESTEK PROGRAMI TEKMER DESTEK PROGRAMI<\/p>\n","protected":false},"author":1,"featured_media":0,"parent":0,"menu_order":0,"comment_status":"closed","ping_status":"closed","template":"elementor_header_footer","meta":[],"_links":{"self":[{"href":"https:\/\/arpdestek.com\/index.php\/wp-json\/wp\/v2\/pages\/30"}],"collection":[{"href":"https:\/\/arpdestek.com\/index.php\/wp-json\/wp\/v2\/pages"}],"about":[{"href":"https:\/\/arpdestek.com\/index.php\/wp-json\/wp\/v2\/types\/page"}],"author":[{"embeddable":true,"href":"https:\/\/arpdestek.com\/index.php\/wp-json\/wp\/v2\/users\/1"}],"replies":[{"embeddable":true,"href":"https:\/\/arpdestek.com\/index.php\/wp-json\/wp\/v2\/comments?post=30"}],"version-history":[{"count":118,"href":"https:\/\/arpdestek.com\/index.php\/wp-json\/wp\/v2\/pages\/30\/revisions"}],"predecessor-version":[{"id":915,"href":"https:\/\/arpdestek.com\/index.php\/wp-json\/wp\/v2\/pages\/30\/revisions\/915"}],"wp:attachment":[{"href":"https:\/\/arpdestek.com\/index.php\/wp-json\/wp\/v2\/media?parent=30"}],"curies":[{"name":"wp","href":"https:\/\/api.w.org\/{rel}","templated":true}]}}