{"id":303,"date":"2023-03-18T01:03:59","date_gmt":"2023-03-17T22:03:59","guid":{"rendered":"https:\/\/arpdestek.com\/?page_id=303"},"modified":"2024-05-30T16:32:41","modified_gmt":"2024-05-30T13:32:41","slug":"ar-ge-teknolojik-uretim-ve-yerlestirme-destekleri","status":"publish","type":"page","link":"https:\/\/arpdestek.com\/index.php\/ar-ge-teknolojik-uretim-ve-yerlestirme-destekleri\/","title":{"rendered":"\u0130\u015f Kurma Deste\u011fi"},"content":{"rendered":"\t\t<div data-elementor-type=\"wp-page\" data-elementor-id=\"303\" class=\"elementor elementor-303\">\n\t\t\t\t\t\t\t\t\t<section class=\"elementor-section elementor-top-section elementor-element elementor-element-51e546b elementor-section-boxed elementor-section-height-default elementor-section-height-default\" data-id=\"51e546b\" data-element_type=\"section\">\n\t\t\t\t\t\t<div class=\"elementor-container elementor-column-gap-default\">\n\t\t\t\t\t<div class=\"elementor-column elementor-col-100 elementor-top-column elementor-element elementor-element-3d34053\" data-id=\"3d34053\" data-element_type=\"column\">\n\t\t\t<div class=\"elementor-widget-wrap elementor-element-populated\">\n\t\t\t\t\t\t\t\t<div class=\"elementor-element elementor-element-8b9f338 elementor-widget elementor-widget-heading\" data-id=\"8b9f338\" data-element_type=\"widget\" data-widget_type=\"heading.default\">\n\t\t\t\t<div class=\"elementor-widget-container\">\n\t\t\t<style>\/*! elementor - v3.11.5 - 14-03-2023 *\/\n.elementor-heading-title{padding:0;margin:0;line-height:1}.elementor-widget-heading .elementor-heading-title[class*=elementor-size-]>a{color:inherit;font-size:inherit;line-height:inherit}.elementor-widget-heading .elementor-heading-title.elementor-size-small{font-size:15px}.elementor-widget-heading .elementor-heading-title.elementor-size-medium{font-size:19px}.elementor-widget-heading .elementor-heading-title.elementor-size-large{font-size:29px}.elementor-widget-heading .elementor-heading-title.elementor-size-xl{font-size:39px}.elementor-widget-heading .elementor-heading-title.elementor-size-xxl{font-size:59px}<\/style><h2 class=\"elementor-heading-title elementor-size-default\">\u0130\u015f Kurma Deste\u011fi<\/h2>\t\t<\/div>\n\t\t\t\t<\/div>\n\t\t\t\t\t<\/div>\n\t\t<\/div>\n\t\t\t\t\t\t\t<\/div>\n\t\t<\/section>\n\t\t\t\t<section class=\"elementor-section elementor-top-section elementor-element elementor-element-f9a7ef4 elementor-section-boxed elementor-section-height-default elementor-section-height-default\" data-id=\"f9a7ef4\" data-element_type=\"section\">\n\t\t\t\t\t\t<div class=\"elementor-container elementor-column-gap-default\">\n\t\t\t\t\t<div class=\"elementor-column elementor-col-100 elementor-top-column elementor-element elementor-element-e715ab2\" data-id=\"e715ab2\" data-element_type=\"column\">\n\t\t\t<div class=\"elementor-widget-wrap elementor-element-populated\">\n\t\t\t\t\t\t\t\t<div class=\"elementor-element elementor-element-8a159fb elementor-widget elementor-widget-text-editor\" data-id=\"8a159fb\" data-element_type=\"widget\" data-widget_type=\"text-editor.default\">\n\t\t\t\t<div class=\"elementor-widget-container\">\n\t\t\t<style>\/*! elementor - v3.11.5 - 14-03-2023 *\/\n.elementor-widget-text-editor.elementor-drop-cap-view-stacked .elementor-drop-cap{background-color:#818a91;color:#fff}.elementor-widget-text-editor.elementor-drop-cap-view-framed .elementor-drop-cap{color:#818a91;border:3px solid;background-color:transparent}.elementor-widget-text-editor:not(.elementor-drop-cap-view-default) .elementor-drop-cap{margin-top:8px}.elementor-widget-text-editor:not(.elementor-drop-cap-view-default) .elementor-drop-cap-letter{width:1em;height:1em}.elementor-widget-text-editor .elementor-drop-cap{float:left;text-align:center;line-height:1;font-size:50px}.elementor-widget-text-editor .elementor-drop-cap-letter{display:inline-block}<\/style>\t\t\t\t<table border=\"1\" cellspacing=\"0\" cellpadding=\"0\" width=\"0\" style=\"width: 452.75pt; margin-left: 6.85pt; border: none;\">\n <tbody><tr>\n  <td width=\"604\" colspan=\"4\" style=\"width: 452.75pt; border-width: 1pt; border-color: windowtext; padding: 4.25pt;\">\n  <p style=\"margin-top:0cm;margin-right:0cm;margin-bottom:\n  0cm;margin-left:72.0pt;margin-bottom:.0001pt;mso-add-space:auto;text-indent:\n  -18.0pt;line-height:normal;mso-list:l0 level2 lfo1\"><b><span style=\"font-size:14.0pt;\n  mso-bidi-font-family:Arial\">&nbsp; &nbsp; &nbsp; &nbsp; &nbsp; &nbsp; &nbsp; &nbsp; &nbsp; &nbsp; &nbsp; &nbsp; \u0130\u015e KURMA DESTE\u011e\u0130<o:p><\/o:p><\/span><\/b><\/p>\n  <\/td>\n <\/tr>\n <tr>\n  <td width=\"118\" style=\"width: 89.65pt; border-right-width: 1pt; border-bottom-width: 1pt; border-left-width: 1pt; border-right-color: windowtext; border-bottom-color: windowtext; border-left-color: windowtext; border-top: none; padding: 4.25pt;\">\n  <p align=\"center\" style=\"margin-bottom:0cm;margin-bottom:.0001pt;\n  text-align:center;line-height:normal\"><b><span style=\"font-size:12.0pt;\n  mso-bidi-font-family:Arial\">DESTEK UNSURU<o:p><\/o:p><\/span><\/b><\/p>\n  <\/td>\n  <td width=\"325\" style=\"width: 250.55pt; border-top: none; border-left: none; border-bottom-width: 1pt; border-bottom-color: windowtext; border-right-width: 1pt; border-right-color: windowtext; padding: 4.25pt 11.35pt 4.25pt 4.25pt;\">\n  <p align=\"center\" style=\"margin-bottom:0cm;margin-bottom:.0001pt;\n  text-align:center;line-height:normal\"><b><span style=\"font-size:12.0pt;mso-bidi-font-family:Arial\">DESTEK TUTARI<o:p><\/o:p><\/span><\/b><\/p>\n  <\/td>\n  <td width=\"90\" style=\"width: 58.65pt; border-top: none; border-left: none; border-bottom-width: 1pt; border-bottom-color: windowtext; border-right-width: 1pt; border-right-color: windowtext; padding: 4.25pt 11.35pt 4.25pt 4.25pt;\">\n  <p align=\"center\" style=\"margin-bottom:0cm;margin-bottom:.0001pt;\n  text-align:center;line-height:normal\"><b><span style=\"font-size:12.0pt;mso-bidi-font-family:Arial\">DESTEK<o:p><\/o:p><\/span><\/b><\/p>\n  <p align=\"center\" style=\"margin-bottom:0cm;margin-bottom:.0001pt;\n  text-align:center;line-height:normal\"><b><span style=\"font-size:12.0pt;mso-bidi-font-family:Arial\">ORANI<o:p><\/o:p><\/span><\/b><\/p>\n  <\/td>\n  <td width=\"72\" valign=\"top\" style=\"width: 53.9pt; border-top: none; border-left: none; border-bottom-width: 1pt; border-bottom-color: windowtext; border-right-width: 1pt; border-right-color: windowtext; padding: 0cm 5.4pt;\">\n  <p align=\"center\" style=\"margin-bottom:0cm;margin-bottom:.0001pt;\n  text-align:center;line-height:normal\"><b><span style=\"font-size:12.0pt;mso-bidi-font-family:Arial\">DESTEK<o:p><\/o:p><\/span><\/b><\/p>\n  <p align=\"center\" style=\"margin-bottom:0cm;margin-bottom:.0001pt;\n  text-align:center;line-height:normal\"><b><span style=\"font-size:12.0pt;mso-bidi-font-family:Arial\">S\u00dcRES\u0130<o:p><\/o:p><\/span><\/b><\/p>\n  <\/td>\n <\/tr>\n <tr>\n  <td width=\"118\" rowspan=\"2\" style=\"width: 89.65pt; border-right-width: 1pt; border-bottom-width: 1pt; border-left-width: 1pt; border-right-color: windowtext; border-bottom-color: windowtext; border-left-color: windowtext; border-top: none; padding: 4.25pt;\">\n  <p style=\"margin-bottom:0cm;margin-bottom:.0001pt;text-align:\n  justify;line-height:normal\"><b><span style=\"font-size:12.0pt;mso-bidi-font-family:\n  Arial\">Kurulu\u015f Deste\u011fi (*)<o:p><\/o:p><\/span><\/b><\/p>\n  <\/td>\n  <td width=\"325\" style=\"width: 250.55pt; border-top: none; border-left: none; border-bottom-width: 1pt; border-bottom-color: windowtext; border-right-width: 1pt; border-right-color: windowtext; padding: 4.25pt 11.35pt 4.25pt 4.25pt;\">\n  <p style=\"margin-bottom:0cm;margin-bottom:.0001pt;line-height:\n  normal\"><span style=\"font-size:12.0pt;mso-bidi-font-family:Arial;mso-bidi-font-weight:\n  bold\">Ger\u00e7ek \u0130\u015fletme 10.000TL<o:p><\/o:p><\/span><\/p>\n  <\/td>\n  <td width=\"90\" rowspan=\"3\" style=\"width: 58.65pt; border-top: none; border-left: none; border-bottom-width: 1pt; border-bottom-color: windowtext; border-right-width: 1pt; border-right-color: windowtext; padding: 4.25pt 11.35pt 4.25pt 4.25pt;\">\n  <p align=\"center\" style=\"margin-bottom:0cm;margin-bottom:.0001pt;\n  text-align:center;line-height:normal\"><span style=\"font-size:12.0pt;\n  mso-bidi-font-family:Arial;mso-bidi-font-weight:bold\">%100<o:p><\/o:p><\/span><\/p>\n  <p align=\"center\" style=\"margin-bottom:0cm;margin-bottom:.0001pt;\n  text-align:center;line-height:normal\"><span style=\"font-size:12.0pt;\n  mso-bidi-font-family:Arial;mso-bidi-font-weight:bold\">(Geri \u00d6demesiz)<o:p><\/o:p><\/span><\/p>\n  <\/td>\n  <td width=\"72\" rowspan=\"3\" style=\"width: 53.9pt; border-top: none; border-left: none; border-bottom-width: 1pt; border-bottom-color: windowtext; border-right-width: 1pt; border-right-color: windowtext; padding: 0cm 5.4pt;\">\n  <p align=\"center\" style=\"margin-bottom:0cm;margin-bottom:.0001pt;\n  text-align:center;line-height:normal\"><span style=\"font-size:12.0pt;\n  mso-bidi-font-family:Arial;mso-bidi-font-weight:bold\">36 Ay<o:p><\/o:p><\/span><\/p>\n  <\/td>\n <\/tr>\n <tr>\n  <td width=\"325\" style=\"width: 250.55pt; border-top: none; border-left: none; border-bottom-width: 1pt; border-bottom-color: windowtext; border-right-width: 1pt; border-right-color: windowtext; padding: 4.25pt 11.35pt 4.25pt 4.25pt;\">\n  <p style=\"margin-bottom:0cm;margin-bottom:.0001pt;line-height:\n  normal\"><span style=\"font-size:12.0pt;mso-bidi-font-family:Arial;mso-bidi-font-weight:\n  bold\">Sermaye \u015eirketi \u0130\u015fletme 20.000TL<o:p><\/o:p><\/span><\/p>\n  <\/td>\n <\/tr>\n <tr>\n  <td width=\"118\" style=\"width: 89.65pt; border-right-width: 1pt; border-bottom-width: 1pt; border-left-width: 1pt; border-right-color: windowtext; border-bottom-color: windowtext; border-left-color: windowtext; border-top: none; padding: 4.25pt;\">\n  <p style=\"margin-bottom:0cm;margin-bottom:.0001pt;text-align:\n  justify;line-height:normal\"><b><span style=\"font-size:12.0pt;mso-bidi-font-family:\n  Arial\">Personel Giderleri Deste\u011fi<o:p><\/o:p><\/span><\/b><\/p>\n  <\/td>\n  <td width=\"325\" style=\"width: 250.55pt; border-top: none; border-left: none; border-bottom-width: 1pt; border-bottom-color: windowtext; border-right-width: 1pt; border-right-color: windowtext; padding: 4.25pt 11.35pt 4.25pt 4.25pt;\">\n  <p style=\"margin-bottom:0cm;margin-bottom:.0001pt;text-align:\n  justify;line-height:normal\"><span style=\"font-size:10.0pt;mso-bidi-font-family:\n  &quot;Open Sans&quot;;background:#F2F2F2\">\u0130\u015fletmenin vergi m\u00fckellefiyetinin devam\n  etmesi \u015fart\u0131yla i\u015f kurma deste\u011fi ba\u015flang\u0131\u00e7 tarihinden itibaren 1 inci y\u0131l\n  birinci d\u00f6nem, 2 nci y\u0131l ikinci d\u00f6nem ve 3 \u00fcnc\u00fc y\u0131l \u00fc\u00e7\u00fcnc\u00fc d\u00f6nem olmak \u00fczere;\n  i\u015fletmede \u00e7al\u0131\u015fan personelin tahakkuk eden prim g\u00fcn say\u0131lar\u0131n\u0131n toplam\u0131 360\n  ve \u00fczeri oldu\u011fu her bir d\u00f6nem i\u00e7in 1 ayl\u0131k br\u00fct asgari \u00fccretin i\u015fverene\n  toplam maliyet tutar\u0131 kadar destek sa\u011flan\u0131r.<\/span><span style=\"font-size:\n  10.0pt;mso-bidi-font-family:Arial;mso-bidi-font-weight:bold\"><o:p><\/o:p><\/span><\/p>\n  <\/td>\n <\/tr>\n <tr>\n  <td width=\"604\" colspan=\"4\" style=\"width: 452.75pt; border-right-width: 1pt; border-bottom-width: 1pt; border-left-width: 1pt; border-right-color: windowtext; border-bottom-color: windowtext; border-left-color: windowtext; border-top: none; padding: 4.25pt;\">\n  <p style=\"margin-bottom:0cm;margin-bottom:.0001pt;text-align:\n  justify;line-height:normal\">(*)<em><span style=\"font-family: Calibri, sans-serif; background-image: initial; background-position: initial; background-size: initial; background-repeat: initial; background-attachment: initial; background-origin: initial; background-clip: initial;\">Giri\u015fimcinin gen\u00e7, kad\u0131n, engelli, gazi veya\n  birinci derecede \u015fehit yak\u0131n\u0131 olmas\u0131 durumunda kurulu\u015f deste\u011fine 10.000.-TL\n  ilave edilir.<\/span><\/em><o:p><\/o:p><\/p>\n  <\/td>\n <\/tr>\n<\/tbody><\/table>\t\t\t\t\t\t<\/div>\n\t\t\t\t<\/div>\n\t\t\t\t\t<\/div>\n\t\t<\/div>\n\t\t\t\t\t\t\t<\/div>\n\t\t<\/section>\n\t\t\t\t\t\t\t<\/div>\n\t\t","protected":false},"excerpt":{"rendered":"<p>\u0130\u015f Kurma Deste\u011fi &nbsp; &nbsp; &nbsp; &nbsp; &nbsp; &nbsp; &nbsp; &nbsp; &nbsp; &nbsp; &nbsp; &nbsp; \u0130\u015e KURMA DESTE\u011e\u0130 DESTEK UNSURU DESTEK TUTARI DESTEK ORANI DESTEK S\u00dcRES\u0130 Kurulu\u015f Deste\u011fi (*) Ger\u00e7ek \u0130\u015fletme 10.000TL %100 (Geri \u00d6demesiz) 36 Ay Sermaye \u015eirketi \u0130\u015fletme 20.000TL Personel Giderleri Deste\u011fi \u0130\u015fletmenin vergi m\u00fckellefiyetinin devam etmesi \u015fart\u0131yla i\u015f kurma deste\u011fi ba\u015flang\u0131\u00e7 tarihinden [&hellip;]<\/p>\n","protected":false},"author":1,"featured_media":0,"parent":0,"menu_order":0,"comment_status":"closed","ping_status":"closed","template":"elementor_header_footer","meta":[],"_links":{"self":[{"href":"https:\/\/arpdestek.com\/index.php\/wp-json\/wp\/v2\/pages\/303"}],"collection":[{"href":"https:\/\/arpdestek.com\/index.php\/wp-json\/wp\/v2\/pages"}],"about":[{"href":"https:\/\/arpdestek.com\/index.php\/wp-json\/wp\/v2\/types\/page"}],"author":[{"embeddable":true,"href":"https:\/\/arpdestek.com\/index.php\/wp-json\/wp\/v2\/users\/1"}],"replies":[{"embeddable":true,"href":"https:\/\/arpdestek.com\/index.php\/wp-json\/wp\/v2\/comments?post=303"}],"version-history":[{"count":20,"href":"https:\/\/arpdestek.com\/index.php\/wp-json\/wp\/v2\/pages\/303\/revisions"}],"predecessor-version":[{"id":878,"href":"https:\/\/arpdestek.com\/index.php\/wp-json\/wp\/v2\/pages\/303\/revisions\/878"}],"wp:attachment":[{"href":"https:\/\/arpdestek.com\/index.php\/wp-json\/wp\/v2\/media?parent=303"}],"curies":[{"name":"wp","href":"https:\/\/api.w.org\/{rel}","templated":true}]}}