{"id":317,"date":"2023-03-18T01:08:44","date_gmt":"2023-03-17T22:08:44","guid":{"rendered":"https:\/\/arpdestek.com\/?page_id=317"},"modified":"2024-05-30T16:33:08","modified_gmt":"2024-05-30T13:33:08","slug":"isletme-gelistirme-buyume-ve-uluslararasilasma-destekleri","status":"publish","type":"page","link":"https:\/\/arpdestek.com\/index.php\/isletme-gelistirme-buyume-ve-uluslararasilasma-destekleri\/","title":{"rendered":"\u0130\u015f Geli\u015ftirme Deste\u011fi"},"content":{"rendered":"\t\t<div data-elementor-type=\"wp-page\" data-elementor-id=\"317\" class=\"elementor elementor-317\">\n\t\t\t\t\t\t\t\t\t<section class=\"elementor-section elementor-top-section elementor-element elementor-element-adb05a1 elementor-section-boxed elementor-section-height-default elementor-section-height-default\" data-id=\"adb05a1\" data-element_type=\"section\">\n\t\t\t\t\t\t<div class=\"elementor-container elementor-column-gap-default\">\n\t\t\t\t\t<div class=\"elementor-column elementor-col-100 elementor-top-column elementor-element elementor-element-d48a780\" data-id=\"d48a780\" data-element_type=\"column\">\n\t\t\t<div class=\"elementor-widget-wrap elementor-element-populated\">\n\t\t\t\t\t\t\t\t<div class=\"elementor-element elementor-element-5d12775 elementor-widget elementor-widget-heading\" data-id=\"5d12775\" data-element_type=\"widget\" data-widget_type=\"heading.default\">\n\t\t\t\t<div class=\"elementor-widget-container\">\n\t\t\t<style>\/*! elementor - v3.11.5 - 14-03-2023 *\/\n.elementor-heading-title{padding:0;margin:0;line-height:1}.elementor-widget-heading .elementor-heading-title[class*=elementor-size-]>a{color:inherit;font-size:inherit;line-height:inherit}.elementor-widget-heading .elementor-heading-title.elementor-size-small{font-size:15px}.elementor-widget-heading .elementor-heading-title.elementor-size-medium{font-size:19px}.elementor-widget-heading .elementor-heading-title.elementor-size-large{font-size:29px}.elementor-widget-heading .elementor-heading-title.elementor-size-xl{font-size:39px}.elementor-widget-heading .elementor-heading-title.elementor-size-xxl{font-size:59px}<\/style><h2 class=\"elementor-heading-title elementor-size-default\">\u0130\u015f Geli\u015ftirme Deste\u011fi<\/h2>\t\t<\/div>\n\t\t\t\t<\/div>\n\t\t\t\t\t<\/div>\n\t\t<\/div>\n\t\t\t\t\t\t\t<\/div>\n\t\t<\/section>\n\t\t\t\t<section class=\"elementor-section elementor-top-section elementor-element elementor-element-fc7e98d elementor-section-boxed elementor-section-height-default elementor-section-height-default\" data-id=\"fc7e98d\" data-element_type=\"section\">\n\t\t\t\t\t\t<div class=\"elementor-container elementor-column-gap-default\">\n\t\t\t\t\t<div class=\"elementor-column elementor-col-100 elementor-top-column elementor-element elementor-element-175c236\" data-id=\"175c236\" data-element_type=\"column\">\n\t\t\t<div class=\"elementor-widget-wrap elementor-element-populated\">\n\t\t\t\t\t\t\t\t<div class=\"elementor-element elementor-element-438a277 elementor-widget elementor-widget-text-editor\" data-id=\"438a277\" data-element_type=\"widget\" data-widget_type=\"text-editor.default\">\n\t\t\t\t<div class=\"elementor-widget-container\">\n\t\t\t<style>\/*! elementor - v3.11.5 - 14-03-2023 *\/\n.elementor-widget-text-editor.elementor-drop-cap-view-stacked .elementor-drop-cap{background-color:#818a91;color:#fff}.elementor-widget-text-editor.elementor-drop-cap-view-framed .elementor-drop-cap{color:#818a91;border:3px solid;background-color:transparent}.elementor-widget-text-editor:not(.elementor-drop-cap-view-default) .elementor-drop-cap{margin-top:8px}.elementor-widget-text-editor:not(.elementor-drop-cap-view-default) .elementor-drop-cap-letter{width:1em;height:1em}.elementor-widget-text-editor .elementor-drop-cap{float:left;text-align:center;line-height:1;font-size:50px}.elementor-widget-text-editor .elementor-drop-cap-letter{display:inline-block}<\/style>\t\t\t\t<table border=\"1\" cellspacing=\"0\" cellpadding=\"0\" width=\"0\" style=\"width: 16cm; margin-left: 6.85pt; border: none;\">\n <tbody><tr>\n  <td width=\"605\" colspan=\"4\" style=\"width: 16cm; border-width: 1pt; border-color: windowtext; padding: 4.25pt;\">\n  <p style=\"margin-top:0cm;margin-right:0cm;margin-bottom:\n  0cm;margin-left:72.0pt;margin-bottom:.0001pt;mso-add-space:auto;text-indent:\n  -18.0pt;line-height:normal;mso-list:l0 level2 lfo1\"><b><span style=\"font-size:14.0pt;\n  mso-bidi-font-family:Arial\">&nbsp; &nbsp; &nbsp; &nbsp; &nbsp; &nbsp; &nbsp; &nbsp; &nbsp; &nbsp; &nbsp; \u0130\u015e GEL\u0130\u015eT\u0130RME DESTE\u011e\u0130<o:p><\/o:p><\/span><\/b><\/p>\n  <\/td>\n <\/tr>\n <tr>\n  <td width=\"321\" style=\"width: 241pt; border-right-width: 1pt; border-bottom-width: 1pt; border-left-width: 1pt; border-right-color: windowtext; border-bottom-color: windowtext; border-left-color: windowtext; border-top: none; padding: 4.25pt;\">\n  <p align=\"center\" style=\"margin-bottom:0cm;margin-bottom:.0001pt;\n  text-align:center;line-height:normal\"><b><span style=\"font-size:12.0pt;\n  mso-bidi-font-family:Arial\">DESTEK UNSURU<o:p><\/o:p><\/span><\/b><\/p>\n  <\/td>\n  <td width=\"114\" style=\"width: 85.45pt; border-top: none; border-left: none; border-bottom-width: 1pt; border-bottom-color: windowtext; border-right-width: 1pt; border-right-color: windowtext; padding: 4.25pt 11.35pt 4.25pt 4.25pt;\">\n  <p align=\"center\" style=\"margin-bottom:0cm;margin-bottom:.0001pt;\n  text-align:center;line-height:normal\"><b><span style=\"font-size:12.0pt;mso-bidi-font-family:Arial\">DESTEK TUTARI<o:p><\/o:p><\/span><\/b><\/p>\n  <\/td>\n  <td width=\"88\" style=\"width: 66.3pt; border-top: none; border-left: none; border-bottom-width: 1pt; border-bottom-color: windowtext; border-right-width: 1pt; border-right-color: windowtext; padding: 4.25pt 11.35pt 4.25pt 4.25pt;\">\n  <p align=\"center\" style=\"margin-bottom:0cm;margin-bottom:.0001pt;\n  text-align:center;line-height:normal\"><b><span style=\"font-size:12.0pt;mso-bidi-font-family:Arial\">DESTEK<o:p><\/o:p><\/span><\/b><\/p>\n  <p align=\"center\" style=\"margin-bottom:0cm;margin-bottom:.0001pt;\n  text-align:center;line-height:normal\"><b><span style=\"font-size:12.0pt;mso-bidi-font-family:Arial\">ORANI<o:p><\/o:p><\/span><\/b><\/p>\n  <\/td>\n  <td width=\"81\" valign=\"top\" style=\"width: 60.85pt; border-top: none; border-left: none; border-bottom-width: 1pt; border-bottom-color: windowtext; border-right-width: 1pt; border-right-color: windowtext; padding: 0cm 5.4pt;\">\n  <p align=\"center\" style=\"margin-bottom:0cm;margin-bottom:.0001pt;\n  text-align:center;line-height:normal\"><b><span style=\"font-size:12.0pt;mso-bidi-font-family:Arial\">PROJE<o:p><\/o:p><\/span><\/b><\/p>\n  <p align=\"center\" style=\"margin-bottom:0cm;margin-bottom:.0001pt;\n  text-align:center;line-height:normal\"><b><span style=\"font-size:12.0pt;mso-bidi-font-family:Arial\">S\u00dcRES\u0130<o:p><\/o:p><\/span><\/b><\/p>\n  <\/td>\n <\/tr>\n <tr style=\"mso-yfti-irow:2;height:43.95pt\">\n  <td width=\"321\" style=\"width: 241pt; border-right-width: 1pt; border-bottom-width: 1pt; border-left-width: 1pt; border-right-color: windowtext; border-bottom-color: windowtext; border-left-color: windowtext; border-top: none; padding: 4.25pt; height: 43.95pt;\">\n  <p style=\"margin-bottom:0cm;margin-bottom:.0001pt;text-align:\n  justify;line-height:normal\"><b><span style=\"font-size:12.0pt;mso-bidi-font-family:\n  Arial\">Personel Giderleri Deste\u011fi<o:p><\/o:p><\/span><\/b><\/p>\n  <\/td>\n  <td width=\"114\" rowspan=\"4\" style=\"width: 85.45pt; border-top: none; border-left: none; border-bottom-width: 1pt; border-bottom-color: windowtext; border-right-width: 1pt; border-right-color: windowtext; padding: 4.25pt 11.35pt 4.25pt 4.25pt; height: 43.95pt;\">\n  <p align=\"center\" style=\"margin-top:0cm;margin-right:0cm;\n  margin-bottom:0cm;margin-left:5.3pt;margin-bottom:.0001pt;text-align:center;\n  text-indent:-8.25pt;line-height:normal\"><span style=\"font-size:12.0pt;\n  mso-bidi-font-family:Arial;mso-bidi-font-weight:bold\">1.500.000TL(*)<o:p><\/o:p><\/span><\/p>\n  <\/td>\n  <td width=\"88\" rowspan=\"4\" style=\"width: 66.3pt; border-top: none; border-left: none; border-bottom-width: 1pt; border-bottom-color: windowtext; border-right-width: 1pt; border-right-color: windowtext; padding: 4.25pt 11.35pt 4.25pt 4.25pt; height: 43.95pt;\">\n  <p align=\"center\" style=\"margin-bottom:0cm;margin-bottom:.0001pt;\n  text-align:center;line-height:normal\"><span style=\"font-size:12.0pt;\n  mso-bidi-font-family:Arial;mso-bidi-font-weight:bold\">%80<o:p><\/o:p><\/span><\/p>\n  <p align=\"center\" style=\"margin-bottom:0cm;margin-bottom:.0001pt;\n  text-align:center;line-height:normal\"><span style=\"font-size:12.0pt;\n  mso-bidi-font-family:Arial;mso-bidi-font-weight:bold\">(Geri \u00d6demeli)<o:p><\/o:p><\/span><\/p>\n  <\/td>\n  <td width=\"81\" rowspan=\"4\" style=\"width: 60.85pt; border-top: none; border-left: none; border-bottom-width: 1pt; border-bottom-color: windowtext; border-right-width: 1pt; border-right-color: windowtext; padding: 0cm 5.4pt; height: 43.95pt;\">\n  <p align=\"center\" style=\"margin-bottom:0cm;margin-bottom:.0001pt;\n  text-align:center;line-height:normal\"><span style=\"font-size:12.0pt;\n  mso-bidi-font-family:Arial;mso-bidi-font-weight:bold\">36 Ay<o:p><\/o:p><\/span><\/p>\n  <\/td>\n <\/tr>\n <tr>\n  <td width=\"321\" style=\"width: 241pt; border-right-width: 1pt; border-bottom-width: 1pt; border-left-width: 1pt; border-right-color: windowtext; border-bottom-color: windowtext; border-left-color: windowtext; border-top: none; padding: 4.25pt;\">\n  <p style=\"margin-bottom:0cm;margin-bottom:.0001pt;text-align:\n  justify;line-height:normal\"><b><span style=\"font-size:12.0pt;mso-bidi-font-family:\n  Arial\">Makine Te\u00e7hizat ve Kal\u0131p Giderleri Deste\u011fi<o:p><\/o:p><\/span><\/b><\/p>\n  <\/td>\n <\/tr>\n <tr>\n  <td width=\"321\" style=\"width: 241pt; border-right-width: 1pt; border-bottom-width: 1pt; border-left-width: 1pt; border-right-color: windowtext; border-bottom-color: windowtext; border-left-color: windowtext; border-top: none; padding: 4.25pt;\">\n  <p style=\"margin-bottom:0cm;margin-bottom:.0001pt;text-align:\n  justify;line-height:normal\"><b><span style=\"font-size:12.0pt;mso-bidi-font-family:\n  Arial\">Yaz\u0131l\u0131m Giderleri Deste\u011fi<o:p><\/o:p><\/span><\/b><\/p>\n  <\/td>\n <\/tr>\n <tr>\n  <td width=\"321\" style=\"width: 241pt; border-right-width: 1pt; border-bottom-width: 1pt; border-left-width: 1pt; border-right-color: windowtext; border-bottom-color: windowtext; border-left-color: windowtext; border-top: none; padding: 4.25pt;\">\n  <p style=\"margin-bottom:0cm;margin-bottom:.0001pt;text-align:\n  justify;line-height:normal\"><b><span style=\"font-size:12.0pt;mso-bidi-font-family:\n  Arial\">Hizmet Al\u0131m\u0131 Giderleri Deste\u011fi (E\u011fitim, dan\u0131\u015fmanl\u0131k ve y\u00f6nderlik, belgelendirme,\n  test ve analiz, pazarlama, tasar\u0131m, s\u0131nai m\u00fclkiyet haklar\u0131 giderleri<o:p><\/o:p><\/span><\/b><\/p>\n  <\/td>\n <\/tr>\n <tr>\n  <td width=\"605\" colspan=\"4\" style=\"width: 16cm; border-right-width: 1pt; border-bottom-width: 1pt; border-left-width: 1pt; border-right-color: windowtext; border-bottom-color: windowtext; border-left-color: windowtext; border-top: none; padding: 4.25pt;\">\n  <p style=\"margin-bottom:0cm;margin-bottom:.0001pt;text-align:\n  justify;line-height:normal\">(*)<em><span style=\"font-family:&quot;Calibri&quot;,sans-serif;\n  mso-ascii-theme-font:minor-latin;mso-hansi-theme-font:minor-latin;mso-bidi-font-family:\n  &quot;Open Sans&quot;;background:white\">Giri\u015fimcinin gen\u00e7, kad\u0131n, engelli, gazi veya\n  birinci derecede \u015fehit yak\u0131n\u0131 olmas\u0131 durumunda destek \u00fcst limitine 150.000TL &nbsp;ilave edilir.<\/span><\/em><o:p><\/o:p><\/p>\n  <\/td>\n <\/tr>\n<\/tbody><\/table>\t\t\t\t\t\t<\/div>\n\t\t\t\t<\/div>\n\t\t\t\t\t<\/div>\n\t\t<\/div>\n\t\t\t\t\t\t\t<\/div>\n\t\t<\/section>\n\t\t\t\t\t\t\t<\/div>\n\t\t","protected":false},"excerpt":{"rendered":"<p>\u0130\u015f Geli\u015ftirme Deste\u011fi &nbsp; &nbsp; &nbsp; &nbsp; &nbsp; &nbsp; &nbsp; &nbsp; &nbsp; &nbsp; &nbsp; \u0130\u015e GEL\u0130\u015eT\u0130RME DESTE\u011e\u0130 DESTEK UNSURU DESTEK TUTARI DESTEK ORANI PROJE S\u00dcRES\u0130 Personel Giderleri Deste\u011fi 1.500.000TL(*) %80 (Geri \u00d6demeli) 36 Ay Makine Te\u00e7hizat ve Kal\u0131p Giderleri Deste\u011fi Yaz\u0131l\u0131m Giderleri Deste\u011fi Hizmet Al\u0131m\u0131 Giderleri Deste\u011fi (E\u011fitim, dan\u0131\u015fmanl\u0131k ve y\u00f6nderlik, belgelendirme, test ve analiz, [&hellip;]<\/p>\n","protected":false},"author":1,"featured_media":0,"parent":0,"menu_order":0,"comment_status":"closed","ping_status":"closed","template":"elementor_header_footer","meta":[],"_links":{"self":[{"href":"https:\/\/arpdestek.com\/index.php\/wp-json\/wp\/v2\/pages\/317"}],"collection":[{"href":"https:\/\/arpdestek.com\/index.php\/wp-json\/wp\/v2\/pages"}],"about":[{"href":"https:\/\/arpdestek.com\/index.php\/wp-json\/wp\/v2\/types\/page"}],"author":[{"embeddable":true,"href":"https:\/\/arpdestek.com\/index.php\/wp-json\/wp\/v2\/users\/1"}],"replies":[{"embeddable":true,"href":"https:\/\/arpdestek.com\/index.php\/wp-json\/wp\/v2\/comments?post=317"}],"version-history":[{"count":12,"href":"https:\/\/arpdestek.com\/index.php\/wp-json\/wp\/v2\/pages\/317\/revisions"}],"predecessor-version":[{"id":879,"href":"https:\/\/arpdestek.com\/index.php\/wp-json\/wp\/v2\/pages\/317\/revisions\/879"}],"wp:attachment":[{"href":"https:\/\/arpdestek.com\/index.php\/wp-json\/wp\/v2\/media?parent=317"}],"curies":[{"name":"wp","href":"https:\/\/api.w.org\/{rel}","templated":true}]}}