{"id":32,"date":"2023-03-17T11:58:07","date_gmt":"2023-03-17T08:58:07","guid":{"rendered":"https:\/\/arpdestek.com\/?page_id=32"},"modified":"2023-03-18T01:47:43","modified_gmt":"2023-03-17T22:47:43","slug":"yatirim-tesvik-belgesi-danismanligi","status":"publish","type":"page","link":"https:\/\/arpdestek.com\/index.php\/yatirim-tesvik-belgesi-danismanligi\/","title":{"rendered":"Yat\u0131r\u0131m Te\u015fvik Belgesi"},"content":{"rendered":"\t\t<div data-elementor-type=\"wp-page\" data-elementor-id=\"32\" class=\"elementor elementor-32\">\n\t\t\t\t\t\t\t\t\t<section class=\"elementor-section elementor-top-section elementor-element elementor-element-3dbd779 elementor-section-height-min-height elementor-section-boxed elementor-section-height-default elementor-section-items-middle\" data-id=\"3dbd779\" data-element_type=\"section\">\n\t\t\t\t\t\t<div class=\"elementor-container elementor-column-gap-default\">\n\t\t\t\t\t<div class=\"elementor-column elementor-col-100 elementor-top-column elementor-element elementor-element-f71bf00\" data-id=\"f71bf00\" data-element_type=\"column\">\n\t\t\t<div class=\"elementor-widget-wrap elementor-element-populated\">\n\t\t\t\t\t\t\t\t<div class=\"elementor-element elementor-element-e32fc85 elementor-widget elementor-widget-heading\" data-id=\"e32fc85\" data-element_type=\"widget\" data-widget_type=\"heading.default\">\n\t\t\t\t<div class=\"elementor-widget-container\">\n\t\t\t<style>\/*! elementor - v3.11.5 - 14-03-2023 *\/\n.elementor-heading-title{padding:0;margin:0;line-height:1}.elementor-widget-heading .elementor-heading-title[class*=elementor-size-]>a{color:inherit;font-size:inherit;line-height:inherit}.elementor-widget-heading .elementor-heading-title.elementor-size-small{font-size:15px}.elementor-widget-heading .elementor-heading-title.elementor-size-medium{font-size:19px}.elementor-widget-heading .elementor-heading-title.elementor-size-large{font-size:29px}.elementor-widget-heading .elementor-heading-title.elementor-size-xl{font-size:39px}.elementor-widget-heading .elementor-heading-title.elementor-size-xxl{font-size:59px}<\/style><h1 class=\"elementor-heading-title elementor-size-default\">Yat\u0131r\u0131m Te\u015fvik Belgesi Dan\u0131\u015fmanl\u0131\u011f\u0131<\/h1>\t\t<\/div>\n\t\t\t\t<\/div>\n\t\t\t\t\t<\/div>\n\t\t<\/div>\n\t\t\t\t\t\t\t<\/div>\n\t\t<\/section>\n\t\t\t\t<section class=\"elementor-section elementor-top-section elementor-element elementor-element-a272f5b elementor-section-boxed elementor-section-height-default elementor-section-height-default\" data-id=\"a272f5b\" data-element_type=\"section\">\n\t\t\t\t\t\t<div class=\"elementor-container elementor-column-gap-default\">\n\t\t\t\t\t<div class=\"elementor-column elementor-col-100 elementor-top-column elementor-element elementor-element-a156493\" data-id=\"a156493\" data-element_type=\"column\">\n\t\t\t<div class=\"elementor-widget-wrap elementor-element-populated\">\n\t\t\t\t\t\t\t\t<div class=\"elementor-element elementor-element-3337da6 elementor-widget elementor-widget-text-editor\" data-id=\"3337da6\" data-element_type=\"widget\" data-widget_type=\"text-editor.default\">\n\t\t\t\t<div class=\"elementor-widget-container\">\n\t\t\t<style>\/*! elementor - v3.11.5 - 14-03-2023 *\/\n.elementor-widget-text-editor.elementor-drop-cap-view-stacked .elementor-drop-cap{background-color:#818a91;color:#fff}.elementor-widget-text-editor.elementor-drop-cap-view-framed .elementor-drop-cap{color:#818a91;border:3px solid;background-color:transparent}.elementor-widget-text-editor:not(.elementor-drop-cap-view-default) .elementor-drop-cap{margin-top:8px}.elementor-widget-text-editor:not(.elementor-drop-cap-view-default) .elementor-drop-cap-letter{width:1em;height:1em}.elementor-widget-text-editor .elementor-drop-cap{float:left;text-align:center;line-height:1;font-size:50px}.elementor-widget-text-editor .elementor-drop-cap-letter{display:inline-block}<\/style>\t\t\t\t<p><span style=\"color: #ff0000;\"><strong>YATIRIM TE\u015eV\u0130K S\u0130STEM\u0130<\/strong><\/span><\/p><p>\u00a0 \u00a0 \u00a0B\u00f6lgesel Te\u015fvik<\/p><p>\u00a0 \u00a0 \u00a0\u00d6ncelikli Yat\u0131r\u0131m Konular\u0131<\/p><p>\u00a0 \u00a0 \u00a0Stratejik Yat\u0131r\u0131mlar<\/p><p>\u00a0 \u00a0 \u00a0Genel Te\u015fvik<\/p><p><span style=\"color: #ff0000;\"><strong>CAZ\u0130BE MERKEZLER\u0130 PROGRAMI<\/strong><\/span><\/p><p><span style=\"color: #ff0000;\"><strong>HAMLE PROGRAMI<\/strong><\/span><\/p>\t\t\t\t\t\t<\/div>\n\t\t\t\t<\/div>\n\t\t\t\t<div class=\"elementor-element elementor-element-628a387 elementor-view-stacked elementor-widget__width-initial elementor-absolute elementor-shape-circle elementor-widget elementor-widget-icon\" data-id=\"628a387\" data-element_type=\"widget\" data-settings=\"{&quot;_position&quot;:&quot;absolute&quot;}\" data-widget_type=\"icon.default\">\n\t\t\t\t<div class=\"elementor-widget-container\">\n\t\t\t\t\t<div class=\"elementor-icon-wrapper\">\n\t\t\t<a class=\"elementor-icon\" href=\"https:\/\/arpdestek.com\/index.php\/yatirim-tesvik-sistemi\/\" target=\"_blank\">\n\t\t\t<i aria-hidden=\"true\" class=\"far fa-hand-point-left\"><\/i>\t\t\t<\/a>\n\t\t<\/div>\n\t\t\t\t<\/div>\n\t\t\t\t<\/div>\n\t\t\t\t<div class=\"elementor-element elementor-element-a3eab14 elementor-view-stacked elementor-widget__width-initial elementor-absolute elementor-shape-circle elementor-widget elementor-widget-icon\" data-id=\"a3eab14\" data-element_type=\"widget\" data-settings=\"{&quot;_position&quot;:&quot;absolute&quot;}\" data-widget_type=\"icon.default\">\n\t\t\t\t<div class=\"elementor-widget-container\">\n\t\t\t\t\t<div class=\"elementor-icon-wrapper\">\n\t\t\t<a class=\"elementor-icon\" href=\"https:\/\/arpdestek.com\/index.php\/cazibe-merkezleri-programi\/\" target=\"_blank\">\n\t\t\t<i aria-hidden=\"true\" class=\"far fa-hand-point-left\"><\/i>\t\t\t<\/a>\n\t\t<\/div>\n\t\t\t\t<\/div>\n\t\t\t\t<\/div>\n\t\t\t\t<div class=\"elementor-element elementor-element-6ea2258 elementor-view-stacked elementor-widget__width-initial elementor-absolute elementor-shape-circle elementor-widget elementor-widget-icon\" data-id=\"6ea2258\" data-element_type=\"widget\" data-settings=\"{&quot;_position&quot;:&quot;absolute&quot;}\" data-widget_type=\"icon.default\">\n\t\t\t\t<div class=\"elementor-widget-container\">\n\t\t\t\t\t<div class=\"elementor-icon-wrapper\">\n\t\t\t<a class=\"elementor-icon\" href=\"https:\/\/arpdestek.com\/index.php\/hamle-programi\/\" target=\"_blank\">\n\t\t\t<i aria-hidden=\"true\" class=\"far fa-hand-point-left\"><\/i>\t\t\t<\/a>\n\t\t<\/div>\n\t\t\t\t<\/div>\n\t\t\t\t<\/div>\n\t\t\t\t\t<\/div>\n\t\t<\/div>\n\t\t\t\t\t\t\t<\/div>\n\t\t<\/section>\n\t\t\t\t\t\t\t<\/div>\n\t\t","protected":false},"excerpt":{"rendered":"<p>Yat\u0131r\u0131m Te\u015fvik Belgesi Dan\u0131\u015fmanl\u0131\u011f\u0131 YATIRIM TE\u015eV\u0130K S\u0130STEM\u0130 \u00a0 \u00a0 \u00a0B\u00f6lgesel Te\u015fvik \u00a0 \u00a0 \u00a0\u00d6ncelikli Yat\u0131r\u0131m Konular\u0131 \u00a0 \u00a0 \u00a0Stratejik Yat\u0131r\u0131mlar \u00a0 \u00a0 \u00a0Genel Te\u015fvik CAZ\u0130BE MERKEZLER\u0130 PROGRAMI HAMLE PROGRAMI<\/p>\n","protected":false},"author":1,"featured_media":0,"parent":0,"menu_order":0,"comment_status":"closed","ping_status":"closed","template":"elementor_header_footer","meta":[],"_links":{"self":[{"href":"https:\/\/arpdestek.com\/index.php\/wp-json\/wp\/v2\/pages\/32"}],"collection":[{"href":"https:\/\/arpdestek.com\/index.php\/wp-json\/wp\/v2\/pages"}],"about":[{"href":"https:\/\/arpdestek.com\/index.php\/wp-json\/wp\/v2\/types\/page"}],"author":[{"embeddable":true,"href":"https:\/\/arpdestek.com\/index.php\/wp-json\/wp\/v2\/users\/1"}],"replies":[{"embeddable":true,"href":"https:\/\/arpdestek.com\/index.php\/wp-json\/wp\/v2\/comments?post=32"}],"version-history":[{"count":14,"href":"https:\/\/arpdestek.com\/index.php\/wp-json\/wp\/v2\/pages\/32\/revisions"}],"predecessor-version":[{"id":378,"href":"https:\/\/arpdestek.com\/index.php\/wp-json\/wp\/v2\/pages\/32\/revisions\/378"}],"wp:attachment":[{"href":"https:\/\/arpdestek.com\/index.php\/wp-json\/wp\/v2\/media?parent=32"}],"curies":[{"name":"wp","href":"https:\/\/api.w.org\/{rel}","templated":true}]}}