{"id":325,"date":"2023-03-18T01:11:39","date_gmt":"2023-03-17T22:11:39","guid":{"rendered":"https:\/\/arpdestek.com\/?page_id=325"},"modified":"2024-05-30T16:33:40","modified_gmt":"2024-05-30T13:33:40","slug":"kobi-finansman-destekleri","status":"publish","type":"page","link":"https:\/\/arpdestek.com\/index.php\/kobi-finansman-destekleri\/","title":{"rendered":"Kobi Dijital D\u00f6n\u00fc\u015f\u00fcm Destek Program\u0131"},"content":{"rendered":"\t\t<div data-elementor-type=\"wp-page\" data-elementor-id=\"325\" class=\"elementor elementor-325\">\n\t\t\t\t\t\t\t\t\t<section class=\"elementor-section elementor-top-section elementor-element elementor-element-c5edd56 elementor-section-boxed elementor-section-height-default elementor-section-height-default\" data-id=\"c5edd56\" data-element_type=\"section\">\n\t\t\t\t\t\t<div class=\"elementor-container elementor-column-gap-default\">\n\t\t\t\t\t<div class=\"elementor-column elementor-col-100 elementor-top-column elementor-element elementor-element-0f0163a\" data-id=\"0f0163a\" data-element_type=\"column\">\n\t\t\t<div class=\"elementor-widget-wrap elementor-element-populated\">\n\t\t\t\t\t\t\t\t<div class=\"elementor-element elementor-element-4ad71b0 elementor-widget elementor-widget-heading\" data-id=\"4ad71b0\" data-element_type=\"widget\" data-widget_type=\"heading.default\">\n\t\t\t\t<div class=\"elementor-widget-container\">\n\t\t\t<style>\/*! elementor - v3.11.5 - 14-03-2023 *\/\n.elementor-heading-title{padding:0;margin:0;line-height:1}.elementor-widget-heading .elementor-heading-title[class*=elementor-size-]>a{color:inherit;font-size:inherit;line-height:inherit}.elementor-widget-heading .elementor-heading-title.elementor-size-small{font-size:15px}.elementor-widget-heading .elementor-heading-title.elementor-size-medium{font-size:19px}.elementor-widget-heading .elementor-heading-title.elementor-size-large{font-size:29px}.elementor-widget-heading .elementor-heading-title.elementor-size-xl{font-size:39px}.elementor-widget-heading .elementor-heading-title.elementor-size-xxl{font-size:59px}<\/style><h2 class=\"elementor-heading-title elementor-size-default\">Kobi Dijital D\u00f6n\u00fc\u015f\u00fcm Destek Program\u0131<\/h2>\t\t<\/div>\n\t\t\t\t<\/div>\n\t\t\t\t\t<\/div>\n\t\t<\/div>\n\t\t\t\t\t\t\t<\/div>\n\t\t<\/section>\n\t\t\t\t<section class=\"elementor-section elementor-top-section elementor-element elementor-element-21d42fd elementor-section-boxed elementor-section-height-default elementor-section-height-default\" data-id=\"21d42fd\" data-element_type=\"section\">\n\t\t\t\t\t\t<div class=\"elementor-container elementor-column-gap-default\">\n\t\t\t\t\t<div class=\"elementor-column elementor-col-100 elementor-top-column elementor-element elementor-element-b216e9b\" data-id=\"b216e9b\" data-element_type=\"column\">\n\t\t\t<div class=\"elementor-widget-wrap elementor-element-populated\">\n\t\t\t\t\t\t\t\t<div class=\"elementor-element elementor-element-2576c26 elementor-widget elementor-widget-text-editor\" data-id=\"2576c26\" data-element_type=\"widget\" data-widget_type=\"text-editor.default\">\n\t\t\t\t<div class=\"elementor-widget-container\">\n\t\t\t<style>\/*! elementor - v3.11.5 - 14-03-2023 *\/\n.elementor-widget-text-editor.elementor-drop-cap-view-stacked .elementor-drop-cap{background-color:#818a91;color:#fff}.elementor-widget-text-editor.elementor-drop-cap-view-framed .elementor-drop-cap{color:#818a91;border:3px solid;background-color:transparent}.elementor-widget-text-editor:not(.elementor-drop-cap-view-default) .elementor-drop-cap{margin-top:8px}.elementor-widget-text-editor:not(.elementor-drop-cap-view-default) .elementor-drop-cap-letter{width:1em;height:1em}.elementor-widget-text-editor .elementor-drop-cap{float:left;text-align:center;line-height:1;font-size:50px}.elementor-widget-text-editor .elementor-drop-cap-letter{display:inline-block}<\/style>\t\t\t\t<p class=\"MsoNormal\" style=\"margin: 12pt 0cm 0.0001pt; text-align: justify; line-height: normal; background-image: initial; background-position: initial; background-size: initial; background-repeat: initial; background-attachment: initial; background-origin: initial; background-clip: initial;\"><b><span style=\"font-size:14.0pt\">KOB\u0130 D\u0130J\u0130TAL D\u00d6N\u00dc\u015e\u00dcM DESTEK\nPROGRAMININ AMACI NED\u0130R?<o:p><\/o:p><\/span><\/b><\/p><p class=\"MsoNormal\" style=\"margin: 6pt 0cm 0.0001pt; text-align: justify; text-indent: 35.4pt; line-height: normal; background-image: initial; background-position: initial; background-size: initial; background-repeat: initial; background-attachment: initial; background-origin: initial; background-clip: initial;\"><span style=\"font-size: 12pt; background-image: initial; background-position: initial; background-size: initial; background-repeat: initial; background-attachment: initial; background-origin: initial; background-clip: initial;\">\u00dclkenin ulusal ve uluslararas\u0131 hedefleri\ndo\u011frultusunda, k\u00fc\u00e7\u00fck ve orta \u00f6l\u00e7ekli i\u015fletmelerin i\u015f s\u00fcre\u00e7lerinin\ngeli\u015ftirilmesi ve verimli hale getirilmesi, rekabet g\u00fc\u00e7lerinin y\u00fckseltilmesi ve\nekonomideki paylar\u0131n\u0131n art\u0131r\u0131lmas\u0131 amac\u0131yla dijital d\u00f6n\u00fc\u015f\u00fcm s\u00fcre\u00e7lerinin\ndesteklenmesidir.<\/span><b><o:p><\/o:p><\/b><\/p><p class=\"MsoNormal\" style=\"margin: 6pt 0cm; text-align: justify; line-height: normal; background-image: initial; background-position: initial; background-size: initial; background-repeat: initial; background-attachment: initial; background-origin: initial; background-clip: initial;\"><b><span style=\"font-size:14.0pt;mso-fareast-font-family:\n&quot;Times New Roman&quot;;mso-bidi-font-family:Helvetica;mso-fareast-language:TR\">KOB\u0130\nD\u0130J\u0130TAL D\u00d6N\u00dc\u015e\u00dcM DESTEK PROGRAMINA K\u0130MLER BA\u015eVURAB\u0130L\u0130R?<o:p><\/o:p><\/span><\/b><\/p><p style=\"margin: 0cm 0cm 7.5pt; text-indent: 35.4pt; background-image: initial; background-position: initial; background-size: initial; background-repeat: initial; background-attachment: initial; background-origin: initial; background-clip: initial;\"><span style=\"font-family:&quot;Calibri&quot;,sans-serif;\nmso-ascii-theme-font:minor-latin;mso-hansi-theme-font:minor-latin;mso-bidi-font-family:\n&quot;Open Sans&quot;\">Bu program kapsam\u0131nda;<o:p><\/o:p><\/span><\/p><p style=\"margin: 0cm 0cm 7.5pt; text-indent: 35.4pt; background-image: initial; background-position: initial; background-size: initial; background-repeat: initial; background-attachment: initial; background-origin: initial; background-clip: initial;\"><span style=\"font-family:&quot;Calibri&quot;,sans-serif;\nmso-ascii-theme-font:minor-latin;mso-hansi-theme-font:minor-latin;mso-bidi-font-family:\n&quot;Open Sans&quot;\">T\u00dcB\u0130TAK T\u00fcrkiye Sanayi Sevk ve \u0130dare Enstit\u00fcs\u00fc (T\u00dcSS\u0130DE)\ntaraf\u0131ndan belgelendirilen dijital d\u00f6n\u00fc\u015f\u00fcm dan\u0131\u015fmanlar\u0131ndan dijital d\u00f6n\u00fc\u015f\u00fcm\ndan\u0131\u015fmanl\u0131\u011f\u0131 hizmeti alm\u0131\u015f, onayl\u0131 Dijital D\u00f6n\u00fc\u015f\u00fcm De\u011ferlendirme Analizi ve Yol\nHaritas\u0131 Raporu bulunan ve<o:p><\/o:p><\/span><\/p><p style=\"margin: 0cm 0cm 7.5pt; text-indent: 35.4pt; background-image: initial; background-position: initial; background-size: initial; background-repeat: initial; background-attachment: initial; background-origin: initial; background-clip: initial;\"><span style=\"font-family:&quot;Calibri&quot;,sans-serif;\nmso-ascii-theme-font:minor-latin;mso-hansi-theme-font:minor-latin;mso-bidi-font-family:\n&quot;Open Sans&quot;\">Son 3 (\u00fc\u00e7) mali y\u0131l \u201cFaaliyet Kar\u0131\u201d veya son mali y\u0131l \u201c\u00d6z\nKaynaklar Toplam\u0131\u201d negatif olmayan i\u015fletmeler ba\u015fvuru yapabilir.<\/span><o:p><\/o:p><\/p><p class=\"MsoNormal\" style=\"margin-top:6.0pt;margin-right:0cm;margin-bottom:6.0pt;\nmargin-left:0cm;text-align:justify;tab-stops:2.0cm\"><b><span style=\"font-size: 14pt; line-height: 107%; background-image: initial; background-position: initial; background-size: initial; background-repeat: initial; background-attachment: initial; background-origin: initial; background-clip: initial;\">KOB\u0130 D\u0130J\u0130TAL D\u00d6N\u00dc\u015e\u00dcM DESTEK PROGRAMININ UNSURLARI NELERD\u0130R?<o:p><\/o:p><\/span><\/b><\/p><p>\n\n\n\n\n\n\n\n\n\n\n\n\n\n<\/p><table class=\"MsoTableGrid\" border=\"1\" cellspacing=\"0\" cellpadding=\"0\" width=\"0\" style=\"width: 439.45pt; margin-left: 6.85pt; border: none;\">\n <tbody><tr>\n  <td width=\"586\" colspan=\"2\" style=\"width: 439.45pt; border-width: 1pt; border-color: windowtext; padding: 4.25pt;\">\n  <p class=\"MsoNormal\" align=\"center\" style=\"margin-bottom:0cm;margin-bottom:.0001pt;\n  text-align:center;line-height:normal\"><b><span style=\"font-size:12.0pt;\n  mso-bidi-font-family:Arial\">KOB\u0130 D\u0130J\u0130TAL D\u00d6N\u00dc\u015e\u00dcM DESTE\u011e\u0130<o:p><\/o:p><\/span><\/b><\/p>\n  <\/td>\n <\/tr>\n <tr style=\"mso-yfti-irow:1;height:13.5pt\">\n  <td width=\"397\" style=\"width: 297.7pt; border-right-width: 1pt; border-bottom-width: 1pt; border-left-width: 1pt; border-right-color: windowtext; border-bottom-color: windowtext; border-left-color: windowtext; border-top: none; padding: 4.25pt; height: 13.5pt;\">\n  <p class=\"MsoNormal\" style=\"margin-bottom:0cm;margin-bottom:.0001pt;text-align:\n  justify;line-height:normal\"><b><span style=\"font-size:12.0pt;mso-bidi-font-family:\n  Arial\">\u0130\u015fletme Ba\u015f\u0131na Kredi Alt Limiti<o:p><\/o:p><\/span><\/b><\/p>\n  <\/td>\n  <td width=\"189\" style=\"width: 5cm; border-top: none; border-left: none; border-bottom-width: 1pt; border-bottom-color: windowtext; border-right-width: 1pt; border-right-color: windowtext; padding: 4.25pt 11.35pt 4.25pt 4.25pt; height: 13.5pt;\">\n  <p class=\"MsoNormal\" align=\"center\" style=\"margin-top:0cm;margin-right:0cm;\n  margin-bottom:0cm;margin-left:5.3pt;margin-bottom:.0001pt;text-align:center;\n  text-indent:-8.25pt;line-height:normal\"><span style=\"font-size:12.0pt;\n  mso-bidi-font-family:Arial;mso-bidi-font-weight:bold\">1.000.000TL<o:p><\/o:p><\/span><\/p>\n  <\/td>\n <\/tr>\n <tr style=\"mso-yfti-irow:2;height:13.5pt\">\n  <td width=\"397\" style=\"width: 297.7pt; border-right-width: 1pt; border-bottom-width: 1pt; border-left-width: 1pt; border-right-color: windowtext; border-bottom-color: windowtext; border-left-color: windowtext; border-top: none; padding: 4.25pt; height: 13.5pt;\">\n  <p class=\"MsoNormal\" style=\"margin-bottom:0cm;margin-bottom:.0001pt;text-align:\n  justify;line-height:normal\"><b><span style=\"font-size:12.0pt;mso-bidi-font-family:\n  Arial\">\u0130\u015fletme Ba\u015f\u0131na Kredi \u00dcst Limiti<o:p><\/o:p><\/span><\/b><\/p>\n  <\/td>\n  <td width=\"189\" style=\"width: 5cm; border-top: none; border-left: none; border-bottom-width: 1pt; border-bottom-color: windowtext; border-right-width: 1pt; border-right-color: windowtext; padding: 4.25pt 11.35pt 4.25pt 4.25pt; height: 13.5pt;\">\n  <p class=\"MsoNormal\" align=\"center\" style=\"margin-top:0cm;margin-right:0cm;\n  margin-bottom:0cm;margin-left:5.3pt;margin-bottom:.0001pt;text-align:center;\n  text-indent:-8.25pt;line-height:normal\"><span style=\"font-size:12.0pt;\n  mso-bidi-font-family:Arial;mso-bidi-font-weight:bold\">20.000.000TL<o:p><\/o:p><\/span><\/p>\n  <\/td>\n <\/tr>\n <tr>\n  <td width=\"397\" style=\"width: 297.7pt; border-right-width: 1pt; border-bottom-width: 1pt; border-left-width: 1pt; border-right-color: windowtext; border-bottom-color: windowtext; border-left-color: windowtext; border-top: none; padding: 4.25pt;\">\n  <p class=\"MsoNormal\" style=\"margin-bottom:0cm;margin-bottom:.0001pt;text-align:\n  justify;line-height:normal\"><b><span style=\"font-size:12.0pt;mso-bidi-font-family:\n  Arial\">Destek Puan\u0131 <o:p><\/o:p><\/span><\/b><\/p>\n  <\/td>\n  <td width=\"189\" style=\"width: 5cm; border-top: none; border-left: none; border-bottom-width: 1pt; border-bottom-color: windowtext; border-right-width: 1pt; border-right-color: windowtext; padding: 4.25pt 11.35pt 4.25pt 4.25pt;\">\n  <p class=\"MsoNormal\" align=\"center\" style=\"margin-bottom:0cm;margin-bottom:.0001pt;\n  text-align:center;line-height:normal\"><span style=\"font-size:12.0pt;\n  mso-bidi-font-family:Arial;mso-bidi-font-weight:bold\">20*<o:p><\/o:p><\/span><\/p>\n  <\/td>\n <\/tr>\n <tr>\n  <td width=\"397\" style=\"width: 297.7pt; border-right-width: 1pt; border-bottom-width: 1pt; border-left-width: 1pt; border-right-color: windowtext; border-bottom-color: windowtext; border-left-color: windowtext; border-top: none; padding: 4.25pt;\">\n  <p class=\"MsoNormal\" style=\"margin-bottom:0cm;margin-bottom:.0001pt;text-align:\n  justify;line-height:normal\"><b><span style=\"font-size:12.0pt;mso-bidi-font-family:\n  Arial\">Program S\u00fcresi<o:p><\/o:p><\/span><\/b><\/p>\n  <\/td>\n  <td width=\"189\" style=\"width: 5cm; border-top: none; border-left: none; border-bottom-width: 1pt; border-bottom-color: windowtext; border-right-width: 1pt; border-right-color: windowtext; padding: 4.25pt 11.35pt 4.25pt 4.25pt;\">\n  <p class=\"MsoNormal\" align=\"center\" style=\"margin-bottom:0cm;margin-bottom:.0001pt;\n  text-align:center;line-height:normal\"><span style=\"font-size:12.0pt;\n  mso-bidi-font-family:Arial;mso-bidi-font-weight:bold\">12 ay<o:p><\/o:p><\/span><\/p>\n  <\/td>\n <\/tr>\n <tr>\n  <td width=\"397\" style=\"width: 297.7pt; border-right-width: 1pt; border-bottom-width: 1pt; border-left-width: 1pt; border-right-color: windowtext; border-bottom-color: windowtext; border-left-color: windowtext; border-top: none; padding: 4.25pt;\">\n  <p class=\"MsoNormal\" style=\"margin-bottom:0cm;margin-bottom:.0001pt;text-align:\n  justify;line-height:normal\"><b><span style=\"font-size:12.0pt;mso-bidi-font-family:\n  Arial\">Azami Kredi Vadesi<o:p><\/o:p><\/span><\/b><\/p>\n  <\/td>\n  <td width=\"189\" style=\"width: 5cm; border-top: none; border-left: none; border-bottom-width: 1pt; border-bottom-color: windowtext; border-right-width: 1pt; border-right-color: windowtext; padding: 4.25pt 11.35pt 4.25pt 4.25pt;\">\n  <p class=\"MsoNormal\" align=\"center\" style=\"margin-bottom:0cm;margin-bottom:.0001pt;\n  text-align:center;line-height:normal\"><span style=\"font-size:12.0pt;\n  mso-bidi-font-family:Arial;mso-bidi-font-weight:bold\">36 ay<o:p><\/o:p><\/span><\/p>\n  <\/td>\n <\/tr>\n <tr>\n  <td width=\"397\" style=\"width: 297.7pt; border-right-width: 1pt; border-bottom-width: 1pt; border-left-width: 1pt; border-right-color: windowtext; border-bottom-color: windowtext; border-left-color: windowtext; border-top: none; padding: 4.25pt;\">\n  <p class=\"MsoNormal\" style=\"margin-bottom:0cm;margin-bottom:.0001pt;text-align:\n  justify;line-height:normal\"><b><span style=\"font-size:12.0pt;mso-bidi-font-family:\n  Arial\">Destek<o:p><\/o:p><\/span><\/b><\/p>\n  <\/td>\n  <td width=\"189\" style=\"width: 5cm; border-top: none; border-left: none; border-bottom-width: 1pt; border-bottom-color: windowtext; border-right-width: 1pt; border-right-color: windowtext; padding: 4.25pt 11.35pt 4.25pt 4.25pt;\">\n  <p class=\"MsoNormal\" style=\"margin-bottom:0cm;margin-bottom:.0001pt;text-align:\n  justify;line-height:normal\"><span style=\"font-size:12.0pt;mso-bidi-font-family:\n  Arial;mso-bidi-font-weight:bold\">Makine, te\u00e7hizat, yaz\u0131l\u0131m ve donan\u0131n\n  giderleri<o:p><\/o:p><\/span><\/p>\n  <\/td>\n <\/tr>\n <tr>\n  <td width=\"397\" style=\"width: 297.7pt; border-right-width: 1pt; border-bottom-width: 1pt; border-left-width: 1pt; border-right-color: windowtext; border-bottom-color: windowtext; border-left-color: windowtext; border-top: none; padding: 4.25pt;\">\n  <p class=\"MsoNormal\" style=\"margin-bottom:0cm;margin-bottom:.0001pt;text-align:\n  justify;line-height:normal\"><b><span style=\"font-size:12.0pt;mso-bidi-font-family:\n  Arial\">Destek Program\u0131 kapsam\u0131nda protokole taraf bankalar**<o:p><\/o:p><\/span><\/b><\/p>\n  <\/td>\n  <td width=\"189\" style=\"width: 5cm; border-top: none; border-left: none; border-bottom-width: 1pt; border-bottom-color: windowtext; border-right-width: 1pt; border-right-color: windowtext; padding: 4.25pt 11.35pt 4.25pt 4.25pt;\">\n  <p class=\"MsoNormal\" style=\"margin-bottom:0cm;margin-bottom:.0001pt;text-align:\n  justify;line-height:normal\"><span style=\"font-size:12.0pt;mso-bidi-font-family:\n  Arial;mso-bidi-font-weight:bold\">T\u00fcrk Ekonomi Bankas\u0131 A.\u015e. (TEB)<o:p><\/o:p><\/span><\/p>\n  <\/td>\n <\/tr>\n <tr>\n  <td width=\"586\" colspan=\"2\" style=\"width: 439.45pt; border-right-width: 1pt; border-bottom-width: 1pt; border-left-width: 1pt; border-right-color: windowtext; border-bottom-color: windowtext; border-left-color: windowtext; border-top: none; padding: 4.25pt;\">\n  <p class=\"MsoNormal\" style=\"margin-bottom:0cm;margin-bottom:.0001pt;text-align:\n  justify;line-height:normal\">*Destek\n  Puan\u0131, KOSGEB Ba\u015fkanl\u0131\u011f\u0131 taraf\u0131ndan belirlenir. <span style=\"mso-bidi-font-family:&quot;Open Sans&quot;;background:#F2F2F2\"><o:p><\/o:p><\/span><\/p>\n  <\/td>\n <\/tr>\n <tr>\n  <td width=\"586\" colspan=\"2\" style=\"width: 439.45pt; border-right-width: 1pt; border-bottom-width: 1pt; border-left-width: 1pt; border-right-color: windowtext; border-bottom-color: windowtext; border-left-color: windowtext; border-top: none; padding: 4.25pt;\">\n  <p class=\"MsoNormal\" style=\"margin-bottom:0cm;margin-bottom:.0001pt;text-align:\n  justify;line-height:normal\">**Bankalar,\n  Avrupa \u0130mar ve Kalk\u0131nma Bankas\u0131 (EBRD) ve KOSGEB aras\u0131nda imzalanan Mutabakat\n  Zapt\u0131 ve bankalarla yap\u0131lan i\u015fbirli\u011fi protokolleri kapsam\u0131nda\n  belirlenmektedir. <span style=\"mso-bidi-font-family:&quot;Open Sans&quot;;\n  background:#F2F2F2\"><o:p><\/o:p><\/span><\/p>\n  <\/td>\n <\/tr>\n<\/tbody><\/table>\t\t\t\t\t\t<\/div>\n\t\t\t\t<\/div>\n\t\t\t\t\t<\/div>\n\t\t<\/div>\n\t\t\t\t\t\t\t<\/div>\n\t\t<\/section>\n\t\t\t\t\t\t\t<\/div>\n\t\t","protected":false},"excerpt":{"rendered":"<p>Kobi Dijital D\u00f6n\u00fc\u015f\u00fcm Destek Program\u0131 KOB\u0130 D\u0130J\u0130TAL D\u00d6N\u00dc\u015e\u00dcM DESTEK PROGRAMININ AMACI NED\u0130R? \u00dclkenin ulusal ve uluslararas\u0131 hedefleri do\u011frultusunda, k\u00fc\u00e7\u00fck ve orta \u00f6l\u00e7ekli i\u015fletmelerin i\u015f s\u00fcre\u00e7lerinin geli\u015ftirilmesi ve verimli hale getirilmesi, rekabet g\u00fc\u00e7lerinin y\u00fckseltilmesi ve ekonomideki paylar\u0131n\u0131n art\u0131r\u0131lmas\u0131 amac\u0131yla dijital d\u00f6n\u00fc\u015f\u00fcm s\u00fcre\u00e7lerinin desteklenmesidir. KOB\u0130 D\u0130J\u0130TAL D\u00d6N\u00dc\u015e\u00dcM DESTEK PROGRAMINA K\u0130MLER BA\u015eVURAB\u0130L\u0130R? Bu program kapsam\u0131nda; T\u00dcB\u0130TAK T\u00fcrkiye Sanayi [&hellip;]<\/p>\n","protected":false},"author":1,"featured_media":0,"parent":0,"menu_order":0,"comment_status":"closed","ping_status":"closed","template":"elementor_header_footer","meta":[],"_links":{"self":[{"href":"https:\/\/arpdestek.com\/index.php\/wp-json\/wp\/v2\/pages\/325"}],"collection":[{"href":"https:\/\/arpdestek.com\/index.php\/wp-json\/wp\/v2\/pages"}],"about":[{"href":"https:\/\/arpdestek.com\/index.php\/wp-json\/wp\/v2\/types\/page"}],"author":[{"embeddable":true,"href":"https:\/\/arpdestek.com\/index.php\/wp-json\/wp\/v2\/users\/1"}],"replies":[{"embeddable":true,"href":"https:\/\/arpdestek.com\/index.php\/wp-json\/wp\/v2\/comments?post=325"}],"version-history":[{"count":15,"href":"https:\/\/arpdestek.com\/index.php\/wp-json\/wp\/v2\/pages\/325\/revisions"}],"predecessor-version":[{"id":880,"href":"https:\/\/arpdestek.com\/index.php\/wp-json\/wp\/v2\/pages\/325\/revisions\/880"}],"wp:attachment":[{"href":"https:\/\/arpdestek.com\/index.php\/wp-json\/wp\/v2\/media?parent=325"}],"curies":[{"name":"wp","href":"https:\/\/api.w.org\/{rel}","templated":true}]}}