{"id":333,"date":"2023-03-18T01:14:17","date_gmt":"2023-03-17T22:14:17","guid":{"rendered":"https:\/\/arpdestek.com\/?page_id=333"},"modified":"2024-05-30T16:16:45","modified_gmt":"2024-05-30T13:16:45","slug":"isgem-tekmer-destekleri","status":"publish","type":"page","link":"https:\/\/arpdestek.com\/index.php\/isgem-tekmer-destekleri\/","title":{"rendered":"Ye\u015fil Sanayi Destek Program\u0131\u200b"},"content":{"rendered":"\t\t<div data-elementor-type=\"wp-page\" data-elementor-id=\"333\" class=\"elementor elementor-333\">\n\t\t\t\t\t\t\t\t\t<section class=\"elementor-section elementor-top-section elementor-element elementor-element-9b84aea elementor-section-boxed elementor-section-height-default elementor-section-height-default\" data-id=\"9b84aea\" data-element_type=\"section\">\n\t\t\t\t\t\t<div class=\"elementor-container elementor-column-gap-default\">\n\t\t\t\t\t<div class=\"elementor-column elementor-col-100 elementor-top-column elementor-element elementor-element-16af428\" data-id=\"16af428\" data-element_type=\"column\">\n\t\t\t<div class=\"elementor-widget-wrap elementor-element-populated\">\n\t\t\t\t\t\t\t\t<div class=\"elementor-element elementor-element-710aa7b elementor-widget elementor-widget-heading\" data-id=\"710aa7b\" data-element_type=\"widget\" data-widget_type=\"heading.default\">\n\t\t\t\t<div class=\"elementor-widget-container\">\n\t\t\t<style>\/*! elementor - v3.11.5 - 14-03-2023 *\/\n.elementor-heading-title{padding:0;margin:0;line-height:1}.elementor-widget-heading .elementor-heading-title[class*=elementor-size-]>a{color:inherit;font-size:inherit;line-height:inherit}.elementor-widget-heading .elementor-heading-title.elementor-size-small{font-size:15px}.elementor-widget-heading .elementor-heading-title.elementor-size-medium{font-size:19px}.elementor-widget-heading .elementor-heading-title.elementor-size-large{font-size:29px}.elementor-widget-heading .elementor-heading-title.elementor-size-xl{font-size:39px}.elementor-widget-heading .elementor-heading-title.elementor-size-xxl{font-size:59px}<\/style><h2 class=\"elementor-heading-title elementor-size-default\">Ye\u015fil Sanayi Destek Program\u0131<\/h2>\t\t<\/div>\n\t\t\t\t<\/div>\n\t\t\t\t\t<\/div>\n\t\t<\/div>\n\t\t\t\t\t\t\t<\/div>\n\t\t<\/section>\n\t\t\t\t<section class=\"elementor-section elementor-top-section elementor-element elementor-element-d39cac3 elementor-section-boxed elementor-section-height-default elementor-section-height-default\" data-id=\"d39cac3\" data-element_type=\"section\">\n\t\t\t\t\t\t<div class=\"elementor-container elementor-column-gap-default\">\n\t\t\t\t\t<div class=\"elementor-column elementor-col-100 elementor-top-column elementor-element elementor-element-03af6f4\" data-id=\"03af6f4\" data-element_type=\"column\">\n\t\t\t<div class=\"elementor-widget-wrap elementor-element-populated\">\n\t\t\t\t\t\t\t\t<div class=\"elementor-element elementor-element-72b27a7 elementor-widget elementor-widget-text-editor\" data-id=\"72b27a7\" data-element_type=\"widget\" data-widget_type=\"text-editor.default\">\n\t\t\t\t<div class=\"elementor-widget-container\">\n\t\t\t<style>\/*! elementor - v3.11.5 - 14-03-2023 *\/\n.elementor-widget-text-editor.elementor-drop-cap-view-stacked .elementor-drop-cap{background-color:#818a91;color:#fff}.elementor-widget-text-editor.elementor-drop-cap-view-framed .elementor-drop-cap{color:#818a91;border:3px solid;background-color:transparent}.elementor-widget-text-editor:not(.elementor-drop-cap-view-default) .elementor-drop-cap{margin-top:8px}.elementor-widget-text-editor:not(.elementor-drop-cap-view-default) .elementor-drop-cap-letter{width:1em;height:1em}.elementor-widget-text-editor .elementor-drop-cap{float:left;text-align:center;line-height:1;font-size:50px}.elementor-widget-text-editor .elementor-drop-cap-letter{display:inline-block}<\/style>\t\t\t\t<p class=\"MsoNormal\" style=\"margin: 12pt 0cm 0.0001pt; text-align: justify; line-height: normal; background-image: initial; background-position: initial; background-size: initial; background-repeat: initial; background-attachment: initial; background-origin: initial; background-clip: initial;\"><b><span style=\"font-size:14.0pt\">YE\u015e\u0130L SANAY\u0130 DESTEK\nPROGRAMININ AMACI NED\u0130R?<o:p><\/o:p><\/span><\/b><\/p><p class=\"MsoNormal\" style=\"margin: 6pt 0cm 0.0001pt; text-align: justify; text-indent: 35.4pt; line-height: normal; background-image: initial; background-position: initial; background-size: initial; background-repeat: initial; background-attachment: initial; background-origin: initial; background-clip: initial;\"><span style=\"font-size: 12pt; background-image: initial; background-position: initial; background-size: initial; background-repeat: initial; background-attachment: initial; background-origin: initial; background-clip: initial;\">K\u00fc\u00e7\u00fck ve orta \u00f6l\u00e7ekli i\u015fletmelerin ye\u015fil\nd\u00f6n\u00fc\u015f\u00fcm\u00fcn\u00fc verimli bir \u015fekilde ger\u00e7ekle\u015ftirmelerine katk\u0131 sa\u011flamakt\u0131r.<o:p><\/o:p><\/span><\/p><p class=\"MsoNormal\" style=\"margin: 6pt 0cm 0.0001pt; text-align: justify; text-indent: 35.4pt; line-height: normal; background-image: initial; background-position: initial; background-size: initial; background-repeat: initial; background-attachment: initial; background-origin: initial; background-clip: initial;\"><b>&nbsp;<\/b><\/p><p class=\"MsoNormal\" style=\"margin: 6pt 0cm; text-align: justify; line-height: normal; background-image: initial; background-position: initial; background-size: initial; background-repeat: initial; background-attachment: initial; background-origin: initial; background-clip: initial;\"><b><span style=\"font-size:14.0pt;mso-fareast-font-family:\n&quot;Times New Roman&quot;;mso-bidi-font-family:Helvetica;mso-fareast-language:TR\">YE\u015e\u0130L\nSANAY\u0130 DESTEK PROGRAMINA K\u0130MLER BA\u015eVURAB\u0130L\u0130R?<o:p><\/o:p><\/span><\/b><\/p><p style=\"margin: 0cm 0cm 7.5pt; text-indent: 35.4pt; background-image: initial; background-position: initial; background-size: initial; background-repeat: initial; background-attachment: initial; background-origin: initial; background-clip: initial;\"><span style=\"font-family:&quot;Calibri&quot;,sans-serif;\nmso-ascii-theme-font:minor-latin;mso-hansi-theme-font:minor-latin;mso-bidi-font-family:\n&quot;Open Sans&quot;\">K\u00fc\u00e7\u00fck ve orta \u00f6l\u00e7ekli i\u015fletmeler ba\u015fvuru yapabilir.<o:p><\/o:p><\/span><\/p><p class=\"MsoNormal\" style=\"margin-top:6.0pt;margin-right:0cm;margin-bottom:6.0pt;\nmargin-left:0cm;text-align:justify;tab-stops:2.0cm\"><span style=\"font-size:\n12.0pt;line-height:107%;font-family:&quot;Times New Roman&quot;,serif;mso-fareast-font-family:\n&quot;Times New Roman&quot;;mso-bidi-font-family:Helvetica;mso-fareast-language:TR\">&nbsp;<\/span><\/p><p class=\"MsoNormal\" style=\"margin-top:6.0pt;margin-right:0cm;margin-bottom:6.0pt;\nmargin-left:0cm;text-align:justify;tab-stops:2.0cm\"><b><span style=\"font-size: 14pt; line-height: 107%; background-image: initial; background-position: initial; background-size: initial; background-repeat: initial; background-attachment: initial; background-origin: initial; background-clip: initial;\">YE\u015e\u0130L SANAY\u0130 DESTEK PROGRAMININ UNSURLARI NELERD\u0130R?<o:p><\/o:p><\/span><\/b><\/p><table class=\"MsoTableGrid\" border=\"1\" cellspacing=\"0\" cellpadding=\"0\" style=\"margin-left: 6.85pt; border: none;\">\n <tbody><tr>\n  <td width=\"556\" colspan=\"3\" style=\"width: 438.05pt; border-width: 1pt; border-color: windowtext; padding: 2.85pt 4.25pt;\">\n  <p class=\"MsoNormal\" align=\"center\" style=\"margin-bottom:0cm;margin-bottom:.0001pt;\n  text-align:center;line-height:normal\"><b><span style=\"font-size:12.0pt\">YE\u015e\u0130L\n  SANAY\u0130 DESTEK UNSURLARI TABLOSU<o:p><\/o:p><\/span><\/b><\/p>\n  <\/td>\n <\/tr>\n <tr>\n  <td width=\"117\" style=\"width: 92.15pt; border-right-width: 1pt; border-bottom-width: 1pt; border-left-width: 1pt; border-right-color: windowtext; border-bottom-color: windowtext; border-left-color: windowtext; border-top: none; padding: 2.85pt 4.25pt;\">\n  <p class=\"MsoNormal\" style=\"margin-bottom:0cm;margin-bottom:.0001pt;text-align:\n  justify;line-height:normal\"><b><span style=\"font-size:12.0pt\">&nbsp;<\/span><\/b><\/p>\n  <\/td>\n  <td width=\"217\" style=\"width: 6cm; border-top: none; border-left: none; border-bottom-width: 1pt; border-bottom-color: windowtext; border-right-width: 1pt; border-right-color: windowtext; padding: 2.85pt 4.25pt;\">\n  <p class=\"MsoNormal\" style=\"margin-bottom:0cm;margin-bottom:.0001pt;text-align:\n  justify;line-height:normal\"><b><span style=\"font-size:12.0pt\">KOB\u0130\u2019lerin G\u00fcne\u015f\n  Enerjisi Yat\u0131r\u0131mlar\u0131n\u0131n Desteklenmesi<o:p><\/o:p><\/span><\/b><\/p>\n  <\/td>\n  <td width=\"222\" style=\"width: 175.8pt; border-top: none; border-left: none; border-bottom-width: 1pt; border-bottom-color: windowtext; border-right-width: 1pt; border-right-color: windowtext; padding: 2.85pt 4.25pt;\">\n  <p class=\"MsoNormal\" style=\"margin-bottom:0cm;margin-bottom:.0001pt;text-align:\n  justify;line-height:normal\"><b><span style=\"font-size:12.0pt\">Sanayide Temiz\n  ve D\u00f6ng\u00fcsel Ekonomi<o:p><\/o:p><\/span><\/b><\/p>\n  <\/td>\n <\/tr>\n <tr>\n  <td width=\"117\" style=\"width: 92.15pt; border-right-width: 1pt; border-bottom-width: 1pt; border-left-width: 1pt; border-right-color: windowtext; border-bottom-color: windowtext; border-left-color: windowtext; border-top: none; padding: 2.85pt 4.25pt;\">\n  <p class=\"MsoNormal\" style=\"margin-bottom:0cm;margin-bottom:.0001pt;text-align:\n  justify;line-height:normal\"><b><span style=\"font-size:12.0pt\">Destek \u00dcst\n  Limit<o:p><\/o:p><\/span><\/b><\/p>\n  <\/td>\n  <td width=\"217\" style=\"width: 6cm; border-top: none; border-left: none; border-bottom-width: 1pt; border-bottom-color: windowtext; border-right-width: 1pt; border-right-color: windowtext; padding: 2.85pt 4.25pt;\">\n  <p class=\"MsoNormal\" align=\"center\" style=\"margin-bottom:0cm;margin-bottom:.0001pt;\n  text-align:center;line-height:normal\"><span style=\"font-size:12.0pt\">14.000.000TL<o:p><\/o:p><\/span><\/p>\n  <\/td>\n  <td width=\"222\" style=\"width: 175.8pt; border-top: none; border-left: none; border-bottom-width: 1pt; border-bottom-color: windowtext; border-right-width: 1pt; border-right-color: windowtext; padding: 2.85pt 4.25pt;\">\n  <p class=\"MsoNormal\" align=\"center\" style=\"margin-bottom:0cm;margin-bottom:.0001pt;\n  text-align:center;line-height:normal\"><span style=\"font-size:12.0pt\">4.000.000TL<o:p><\/o:p><\/span><\/p>\n  <\/td>\n <\/tr>\n <tr>\n  <td width=\"117\" style=\"width: 92.15pt; border-right-width: 1pt; border-bottom-width: 1pt; border-left-width: 1pt; border-right-color: windowtext; border-bottom-color: windowtext; border-left-color: windowtext; border-top: none; padding: 2.85pt 4.25pt;\">\n  <p class=\"MsoNormal\" style=\"margin-bottom:0cm;margin-bottom:.0001pt;text-align:\n  justify;line-height:normal\"><b><span style=\"font-size:12.0pt\">Destek Oran\u0131<o:p><\/o:p><\/span><\/b><\/p>\n  <\/td>\n  <td width=\"217\" style=\"width: 6cm; border-top: none; border-left: none; border-bottom-width: 1pt; border-bottom-color: windowtext; border-right-width: 1pt; border-right-color: windowtext; padding: 2.85pt 4.25pt;\">\n  <p class=\"MsoNormal\" align=\"center\" style=\"margin-bottom:0cm;margin-bottom:.0001pt;\n  text-align:center;line-height:normal\"><span style=\"font-size:12.0pt\">%60*<o:p><\/o:p><\/span><\/p>\n  <\/td>\n  <td width=\"222\" style=\"width: 175.8pt; border-top: none; border-left: none; border-bottom-width: 1pt; border-bottom-color: windowtext; border-right-width: 1pt; border-right-color: windowtext; padding: 2.85pt 4.25pt;\">\n  <p class=\"MsoNormal\" align=\"center\" style=\"margin-bottom:0cm;margin-bottom:.0001pt;\n  text-align:center;line-height:normal\"><span style=\"font-size:12.0pt\">%70*<o:p><\/o:p><\/span><\/p>\n  <\/td>\n <\/tr>\n <tr>\n  <td width=\"117\" style=\"width: 92.15pt; border-right-width: 1pt; border-bottom-width: 1pt; border-left-width: 1pt; border-right-color: windowtext; border-bottom-color: windowtext; border-left-color: windowtext; border-top: none; padding: 2.85pt 4.25pt;\">\n  <p class=\"MsoNormal\" style=\"margin-bottom:0cm;margin-bottom:.0001pt;text-align:\n  justify;line-height:normal\"><b><span style=\"font-size:12.0pt\">Proje S\u00fcresi<o:p><\/o:p><\/span><\/b><\/p>\n  <\/td>\n  <td width=\"439\" colspan=\"2\" style=\"width: 345.9pt; border-top: none; border-left: none; border-bottom-width: 1pt; border-bottom-color: windowtext; border-right-width: 1pt; border-right-color: windowtext; padding: 2.85pt 4.25pt;\">\n  <p class=\"MsoNormal\" align=\"center\" style=\"margin-bottom:0cm;margin-bottom:.0001pt;\n  text-align:center;line-height:normal\"><span style=\"font-size:12.0pt\">En az 8\n  ay, en fazla 12 ay<o:p><\/o:p><\/span><\/p>\n  <\/td>\n <\/tr>\n <tr>\n  <td width=\"117\" style=\"width: 92.15pt; border-right-width: 1pt; border-bottom-width: 1pt; border-left-width: 1pt; border-right-color: windowtext; border-bottom-color: windowtext; border-left-color: windowtext; border-top: none; padding: 2.85pt 4.25pt;\">\n  <p class=\"MsoNormal\" style=\"margin-bottom:0cm;margin-bottom:.0001pt;text-align:\n  justify;line-height:normal\"><b><span style=\"font-size:12.0pt\">Destek<o:p><\/o:p><\/span><\/b><\/p>\n  <\/td>\n  <td width=\"217\" style=\"width: 6cm; border-top: none; border-left: none; border-bottom-width: 1pt; border-bottom-color: windowtext; border-right-width: 1pt; border-right-color: windowtext; padding: 2.85pt 4.25pt;\">\n  <p class=\"MsoNormal\" style=\"margin-bottom:0cm;margin-bottom:.0001pt;line-height:\n  normal\"><span style=\"font-size:12.0pt\">Makine, te\u00e7hizat giderleri<o:p><\/o:p><\/span><\/p>\n  <\/td>\n  <td width=\"222\" style=\"width: 175.8pt; border-top: none; border-left: none; border-bottom-width: 1pt; border-bottom-color: windowtext; border-right-width: 1pt; border-right-color: windowtext; padding: 2.85pt 4.25pt;\">\n  <p class=\"MsoNormal\" style=\"margin-bottom:0cm;margin-bottom:.0001pt;line-height:\n  normal\"><span style=\"font-size:12.0pt\">Personel Giderleri<o:p><\/o:p><\/span><\/p>\n  <p class=\"MsoNormal\" style=\"margin-bottom:0cm;margin-bottom:.0001pt;line-height:\n  normal\"><span style=\"font-size:12.0pt\">Makine, Te\u00e7hizat Giderleri<o:p><\/o:p><\/span><\/p>\n  <p class=\"MsoNormal\" style=\"margin-bottom:0cm;margin-bottom:.0001pt;line-height:\n  normal\"><span style=\"font-size:12.0pt\">Yaz\u0131l\u0131m Giderleri<o:p><\/o:p><\/span><\/p>\n  <p class=\"MsoNormal\" style=\"margin-bottom:0cm;margin-bottom:.0001pt;line-height:\n  normal\"><span style=\"font-size:12.0pt\">Hizmet Al\u0131m Giderleri<o:p><\/o:p><\/span><\/p>\n  <\/td>\n <\/tr>\n <tr>\n  <td width=\"556\" colspan=\"3\" style=\"width: 438.05pt; border-right-width: 1pt; border-bottom-width: 1pt; border-left-width: 1pt; border-right-color: windowtext; border-bottom-color: windowtext; border-left-color: windowtext; border-top: none; padding: 2.85pt 4.25pt;\">\n  <p class=\"MsoNormal\" style=\"margin-bottom:0cm;margin-bottom:.0001pt;text-align:\n  justify;line-height:normal\"><span style=\"mso-bidi-font-family:&quot;Open Sans&quot;;\n  background:white\">*Adana, Diyarbak\u0131r, Elaz\u0131\u011f, Gaziantep (Nurda\u011f\u0131 ve \u0130slahiye\n  hari\u00e7), Kilis, Osmaniye ve \u015eanl\u0131urfa illerinde faaliyet g\u00f6steren\n  i\u015fletmelerden i\u015fyeri hasar g\u00f6ren ve bu durumu belgeleyen (a\u011f\u0131r hasarl\u0131 veya\n  acil y\u0131k\u0131lacak bina) i\u015fletmelerin bu illerde ger\u00e7ekle\u015ftirecekleri projelerde\n  destek oran\u0131&nbsp;<strong><span style=\"font-family:&quot;Calibri&quot;,sans-serif;\n  mso-ascii-theme-font:minor-latin;mso-hansi-theme-font:minor-latin;mso-bidi-font-family:\n  &quot;Open Sans&quot;\">%80 olarak&nbsp;<\/span><\/strong>uygulan\u0131r.<\/span><b><o:p><\/o:p><\/b><\/p>\n  <\/td>\n <\/tr>\n <tr>\n  <td width=\"556\" colspan=\"3\" style=\"width: 438.05pt; border-right-width: 1pt; border-bottom-width: 1pt; border-left-width: 1pt; border-right-color: windowtext; border-bottom-color: windowtext; border-left-color: windowtext; border-top: none; padding: 2.85pt 4.25pt;\">\n  <p class=\"MsoNormal\" style=\"margin-bottom:0cm;margin-bottom:.0001pt;text-align:\n  justify;line-height:normal\"><span style=\"background-image: initial; background-position: initial; background-size: initial; background-repeat: initial; background-attachment: initial; background-origin: initial; background-clip: initial;\">*Ad\u0131yaman, Hatay, Kahramanmara\u015f ve Malatya illeri ile\n  Gaziantep\u2019 in \u0130slahiye ve Nurda\u011f\u0131 il\u00e7elerinde faaliyet g\u00f6steren i\u015fletmelerden\n  i\u015fyeri hasar g\u00f6ren ve bu durumu belgeleyen (az hasarl\u0131, orta hasarl\u0131, a\u011f\u0131r\n  hasarl\u0131 veya acil y\u0131k\u0131lacak bina) i\u015fletmelerin bu illerde\n  ger\u00e7ekle\u015ftirecekleri projelerde destek oran\u0131&nbsp;<strong><span style=\"font-family:&quot;Calibri&quot;,sans-serif;mso-ascii-theme-font:minor-latin;\n  mso-hansi-theme-font:minor-latin;mso-bidi-font-family:&quot;Open Sans&quot;\">%90\n  olarak&nbsp;<\/span><\/strong>uygulan\u0131r.<\/span><b><o:p><\/o:p><\/b><\/p>\n  <\/td>\n <\/tr>\n<\/tbody><\/table><p>\n\n\n\n\n\n\n\n\n\n\n\n\n\n\n\n<\/p><p class=\"MsoNormal\" style=\"margin: 12pt 0cm 0.0001pt; text-align: justify; line-height: normal; background-image: initial; background-position: initial; background-size: initial; background-repeat: initial; background-attachment: initial; background-origin: initial; background-clip: initial;\"><b><span style=\"font-size:14.0pt\">&nbsp;<\/span><\/b><\/p>\t\t\t\t\t\t<\/div>\n\t\t\t\t<\/div>\n\t\t\t\t\t<\/div>\n\t\t<\/div>\n\t\t\t\t\t\t\t<\/div>\n\t\t<\/section>\n\t\t\t\t\t\t\t<\/div>\n\t\t","protected":false},"excerpt":{"rendered":"<p>Ye\u015fil Sanayi Destek Program\u0131 YE\u015e\u0130L SANAY\u0130 DESTEK PROGRAMININ AMACI NED\u0130R? K\u00fc\u00e7\u00fck ve orta \u00f6l\u00e7ekli i\u015fletmelerin ye\u015fil d\u00f6n\u00fc\u015f\u00fcm\u00fcn\u00fc verimli bir \u015fekilde ger\u00e7ekle\u015ftirmelerine katk\u0131 sa\u011flamakt\u0131r. &nbsp; YE\u015e\u0130L SANAY\u0130 DESTEK PROGRAMINA K\u0130MLER BA\u015eVURAB\u0130L\u0130R? K\u00fc\u00e7\u00fck ve orta \u00f6l\u00e7ekli i\u015fletmeler ba\u015fvuru yapabilir. &nbsp; YE\u015e\u0130L SANAY\u0130 DESTEK PROGRAMININ UNSURLARI NELERD\u0130R? YE\u015e\u0130L SANAY\u0130 DESTEK UNSURLARI TABLOSU &nbsp; KOB\u0130\u2019lerin G\u00fcne\u015f Enerjisi Yat\u0131r\u0131mlar\u0131n\u0131n Desteklenmesi [&hellip;]<\/p>\n","protected":false},"author":1,"featured_media":0,"parent":0,"menu_order":0,"comment_status":"closed","ping_status":"closed","template":"elementor_header_footer","meta":[],"_links":{"self":[{"href":"https:\/\/arpdestek.com\/index.php\/wp-json\/wp\/v2\/pages\/333"}],"collection":[{"href":"https:\/\/arpdestek.com\/index.php\/wp-json\/wp\/v2\/pages"}],"about":[{"href":"https:\/\/arpdestek.com\/index.php\/wp-json\/wp\/v2\/types\/page"}],"author":[{"embeddable":true,"href":"https:\/\/arpdestek.com\/index.php\/wp-json\/wp\/v2\/users\/1"}],"replies":[{"embeddable":true,"href":"https:\/\/arpdestek.com\/index.php\/wp-json\/wp\/v2\/comments?post=333"}],"version-history":[{"count":13,"href":"https:\/\/arpdestek.com\/index.php\/wp-json\/wp\/v2\/pages\/333\/revisions"}],"predecessor-version":[{"id":832,"href":"https:\/\/arpdestek.com\/index.php\/wp-json\/wp\/v2\/pages\/333\/revisions\/832"}],"wp:attachment":[{"href":"https:\/\/arpdestek.com\/index.php\/wp-json\/wp\/v2\/media?parent=333"}],"curies":[{"name":"wp","href":"https:\/\/api.w.org\/{rel}","templated":true}]}}