{"id":341,"date":"2023-03-18T01:17:04","date_gmt":"2023-03-17T22:17:04","guid":{"rendered":"https:\/\/arpdestek.com\/?page_id=341"},"modified":"2024-05-30T16:35:30","modified_gmt":"2024-05-30T13:35:30","slug":"rehberlik-ve-danismanlik-hizmetleri","status":"publish","type":"page","link":"https:\/\/arpdestek.com\/index.php\/rehberlik-ve-danismanlik-hizmetleri\/","title":{"rendered":"KOB\u0130 Teknolojik \u00dcr\u00fcn Yat\u0131r\u0131m (Teknoyat\u0131r\u0131m) Destek Program\u0131"},"content":{"rendered":"\t\t<div data-elementor-type=\"wp-page\" data-elementor-id=\"341\" class=\"elementor elementor-341\">\n\t\t\t\t\t\t\t\t\t<section class=\"elementor-section elementor-top-section elementor-element elementor-element-4783a98 elementor-section-boxed elementor-section-height-default elementor-section-height-default\" data-id=\"4783a98\" data-element_type=\"section\">\n\t\t\t\t\t\t<div class=\"elementor-container elementor-column-gap-default\">\n\t\t\t\t\t<div class=\"elementor-column elementor-col-100 elementor-top-column elementor-element elementor-element-30a5618\" data-id=\"30a5618\" data-element_type=\"column\">\n\t\t\t<div class=\"elementor-widget-wrap elementor-element-populated\">\n\t\t\t\t\t\t\t\t<div class=\"elementor-element elementor-element-0d39e71 elementor-widget elementor-widget-heading\" data-id=\"0d39e71\" data-element_type=\"widget\" data-widget_type=\"heading.default\">\n\t\t\t\t<div class=\"elementor-widget-container\">\n\t\t\t<style>\/*! elementor - v3.11.5 - 14-03-2023 *\/\n.elementor-heading-title{padding:0;margin:0;line-height:1}.elementor-widget-heading .elementor-heading-title[class*=elementor-size-]>a{color:inherit;font-size:inherit;line-height:inherit}.elementor-widget-heading .elementor-heading-title.elementor-size-small{font-size:15px}.elementor-widget-heading .elementor-heading-title.elementor-size-medium{font-size:19px}.elementor-widget-heading .elementor-heading-title.elementor-size-large{font-size:29px}.elementor-widget-heading .elementor-heading-title.elementor-size-xl{font-size:39px}.elementor-widget-heading .elementor-heading-title.elementor-size-xxl{font-size:59px}<\/style><h2 class=\"elementor-heading-title elementor-size-default\">KOB\u0130 Teknolojik \u00dcr\u00fcn Yat\u0131r\u0131m (Teknoyat\u0131r\u0131m) Destek Program\u0131<\/h2>\t\t<\/div>\n\t\t\t\t<\/div>\n\t\t\t\t\t<\/div>\n\t\t<\/div>\n\t\t\t\t\t\t\t<\/div>\n\t\t<\/section>\n\t\t\t\t<section class=\"elementor-section elementor-top-section elementor-element elementor-element-c9ec34d elementor-section-boxed elementor-section-height-default elementor-section-height-default\" data-id=\"c9ec34d\" data-element_type=\"section\">\n\t\t\t\t\t\t<div class=\"elementor-container elementor-column-gap-default\">\n\t\t\t\t\t<div class=\"elementor-column elementor-col-100 elementor-top-column elementor-element elementor-element-f1ace72\" data-id=\"f1ace72\" data-element_type=\"column\">\n\t\t\t<div class=\"elementor-widget-wrap elementor-element-populated\">\n\t\t\t\t\t\t\t\t<div class=\"elementor-element elementor-element-bafadce elementor-widget elementor-widget-text-editor\" data-id=\"bafadce\" data-element_type=\"widget\" data-widget_type=\"text-editor.default\">\n\t\t\t\t<div class=\"elementor-widget-container\">\n\t\t\t<style>\/*! elementor - v3.11.5 - 14-03-2023 *\/\n.elementor-widget-text-editor.elementor-drop-cap-view-stacked .elementor-drop-cap{background-color:#818a91;color:#fff}.elementor-widget-text-editor.elementor-drop-cap-view-framed .elementor-drop-cap{color:#818a91;border:3px solid;background-color:transparent}.elementor-widget-text-editor:not(.elementor-drop-cap-view-default) .elementor-drop-cap{margin-top:8px}.elementor-widget-text-editor:not(.elementor-drop-cap-view-default) .elementor-drop-cap-letter{width:1em;height:1em}.elementor-widget-text-editor .elementor-drop-cap{float:left;text-align:center;line-height:1;font-size:50px}.elementor-widget-text-editor .elementor-drop-cap-letter{display:inline-block}<\/style>\t\t\t\t<p><span style=\"font-size: 14.0pt; line-height: 107%; font-family: 'Calibri',sans-serif; mso-ascii-theme-font: minor-latin; mso-fareast-font-family: Calibri; mso-fareast-theme-font: minor-latin; mso-hansi-theme-font: minor-latin; mso-bidi-font-family: 'Times New Roman'; mso-bidi-theme-font: minor-bidi; mso-ansi-language: TR; mso-fareast-language: EN-US; mso-bidi-language: AR-SA;\">\u00a0 \u00a0 \u00a0 \u00a0 \u00a0Program kapsam\u0131nda, orta y\u00fcksek ve y\u00fcksek teknoloji alanlar\u0131nda \u00fcretime y\u00f6nelik projelere 10.000.000TL\u2019ye kadar destek verilmektedir.<\/span><\/p>\t\t\t\t\t\t<\/div>\n\t\t\t\t<\/div>\n\t\t\t\t\t<\/div>\n\t\t<\/div>\n\t\t\t\t\t\t\t<\/div>\n\t\t<\/section>\n\t\t\t\t\t\t\t<\/div>\n\t\t","protected":false},"excerpt":{"rendered":"<p>KOB\u0130 Teknolojik \u00dcr\u00fcn Yat\u0131r\u0131m (Teknoyat\u0131r\u0131m) Destek Program\u0131 \u00a0 \u00a0 \u00a0 \u00a0 \u00a0Program kapsam\u0131nda, orta y\u00fcksek ve y\u00fcksek teknoloji alanlar\u0131nda \u00fcretime y\u00f6nelik projelere 10.000.000TL\u2019ye kadar destek verilmektedir.<\/p>\n","protected":false},"author":1,"featured_media":0,"parent":0,"menu_order":0,"comment_status":"closed","ping_status":"closed","template":"elementor_header_footer","meta":[],"_links":{"self":[{"href":"https:\/\/arpdestek.com\/index.php\/wp-json\/wp\/v2\/pages\/341"}],"collection":[{"href":"https:\/\/arpdestek.com\/index.php\/wp-json\/wp\/v2\/pages"}],"about":[{"href":"https:\/\/arpdestek.com\/index.php\/wp-json\/wp\/v2\/types\/page"}],"author":[{"embeddable":true,"href":"https:\/\/arpdestek.com\/index.php\/wp-json\/wp\/v2\/users\/1"}],"replies":[{"embeddable":true,"href":"https:\/\/arpdestek.com\/index.php\/wp-json\/wp\/v2\/comments?post=341"}],"version-history":[{"count":12,"href":"https:\/\/arpdestek.com\/index.php\/wp-json\/wp\/v2\/pages\/341\/revisions"}],"predecessor-version":[{"id":881,"href":"https:\/\/arpdestek.com\/index.php\/wp-json\/wp\/v2\/pages\/341\/revisions\/881"}],"wp:attachment":[{"href":"https:\/\/arpdestek.com\/index.php\/wp-json\/wp\/v2\/media?parent=341"}],"curies":[{"name":"wp","href":"https:\/\/api.w.org\/{rel}","templated":true}]}}