{"id":366,"date":"2023-03-18T01:46:02","date_gmt":"2023-03-17T22:46:02","guid":{"rendered":"https:\/\/arpdestek.com\/?page_id=366"},"modified":"2023-03-30T15:49:48","modified_gmt":"2023-03-30T12:49:48","slug":"cazibe-merkezleri-programi","status":"publish","type":"page","link":"https:\/\/arpdestek.com\/index.php\/cazibe-merkezleri-programi\/","title":{"rendered":"Cazibe Merkezleri Program\u0131"},"content":{"rendered":"\t\t<div data-elementor-type=\"wp-page\" data-elementor-id=\"366\" class=\"elementor elementor-366\">\n\t\t\t\t\t\t\t\t\t<section class=\"elementor-section elementor-top-section elementor-element elementor-element-7151467 elementor-section-boxed elementor-section-height-default elementor-section-height-default\" data-id=\"7151467\" data-element_type=\"section\">\n\t\t\t\t\t\t<div class=\"elementor-container elementor-column-gap-default\">\n\t\t\t\t\t<div class=\"elementor-column elementor-col-100 elementor-top-column elementor-element elementor-element-a1b7dbf\" data-id=\"a1b7dbf\" data-element_type=\"column\">\n\t\t\t<div class=\"elementor-widget-wrap elementor-element-populated\">\n\t\t\t\t\t\t\t\t<div class=\"elementor-element elementor-element-8f0125c elementor-widget elementor-widget-heading\" data-id=\"8f0125c\" data-element_type=\"widget\" data-widget_type=\"heading.default\">\n\t\t\t\t<div class=\"elementor-widget-container\">\n\t\t\t<style>\/*! elementor - v3.11.5 - 14-03-2023 *\/\n.elementor-heading-title{padding:0;margin:0;line-height:1}.elementor-widget-heading .elementor-heading-title[class*=elementor-size-]>a{color:inherit;font-size:inherit;line-height:inherit}.elementor-widget-heading .elementor-heading-title.elementor-size-small{font-size:15px}.elementor-widget-heading .elementor-heading-title.elementor-size-medium{font-size:19px}.elementor-widget-heading .elementor-heading-title.elementor-size-large{font-size:29px}.elementor-widget-heading .elementor-heading-title.elementor-size-xl{font-size:39px}.elementor-widget-heading .elementor-heading-title.elementor-size-xxl{font-size:59px}<\/style><h2 class=\"elementor-heading-title elementor-size-default\">Cazibe Merkezleri Program\u0131<\/h2>\t\t<\/div>\n\t\t\t\t<\/div>\n\t\t\t\t\t<\/div>\n\t\t<\/div>\n\t\t\t\t\t\t\t<\/div>\n\t\t<\/section>\n\t\t\t\t<section class=\"elementor-section elementor-top-section elementor-element elementor-element-bdba9f7 elementor-section-boxed elementor-section-height-default elementor-section-height-default\" data-id=\"bdba9f7\" data-element_type=\"section\">\n\t\t\t\t\t\t<div class=\"elementor-container elementor-column-gap-default\">\n\t\t\t\t\t<div class=\"elementor-column elementor-col-100 elementor-top-column elementor-element elementor-element-bdc1551\" data-id=\"bdc1551\" data-element_type=\"column\">\n\t\t\t<div class=\"elementor-widget-wrap elementor-element-populated\">\n\t\t\t\t\t\t\t\t<div class=\"elementor-element elementor-element-34fa7b8 elementor-widget elementor-widget-text-editor\" data-id=\"34fa7b8\" data-element_type=\"widget\" data-widget_type=\"text-editor.default\">\n\t\t\t\t<div class=\"elementor-widget-container\">\n\t\t\t<style>\/*! elementor - v3.11.5 - 14-03-2023 *\/\n.elementor-widget-text-editor.elementor-drop-cap-view-stacked .elementor-drop-cap{background-color:#818a91;color:#fff}.elementor-widget-text-editor.elementor-drop-cap-view-framed .elementor-drop-cap{color:#818a91;border:3px solid;background-color:transparent}.elementor-widget-text-editor:not(.elementor-drop-cap-view-default) .elementor-drop-cap{margin-top:8px}.elementor-widget-text-editor:not(.elementor-drop-cap-view-default) .elementor-drop-cap-letter{width:1em;height:1em}.elementor-widget-text-editor .elementor-drop-cap{float:left;text-align:center;line-height:1;font-size:50px}.elementor-widget-text-editor .elementor-drop-cap-letter{display:inline-block}<\/style>\t\t\t\t<p><strong>Bu program\u0131n amac\u0131,<\/strong> g\u00f6rece az geli\u015fmi\u015f b\u00f6lgelerde yat\u0131r\u0131m ortam\u0131n\u0131n canland\u0131r\u0131larak \u00fcretim, istihdam ve ihracat\u0131n art\u0131r\u0131lmas\u0131 ve b\u00f6lgeleraras\u0131 geli\u015fmi\u015flik farklar\u0131n\u0131n azalt\u0131lmas\u0131d\u0131r.<\/p>\n<p>&nbsp;&nbsp;&nbsp;&nbsp;&nbsp;&nbsp;&nbsp;&nbsp;&nbsp;&nbsp;&nbsp;&nbsp;&nbsp;&nbsp; Cazibe Merkezleri Program\u0131 kapsam\u0131ndaki illerin OSB\u2019lerinde ger\u00e7ekle\u015ftirilecek imalat sanayi yat\u0131r\u0131mlar\u0131 ile \u00e7a\u011fr\u0131 merkezi ve veri merkezi yat\u0131r\u0131mlar\u0131 desteklenebilir.<\/p>\n<p>&nbsp;&nbsp;&nbsp;&nbsp;&nbsp;&nbsp;&nbsp;&nbsp;&nbsp;&nbsp;&nbsp;&nbsp;&nbsp;&nbsp; Programa ba\u015fvuru s\u00fcresi 31.12.2022\u2019de sona ermi\u015ftir.&nbsp;<\/p>\n<p>&nbsp;&nbsp;&nbsp;&nbsp;&nbsp;&nbsp;&nbsp;&nbsp;&nbsp;&nbsp;&nbsp;&nbsp;&nbsp;&nbsp; Cazibe Merkezi Program\u0131n\u0131n Kapsam\u0131 ve \u015eartlar\u0131:<\/p>\n<ul>\n<li>\u0130malat sanayii yat\u0131r\u0131mlar\u0131 i\u00e7in;<\/li>\n<\/ul>\n<p>OSB veya End\u00fcstri B\u00f6lgesi (EB)\u2019nde ger\u00e7ekle\u015ftirilmesi,<\/p>\n<p>Asgari 2.000.000TL sabit yat\u0131r\u0131m tutar\u0131 olmas\u0131 gereklidir.<\/p>\n<ul>\n<li>\u00c7a\u011fr\u0131 merkezi yat\u0131r\u0131mlar\u0131 i\u00e7in asgari 200 ki\u015filik istihdam,<\/li>\n<li>Veri merkezi yat\u0131r\u0131mlar\u0131 i\u00e7in asgari 5.000m<sup>2<\/sup> beyaz alan bulunmal\u0131d\u0131r.<\/li>\n<\/ul>\n<p><strong>Cazibe Merkezleri Program\u0131 destekleri ve destek oran\/s\u00fcreleri \u015f\u00f6yledir: <\/strong><\/p>\n<table>\n<tbody>\n<tr>\n<td colspan=\"2\" width=\"344\"><strong>CAZ\u0130BE MERKEZLER\u0130 PROGRAMI DESTEKLER\u0130<\/strong><\/td>\n<td width=\"174\"><strong>DESTEK ORAN VE S\u00dcRELER\u0130<\/strong><\/td>\n<\/tr>\n<tr>\n<td colspan=\"2\" width=\"344\">KDV \u0130stisnas\u0131<\/td>\n<td width=\"174\">+<\/td>\n<\/tr>\n<tr>\n<td colspan=\"2\" width=\"344\">G\u00fcmr\u00fck Vergisi \u0130stisnas\u0131<\/td>\n<td width=\"174\">+<\/td>\n<\/tr>\n<tr>\n<td width=\"172\">Vergi \u0130ndirimi<\/td>\n<td width=\"173\">Yat\u0131r\u0131ma Katk\u0131 Oran\u0131 (%)<\/td>\n<td width=\"174\">50 (OSB\u2019de 55)<\/td>\n<\/tr>\n<tr>\n<td colspan=\"2\" width=\"344\">Sigorta Primi \u0130\u015fveren Hissesi Deste\u011fi<\/td>\n<td width=\"174\">10 y\u0131l (OSB\u2019de 12 y\u0131l)<\/td>\n<\/tr>\n<tr>\n<td colspan=\"2\" width=\"344\">Yat\u0131r\u0131m Yeri Tahsisi<\/td>\n<td width=\"174\">+<\/td>\n<\/tr>\n<tr>\n<td rowspan=\"3\" width=\"172\">Faiz veya K\u00e2r Pay\u0131 Deste\u011fi<\/td>\n<td width=\"173\">\u0130\u00e7 Kredi<\/td>\n<td width=\"174\">7 Puan<\/td>\n<\/tr>\n<tr>\n<td width=\"173\">D\u00f6viz\/ D\u00f6vize Endeksli Kredi<\/td>\n<td width=\"174\">2 Puan<\/td>\n<\/tr>\n<tr>\n<td width=\"173\">Azami Tutar<\/td>\n<td width=\"174\">1,8 milyon TL<\/td>\n<\/tr>\n<tr>\n<td colspan=\"2\" width=\"344\">Sigorta Primi \u0130\u015f\u00e7i Hissesi Deste\u011fi<\/td>\n<td width=\"174\">10 y\u0131l<\/td>\n<\/tr>\n<tr>\n<td colspan=\"2\" width=\"344\">Enerji Deste\u011fi<\/td>\n<td width=\"174\">%30, azami 3 y\u0131l, yat\u0131r\u0131m tutar\u0131n\u0131n %25\u2019i, 10 milyon TL<\/td>\n<\/tr>\n<\/tbody>\n<\/table>\t\t\t\t\t\t<\/div>\n\t\t\t\t<\/div>\n\t\t\t\t\t<\/div>\n\t\t<\/div>\n\t\t\t\t\t\t\t<\/div>\n\t\t<\/section>\n\t\t\t\t\t\t\t<\/div>\n\t\t","protected":false},"excerpt":{"rendered":"<p>Cazibe Merkezleri Program\u0131 Bu program\u0131n amac\u0131, g\u00f6rece az geli\u015fmi\u015f b\u00f6lgelerde yat\u0131r\u0131m ortam\u0131n\u0131n canland\u0131r\u0131larak \u00fcretim, istihdam ve ihracat\u0131n art\u0131r\u0131lmas\u0131 ve b\u00f6lgeleraras\u0131 geli\u015fmi\u015flik farklar\u0131n\u0131n azalt\u0131lmas\u0131d\u0131r. &nbsp;&nbsp;&nbsp;&nbsp;&nbsp;&nbsp;&nbsp;&nbsp;&nbsp;&nbsp;&nbsp;&nbsp;&nbsp;&nbsp; Cazibe Merkezleri Program\u0131 kapsam\u0131ndaki illerin OSB\u2019lerinde ger\u00e7ekle\u015ftirilecek imalat sanayi yat\u0131r\u0131mlar\u0131 ile \u00e7a\u011fr\u0131 merkezi ve veri merkezi yat\u0131r\u0131mlar\u0131 desteklenebilir. &nbsp;&nbsp;&nbsp;&nbsp;&nbsp;&nbsp;&nbsp;&nbsp;&nbsp;&nbsp;&nbsp;&nbsp;&nbsp;&nbsp; Programa ba\u015fvuru s\u00fcresi 31.12.2022\u2019de sona ermi\u015ftir.&nbsp; &nbsp;&nbsp;&nbsp;&nbsp;&nbsp;&nbsp;&nbsp;&nbsp;&nbsp;&nbsp;&nbsp;&nbsp;&nbsp;&nbsp; Cazibe Merkezi Program\u0131n\u0131n Kapsam\u0131 ve [&hellip;]<\/p>\n","protected":false},"author":1,"featured_media":0,"parent":0,"menu_order":0,"comment_status":"closed","ping_status":"closed","template":"elementor_header_footer","meta":[],"_links":{"self":[{"href":"https:\/\/arpdestek.com\/index.php\/wp-json\/wp\/v2\/pages\/366"}],"collection":[{"href":"https:\/\/arpdestek.com\/index.php\/wp-json\/wp\/v2\/pages"}],"about":[{"href":"https:\/\/arpdestek.com\/index.php\/wp-json\/wp\/v2\/types\/page"}],"author":[{"embeddable":true,"href":"https:\/\/arpdestek.com\/index.php\/wp-json\/wp\/v2\/users\/1"}],"replies":[{"embeddable":true,"href":"https:\/\/arpdestek.com\/index.php\/wp-json\/wp\/v2\/comments?post=366"}],"version-history":[{"count":7,"href":"https:\/\/arpdestek.com\/index.php\/wp-json\/wp\/v2\/pages\/366\/revisions"}],"predecessor-version":[{"id":675,"href":"https:\/\/arpdestek.com\/index.php\/wp-json\/wp\/v2\/pages\/366\/revisions\/675"}],"wp:attachment":[{"href":"https:\/\/arpdestek.com\/index.php\/wp-json\/wp\/v2\/media?parent=366"}],"curies":[{"name":"wp","href":"https:\/\/api.w.org\/{rel}","templated":true}]}}