{"id":374,"date":"2023-03-18T01:47:27","date_gmt":"2023-03-17T22:47:27","guid":{"rendered":"https:\/\/arpdestek.com\/?page_id=374"},"modified":"2023-03-18T01:49:09","modified_gmt":"2023-03-17T22:49:09","slug":"hamle-programi","status":"publish","type":"page","link":"https:\/\/arpdestek.com\/index.php\/hamle-programi\/","title":{"rendered":"Hamle Program\u0131"},"content":{"rendered":"\t\t<div data-elementor-type=\"wp-page\" data-elementor-id=\"374\" class=\"elementor elementor-374\">\n\t\t\t\t\t\t\t\t\t<section class=\"elementor-section elementor-top-section elementor-element elementor-element-f6dd051 elementor-section-boxed elementor-section-height-default elementor-section-height-default\" data-id=\"f6dd051\" data-element_type=\"section\">\n\t\t\t\t\t\t<div class=\"elementor-container elementor-column-gap-default\">\n\t\t\t\t\t<div class=\"elementor-column elementor-col-100 elementor-top-column elementor-element elementor-element-6bbbdc9\" data-id=\"6bbbdc9\" data-element_type=\"column\">\n\t\t\t<div class=\"elementor-widget-wrap elementor-element-populated\">\n\t\t\t\t\t\t\t\t<div class=\"elementor-element elementor-element-1ed1c77 elementor-widget elementor-widget-heading\" data-id=\"1ed1c77\" data-element_type=\"widget\" data-widget_type=\"heading.default\">\n\t\t\t\t<div class=\"elementor-widget-container\">\n\t\t\t<style>\/*! elementor - v3.11.5 - 14-03-2023 *\/\n.elementor-heading-title{padding:0;margin:0;line-height:1}.elementor-widget-heading .elementor-heading-title[class*=elementor-size-]>a{color:inherit;font-size:inherit;line-height:inherit}.elementor-widget-heading .elementor-heading-title.elementor-size-small{font-size:15px}.elementor-widget-heading .elementor-heading-title.elementor-size-medium{font-size:19px}.elementor-widget-heading .elementor-heading-title.elementor-size-large{font-size:29px}.elementor-widget-heading .elementor-heading-title.elementor-size-xl{font-size:39px}.elementor-widget-heading .elementor-heading-title.elementor-size-xxl{font-size:59px}<\/style><h2 class=\"elementor-heading-title elementor-size-default\">Hamle Program\u0131<\/h2>\t\t<\/div>\n\t\t\t\t<\/div>\n\t\t\t\t\t<\/div>\n\t\t<\/div>\n\t\t\t\t\t\t\t<\/div>\n\t\t<\/section>\n\t\t\t\t<section class=\"elementor-section elementor-top-section elementor-element elementor-element-88ba370 elementor-section-boxed elementor-section-height-default elementor-section-height-default\" data-id=\"88ba370\" data-element_type=\"section\">\n\t\t\t\t\t\t<div class=\"elementor-container elementor-column-gap-default\">\n\t\t\t\t\t<div class=\"elementor-column elementor-col-100 elementor-top-column elementor-element elementor-element-7772c5d\" data-id=\"7772c5d\" data-element_type=\"column\">\n\t\t\t<div class=\"elementor-widget-wrap elementor-element-populated\">\n\t\t\t\t\t\t\t\t<div class=\"elementor-element elementor-element-5ea5d93 elementor-widget elementor-widget-text-editor\" data-id=\"5ea5d93\" data-element_type=\"widget\" data-widget_type=\"text-editor.default\">\n\t\t\t\t<div class=\"elementor-widget-container\">\n\t\t\t<style>\/*! elementor - v3.11.5 - 14-03-2023 *\/\n.elementor-widget-text-editor.elementor-drop-cap-view-stacked .elementor-drop-cap{background-color:#818a91;color:#fff}.elementor-widget-text-editor.elementor-drop-cap-view-framed .elementor-drop-cap{color:#818a91;border:3px solid;background-color:transparent}.elementor-widget-text-editor:not(.elementor-drop-cap-view-default) .elementor-drop-cap{margin-top:8px}.elementor-widget-text-editor:not(.elementor-drop-cap-view-default) .elementor-drop-cap-letter{width:1em;height:1em}.elementor-widget-text-editor .elementor-drop-cap{float:left;text-align:center;line-height:1;font-size:50px}.elementor-widget-text-editor .elementor-drop-cap-letter{display:inline-block}<\/style>\t\t\t\t<p>\u00a0 \u00a0 \u00a0Bu program, d\u0131\u015f ticaret verileri, talep geli\u015fimi, rekabet yo\u011funlu\u011fu gibi \u00e7e\u015fitli kriterler dikkate al\u0131narak, ortay\u00fcksek ve y\u00fcksek teknolojili sekt\u00f6rlerdeki \u00fcr\u00fcnlerin ve bu sekt\u00f6rlerin geli\u015fimi i\u00e7in kritik \u00fcr\u00fcnlerin \u201c\u00d6ncelikli \u00dcr\u00fcn Listesi\u201d ile belirlenmesi ve bu \u00fcr\u00fcnlerin Ar-Ge, yat\u0131r\u0131m ve \u00fcretim s\u00fcre\u00e7lerinin b\u00fct\u00fcnc\u00fcl bir yakla\u015f\u0131mla desteklenmesine y\u00f6nelik bir destek program\u0131d\u0131r.<\/p><p>\u00a0 \u00a0 \u00a0Program, Sanayi ve Teknoloji Bakanl\u0131\u011f\u0131 taraf\u0131ndan belirlenecek \u00e7a\u011fr\u0131 planlar\u0131 dahilinde y\u00fcr\u00fct\u00fcl\u00fcr.<\/p><p>\u00a0 \u00a0 \u00a0\u00d6ncelikli \u00dcr\u00fcn Listesindeki \u00fcr\u00fcn ve hizmetlerin \u00fcretimine y\u00f6nelik yat\u0131r\u0131mlardan uygun g\u00f6r\u00fclenler \u201cStratejik Yat\u0131r\u0131m\u201d ko\u015fullar\u0131 aranmaks\u0131z\u0131n destek kapsam\u0131na al\u0131nabilir.<\/p><p>\u00a0 \u00a0 \u00a0Yat\u0131r\u0131m tutar\u0131 asgari 50 milyon TL olup, \u00f6ncelikli \u00fcr\u00fcn listesindeki \u00fcr\u00fcn ve hizmetlerin \u00fcretimine y\u00f6nelik yat\u0131r\u0131mlardan uygun g\u00f6r\u00fclenler Proje Bazl\u0131 Te\u015fvik Sistemi kapsam\u0131na al\u0131nabilir.<\/p><p>\u00a0 \u00a0 \u00a0Desteklenmesine karar verilen yat\u0131r\u0131mlar T\u00dcB\u0130TAK ve\/veya KOSGEB taraf\u0131ndan da do\u011frudan desteklenebilir.<\/p>\t\t\t\t\t\t<\/div>\n\t\t\t\t<\/div>\n\t\t\t\t\t<\/div>\n\t\t<\/div>\n\t\t\t\t\t\t\t<\/div>\n\t\t<\/section>\n\t\t\t\t\t\t\t<\/div>\n\t\t","protected":false},"excerpt":{"rendered":"<p>Hamle Program\u0131 \u00a0 \u00a0 \u00a0Bu program, d\u0131\u015f ticaret verileri, talep geli\u015fimi, rekabet yo\u011funlu\u011fu gibi \u00e7e\u015fitli kriterler dikkate al\u0131narak, ortay\u00fcksek ve y\u00fcksek teknolojili sekt\u00f6rlerdeki \u00fcr\u00fcnlerin ve bu sekt\u00f6rlerin geli\u015fimi i\u00e7in kritik \u00fcr\u00fcnlerin \u201c\u00d6ncelikli \u00dcr\u00fcn Listesi\u201d ile belirlenmesi ve bu \u00fcr\u00fcnlerin Ar-Ge, yat\u0131r\u0131m ve \u00fcretim s\u00fcre\u00e7lerinin b\u00fct\u00fcnc\u00fcl bir yakla\u015f\u0131mla desteklenmesine y\u00f6nelik bir destek program\u0131d\u0131r. \u00a0 \u00a0 \u00a0Program, [&hellip;]<\/p>\n","protected":false},"author":1,"featured_media":0,"parent":0,"menu_order":0,"comment_status":"closed","ping_status":"closed","template":"elementor_header_footer","meta":[],"_links":{"self":[{"href":"https:\/\/arpdestek.com\/index.php\/wp-json\/wp\/v2\/pages\/374"}],"collection":[{"href":"https:\/\/arpdestek.com\/index.php\/wp-json\/wp\/v2\/pages"}],"about":[{"href":"https:\/\/arpdestek.com\/index.php\/wp-json\/wp\/v2\/types\/page"}],"author":[{"embeddable":true,"href":"https:\/\/arpdestek.com\/index.php\/wp-json\/wp\/v2\/users\/1"}],"replies":[{"embeddable":true,"href":"https:\/\/arpdestek.com\/index.php\/wp-json\/wp\/v2\/comments?post=374"}],"version-history":[{"count":4,"href":"https:\/\/arpdestek.com\/index.php\/wp-json\/wp\/v2\/pages\/374\/revisions"}],"predecessor-version":[{"id":381,"href":"https:\/\/arpdestek.com\/index.php\/wp-json\/wp\/v2\/pages\/374\/revisions\/381"}],"wp:attachment":[{"href":"https:\/\/arpdestek.com\/index.php\/wp-json\/wp\/v2\/media?parent=374"}],"curies":[{"name":"wp","href":"https:\/\/api.w.org\/{rel}","templated":true}]}}