{"id":382,"date":"2023-03-18T01:50:49","date_gmt":"2023-03-17T22:50:49","guid":{"rendered":"https:\/\/arpdestek.com\/?page_id=382"},"modified":"2023-04-07T22:59:45","modified_gmt":"2023-04-07T19:59:45","slug":"fizibilite-destekleri","status":"publish","type":"page","link":"https:\/\/arpdestek.com\/index.php\/fizibilite-destekleri\/","title":{"rendered":"Fizibilite Destekleri"},"content":{"rendered":"\t\t<div data-elementor-type=\"wp-page\" data-elementor-id=\"382\" class=\"elementor elementor-382\">\n\t\t\t\t\t\t\t\t\t<section class=\"elementor-section elementor-top-section elementor-element elementor-element-07df9f8 elementor-section-boxed elementor-section-height-default elementor-section-height-default\" data-id=\"07df9f8\" data-element_type=\"section\">\n\t\t\t\t\t\t<div class=\"elementor-container elementor-column-gap-default\">\n\t\t\t\t\t<div class=\"elementor-column elementor-col-100 elementor-top-column elementor-element elementor-element-317ddd2\" data-id=\"317ddd2\" data-element_type=\"column\">\n\t\t\t<div class=\"elementor-widget-wrap elementor-element-populated\">\n\t\t\t\t\t\t\t\t<div class=\"elementor-element elementor-element-8fa9dcd elementor-widget elementor-widget-heading\" data-id=\"8fa9dcd\" data-element_type=\"widget\" data-widget_type=\"heading.default\">\n\t\t\t\t<div class=\"elementor-widget-container\">\n\t\t\t<style>\/*! elementor - v3.11.5 - 14-03-2023 *\/\n.elementor-heading-title{padding:0;margin:0;line-height:1}.elementor-widget-heading .elementor-heading-title[class*=elementor-size-]>a{color:inherit;font-size:inherit;line-height:inherit}.elementor-widget-heading .elementor-heading-title.elementor-size-small{font-size:15px}.elementor-widget-heading .elementor-heading-title.elementor-size-medium{font-size:19px}.elementor-widget-heading .elementor-heading-title.elementor-size-large{font-size:29px}.elementor-widget-heading .elementor-heading-title.elementor-size-xl{font-size:39px}.elementor-widget-heading .elementor-heading-title.elementor-size-xxl{font-size:59px}<\/style><h2 class=\"elementor-heading-title elementor-size-default\">Fizibilite Destekleri<\/h2>\t\t<\/div>\n\t\t\t\t<\/div>\n\t\t\t\t\t<\/div>\n\t\t<\/div>\n\t\t\t\t\t\t\t<\/div>\n\t\t<\/section>\n\t\t\t\t<section class=\"elementor-section elementor-top-section elementor-element elementor-element-d4fb540 elementor-section-boxed elementor-section-height-default elementor-section-height-default\" data-id=\"d4fb540\" data-element_type=\"section\">\n\t\t\t\t\t\t<div class=\"elementor-container elementor-column-gap-default\">\n\t\t\t\t\t<div class=\"elementor-column elementor-col-100 elementor-top-column elementor-element elementor-element-06e5b35\" data-id=\"06e5b35\" data-element_type=\"column\">\n\t\t\t<div class=\"elementor-widget-wrap elementor-element-populated\">\n\t\t\t\t\t\t\t\t<div class=\"elementor-element elementor-element-99d1108 elementor-widget elementor-widget-text-editor\" data-id=\"99d1108\" data-element_type=\"widget\" data-widget_type=\"text-editor.default\">\n\t\t\t\t<div class=\"elementor-widget-container\">\n\t\t\t<style>\/*! elementor - v3.11.5 - 14-03-2023 *\/\n.elementor-widget-text-editor.elementor-drop-cap-view-stacked .elementor-drop-cap{background-color:#818a91;color:#fff}.elementor-widget-text-editor.elementor-drop-cap-view-framed .elementor-drop-cap{color:#818a91;border:3px solid;background-color:transparent}.elementor-widget-text-editor:not(.elementor-drop-cap-view-default) .elementor-drop-cap{margin-top:8px}.elementor-widget-text-editor:not(.elementor-drop-cap-view-default) .elementor-drop-cap-letter{width:1em;height:1em}.elementor-widget-text-editor .elementor-drop-cap{float:left;text-align:center;line-height:1;font-size:50px}.elementor-widget-text-editor .elementor-drop-cap-letter{display:inline-block}<\/style>\t\t\t\t<p><strong>Kimler Yararlanabilir?<\/strong><\/p><p>\u00a0 \u00a0 \u00a0 \u00a0 \u00a0 K\u00e2r amac\u0131 g\u00fctmeyen kurulu\u015flar<\/p><p><strong>\u00a0 \u00a0 \u00a0 \u00a0 \u00a0 <\/strong>Ba\u015fvuru sahibinin ba\u015fvurdu\u011fu ajans\u0131n faaliyette oldu\u011fu il s\u0131n\u0131rlar\u0131 i\u00e7inde kay\u0131tl\u0131 olmas\u0131 veya merkezinin ya da yasal \u015fubesinin o b\u00f6lgede bulunmas\u0131 gerekmektedir.<\/p><p><strong>Desteklenen Alanlar ve Destek Unsurlar\u0131 Nelerdir?<\/strong><\/p><p>\u00a0 \u00a0 \u00a0 \u00a0 \u00a0 E\u011fitim, program ve proje haz\u0131rlanmas\u0131, dan\u0131\u015fmanl\u0131k, lobi faaliyetleri ve uluslararas\u0131 ili\u015fkiler kurma gibi kurumsal nitelikli ve kapasite geli\u015ftirici faaliyetlerin desteklenmesi, b\u00f6lgenin kalk\u0131nmas\u0131 ve rekabet g\u00fcc\u00fc a\u00e7\u0131s\u0131ndan \u00f6nemli f\u0131rsatlardan yararlan\u0131lmas\u0131na, b\u00f6lge ekonomisine y\u00f6nelik tehdit ve risklerin \u00f6nlenmesine, b\u00f6lgenin yenilik ve giri\u015fimcilik kapasitesinin geli\u015ftirilmesine y\u00f6nelik yat\u0131r\u0131m projelerinin fizibilite \u00e7al\u0131\u015fmalar\u0131n\u0131n desteklenmesi ama\u00e7lanmaktad\u0131r.<\/p><p>\u00a0 \u00a0 \u00a0 \u00a0 \u00a0 Faaliyet, ba\u015fvurulan ajans\u0131n kapsad\u0131\u011f\u0131 b\u00f6lgenin il s\u0131n\u0131rlar\u0131 i\u00e7erisinde ger\u00e7ekle\u015ftirilmelidir.<\/p><p><strong>Destek oranlar\u0131 ve \u00fcst limitleri nelerdir?<\/strong><\/p><p>\u00a0 \u00a0 \u00a0 \u00a0 \u00a0 Destek oran\u0131 ve miktar\u0131 her bir teklif \u00e7a\u011fr\u0131s\u0131 i\u00e7in ayr\u0131 \u015fekilde belirlenmektedir.\u00a0\u00a0<\/p><p><strong>Program s\u00fcresi nedir?<\/strong><\/p><p>\u00a0 \u00a0 \u00a0 \u00a0 \u00a0 Program kapsam\u0131nda azam\u00ee proje s\u00fcresi 12 ayd\u0131r.<\/p>\t\t\t\t\t\t<\/div>\n\t\t\t\t<\/div>\n\t\t\t\t\t<\/div>\n\t\t<\/div>\n\t\t\t\t\t\t\t<\/div>\n\t\t<\/section>\n\t\t\t\t\t\t\t<\/div>\n\t\t","protected":false},"excerpt":{"rendered":"<p>Fizibilite Destekleri Kimler Yararlanabilir? \u00a0 \u00a0 \u00a0 \u00a0 \u00a0 K\u00e2r amac\u0131 g\u00fctmeyen kurulu\u015flar \u00a0 \u00a0 \u00a0 \u00a0 \u00a0 Ba\u015fvuru sahibinin ba\u015fvurdu\u011fu ajans\u0131n faaliyette oldu\u011fu il s\u0131n\u0131rlar\u0131 i\u00e7inde kay\u0131tl\u0131 olmas\u0131 veya merkezinin ya da yasal \u015fubesinin o b\u00f6lgede bulunmas\u0131 gerekmektedir. Desteklenen Alanlar ve Destek Unsurlar\u0131 Nelerdir? \u00a0 \u00a0 \u00a0 \u00a0 \u00a0 E\u011fitim, program ve proje haz\u0131rlanmas\u0131, [&hellip;]<\/p>\n","protected":false},"author":1,"featured_media":0,"parent":0,"menu_order":0,"comment_status":"closed","ping_status":"closed","template":"elementor_header_footer","meta":[],"_links":{"self":[{"href":"https:\/\/arpdestek.com\/index.php\/wp-json\/wp\/v2\/pages\/382"}],"collection":[{"href":"https:\/\/arpdestek.com\/index.php\/wp-json\/wp\/v2\/pages"}],"about":[{"href":"https:\/\/arpdestek.com\/index.php\/wp-json\/wp\/v2\/types\/page"}],"author":[{"embeddable":true,"href":"https:\/\/arpdestek.com\/index.php\/wp-json\/wp\/v2\/users\/1"}],"replies":[{"embeddable":true,"href":"https:\/\/arpdestek.com\/index.php\/wp-json\/wp\/v2\/comments?post=382"}],"version-history":[{"count":10,"href":"https:\/\/arpdestek.com\/index.php\/wp-json\/wp\/v2\/pages\/382\/revisions"}],"predecessor-version":[{"id":721,"href":"https:\/\/arpdestek.com\/index.php\/wp-json\/wp\/v2\/pages\/382\/revisions\/721"}],"wp:attachment":[{"href":"https:\/\/arpdestek.com\/index.php\/wp-json\/wp\/v2\/media?parent=382"}],"curies":[{"name":"wp","href":"https:\/\/api.w.org\/{rel}","templated":true}]}}