{"id":393,"date":"2023-03-18T01:53:08","date_gmt":"2023-03-17T22:53:08","guid":{"rendered":"https:\/\/arpdestek.com\/?page_id=393"},"modified":"2023-04-07T23:01:11","modified_gmt":"2023-04-07T20:01:11","slug":"mali-destekler","status":"publish","type":"page","link":"https:\/\/arpdestek.com\/index.php\/mali-destekler\/","title":{"rendered":"Mali Destekler"},"content":{"rendered":"\t\t<div data-elementor-type=\"wp-page\" data-elementor-id=\"393\" class=\"elementor elementor-393\">\n\t\t\t\t\t\t\t\t\t<section class=\"elementor-section elementor-top-section elementor-element elementor-element-72a19bf elementor-section-boxed elementor-section-height-default elementor-section-height-default\" data-id=\"72a19bf\" data-element_type=\"section\">\n\t\t\t\t\t\t<div class=\"elementor-container elementor-column-gap-default\">\n\t\t\t\t\t<div class=\"elementor-column elementor-col-100 elementor-top-column elementor-element elementor-element-1ca4ae6\" data-id=\"1ca4ae6\" data-element_type=\"column\">\n\t\t\t<div class=\"elementor-widget-wrap elementor-element-populated\">\n\t\t\t\t\t\t\t\t<div class=\"elementor-element elementor-element-5a97b29 elementor-widget elementor-widget-heading\" data-id=\"5a97b29\" data-element_type=\"widget\" data-widget_type=\"heading.default\">\n\t\t\t\t<div class=\"elementor-widget-container\">\n\t\t\t<style>\/*! elementor - v3.11.5 - 14-03-2023 *\/\n.elementor-heading-title{padding:0;margin:0;line-height:1}.elementor-widget-heading .elementor-heading-title[class*=elementor-size-]>a{color:inherit;font-size:inherit;line-height:inherit}.elementor-widget-heading .elementor-heading-title.elementor-size-small{font-size:15px}.elementor-widget-heading .elementor-heading-title.elementor-size-medium{font-size:19px}.elementor-widget-heading .elementor-heading-title.elementor-size-large{font-size:29px}.elementor-widget-heading .elementor-heading-title.elementor-size-xl{font-size:39px}.elementor-widget-heading .elementor-heading-title.elementor-size-xxl{font-size:59px}<\/style><h2 class=\"elementor-heading-title elementor-size-default\">Mali Destekler<\/h2>\t\t<\/div>\n\t\t\t\t<\/div>\n\t\t\t\t\t<\/div>\n\t\t<\/div>\n\t\t\t\t\t\t\t<\/div>\n\t\t<\/section>\n\t\t\t\t<section class=\"elementor-section elementor-top-section elementor-element elementor-element-2a89262 elementor-section-boxed elementor-section-height-default elementor-section-height-default\" data-id=\"2a89262\" data-element_type=\"section\">\n\t\t\t\t\t\t<div class=\"elementor-container elementor-column-gap-default\">\n\t\t\t\t\t<div class=\"elementor-column elementor-col-100 elementor-top-column elementor-element elementor-element-ed2bc74\" data-id=\"ed2bc74\" data-element_type=\"column\">\n\t\t\t<div class=\"elementor-widget-wrap elementor-element-populated\">\n\t\t\t\t\t\t\t\t<div class=\"elementor-element elementor-element-96d1db8 elementor-widget elementor-widget-text-editor\" data-id=\"96d1db8\" data-element_type=\"widget\" data-widget_type=\"text-editor.default\">\n\t\t\t\t<div class=\"elementor-widget-container\">\n\t\t\t<style>\/*! elementor - v3.11.5 - 14-03-2023 *\/\n.elementor-widget-text-editor.elementor-drop-cap-view-stacked .elementor-drop-cap{background-color:#818a91;color:#fff}.elementor-widget-text-editor.elementor-drop-cap-view-framed .elementor-drop-cap{color:#818a91;border:3px solid;background-color:transparent}.elementor-widget-text-editor:not(.elementor-drop-cap-view-default) .elementor-drop-cap{margin-top:8px}.elementor-widget-text-editor:not(.elementor-drop-cap-view-default) .elementor-drop-cap-letter{width:1em;height:1em}.elementor-widget-text-editor .elementor-drop-cap{float:left;text-align:center;line-height:1;font-size:50px}.elementor-widget-text-editor .elementor-drop-cap-letter{display:inline-block}<\/style>\t\t\t\t<p><strong>Program neyi ama\u00e7l\u0131yor?<\/strong><\/p><p>\u00a0 \u00a0 \u00a0 \u00a0 \u00a0 Y\u0131ll\u0131k \u00e7al\u0131\u015fma program\u0131nda ve 9ilgili ba\u015fvuru rehberinde a\u00e7\u0131k\u00e7a belirtilmek kayd\u0131yla; \u00f6zel i\u015fletmelerin, sivil toplum kurulu\u015flar\u0131n\u0131n, kamu kurum ve kurulu\u015flar\u0131n\u0131n, \u00fcniversitelerin, kamu kurumu niteli\u011finde meslek kurulu\u015flar\u0131n\u0131n, yerel y\u00f6netimlerin ve bunlar\u0131n birliklerinin, kooperatiflerin ve bunlar\u0131n birlikleri ile di\u011fer ger\u00e7ek ve t\u00fczel ki\u015filerin projelerine mali destek sa\u011flayabilir.<\/p><p><strong>Destek oranlar\u0131 ve \u00fcst limitleri nelerdir?<\/strong><\/p><p>\u00a0 \u00a0 \u00a0 \u00a0 \u00a0 Destek oran\u0131 ve miktar\u0131 her bir teklif \u00e7a\u011fr\u0131s\u0131 i\u00e7in ayr\u0131 \u015fekilde belirlenmektedir.\u00a0<\/p><p><strong>Program s\u00fcresi nedir?<\/strong><\/p><p>\u00a0 \u00a0 \u00a0 \u00a0 \u00a0 Program kapsam\u0131nda azam\u00ee proje s\u00fcresi 12 ayd\u0131r.<\/p>\t\t\t\t\t\t<\/div>\n\t\t\t\t<\/div>\n\t\t\t\t\t<\/div>\n\t\t<\/div>\n\t\t\t\t\t\t\t<\/div>\n\t\t<\/section>\n\t\t\t\t\t\t\t<\/div>\n\t\t","protected":false},"excerpt":{"rendered":"<p>Mali Destekler Program neyi ama\u00e7l\u0131yor? \u00a0 \u00a0 \u00a0 \u00a0 \u00a0 Y\u0131ll\u0131k \u00e7al\u0131\u015fma program\u0131nda ve 9ilgili ba\u015fvuru rehberinde a\u00e7\u0131k\u00e7a belirtilmek kayd\u0131yla; \u00f6zel i\u015fletmelerin, sivil toplum kurulu\u015flar\u0131n\u0131n, kamu kurum ve kurulu\u015flar\u0131n\u0131n, \u00fcniversitelerin, kamu kurumu niteli\u011finde meslek kurulu\u015flar\u0131n\u0131n, yerel y\u00f6netimlerin ve bunlar\u0131n birliklerinin, kooperatiflerin ve bunlar\u0131n birlikleri ile di\u011fer ger\u00e7ek ve t\u00fczel ki\u015filerin projelerine mali destek sa\u011flayabilir. Destek [&hellip;]<\/p>\n","protected":false},"author":1,"featured_media":0,"parent":0,"menu_order":0,"comment_status":"closed","ping_status":"closed","template":"elementor_header_footer","meta":[],"_links":{"self":[{"href":"https:\/\/arpdestek.com\/index.php\/wp-json\/wp\/v2\/pages\/393"}],"collection":[{"href":"https:\/\/arpdestek.com\/index.php\/wp-json\/wp\/v2\/pages"}],"about":[{"href":"https:\/\/arpdestek.com\/index.php\/wp-json\/wp\/v2\/types\/page"}],"author":[{"embeddable":true,"href":"https:\/\/arpdestek.com\/index.php\/wp-json\/wp\/v2\/users\/1"}],"replies":[{"embeddable":true,"href":"https:\/\/arpdestek.com\/index.php\/wp-json\/wp\/v2\/comments?post=393"}],"version-history":[{"count":10,"href":"https:\/\/arpdestek.com\/index.php\/wp-json\/wp\/v2\/pages\/393\/revisions"}],"predecessor-version":[{"id":733,"href":"https:\/\/arpdestek.com\/index.php\/wp-json\/wp\/v2\/pages\/393\/revisions\/733"}],"wp:attachment":[{"href":"https:\/\/arpdestek.com\/index.php\/wp-json\/wp\/v2\/media?parent=393"}],"curies":[{"name":"wp","href":"https:\/\/api.w.org\/{rel}","templated":true}]}}