{"id":409,"date":"2023-03-18T01:57:20","date_gmt":"2023-03-17T22:57:20","guid":{"rendered":"https:\/\/arpdestek.com\/?page_id=409"},"modified":"2023-04-07T23:00:44","modified_gmt":"2023-04-07T20:00:44","slug":"finansman-destegi","status":"publish","type":"page","link":"https:\/\/arpdestek.com\/index.php\/finansman-destegi\/","title":{"rendered":"Finansman Deste\u011fi"},"content":{"rendered":"\t\t<div data-elementor-type=\"wp-page\" data-elementor-id=\"409\" class=\"elementor elementor-409\">\n\t\t\t\t\t\t\t\t\t<section class=\"elementor-section elementor-top-section elementor-element elementor-element-31c4b98 elementor-section-boxed elementor-section-height-default elementor-section-height-default\" data-id=\"31c4b98\" data-element_type=\"section\">\n\t\t\t\t\t\t<div class=\"elementor-container elementor-column-gap-default\">\n\t\t\t\t\t<div class=\"elementor-column elementor-col-100 elementor-top-column elementor-element elementor-element-88ffe37\" data-id=\"88ffe37\" data-element_type=\"column\">\n\t\t\t<div class=\"elementor-widget-wrap elementor-element-populated\">\n\t\t\t\t\t\t\t\t<div class=\"elementor-element elementor-element-532f236 elementor-widget elementor-widget-heading\" data-id=\"532f236\" data-element_type=\"widget\" data-widget_type=\"heading.default\">\n\t\t\t\t<div class=\"elementor-widget-container\">\n\t\t\t<style>\/*! elementor - v3.11.5 - 14-03-2023 *\/\n.elementor-heading-title{padding:0;margin:0;line-height:1}.elementor-widget-heading .elementor-heading-title[class*=elementor-size-]>a{color:inherit;font-size:inherit;line-height:inherit}.elementor-widget-heading .elementor-heading-title.elementor-size-small{font-size:15px}.elementor-widget-heading .elementor-heading-title.elementor-size-medium{font-size:19px}.elementor-widget-heading .elementor-heading-title.elementor-size-large{font-size:29px}.elementor-widget-heading .elementor-heading-title.elementor-size-xl{font-size:39px}.elementor-widget-heading .elementor-heading-title.elementor-size-xxl{font-size:59px}<\/style><h2 class=\"elementor-heading-title elementor-size-default\">Finansman Deste\u011fi<\/h2>\t\t<\/div>\n\t\t\t\t<\/div>\n\t\t\t\t\t<\/div>\n\t\t<\/div>\n\t\t\t\t\t\t\t<\/div>\n\t\t<\/section>\n\t\t\t\t<section class=\"elementor-section elementor-top-section elementor-element elementor-element-9876a42 elementor-section-boxed elementor-section-height-default elementor-section-height-default\" data-id=\"9876a42\" data-element_type=\"section\">\n\t\t\t\t\t\t<div class=\"elementor-container elementor-column-gap-default\">\n\t\t\t\t\t<div class=\"elementor-column elementor-col-100 elementor-top-column elementor-element elementor-element-5465f62\" data-id=\"5465f62\" data-element_type=\"column\">\n\t\t\t<div class=\"elementor-widget-wrap elementor-element-populated\">\n\t\t\t\t\t\t\t\t<div class=\"elementor-element elementor-element-d098ac3 elementor-widget elementor-widget-text-editor\" data-id=\"d098ac3\" data-element_type=\"widget\" data-widget_type=\"text-editor.default\">\n\t\t\t\t<div class=\"elementor-widget-container\">\n\t\t\t<style>\/*! elementor - v3.11.5 - 14-03-2023 *\/\n.elementor-widget-text-editor.elementor-drop-cap-view-stacked .elementor-drop-cap{background-color:#818a91;color:#fff}.elementor-widget-text-editor.elementor-drop-cap-view-framed .elementor-drop-cap{color:#818a91;border:3px solid;background-color:transparent}.elementor-widget-text-editor:not(.elementor-drop-cap-view-default) .elementor-drop-cap{margin-top:8px}.elementor-widget-text-editor:not(.elementor-drop-cap-view-default) .elementor-drop-cap-letter{width:1em;height:1em}.elementor-widget-text-editor .elementor-drop-cap{float:left;text-align:center;line-height:1;font-size:50px}.elementor-widget-text-editor .elementor-drop-cap-letter{display:inline-block}<\/style>\t\t\t\t<p><strong>Program neyi ama\u00e7l\u0131yor?<\/strong><\/p>\n<p>&nbsp; &nbsp; &nbsp; &nbsp; &nbsp; Finansman deste\u011fi, ba\u015fvuru rehberinde belirtilen nitelikteki projeler i\u00e7in, ilgili arac\u0131 kurulu\u015flardan al\u0131nacak krediler kar\u015f\u0131l\u0131\u011f\u0131nda \u00f6denecek finansman giderlerinin, ajans taraf\u0131ndan kar\u015f\u0131lanmas\u0131n\u0131 \u00f6ng\u00f6ren mali destektir.&nbsp;&nbsp;<\/p>\n<p><strong>Destek oranlar\u0131 ve \u00fcst limitleri nelerdir?<\/strong><\/p>\n<p>&nbsp; &nbsp; &nbsp; &nbsp; &nbsp; Finansman deste\u011fine ne kadar b\u00fct\u00e7e ayr\u0131laca\u011f\u0131 ve destek alanlar\u0131 ajans\u0131n \u00e7al\u0131\u015fma program\u0131nda ayr\u0131nt\u0131l\u0131 bir \u015fekilde belirtilir ve bu programlar \u00e7al\u0131\u015fma program\u0131na uygun olarak ger\u00e7ekle\u015ftirilir.<\/p>\n<p><strong>Program s\u00fcresi nedir?<\/strong><\/p>\n<p>&nbsp; &nbsp; &nbsp; &nbsp; &nbsp; Finansman deste\u011fi programlar\u0131nda ise, verilecek finansman deste\u011finin vadesi, Ajans ile ilgili arac\u0131 kurulu\u015f aras\u0131nda yap\u0131lacak protokol h\u00fck\u00fcmleri \u00e7er\u00e7evesinde belirlenir. Finansman deste\u011fi programlar\u0131nda, yararlan\u0131c\u0131 ile arac\u0131 finans kurulu\u015fu aras\u0131nda yap\u0131lacak s\u00f6zle\u015fme h\u00fck\u00fcmlerine g\u00f6re kredinin geri \u00f6deme s\u00fcreleri belirlenir.&nbsp;<\/p>\t\t\t\t\t\t<\/div>\n\t\t\t\t<\/div>\n\t\t\t\t\t<\/div>\n\t\t<\/div>\n\t\t\t\t\t\t\t<\/div>\n\t\t<\/section>\n\t\t\t\t\t\t\t<\/div>\n\t\t","protected":false},"excerpt":{"rendered":"<p>Finansman Deste\u011fi Program neyi ama\u00e7l\u0131yor? &nbsp; &nbsp; &nbsp; &nbsp; &nbsp; Finansman deste\u011fi, ba\u015fvuru rehberinde belirtilen nitelikteki projeler i\u00e7in, ilgili arac\u0131 kurulu\u015flardan al\u0131nacak krediler kar\u015f\u0131l\u0131\u011f\u0131nda \u00f6denecek finansman giderlerinin, ajans taraf\u0131ndan kar\u015f\u0131lanmas\u0131n\u0131 \u00f6ng\u00f6ren mali destektir.&nbsp;&nbsp; Destek oranlar\u0131 ve \u00fcst limitleri nelerdir? &nbsp; &nbsp; &nbsp; &nbsp; &nbsp; Finansman deste\u011fine ne kadar b\u00fct\u00e7e ayr\u0131laca\u011f\u0131 ve destek alanlar\u0131 ajans\u0131n \u00e7al\u0131\u015fma [&hellip;]<\/p>\n","protected":false},"author":1,"featured_media":0,"parent":0,"menu_order":0,"comment_status":"closed","ping_status":"closed","template":"elementor_header_footer","meta":[],"_links":{"self":[{"href":"https:\/\/arpdestek.com\/index.php\/wp-json\/wp\/v2\/pages\/409"}],"collection":[{"href":"https:\/\/arpdestek.com\/index.php\/wp-json\/wp\/v2\/pages"}],"about":[{"href":"https:\/\/arpdestek.com\/index.php\/wp-json\/wp\/v2\/types\/page"}],"author":[{"embeddable":true,"href":"https:\/\/arpdestek.com\/index.php\/wp-json\/wp\/v2\/users\/1"}],"replies":[{"embeddable":true,"href":"https:\/\/arpdestek.com\/index.php\/wp-json\/wp\/v2\/comments?post=409"}],"version-history":[{"count":7,"href":"https:\/\/arpdestek.com\/index.php\/wp-json\/wp\/v2\/pages\/409\/revisions"}],"predecessor-version":[{"id":727,"href":"https:\/\/arpdestek.com\/index.php\/wp-json\/wp\/v2\/pages\/409\/revisions\/727"}],"wp:attachment":[{"href":"https:\/\/arpdestek.com\/index.php\/wp-json\/wp\/v2\/media?parent=409"}],"curies":[{"name":"wp","href":"https:\/\/api.w.org\/{rel}","templated":true}]}}