{"id":420,"date":"2023-03-18T02:00:21","date_gmt":"2023-03-17T23:00:21","guid":{"rendered":"https:\/\/arpdestek.com\/?page_id=420"},"modified":"2023-04-07T23:02:02","modified_gmt":"2023-04-07T20:02:02","slug":"oncelikli-alanlar-ar-ge-projeleri-destekleme-programi","status":"publish","type":"page","link":"https:\/\/arpdestek.com\/index.php\/oncelikli-alanlar-ar-ge-projeleri-destekleme-programi\/","title":{"rendered":"\u00d6ncelikli Alanlar AR-GE Projeleri Destekleme Program\u0131"},"content":{"rendered":"\t\t<div data-elementor-type=\"wp-page\" data-elementor-id=\"420\" class=\"elementor elementor-420\">\n\t\t\t\t\t\t\t\t\t<section class=\"elementor-section elementor-top-section elementor-element elementor-element-0552b0e elementor-section-boxed elementor-section-height-default elementor-section-height-default\" data-id=\"0552b0e\" data-element_type=\"section\">\n\t\t\t\t\t\t<div class=\"elementor-container elementor-column-gap-default\">\n\t\t\t\t\t<div class=\"elementor-column elementor-col-100 elementor-top-column elementor-element elementor-element-d374e64\" data-id=\"d374e64\" data-element_type=\"column\">\n\t\t\t<div class=\"elementor-widget-wrap elementor-element-populated\">\n\t\t\t\t\t\t\t\t<div class=\"elementor-element elementor-element-6ec1e48 elementor-widget elementor-widget-heading\" data-id=\"6ec1e48\" data-element_type=\"widget\" data-widget_type=\"heading.default\">\n\t\t\t\t<div class=\"elementor-widget-container\">\n\t\t\t<style>\/*! elementor - v3.11.5 - 14-03-2023 *\/\n.elementor-heading-title{padding:0;margin:0;line-height:1}.elementor-widget-heading .elementor-heading-title[class*=elementor-size-]>a{color:inherit;font-size:inherit;line-height:inherit}.elementor-widget-heading .elementor-heading-title.elementor-size-small{font-size:15px}.elementor-widget-heading .elementor-heading-title.elementor-size-medium{font-size:19px}.elementor-widget-heading .elementor-heading-title.elementor-size-large{font-size:29px}.elementor-widget-heading .elementor-heading-title.elementor-size-xl{font-size:39px}.elementor-widget-heading .elementor-heading-title.elementor-size-xxl{font-size:59px}<\/style><h2 class=\"elementor-heading-title elementor-size-default\">\u00d6ncelikli Alanlar AR-GE Projeleri Destekleme Program\u0131<\/h2>\t\t<\/div>\n\t\t\t\t<\/div>\n\t\t\t\t\t<\/div>\n\t\t<\/div>\n\t\t\t\t\t\t\t<\/div>\n\t\t<\/section>\n\t\t\t\t<section class=\"elementor-section elementor-top-section elementor-element elementor-element-6ecb976 elementor-section-boxed elementor-section-height-default elementor-section-height-default\" data-id=\"6ecb976\" data-element_type=\"section\">\n\t\t\t\t\t\t<div class=\"elementor-container elementor-column-gap-default\">\n\t\t\t\t\t<div class=\"elementor-column elementor-col-100 elementor-top-column elementor-element elementor-element-4c96332\" data-id=\"4c96332\" data-element_type=\"column\">\n\t\t\t<div class=\"elementor-widget-wrap elementor-element-populated\">\n\t\t\t\t\t\t\t\t<div class=\"elementor-element elementor-element-588508b elementor-widget elementor-widget-text-editor\" data-id=\"588508b\" data-element_type=\"widget\" data-widget_type=\"text-editor.default\">\n\t\t\t\t<div class=\"elementor-widget-container\">\n\t\t\t<style>\/*! elementor - v3.11.5 - 14-03-2023 *\/\n.elementor-widget-text-editor.elementor-drop-cap-view-stacked .elementor-drop-cap{background-color:#818a91;color:#fff}.elementor-widget-text-editor.elementor-drop-cap-view-framed .elementor-drop-cap{color:#818a91;border:3px solid;background-color:transparent}.elementor-widget-text-editor:not(.elementor-drop-cap-view-default) .elementor-drop-cap{margin-top:8px}.elementor-widget-text-editor:not(.elementor-drop-cap-view-default) .elementor-drop-cap-letter{width:1em;height:1em}.elementor-widget-text-editor .elementor-drop-cap{float:left;text-align:center;line-height:1;font-size:50px}.elementor-widget-text-editor .elementor-drop-cap-letter{display:inline-block}<\/style>\t\t\t\t<p>\u00a0 \u00a0 \u00a0 \u00a0 \u00a0 Bu destek program\u0131n\u0131n amac\u0131, Ulusal Bilim Teknoloji ve Yenilik Stratejisi \u00e7er\u00e7evesinde belirlenecek \u00f6ncelikli alanlarda sonu\u00e7 odakl\u0131, izlenebilir hedefleri olan, ilgili bilim\/teknoloji alanlar\u0131n\u0131n dinamiklerini g\u00f6zeten ve yurt i\u00e7inde yap\u0131lan <u>Ar-Ge projelerini desteklemek ve bu projeler aras\u0131nda e\u015fg\u00fcd\u00fcm <\/u>sa\u011flamakt\u0131r.<\/p><p><strong>PROJE S\u00dcRES\u0130 NE KADARDIR?<\/strong><\/p><ul><li>K\u00fc\u00e7\u00fck \u00d6l\u00e7ekli projelerin s\u00fcresi en fazla 24 ay,<\/li><li>Orta ve B\u00fcy\u00fck \u00d6l\u00e7ekli projelerin s\u00fcresi en fazla 36 ayd\u0131r.<\/li><\/ul><p><strong>PROJE B\u00dcT\u00c7ES\u0130<\/strong><\/p><p>\u00a0 \u00a0 \u00a0 \u00a0 \u00a0 Proje destek \u00fcst limiti (burs dahil, Proje Te\u015fvik \u0130kramiyesi (PT\u0130) ve kurum hissesi hari\u00e7) y\u0131ll\u0131k b\u00fct\u00e7e s\u0131n\u0131rlamas\u0131 olmaks\u0131z\u0131n;<\/p><ul><li style=\"list-style-type: none;\"><ul><li>K\u00fc\u00e7\u00fck \u00f6l\u00e7ekli projeler i\u00e7in 750.000 TL,<\/li><li>Orta \u00f6l\u00e7ekli projeler i\u00e7in 1.500.000 TL (750.001-1.500.000),<\/li><li>B\u00fcy\u00fck \u00f6l\u00e7ekli projeler i\u00e7in ise 3.750.000 TL (1.500.001-3.750.000)\u2019dir.<\/li><\/ul><\/li><\/ul><p><strong>Burslar ile ilgili \u00fcst s\u0131n\u0131rlar a\u015fa\u011f\u0131da verilmi\u015ftir:<\/strong><\/p><table width=\"0\"><tbody><tr><td width=\"198\">\u00a0<strong>Niteli\u011fi<\/strong><\/td><td width=\"123\"><strong>\u00dccret Kar\u015f\u0131l\u0131\u011f\u0131 \u00c7al\u0131\u015fm\u0131yor \u0130se<\/strong><\/td><td><strong>\u00dccretli \u00c7al\u0131\u015f\u0131yor \u0130se<\/strong><\/td><\/tr><tr><td width=\"198\">Lisans \u00d6\u011frencisi<\/td><td width=\"123\">1.650.-TL\/ay<\/td><td>&#8212;&#8212;&#8212;&#8212;&#8212;-<\/td><\/tr><tr><td width=\"198\">Y\u00fcksek Lisans \u00d6\u011frencisi<\/td><td width=\"123\">5.500.-TL\/ay<\/td><td>1.650.-TL\/ay<\/td><\/tr><tr><td width=\"198\">Doktora \u00d6\u011frencisi<\/td><td width=\"123\">7.500.-TL\/ay<\/td><td>2.250.-TL\/ay<\/td><\/tr><tr><td width=\"198\">Doktora Sonras\u0131 Ara\u015ft\u0131rmac\u0131<\/td><td width=\"123\">10.000.-TL\/ay<\/td><td>&#8212;&#8212;&#8212;&#8212;&#8212;-<\/td><\/tr><\/tbody><\/table><p>\u00a0 \u00a0 \u00a0 \u00a0 \u00a0 Ayr\u0131ca, makine-te\u00e7hizat taleplerinin toplam b\u00fct\u00e7e ile dengeli olmas\u0131 g\u00f6zetilir.<\/p><p>\u00a0 \u00a0 \u00a0 \u00a0 \u00a0 Altyap\u0131 olu\u015fturmaya y\u00f6nelik olan projeler desteklenmez.<\/p>\t\t\t\t\t\t<\/div>\n\t\t\t\t<\/div>\n\t\t\t\t\t<\/div>\n\t\t<\/div>\n\t\t\t\t\t\t\t<\/div>\n\t\t<\/section>\n\t\t\t\t\t\t\t<\/div>\n\t\t","protected":false},"excerpt":{"rendered":"<p>\u00d6ncelikli Alanlar AR-GE Projeleri Destekleme Program\u0131 \u00a0 \u00a0 \u00a0 \u00a0 \u00a0 Bu destek program\u0131n\u0131n amac\u0131, Ulusal Bilim Teknoloji ve Yenilik Stratejisi \u00e7er\u00e7evesinde belirlenecek \u00f6ncelikli alanlarda sonu\u00e7 odakl\u0131, izlenebilir hedefleri olan, ilgili bilim\/teknoloji alanlar\u0131n\u0131n dinamiklerini g\u00f6zeten ve yurt i\u00e7inde yap\u0131lan Ar-Ge projelerini desteklemek ve bu projeler aras\u0131nda e\u015fg\u00fcd\u00fcm sa\u011flamakt\u0131r. PROJE S\u00dcRES\u0130 NE KADARDIR? K\u00fc\u00e7\u00fck \u00d6l\u00e7ekli projelerin [&hellip;]<\/p>\n","protected":false},"author":1,"featured_media":0,"parent":0,"menu_order":0,"comment_status":"closed","ping_status":"closed","template":"elementor_header_footer","meta":[],"_links":{"self":[{"href":"https:\/\/arpdestek.com\/index.php\/wp-json\/wp\/v2\/pages\/420"}],"collection":[{"href":"https:\/\/arpdestek.com\/index.php\/wp-json\/wp\/v2\/pages"}],"about":[{"href":"https:\/\/arpdestek.com\/index.php\/wp-json\/wp\/v2\/types\/page"}],"author":[{"embeddable":true,"href":"https:\/\/arpdestek.com\/index.php\/wp-json\/wp\/v2\/users\/1"}],"replies":[{"embeddable":true,"href":"https:\/\/arpdestek.com\/index.php\/wp-json\/wp\/v2\/comments?post=420"}],"version-history":[{"count":8,"href":"https:\/\/arpdestek.com\/index.php\/wp-json\/wp\/v2\/pages\/420\/revisions"}],"predecessor-version":[{"id":736,"href":"https:\/\/arpdestek.com\/index.php\/wp-json\/wp\/v2\/pages\/420\/revisions\/736"}],"wp:attachment":[{"href":"https:\/\/arpdestek.com\/index.php\/wp-json\/wp\/v2\/media?parent=420"}],"curies":[{"name":"wp","href":"https:\/\/api.w.org\/{rel}","templated":true}]}}