{"id":428,"date":"2023-03-18T02:01:57","date_gmt":"2023-03-17T23:01:57","guid":{"rendered":"https:\/\/arpdestek.com\/?page_id=428"},"modified":"2023-04-07T23:02:57","modified_gmt":"2023-04-07T20:02:57","slug":"ulusal-yeni-fikirler-ve-urunler-arastirma-destek-programi","status":"publish","type":"page","link":"https:\/\/arpdestek.com\/index.php\/ulusal-yeni-fikirler-ve-urunler-arastirma-destek-programi\/","title":{"rendered":"Ulusal Yeni Fikirler ve \u00dcr\u00fcnler Ara\u015ft\u0131rma Destek Program\u0131"},"content":{"rendered":"\t\t<div data-elementor-type=\"wp-page\" data-elementor-id=\"428\" class=\"elementor elementor-428\">\n\t\t\t\t\t\t\t\t\t<section class=\"elementor-section elementor-top-section elementor-element elementor-element-bff9b9c elementor-section-boxed elementor-section-height-default elementor-section-height-default\" data-id=\"bff9b9c\" data-element_type=\"section\">\n\t\t\t\t\t\t<div class=\"elementor-container elementor-column-gap-default\">\n\t\t\t\t\t<div class=\"elementor-column elementor-col-100 elementor-top-column elementor-element elementor-element-a0e0c6e\" data-id=\"a0e0c6e\" data-element_type=\"column\">\n\t\t\t<div class=\"elementor-widget-wrap elementor-element-populated\">\n\t\t\t\t\t\t\t\t<div class=\"elementor-element elementor-element-7be15d7 elementor-widget elementor-widget-heading\" data-id=\"7be15d7\" data-element_type=\"widget\" data-widget_type=\"heading.default\">\n\t\t\t\t<div class=\"elementor-widget-container\">\n\t\t\t<style>\/*! elementor - v3.11.5 - 14-03-2023 *\/\n.elementor-heading-title{padding:0;margin:0;line-height:1}.elementor-widget-heading .elementor-heading-title[class*=elementor-size-]>a{color:inherit;font-size:inherit;line-height:inherit}.elementor-widget-heading .elementor-heading-title.elementor-size-small{font-size:15px}.elementor-widget-heading .elementor-heading-title.elementor-size-medium{font-size:19px}.elementor-widget-heading .elementor-heading-title.elementor-size-large{font-size:29px}.elementor-widget-heading .elementor-heading-title.elementor-size-xl{font-size:39px}.elementor-widget-heading .elementor-heading-title.elementor-size-xxl{font-size:59px}<\/style><h2 class=\"elementor-heading-title elementor-size-default\">Ulusal Yeni Fikirler ve \u00dcr\u00fcnler Ara\u015ft\u0131rma Destek Program\u0131<\/h2>\t\t<\/div>\n\t\t\t\t<\/div>\n\t\t\t\t\t<\/div>\n\t\t<\/div>\n\t\t\t\t\t\t\t<\/div>\n\t\t<\/section>\n\t\t\t\t<section class=\"elementor-section elementor-top-section elementor-element elementor-element-6b4741a elementor-section-boxed elementor-section-height-default elementor-section-height-default\" data-id=\"6b4741a\" data-element_type=\"section\">\n\t\t\t\t\t\t<div class=\"elementor-container elementor-column-gap-default\">\n\t\t\t\t\t<div class=\"elementor-column elementor-col-100 elementor-top-column elementor-element elementor-element-1efd3f6\" data-id=\"1efd3f6\" data-element_type=\"column\">\n\t\t\t<div class=\"elementor-widget-wrap elementor-element-populated\">\n\t\t\t\t\t\t\t\t<div class=\"elementor-element elementor-element-6cadfdb elementor-widget elementor-widget-text-editor\" data-id=\"6cadfdb\" data-element_type=\"widget\" data-widget_type=\"text-editor.default\">\n\t\t\t\t<div class=\"elementor-widget-container\">\n\t\t\t<style>\/*! elementor - v3.11.5 - 14-03-2023 *\/\n.elementor-widget-text-editor.elementor-drop-cap-view-stacked .elementor-drop-cap{background-color:#818a91;color:#fff}.elementor-widget-text-editor.elementor-drop-cap-view-framed .elementor-drop-cap{color:#818a91;border:3px solid;background-color:transparent}.elementor-widget-text-editor:not(.elementor-drop-cap-view-default) .elementor-drop-cap{margin-top:8px}.elementor-widget-text-editor:not(.elementor-drop-cap-view-default) .elementor-drop-cap-letter{width:1em;height:1em}.elementor-widget-text-editor .elementor-drop-cap{float:left;text-align:center;line-height:1;font-size:50px}.elementor-widget-text-editor .elementor-drop-cap-letter{display:inline-block}<\/style>\t\t\t\t<p>\u00a0 \u00a0 \u00a0 \u00a0 \u00a0 Program\u0131n amac\u0131, \u00fclkemizde ihtiya\u00e7 duyulan, teknolojik d\u0131\u015fa ba\u011f\u0131ml\u0131l\u0131\u011f\u0131m\u0131z\u0131 azaltacak ve\/veya \u00fclkemizin rekabet g\u00fcc\u00fcn\u00fc art\u0131racak ulusal\/uluslararas\u0131 yeni bir \u00fcr\u00fcn\/s\u00fcre\u00e7\/y\u00f6ntem\/model geli\u015ftirme amac\u0131na y\u00f6nelik <u>uygulamal\u0131 ara\u015ft\u0131rma ve\/veya deneysel geli\u015ftirme projelerinin<\/u> desteklenmesidir.<\/p><p><strong>PROJE S\u00dcRES\u0130<\/strong><\/p><p>\u00a0 \u00a0 \u00a0 \u00a0 \u00a0 Proje s\u00fcresi en fazla 18 ayd\u0131r.<\/p><p><strong>PROJE B\u00dcT\u00c7ES\u0130<\/strong><\/p><p>\u00a0 \u00a0 \u00a0 \u00a0 \u00a0 <u>1 Temmuz 2022 tarihi itibariyle,<\/u>\u00a0proje destek \u00fcst limiti (burs dahil, Proje Te\u015fvik \u0130kramiyesi (PT\u0130)* ve\u00a0kurum hissesi hari\u00e7) 500.000\u00a0TL\u2019dir.<\/p><p><strong>Burslar ile ilgili \u00fcst s\u0131n\u0131rlar a\u015fa\u011f\u0131da verilmi\u015ftir:<\/strong><\/p><table width=\"0\"><tbody><tr><td width=\"198\"><strong>Niteli\u011fi<\/strong><\/td><td width=\"132\"><strong>\u00dccret Kar\u015f\u0131l\u0131\u011f\u0131 \u00c7al\u0131\u015fm\u0131yorsa<\/strong><\/td><td width=\"132\"><strong>\u00dccretli \u00c7al\u0131\u015f\u0131yorsa<\/strong><\/td><\/tr><tr><td width=\"198\">Lisans \u00d6\u011frencisi<\/td><td width=\"132\">1.650.-TL\/ay<\/td><td width=\"132\">&#8212;&#8212;&#8212;&#8212;&#8212;-<\/td><\/tr><tr><td width=\"198\">Y\u00fcksek Lisans \u00d6\u011frencisi<\/td><td width=\"132\">5.500.-TL\/ay<\/td><td width=\"132\">1.650.-TL\/ay<\/td><\/tr><tr><td width=\"198\">Doktora \u00d6\u011frencisi<\/td><td width=\"132\">7.500.-TL\/ay<\/td><td width=\"132\">2.250.-TL\/ay<\/td><\/tr><tr><td width=\"198\">Doktora Sonras\u0131 Ara\u015ft\u0131rmac\u0131<\/td><td width=\"132\">10.000.-TL\/ay<\/td><td width=\"132\">&#8212;&#8212;&#8212;&#8212;&#8212;-<\/td><\/tr><\/tbody><\/table><p>\u00a0 \u00a0 \u00a0 \u00a0 \u00a0 Ayr\u0131ca, makine-te\u00e7hizat taleplerinin toplam b\u00fct\u00e7e ile dengeli olmas\u0131 g\u00f6zetilir.<\/p><p>\u00a0 \u00a0 \u00a0 \u00a0 \u00a0 Altyap\u0131 olu\u015fturmaya y\u00f6nelik olan projeler desteklenmez.<\/p><p style=\"padding-left: 40px;\">* Bu program kapsam\u0131nda, ko\u015fullu olarak Proje Te\u015fvik \u0130kramiyesi \u00f6demesi yap\u0131lmaktad\u0131r.\u00a0<\/p><p><strong>F\u0130KR\u00ce VE SINA\u00ce M\u00dcLK\u0130YET HAKLARI <\/strong><\/p><p>\u00a0 \u00a0 \u00a0 \u00a0 \u00a0 Proje y\u00fcr\u00fct\u00fcc\u00fcs\u00fc, \u00fc\u00e7\u00fcnc\u00fc ki\u015fi\/ki\u015filere ait fikri ve s\u0131nai m\u00fclkiyet haklar\u0131n\u0131n proje \u00f6nerisine konu olup olmad\u0131\u011f\u0131n\u0131, proje \u00f6nerisini sunmadan \u00f6nce ara\u015ft\u0131rmak ve ara\u015ft\u0131rma sonu\u00e7lar\u0131n\u0131 sunmak zorundad\u0131r.<\/p><p>\u00a0 \u00a0 \u00a0 \u00a0 \u00a0 Proje y\u00fcr\u00fct\u00fcc\u00fcs\u00fcn\u00fcn kusur ve\/veya ihmali nedeniyle \u00fc\u00e7\u00fcnc\u00fc ki\u015filere ait fikri ve s\u0131nai m\u00fclkiyet haklar\u0131na ili\u015fkin ihlallerin tespit edilmesi durumunda Y\u00f6netmelik, Ara\u015ft\u0131rma Projelerinde Uygulanacak \u0130dari ve Mali Esaslar ve ilgili mevzuat h\u00fck\u00fcmleri uygulan\u0131r. Ba\u015fvuru yap\u0131lan proje konusuyla ilgili olarak ulusal\/uluslararas\u0131 patent\/faydal\u0131 model\/tescil al\u0131n\u0131p al\u0131nmad\u0131\u011f\u0131na dair taramalar a\u015fa\u011f\u0131da \u00f6rne\u011fi verilen baz\u0131 internet sayfalar\u0131ndan yap\u0131labilir.<\/p><p>(\u00d6rne\u011fin:\u00a0<a href=\"http:\/\/www.tpe.gov.tr\/\">http:\/\/www.tpe.gov.tr<\/a>,\u00a0<a href=\"http:\/\/tr.espacenet.com\/\">http:\/\/tr.espacenet.com<\/a>,\u00a0<a href=\"http:\/\/www.epo.org\/\">http:\/\/www.epo.org<\/a>)<\/p>\t\t\t\t\t\t<\/div>\n\t\t\t\t<\/div>\n\t\t\t\t\t<\/div>\n\t\t<\/div>\n\t\t\t\t\t\t\t<\/div>\n\t\t<\/section>\n\t\t\t\t\t\t\t<\/div>\n\t\t","protected":false},"excerpt":{"rendered":"<p>Ulusal Yeni Fikirler ve \u00dcr\u00fcnler Ara\u015ft\u0131rma Destek Program\u0131 \u00a0 \u00a0 \u00a0 \u00a0 \u00a0 Program\u0131n amac\u0131, \u00fclkemizde ihtiya\u00e7 duyulan, teknolojik d\u0131\u015fa ba\u011f\u0131ml\u0131l\u0131\u011f\u0131m\u0131z\u0131 azaltacak ve\/veya \u00fclkemizin rekabet g\u00fcc\u00fcn\u00fc art\u0131racak ulusal\/uluslararas\u0131 yeni bir \u00fcr\u00fcn\/s\u00fcre\u00e7\/y\u00f6ntem\/model geli\u015ftirme amac\u0131na y\u00f6nelik uygulamal\u0131 ara\u015ft\u0131rma ve\/veya deneysel geli\u015ftirme projelerinin desteklenmesidir. PROJE S\u00dcRES\u0130 \u00a0 \u00a0 \u00a0 \u00a0 \u00a0 Proje s\u00fcresi en fazla 18 ayd\u0131r. PROJE [&hellip;]<\/p>\n","protected":false},"author":1,"featured_media":0,"parent":0,"menu_order":0,"comment_status":"closed","ping_status":"closed","template":"elementor_header_footer","meta":[],"_links":{"self":[{"href":"https:\/\/arpdestek.com\/index.php\/wp-json\/wp\/v2\/pages\/428"}],"collection":[{"href":"https:\/\/arpdestek.com\/index.php\/wp-json\/wp\/v2\/pages"}],"about":[{"href":"https:\/\/arpdestek.com\/index.php\/wp-json\/wp\/v2\/types\/page"}],"author":[{"embeddable":true,"href":"https:\/\/arpdestek.com\/index.php\/wp-json\/wp\/v2\/users\/1"}],"replies":[{"embeddable":true,"href":"https:\/\/arpdestek.com\/index.php\/wp-json\/wp\/v2\/comments?post=428"}],"version-history":[{"count":8,"href":"https:\/\/arpdestek.com\/index.php\/wp-json\/wp\/v2\/pages\/428\/revisions"}],"predecessor-version":[{"id":739,"href":"https:\/\/arpdestek.com\/index.php\/wp-json\/wp\/v2\/pages\/428\/revisions\/739"}],"wp:attachment":[{"href":"https:\/\/arpdestek.com\/index.php\/wp-json\/wp\/v2\/media?parent=428"}],"curies":[{"name":"wp","href":"https:\/\/api.w.org\/{rel}","templated":true}]}}