{"id":436,"date":"2023-03-18T02:03:54","date_gmt":"2023-03-17T23:03:54","guid":{"rendered":"https:\/\/arpdestek.com\/?page_id=436"},"modified":"2023-04-07T23:04:54","modified_gmt":"2023-04-07T20:04:54","slug":"kamu-kurumlari-arastirma-ve-gelistirme-projelerini-destekleme-programi","status":"publish","type":"page","link":"https:\/\/arpdestek.com\/index.php\/kamu-kurumlari-arastirma-ve-gelistirme-projelerini-destekleme-programi\/","title":{"rendered":"Kamu Kurumlar\u0131 Ara\u015ft\u0131rma ve Geli\u015ftirme Projelerini Destekleme Program\u0131"},"content":{"rendered":"\t\t<div data-elementor-type=\"wp-page\" data-elementor-id=\"436\" class=\"elementor elementor-436\">\n\t\t\t\t\t\t\t\t\t<section class=\"elementor-section elementor-top-section elementor-element elementor-element-1e2eb3c elementor-section-boxed elementor-section-height-default elementor-section-height-default\" data-id=\"1e2eb3c\" data-element_type=\"section\">\n\t\t\t\t\t\t<div class=\"elementor-container elementor-column-gap-default\">\n\t\t\t\t\t<div class=\"elementor-column elementor-col-100 elementor-top-column elementor-element elementor-element-f02f76c\" data-id=\"f02f76c\" data-element_type=\"column\">\n\t\t\t<div class=\"elementor-widget-wrap elementor-element-populated\">\n\t\t\t\t\t\t\t\t<div class=\"elementor-element elementor-element-073aede elementor-widget elementor-widget-heading\" data-id=\"073aede\" data-element_type=\"widget\" data-widget_type=\"heading.default\">\n\t\t\t\t<div class=\"elementor-widget-container\">\n\t\t\t<style>\/*! elementor - v3.11.5 - 14-03-2023 *\/\n.elementor-heading-title{padding:0;margin:0;line-height:1}.elementor-widget-heading .elementor-heading-title[class*=elementor-size-]>a{color:inherit;font-size:inherit;line-height:inherit}.elementor-widget-heading .elementor-heading-title.elementor-size-small{font-size:15px}.elementor-widget-heading .elementor-heading-title.elementor-size-medium{font-size:19px}.elementor-widget-heading .elementor-heading-title.elementor-size-large{font-size:29px}.elementor-widget-heading .elementor-heading-title.elementor-size-xl{font-size:39px}.elementor-widget-heading .elementor-heading-title.elementor-size-xxl{font-size:59px}<\/style><h2 class=\"elementor-heading-title elementor-size-default\">Kamu Kurumlar\u0131 Ara\u015ft\u0131rma ve Geli\u015ftirme Projelerini Destekleme Program\u0131<\/h2>\t\t<\/div>\n\t\t\t\t<\/div>\n\t\t\t\t\t<\/div>\n\t\t<\/div>\n\t\t\t\t\t\t\t<\/div>\n\t\t<\/section>\n\t\t\t\t<section class=\"elementor-section elementor-top-section elementor-element elementor-element-3c17e59 elementor-section-boxed elementor-section-height-default elementor-section-height-default\" data-id=\"3c17e59\" data-element_type=\"section\">\n\t\t\t\t\t\t<div class=\"elementor-container elementor-column-gap-default\">\n\t\t\t\t\t<div class=\"elementor-column elementor-col-100 elementor-top-column elementor-element elementor-element-4f99910\" data-id=\"4f99910\" data-element_type=\"column\">\n\t\t\t<div class=\"elementor-widget-wrap elementor-element-populated\">\n\t\t\t\t\t\t\t\t<div class=\"elementor-element elementor-element-ef714ce elementor-widget elementor-widget-text-editor\" data-id=\"ef714ce\" data-element_type=\"widget\" data-widget_type=\"text-editor.default\">\n\t\t\t\t<div class=\"elementor-widget-container\">\n\t\t\t<style>\/*! elementor - v3.11.5 - 14-03-2023 *\/\n.elementor-widget-text-editor.elementor-drop-cap-view-stacked .elementor-drop-cap{background-color:#818a91;color:#fff}.elementor-widget-text-editor.elementor-drop-cap-view-framed .elementor-drop-cap{color:#818a91;border:3px solid;background-color:transparent}.elementor-widget-text-editor:not(.elementor-drop-cap-view-default) .elementor-drop-cap{margin-top:8px}.elementor-widget-text-editor:not(.elementor-drop-cap-view-default) .elementor-drop-cap-letter{width:1em;height:1em}.elementor-widget-text-editor .elementor-drop-cap{float:left;text-align:center;line-height:1;font-size:50px}.elementor-widget-text-editor .elementor-drop-cap-letter{display:inline-block}<\/style>\t\t\t\t<p>\u00a0 \u00a0 \u00a0 \u00a0 \u00a0 Kamu kurumlar\u0131n\u0131n Ar-Ge ile giderilebilecek ihtiya\u00e7lar\u0131n\u0131n kar\u015f\u0131lanmas\u0131 ya da sorunlar\u0131n\u0131n \u00e7\u00f6z\u00fcm\u00fc amac\u0131yla 10 Mart 2005 tarihinde yap\u0131lan \u201cBilim ve Teknoloji Y\u00fcksek Kurulu (BTYK)\u201d toplant\u0131s\u0131nda al\u0131nan karar do\u011frultusunda Kamu Kurumlar\u0131 Ara\u015ft\u0131rma ve Geli\u015ftirme Projelerini Destekleme Program\u0131 (1007 Program\u0131) ba\u015flat\u0131lm\u0131\u015ft\u0131r.<\/p><p style=\"padding-left: 40px;\">Ar-Ge\u2019ye dayal\u0131 tedarik Program ile;<\/p><ul><li style=\"list-style-type: none;\"><ul><li>Kamuda sat\u0131n almaya dayal\u0131 tedarik y\u00f6ntemi,<\/li><li>Teknolojik nitelikli \u00fcr\u00fcn\/sistem tedari\u011finin yurtd\u0131\u015f\u0131ndan yap\u0131lmas\u0131,<\/li><li>Teknolojik nitelikli \u00fcr\u00fcn\/sistem i\u00e7in \u00e7ok miktarda kayna\u011f\u0131n yurtd\u0131\u015f\u0131na aktar\u0131m\u0131,<\/li><\/ul><\/li><\/ul><p style=\"padding-left: 40px;\">yerine,<\/p><ul><li style=\"list-style-type: none;\"><ul><li>Ar-Ge\u2019ye dayal\u0131 tedarik y\u00f6ntemi,<\/li><li>Teknolojik nitelikli \u00fcr\u00fcn\/sistem tedari\u011finin ulusal kaynaklardan sa\u011flanmas\u0131,<\/li><li>Teknolojik nitelikli \u00fcr\u00fcn\/sistem ithalat\u0131 i\u00e7in yurtd\u0131\u015f\u0131na aktar\u0131lan kaynaklar\u0131n daha az maliyetle yurti\u00e7inde \u00fcretime aktar\u0131lmas\u0131,<\/li><\/ul><\/li><\/ul><p style=\"padding-left: 40px;\">hedeflenmektedir.<\/p><p>\u00a0 \u00a0 \u00a0 \u00a0 \u00a0 Kamu kurumlar\u0131 taraf\u0131ndan tespit edilen <u>sorunlar\u0131n \u00e7\u00f6z\u00fcm\u00fcne ve\/veya ihtiya\u00e7lara y\u00f6nelik olarak<\/u>\u00a0 ilan edilen \u00e7a\u011fr\u0131lara \u00fcniversiteler, kamu Ar-Ge birimleri ve \u00f6zel kurulu\u015flar\u0131n bilgi birikimi, yeti\u015fmi\u015f insan g\u00fcc\u00fc ve alt yap\u0131 imk\u00e2nlar\u0131 kullan\u0131larak sunulan <u>Ar-Ge nitelikli projeler<\/u> desteklenmektedir.<\/p><p style=\"padding-left: 40px;\">Kamu kurumlar\u0131n\u0131n Ar-Ge nitelikli ihtiya\u00e7lar\u0131n\u0131 giderme \u00f6ncelikli hedefi yan\u0131nda;<\/p><ul><li style=\"list-style-type: none;\"><ul><li>Kamu, \u00f6zel kurulu\u015f ve \u00fcniversite i\u015fbirli\u011fi te\u015fvik edilmekte,<\/li><li>\u00dcniversitelerde yap\u0131lan temel ve uygulamal\u0131 ara\u015ft\u0131rmalar\u0131n sonu\u00e7lar\u0131 \u00fcr\u00fcn geli\u015ftirmede kullan\u0131larak, bilgi ve y\u00fcksek teknolojiye dayal\u0131 sanayi \u00fcretimi hedeflenmekte,<\/li><li>\u00dclkemizdeki Ar-Ge personeli istihdam\u0131na katk\u0131 sa\u011flanmaktad\u0131r.<\/li><\/ul><\/li><\/ul><p>\u00a0 \u00a0 \u00a0 \u00a0 \u00a0 1007 Program\u0131na sunulan projeler iki Ara\u015ft\u0131rma Destek Grubu taraf\u0131ndan desteklenmektedir.<\/p><p><strong>KAMAG &#8211;<\/strong>\u00a0Kamu Ara\u015ft\u0131rmalar\u0131 Destek Grubu<\/p><p><strong>SAVTAG &#8211;<\/strong>\u00a0Savunma ve G\u00fcvenlik Teknolojileri Ara\u015ft\u0131rma Destek Grubu<\/p><p><strong>KAR\u0130YER <\/strong><strong>GEL\u0130\u015eT\u0130RME PROGRAMI<\/strong><\/p><p style=\"padding-left: 40px;\">Kariyer Geli\u015ftirme Program\u0131\u2019n\u0131n (3501) amac\u0131; kariyerlerine yeni ba\u015flayan doktoral\u0131 bilim insanlar\u0131n\u0131n \u00e7al\u0131\u015fmalar\u0131n\u0131 proje deste\u011fi vererek te\u015fvik etmektir.<\/p><p>\u00a0 \u00a0 \u00a0 \u00a0 \u00a0 21y\u00fczy\u0131l\u0131n akademik \u00f6nderli\u011fini y\u00fcklenecek gen\u00e7 ara\u015ft\u0131rmac\u0131lar\u0131n \u00e7al\u0131\u015fmalar\u0131 desteklenerek, hem gen\u00e7 bilim insanlar\u0131n\u0131n kariyerlerini ara\u015ft\u0131rmac\u0131 ve e\u011fitimci olarak en iyi \u015fekilde s\u00fcrd\u00fcrmeleri, hem de bilimsel d\u00fczeyimizin geli\u015ftirilmesi ve bilimin \u00fclke kalk\u0131nmas\u0131ndaki rol\u00fcn\u00fcn art\u0131r\u0131lmas\u0131 amac\u0131na y\u00f6nelik bir programd\u0131r.<\/p><p><strong>PROJE S\u00dcRES\u0130<\/strong><\/p><p>Proje s\u00fcresi en fazla 36 ayd\u0131r.<\/p><p><strong>PROJE B\u00dcT\u00c7ES\u0130<\/strong><\/p><p>\u00a0 \u00a0 \u00a0 \u00a0 \u00a0 1 Temmuz 2022 tarihi itibariyle, proje destek \u00fcst limiti (burs dahil, proje te\u015fvik ikramiyesi (PT\u0130)\u00a0ve kurum hissesi\u00a0hari\u00e7) y\u0131ll\u0131k b\u00fct\u00e7e s\u0131n\u0131rlamas\u0131 olmaks\u0131z\u0131n <strong>600.000 TL<\/strong>&#8216;dir.\u00a0<\/p><p style=\"padding-left: 40px;\">Ayr\u0131ca, makine-te\u00e7hizat taleplerinin toplam b\u00fct\u00e7e ile dengeli olmas\u0131 g\u00f6zetilir.<\/p><p style=\"padding-left: 40px;\">Burslar ile ilgili \u00fcst s\u0131n\u0131rlar a\u015fa\u011f\u0131da verilmi\u015ftir:<\/p><table width=\"0\"><tbody><tr><td><strong>Niteli\u011fi<\/strong><\/td><td><strong>\u00dccret Kar\u015f\u0131l\u0131\u011f\u0131 \u00c7al\u0131\u015fm\u0131yor \u0130se<\/strong><\/td><td><strong>\u00dccretli \u00c7al\u0131\u015f\u0131yor \u0130se<\/strong><\/td><\/tr><tr><td>Lisans \u00d6\u011frencisi<\/td><td>1.650.-TL\/ay<\/td><td>&#8212;&#8212;&#8212;&#8212;&#8212;-<\/td><\/tr><tr><td>Y\u00fcksek Lisans \u00d6\u011frencisi<\/td><td>5.500.-TL\/ay<\/td><td>1.650.-TL\/ay<\/td><\/tr><tr><td>Doktora \u00d6\u011frencisi<\/td><td>7.500.-TL\/ay<\/td><td>2.250.-TL\/ay<\/td><\/tr><tr><td>Doktora Sonras\u0131 Ara\u015ft\u0131rmac\u0131<\/td><td>10.000.-TL\/ay<\/td><td>&#8212;&#8212;&#8212;&#8212;&#8212;-<\/td><\/tr><\/tbody><\/table><p>\u00a0 \u00a0 \u00a0 \u00a0 \u00a0 Altyap\u0131 olu\u015fturmaya y\u00f6nelik olan projeler desteklenmez.<\/p><p><strong>PROJE PERFORMANS \u00d6D\u00dcL\u00dc <\/strong><strong>(PP\u00d6) UYGULAMASI<\/strong><\/p><p>\u00a0 \u00a0 \u00a0 \u00a0 \u00a0 T\u00dcB\u0130TAK Proje Performans \u00d6d\u00fcl\u00fc (PP\u00d6),\u00a0 Ara\u015ft\u0131rma Destek Programlar\u0131 Ba\u015fkanl\u0131\u011f\u0131 (ARDEB) taraf\u0131ndan desteklenen projelerin \u00e7\u0131kt\u0131, sonu\u00e7 ve etkilerini nicelik ve nitelik olarak art\u0131rmak amac\u0131yla <u>y\u00fcksek ba\u015far\u0131 ile sonu\u00e7lanan projelerin y\u00fcr\u00fct\u00fcc\u00fc ve ara\u015ft\u0131rmac\u0131lar\u0131n\u0131 \u00f6d\u00fcllendirmek i\u00e7in<\/u> T\u00dcB\u0130TAK taraf\u0131ndan belirlenen \u00f6l\u00e7\u00fctler ve de\u011ferlendirme y\u00f6ntemine g\u00f6re hesaplanarak, proje ekibine (y\u00fcr\u00fct\u00fcc\u00fc ve ara\u015ft\u0131rmac\u0131lara) verilen bir te\u015fvik \u00f6d\u00fcl\u00fcd\u00fcr.\u00a0<\/p><p><strong>Ba\u015fvuru \u015eartlar\u0131<\/strong><\/p><ul><li>Ba\u015fvurular proje y\u00fcr\u00fct\u00fcc\u00fcs\u00fc taraf\u0131ndan yap\u0131l\u0131r.<\/li><li>PP\u00d6\u2019den sadece sonu\u00e7 raporunda ad\u0131 ge\u00e7en proje y\u00fcr\u00fct\u00fcc\u00fcs\u00fc ve ara\u015ft\u0131rmac\u0131lar yararlan\u0131r.<\/li><li>Proje sonu\u00e7 raporunun kabul edildi\u011fi tarihten itibaren en ge\u00e7 3 y\u0131l i\u00e7erisinde ba\u015fvuru yap\u0131lmal\u0131d\u0131r.<\/li><li>Her proje i\u00e7in sadece bir defa ba\u015fvuru yap\u0131labilir.<\/li><li>Proje \u00e7\u0131kt\u0131, sonu\u00e7 ve etkilerine ili\u015fkin bilgilerin ve bunlara ait belgelerin birer n\u00fcshas\u0131n\u0131n projenin y\u00fcr\u00fct\u00fclmesi s\u00fcresince ve sonu\u00e7lanmas\u0131ndan sonra T\u00dcB\u0130TAK-ARDEB Proje Takip Sistemi\u2019ne (PTS) girilmesi gerekmektedir.<\/li><li>Eksik ve zaman\u0131nda ula\u015fmayan ba\u015fvurular dikkate al\u0131nmaz.<\/li><li>T\u00dcB\u0130TAK Ba\u015fkanl\u0131k\u2019ta idari g\u00f6revli olan ki\u015filer, PP\u00d6 i\u00e7in ba\u015fvuruda bulunamaz.<\/li><li>1007 Kamu Projeleri ve 1301 \u0130\u015eBAP Programlar\u0131 kapsam\u0131nda desteklenen projeler i\u00e7in PP\u00d6 ba\u015fvurusu yap\u0131lamaz.<\/li><\/ul><p><strong>Ba\u015fvuru S\u00fcreci<\/strong><\/p><ul><li>PP\u00d6 ba\u015fvurular\u0131 ARDEB Proje Takip Sistemi (<a href=\"http:\/\/ardeb-pts.tubitak.gov.tr\/\">http:\/\/ardeb-pts.tubitak.gov.tr<\/a>) \u00fczerinden al\u0131nacakt\u0131r.<\/li><li>Ba\u015fvuru yap\u0131labilmesi i\u00e7in ilgili projeye ait t\u00fcm \u00e7\u0131kt\u0131, sonu\u00e7 ve etkilere ili\u015fkin bilgi\/belgelerin ARDEB-PTS&#8217;ye, PP\u00d6 Ba\u015fvuru K\u0131lavuzu&#8217;nda belirtildi\u011fi \u015fekilde, girilmesi gerekmektedir.<\/li><li>ARDEB-PTS \u00fczerinden ba\u015fvuru tamamland\u0131ktan sonra olu\u015fan PP\u00d6 Ba\u015fvuru Raporu ve ekindeki PP\u00d6 Kabul Taahh\u00fct Beyan\u0131&#8217;n\u0131n imzalanarak ilgili Ara\u015ft\u0131rma Destek Grubu&#8217;na 30 g\u00fcn i\u00e7inde iletilmesi gerekmektedir.<\/li><\/ul><p><strong>De\u011ferlendirme<\/strong><\/p><p>\u00a0 \u00a0 \u00a0 \u00a0 \u00a0 &#8220;PP\u00d6 Ba\u015fvuru Raporu&#8221;nda yer alan bilgilerin do\u011frulanmas\u0131 ilgili Ara\u015ft\u0131rma Destek Grubu taraf\u0131ndan yap\u0131l\u0131r.\u00a0Projeyle ili\u015fkisi oldu\u011fu do\u011frulanmak kayd\u0131yla, proje \u00e7\u0131kt\u0131, sonu\u00e7 ve etkileri,\u00a0<a href=\"https:\/\/www.tubitak.gov.tr\/sites\/default\/files\/ppo_kriterler.png\">PP\u00d6 Hesaplanmas\u0131na Esas Olacak Kriterlere<\/a>\u00a0g\u00f6re de\u011ferlendirilerek PP\u00d6 puan\u0131 belirlenir. PP\u00d6 puan\u0131n\u0131n e\u015fik de\u011ferin alt\u0131nda olmas\u0131 durumunda PP\u00d6 \u00f6demesi yap\u0131lamaz.<\/p><p><strong>PP\u00d6 Miktar\u0131 ve Da\u011f\u0131t\u0131m\u0131<\/strong><\/p><p>\u00a0 \u00a0 \u00a0 \u00a0 \u00a0 PP\u00d6 puan\u0131, Bilim Kurulu taraf\u0131ndan belirlenen PP\u00d6 \u00fcst s\u0131n\u0131r\u0131 dikkate al\u0131narak nakdi tutara d\u00f6n\u00fc\u015ft\u00fcr\u00fcl\u00fcr.\u00a0Belirlenen PP\u00d6 tutar\u0131 Proje Te\u015fvik \u0130kramiyesi (PT\u0130) ger\u00e7ekle\u015fme oranlar\u0131 (PT\u0130 verilmeyen projelerde ara\u015ft\u0131rmac\u0131lar\u0131n projeye katk\u0131 oranlar\u0131) dikkate al\u0131narak proje y\u00fcr\u00fct\u00fcc\u00fcs\u00fc ve ara\u015ft\u0131rmac\u0131lara da\u011f\u0131t\u0131l\u0131r.<\/p>\t\t\t\t\t\t<\/div>\n\t\t\t\t<\/div>\n\t\t\t\t\t<\/div>\n\t\t<\/div>\n\t\t\t\t\t\t\t<\/div>\n\t\t<\/section>\n\t\t\t\t\t\t\t<\/div>\n\t\t","protected":false},"excerpt":{"rendered":"<p>Kamu Kurumlar\u0131 Ara\u015ft\u0131rma ve Geli\u015ftirme Projelerini Destekleme Program\u0131 \u00a0 \u00a0 \u00a0 \u00a0 \u00a0 Kamu kurumlar\u0131n\u0131n Ar-Ge ile giderilebilecek ihtiya\u00e7lar\u0131n\u0131n kar\u015f\u0131lanmas\u0131 ya da sorunlar\u0131n\u0131n \u00e7\u00f6z\u00fcm\u00fc amac\u0131yla 10 Mart 2005 tarihinde yap\u0131lan \u201cBilim ve Teknoloji Y\u00fcksek Kurulu (BTYK)\u201d toplant\u0131s\u0131nda al\u0131nan karar do\u011frultusunda Kamu Kurumlar\u0131 Ara\u015ft\u0131rma ve Geli\u015ftirme Projelerini Destekleme Program\u0131 (1007 Program\u0131) ba\u015flat\u0131lm\u0131\u015ft\u0131r. Ar-Ge\u2019ye dayal\u0131 tedarik Program [&hellip;]<\/p>\n","protected":false},"author":1,"featured_media":0,"parent":0,"menu_order":0,"comment_status":"closed","ping_status":"closed","template":"elementor_header_footer","meta":[],"_links":{"self":[{"href":"https:\/\/arpdestek.com\/index.php\/wp-json\/wp\/v2\/pages\/436"}],"collection":[{"href":"https:\/\/arpdestek.com\/index.php\/wp-json\/wp\/v2\/pages"}],"about":[{"href":"https:\/\/arpdestek.com\/index.php\/wp-json\/wp\/v2\/types\/page"}],"author":[{"embeddable":true,"href":"https:\/\/arpdestek.com\/index.php\/wp-json\/wp\/v2\/users\/1"}],"replies":[{"embeddable":true,"href":"https:\/\/arpdestek.com\/index.php\/wp-json\/wp\/v2\/comments?post=436"}],"version-history":[{"count":8,"href":"https:\/\/arpdestek.com\/index.php\/wp-json\/wp\/v2\/pages\/436\/revisions"}],"predecessor-version":[{"id":742,"href":"https:\/\/arpdestek.com\/index.php\/wp-json\/wp\/v2\/pages\/436\/revisions\/742"}],"wp:attachment":[{"href":"https:\/\/arpdestek.com\/index.php\/wp-json\/wp\/v2\/media?parent=436"}],"curies":[{"name":"wp","href":"https:\/\/api.w.org\/{rel}","templated":true}]}}