{"id":546,"date":"2023-03-23T14:06:29","date_gmt":"2023-03-23T11:06:29","guid":{"rendered":"https:\/\/arpdestek.com\/?page_id=546"},"modified":"2025-01-20T14:10:18","modified_gmt":"2025-01-20T11:10:18","slug":"ihracatta-kobi-kumelenme-ve-markalasma-tasarim-destekleri","status":"publish","type":"page","link":"https:\/\/arpdestek.com\/index.php\/ihracatta-kobi-kumelenme-ve-markalasma-tasarim-destekleri\/","title":{"rendered":"\u0130hracatta Kobi-K\u00fcmelenme ve Markala\u015fma- Tasar\u0131m Destekleri"},"content":{"rendered":"\t\t<div data-elementor-type=\"wp-page\" data-elementor-id=\"546\" class=\"elementor elementor-546\">\n\t\t\t\t\t\t\t\t\t<section class=\"elementor-section elementor-top-section elementor-element elementor-element-61f6f09 elementor-section-boxed elementor-section-height-default elementor-section-height-default\" data-id=\"61f6f09\" data-element_type=\"section\">\n\t\t\t\t\t\t<div class=\"elementor-container elementor-column-gap-default\">\n\t\t\t\t\t<div class=\"elementor-column elementor-col-100 elementor-top-column elementor-element elementor-element-0aff817\" data-id=\"0aff817\" data-element_type=\"column\">\n\t\t\t<div class=\"elementor-widget-wrap elementor-element-populated\">\n\t\t\t\t\t\t\t\t<div class=\"elementor-element elementor-element-b7808e5 elementor-widget elementor-widget-heading\" data-id=\"b7808e5\" data-element_type=\"widget\" data-widget_type=\"heading.default\">\n\t\t\t\t<div class=\"elementor-widget-container\">\n\t\t\t<style>\/*! elementor - v3.11.5 - 14-03-2023 *\/\n.elementor-heading-title{padding:0;margin:0;line-height:1}.elementor-widget-heading .elementor-heading-title[class*=elementor-size-]>a{color:inherit;font-size:inherit;line-height:inherit}.elementor-widget-heading .elementor-heading-title.elementor-size-small{font-size:15px}.elementor-widget-heading .elementor-heading-title.elementor-size-medium{font-size:19px}.elementor-widget-heading .elementor-heading-title.elementor-size-large{font-size:29px}.elementor-widget-heading .elementor-heading-title.elementor-size-xl{font-size:39px}.elementor-widget-heading .elementor-heading-title.elementor-size-xxl{font-size:59px}<\/style><h2 class=\"elementor-heading-title elementor-size-default\">KOB\u0130-K\u00fcmelenme ve Markala\u015fma - Tasar\u0131m Destekleri<\/h2>\t\t<\/div>\n\t\t\t\t<\/div>\n\t\t\t\t<div class=\"elementor-element elementor-element-9a59cf7 elementor-widget elementor-widget-text-editor\" data-id=\"9a59cf7\" data-element_type=\"widget\" data-widget_type=\"text-editor.default\">\n\t\t\t\t<div class=\"elementor-widget-container\">\n\t\t\t<style>\/*! elementor - v3.11.5 - 14-03-2023 *\/\n.elementor-widget-text-editor.elementor-drop-cap-view-stacked .elementor-drop-cap{background-color:#818a91;color:#fff}.elementor-widget-text-editor.elementor-drop-cap-view-framed .elementor-drop-cap{color:#818a91;border:3px solid;background-color:transparent}.elementor-widget-text-editor:not(.elementor-drop-cap-view-default) .elementor-drop-cap{margin-top:8px}.elementor-widget-text-editor:not(.elementor-drop-cap-view-default) .elementor-drop-cap-letter{width:1em;height:1em}.elementor-widget-text-editor .elementor-drop-cap{float:left;text-align:center;line-height:1;font-size:50px}.elementor-widget-text-editor .elementor-drop-cap-letter{display:inline-block}<\/style>\t\t\t\t<h4><strong>\u0130HRACATTA KOB\u0130-K\u00dcMELENME VE MARKALA\u015eMA- TASARIM DESTEKLER\u0130 NELERD\u0130R?<\/strong><\/h4><h6><strong>PAZARA G\u0130R\u0130\u015e BELGES\u0130 DESTE\u011e\u0130<\/strong><\/h6><p>\u00a0 \u00a0 \u00a0 \u00a0 \u00a0 5973 say\u0131l\u0131 Cumhurba\u015fkanl\u0131\u011f\u0131 Karar\u0131\u2019n\u0131n 3. maddesi kapsam\u0131nda, \u015firketlerin pazara giri\u015f belgeleri ile ruhsatland\u0131rma ve kay\u0131t i\u015flemlerine ili\u015fkin harcamalar\u0131 desteklenir. \u00a0\u00a0<\/p><p><strong>YURT DI\u015eI MARKA TESC\u0130L DESTE\u011e\u0130 <\/strong><\/p><p>\u00a0 \u00a0 \u00a0 \u00a0 \u00a0 5973 say\u0131l\u0131 Cumhurba\u015fkanl\u0131\u011f\u0131 Karar\u0131\u2019n\u0131n 4. maddesi kapsam\u0131nda, \u015firketlerin, yurt i\u00e7i marka tescil belgesine sahip olduklar\u0131 markalar\u0131n\u0131n yurt d\u0131\u015f\u0131nda tescili ve korunmas\u0131na ili\u015fkin harcamalar\u0131 desteklenir.<\/p><p><strong>PAZARA G\u0130R\u0130\u015e PROJES\u0130 HAZIRLAMA DESTE\u011e\u0130<\/strong><\/p><p>\u00a0 \u00a0 \u00a0 \u00a0 \u00a0 5973 say\u0131l\u0131 Cumhurba\u015fkanl\u0131\u011f\u0131 Karar\u0131\u2019n\u0131n 5. maddesi kapsam\u0131nda, \u015firketlerin s\u00fcrd\u00fcr\u00fclebilir ihracat art\u0131\u015f\u0131n\u0131 sa\u011flama odakl\u0131 hedef pazar, yurt d\u0131\u015f\u0131 pazarlara y\u00f6nelik finansman ve fiyatland\u0131rma stratejisi, pazarlama ve kanal stratejisi ve bunlara dair aksiyon plan\u0131 ve b\u00fct\u00e7elerini i\u00e7eren pazara giri\u015f projesi haz\u0131rl\u0131k s\u00fcrecine dair alacaklar\u0131 dan\u0131\u015fmanl\u0131k ve rapor giderleri desteklenir.<\/p><p>\u00a0 \u00a0 \u00a0 \u00a0 \u00a0 Bu kapsamda, bir \u015firketin en fazla 2 adet pazara giri\u015f projesi desteklenir.<\/p><p><strong>YURT DI\u015eI PAZAR ARA\u015eTIRMASI DESTE\u011e\u0130<\/strong><\/p><p>\u00a0 \u00a0 \u00a0 \u00a0 \u00a0 5973 say\u0131l\u0131 Cumhurba\u015fkanl\u0131\u011f\u0131 Karar\u0131\u2019n\u0131n 6. maddesi kapsam\u0131nda, \u015firketler taraf\u0131ndan ger\u00e7ekle\u015ftirilen yurt d\u0131\u015f\u0131 pazar ara\u015ft\u0131rmas\u0131 faaliyetine ili\u015fkin <u>konaklama ve ula\u015f\u0131m giderleri<\/u> desteklenir.<\/p><ul><li><strong>Bu destekten, bir takvim y\u0131l\u0131nda azami 5 defa <\/strong>yararlan\u0131labilir.<\/li><li>Firmalar,\u00a0<strong>en fazla 20<\/strong>defa bu destekten faydalanabilir.<\/li><\/ul><p><strong>\u00a0<\/strong><\/p><p><strong>YURT DI\u015eI \u015e\u0130RKET VE YURT DI\u015eINDA YERLE\u015e\u0130K \u015e\u0130RKETE A\u0130T MARKA ALIM DESTE\u011e\u0130<\/strong><\/p><p>\u00a0 \u00a0 \u00a0 \u00a0 \u00a0 5973 say\u0131l\u0131 Cumhurba\u015fkanl\u0131\u011f\u0131 Karar\u0131\u2019n\u0131n 9. maddesi kapsam\u0131nda,<\/p><ul><li>Yurt d\u0131\u015f\u0131nda yerle\u015fik \u015firketlerin\/markalar\u0131n al\u0131mlar\u0131na y\u00f6nelik mali ve hukuki dan\u0131\u015fmanl\u0131k hizmetlerine ili\u015fkin giderleri <strong>%50<\/strong> oran\u0131nda desteklenir:<\/li><li>Yurt d\u0131\u015f\u0131nda yerle\u015fik \u015firketin\/yurt d\u0131\u015f\u0131nda yerle\u015fik \u015firkete ait markan\u0131n ileri teknolojiye sahip ve teknoloji transferi sa\u011flayacak nitelikte olmas\u0131 durumunda destek oran\u0131 art\u0131r\u0131l\u0131r.<\/li><\/ul><p>\u00a0<\/p><p><strong>K\u00dcRESEL TEDAR\u0130K Z\u0130NC\u0130R\u0130 DESTE\u011e\u0130<\/strong><\/p><p>\u00a0 \u00a0 \u00a0 \u00a0 \u00a05973 say\u0131l\u0131 Cumhurba\u015fkanl\u0131\u011f\u0131 Karar\u0131\u2019n\u0131n 10. maddesi kapsam\u0131nda,<\/p><p>\u00a0 \u00a0 \u00a0 \u00a0 \u00a0Destek kapsam\u0131ndaki giderler \u015funlard\u0131r:<\/p><ul><li>Makine, ekipman, donan\u0131m al\u0131m\u0131<\/li><li>Yaz\u0131l\u0131m al\u0131m\u0131<\/li><li>E\u011fitim, dan\u0131\u015fmanl\u0131k giderleri<\/li><li>Sertifikasyon, test\/analiz, \u00fcr\u00fcn do\u011frulama harcamalar\u0131.<\/li><\/ul><p>\u00a0 \u00a0 \u00a0 \u00a0 \u00a0 K\u00fcresel tedarik zincirine y\u00f6nelik olarak yurt d\u0131\u015f\u0131 ana sanayiye orijinal par\u00e7a \u00fcreten ve\/veya tedarik eden \u015firketlerin T\u00fcrkiye\u2019de \u00fcretilen \u00fcr\u00fcnlerinin pazarland\u0131\u011f\u0131 <strong>yurt d\u0131\u015f\u0131 depo kira gideri <\/strong>ile <strong>depolama <\/strong>hizmetlerine ili\u015fkin giderleri desteklenir.\u00a0\u00a0\u00a0<\/p><p>\u00a0<\/p><p><strong>YURTDI\u015eINDAK\u0130 B\u0130R\u0130MLER\u0130N K\u0130RA G\u0130DERLER\u0130 DESTE\u011e\u0130<\/strong><\/p><p>\u00a0 \u00a0 \u00a0 \u00a0 \u00a0 5973 say\u0131l\u0131 Cumhurba\u015fkanl\u0131\u011f\u0131 Karar\u0131\u2019n\u0131n 11. maddesi kapsam\u0131nda,<\/p><ul><li>\u015eirketlerin T\u00fcrkiye\u2019de \u00fcretilen \u00fcr\u00fcnlerinin pazarland\u0131\u011f\u0131 yurt d\u0131\u015f\u0131 birimlerinin <strong>kira<\/strong> giderleri ile payla\u015f\u0131ml\u0131 ofislerin <strong>\u00fcyelik giderleri<\/strong> desteklenir.<\/li><li>Yurt d\u0131\u015f\u0131 birimlerin (ma\u011faza, depo, ofis\/payla\u015f\u0131ml\u0131 ofis, sergi\/te\u015fhir salonu, \u00fcr\u00fcn te\u015fhir seras\u0131\/tarlas\u0131 veya reyon\/raf\/dekorasyonlu k\u00f6\u015fe\/kiosk\/stant ile \u00fczerine bina yap\u0131lmak \u00fczere kiralanan arsa)\u00a0<strong>kira giderleri<\/strong> destek kapsam\u0131ndad\u0131r.<\/li><\/ul><h6>\u00a0<\/h6><h6><strong>TANITIM DESTE\u011e\u0130<\/strong><\/h6><p>\u00a0 \u00a0 \u00a0 \u00a0 \u00a0 5973 say\u0131l\u0131 Cumhurba\u015fkanl\u0131\u011f\u0131 Karar\u0131\u2019n\u0131n 12. maddesi kapsam\u0131nda,<\/p><p>\u00a0 \u00a0 \u00a0 \u00a0 \u00a0 Yurt d\u0131\u015f\u0131 birimi bulunan \u015firketlerin, T\u00fcrkiye\u2019de \u00fcretilen \u00fcr\u00fcnler ile ilgili yurt d\u0131\u015f\u0131nda ger\u00e7ekle\u015ftirilen <u>tan\u0131t\u0131m ve pazarlama giderleri<\/u> yurt d\u0131\u015f\u0131 birimin bulundu\u011fu her bir \u00fclke i\u00e7in desteklenir.<\/p><p>\u00a0 \u00a0 \u00a0 \u00a0 \u00a0 Tan\u0131t\u0131m ve pazarlama giderleri, desteklenen yurt d\u0131\u015f\u0131 birimi bulunan \u015firketlerce, yurt d\u0131\u015f\u0131 biriminin bulunmad\u0131\u011f\u0131 \u00fclkelerde T\u00fcrkiye\u2019de \u00fcretilen \u00fcr\u00fcnlerle ilgili olarak yurt d\u0131\u015f\u0131nda ger\u00e7ekle\u015ftirilmi\u015fse, yurt i\u00e7i marka tescil belgesi bulunmas\u0131 ve tan\u0131t\u0131m yapaca\u011f\u0131 \u00fclkede marka tescil belgesine sahip veya marka tescili i\u00e7in ba\u015fvurulmu\u015f olmas\u0131 ko\u015fuluyla desteklenir.<\/p><p>\u00a0\u00a0\u00a0\u00a0\u00a0\u00a0\u00a0\u00a0\u00a0\u00a0\u00a0 Tan\u0131t\u0131m ve pazarlama giderleri, yurt d\u0131\u015f\u0131 birimi bulunmayan ancak yurt i\u00e7i marka tescil belgesi olan ve tan\u0131t\u0131m yapaca\u011f\u0131 \u00fclkede marka tescil belgesine sahip veya marka tescil ba\u015fvurusu yapm\u0131\u015f \u015firketlerce, T\u00fcrkiye\u2019de \u00fcretilen \u00fcr\u00fcnlerle ilgili olarak yurt d\u0131\u015f\u0131nda ger\u00e7ekle\u015ftirilmi\u015fse desteklenir.<\/p><p>\u00a0<\/p><p><strong>EX\u0130MBANK FA\u0130Z ORANI\/CRR FARKININ DESTEKLENMES\u0130 VE \u0130HRACAT KRED\u0130 S\u0130GORTASI TAZM\u0130N DESTE\u011e\u0130\u00a0\u00a0\u00a0\u00a0\u00a0\u00a0\u00a0\u00a0 <\/strong><\/p><p>\u00a0 \u00a0 \u00a0 \u00a0 \u00a0 5973 say\u0131l\u0131 Cumhurba\u015fkanl\u0131\u011f\u0131 Karar\u0131\u2019n\u0131n 13. maddesi kapsam\u0131nda,<\/p><ul><li>Orta ve uzun vadeli yat\u0131r\u0131m mal\u0131 ihracat\u0131 al\u0131c\u0131 kredilerinde Eximbank&#8217;\u0131n uygulad\u0131\u011f\u0131 faiz oran\u0131 ile CIRR (Commercial Interest Reference Rates\/Referans Ticari Faiz Oranlar\u0131) aras\u0131ndaki farka tekab\u00fcl eden faiz giderinin tamam\u0131 desteklenir.<\/li><li>Eximbank ihracat sigortas\u0131 kapsam\u0131nda kapsama al\u0131nan, tazminat \u00f6demeleri sonucunda olu\u015fan zarar rasyosu %60&#8217;\u0131n \u00fczerine \u00e7\u0131kmas\u0131 durumunda, bu oran\u0131n \u00fczerinde kalan tazminat tutarlar\u0131n\u0131n Eximbank&#8217;\u0131n pay\u0131na d\u00fc\u015fen giderlerin belirli bir k\u0131sm\u0131 desteklenir.<\/li><li>Yat\u0131r\u0131m mal\u0131, makine, te\u00e7hizat gibi orta ve uzun vadeli sigortaya konu spesifik nitelikteki mal ihracat\u0131n\u0131n sigortalanmas\u0131na y\u00f6nelik reas\u00fcr\u00f6r bulunmamas\u0131 ve\/veya tutar\u0131n yetersiz olmas\u0131 durumunda, Eximbank taraf\u0131ndan yap\u0131lan tazminat \u00f6demelerinin reas\u00fcre edilemeyen k\u0131sm\u0131 desteklenir.<\/li><\/ul><p>\u00a0<\/p><p><strong>YE\u015e\u0130L MUTABAKATA UYUM PROJES\u0130 DESTE\u011e\u0130<\/strong><\/p><p>\u00a0 \u00a0 \u00a0 \u00a0 \u00a0 5973 say\u0131l\u0131 Cumhurba\u015fkanl\u0131\u011f\u0131 Karar\u0131\u2019n\u0131n 14. maddesi kapsam\u0131nda,<\/p><p>\u00a0 \u00a0 \u00a0 \u00a0 \u00a0 \u015eirketlerin;<\/p><ul><li>Dan\u0131\u015fmanl\u0131k giderleri desteklenir.<\/li><\/ul><p>\u00a0<\/p><p><strong>TASARIMCI \u015e\u0130RKET VE TASARIM OF\u0130S\u0130 DESTE\u011e\u0130 <\/strong><\/p><p>\u00a0 \u00a0 \u00a0 \u00a0 \u00a0 5973 say\u0131l\u0131 Cumhurba\u015fkanl\u0131\u011f\u0131 Karar\u0131\u2019n\u0131n 15. maddesi kapsam\u0131nda,<\/p><p>\u00a0 \u00a0 \u00a0 \u00a0 \u00a0 Tasar\u0131mc\u0131 \u015firketlerin ve tasar\u0131m ofislerinin yurt d\u0131\u015f\u0131nda tan\u0131nmalar\u0131 ve markala\u015fmalar\u0131 amac\u0131yla;<\/p><ul><li>Marka, patent, faydal\u0131 model, end\u00fcstriyel tasar\u0131m tescili,<\/li><li>Marka tescilinin yenilenmesi\/korunmas\u0131 giderleri,<\/li><li>Yurtd\u0131\u015f\u0131 birim kira, temel kurulum, dekorasyon, konsept mimari \u00e7al\u0131\u015fmalar\u0131,<\/li><li>Birimlerin kiralanmas\u0131na ili\u015fkin dan\u0131\u015fmanl\u0131k giderleri,<\/li><li>Vergi\/resim\/har\u00e7 giderleri, istihdam giderleri, dan\u0131\u015fmanl\u0131k, fuar ve tan\u0131t\u0131m faaliyetlerine ili\u015fkin giderleri desteklenir.<\/li><li>Destek oran\u0131 %50 olup, destek s\u00fcresi 4 y\u0131ld\u0131r.<\/li><\/ul><p>\u00a0<\/p><p><strong>GEM\u0130 VE YAT SEKT\u00d6R\u00dcNDE FAAL\u0130YET G\u00d6STEREN \u015e\u0130RKETLERE TASARIM DESTE\u011e\u0130<\/strong><\/p><p>\u00a0 \u00a0 \u00a0 \u00a0 \u00a0 5973 say\u0131l\u0131 Cumhurba\u015fkanl\u0131\u011f\u0131 Karar\u0131\u2019n\u0131n 16. maddesi kapsam\u0131nda,<\/p><p>\u00a0 \u00a0 \u00a0 \u00a0 \u00a0 Gemi ve yat sekt\u00f6r\u00fcnde faaliyet g\u00f6steren \u015firketlerin,<\/p><ul><li>Tasar\u0131m hizmetine ili\u015fkin giderleri desteklenir.<\/li><\/ul><p>\u00a0<\/p><p><strong>MARKA VE TURQUALITY DESTE\u011e\u0130 <\/strong><\/p><p>\u00a0 \u00a0 \u00a0 \u00a0 \u00a0 Turquality,<\/p><p>\u00a0 \u00a0 \u00a0 \u00a0 \u00a0 \u00dclkemizin d\u00fcnya \u00e7ap\u0131nda markala\u015fma potansiyeli olan markalar\u0131na ait \u00fcr\u00fcn gruplar\u0131n\u0131n geli\u015ftirilmesinden pazarlanmas\u0131na, sat\u0131\u015f\u0131ndan sat\u0131\u015f sonras\u0131 verilen hizmetlere kadar b\u00fct\u00fcn s\u00fcre\u00e7lerinin desteklenmesi,<\/p><p>\u00a0 \u00a0 \u00a0 \u00a0 \u00a0 B\u00f6ylece program kapsam\u0131ndaki T\u00fcrk markalar\u0131n\u0131n konumland\u0131r\u0131lmas\u0131,<\/p><p>\u00a0 \u00a0 \u00a0 \u00a0 \u00a0 Konumlar\u0131n\u0131n g\u00fc\u00e7lendirilmesi ve<\/p><p>\u00a0 \u00a0 \u00a0 \u00a0 \u00a0 Bu markalar\u0131n uluslararas\u0131 pazarlara \u00e7\u0131k\u0131\u015flar\u0131n\u0131n h\u0131zland\u0131r\u0131lmas\u0131 ile<\/p><p>\u00a0 \u00a0 \u00a0 \u00a0 \u00a0 Uluslararas\u0131 pazarlarda olumlu T\u00fcrk markas\u0131 imaj\u0131n\u0131n olu\u015fturulmas\u0131, yerle\u015ftirilmesi ve yayg\u0131nla\u015ft\u0131r\u0131lmas\u0131n\u0131 ama\u00e7layan destek program\u0131d\u0131r.<\/p><p>\u00a0 \u00a0 \u00a0 \u00a0 \u00a0 5973 say\u0131l\u0131 Cumhurba\u015fkanl\u0131\u011f\u0131 Karar\u0131\u2019n\u0131n <strong>17. maddesi kapsam\u0131nda<\/strong><strong>, <\/strong><\/p><p><strong>\u00a0 \u00a0 \u00a0 \u00a0 \u00a0 Turquality destek program\u0131 kapsam\u0131na al\u0131nan \u015firketlerin;<\/strong><\/p><p>\u00a0 \u00a0 \u00a0 \u00a0 \u00a0 Patent, faydal\u0131 model, end\u00fcstriyel tasar\u0131m tescili, pazara giri\u015f belgesi, ruhsatland\u0131rma, istihdam ve dan\u0131\u015fmanl\u0131k giderleri,<\/p><p>\u00a0 \u00a0 \u00a0 \u00a0 \u00a0 Destek kapsam\u0131na al\u0131nan markal\u0131 \u00fcr\u00fcnlerine ili\u015fkin geli\u015fim yol haritas\u0131 \u00e7al\u0131\u015fmalar\u0131, yurt d\u0131\u015f\u0131 marka tescil\/ yenileme\/ koruma, pazar ara\u015ft\u0131rmas\u0131 \u00e7al\u0131\u015fmas\u0131 ve raporlar\u0131, klinik test i\u015flemleri, tan\u0131t\u0131m, fuar, depolama hizmeti,<\/p><p>\u00a0 \u00a0 \u00a0 \u00a0 \u00a0 Birim kira\/temel kurulum\/konsept mimari \u00e7al\u0131\u015fma ve franchise giderleri desteklenir. \u00a0<\/p><p>\u00a0<\/p><p><strong>\u00c7OK KANALLI Z\u0130NC\u0130R MA\u011eAZA DESTE\u011e\u0130<\/strong><\/p><p>\u00a0 \u00a0 \u00a0 \u00a0 \u00a0 5973 say\u0131l\u0131 Cumhurba\u015fkanl\u0131\u011f\u0131 Karar\u0131\u2019n\u0131n 18. maddesi kapsam\u0131nda,<\/p><p>\u00a0 \u00a0 \u00a0 \u00a0 \u00a0 \u00c7ok kanall\u0131 zincir ma\u011faza marka sahibi \u015firketlerin giderleri desteklenir.<\/p><p>\u00a0<\/p><p><strong>\u0130\u015eB\u0130RL\u0130\u011e\u0130 KURULU\u015eLARINA Y\u00d6NEL\u0130K DESTEKLER:<\/strong><\/p><p>\u00a0 \u00a0 \u00a0 \u00a0 \u00a0 \u0130\u015fbirli\u011fi kurulu\u015flar\u0131,<\/p><ul><li>Ticaret Bakanl\u0131\u011f\u0131 taraf\u0131ndan belirlenen kamu kurum ve kurulu\u015flar\u0131,<\/li><li>Sekt\u00f6rel \u00e7at\u0131 kurulu\u015flar\u0131,<\/li><li>Mal sekt\u00f6rlerindeki di\u011fer kurulu\u015flar,<\/li><li>\u0130hracat konsorsiyumlar\u0131ndan olu\u015fur.<\/li><\/ul><p><strong>\u00a0 \u00a0 \u00a0 \u00a0 \u00a0 Bu kurulu\u015flara y\u00f6nelik destekler \u015funlard\u0131r: <\/strong><\/p><p><strong>\u00a0 \u00a0 \u00a0 \u00a0 \u00a0 UR-GE Projesi Deste\u011fi<\/strong><\/p><p>\u00a0 \u00a0 \u00a0 \u00a0 \u00a0 5973 say\u0131l\u0131 Cumhurba\u015fkanl\u0131\u011f\u0131 Karar\u0131\u2019n\u0131n 19. maddesi kapsam\u0131nda,<\/p><p>\u00a0 \u00a0 \u00a0 \u00a0 \u00a0 Uluslararas\u0131 rekabet\u00e7ili\u011fin geli\u015ftirilmesi (UR-GE) projesi,<\/p><p>\u00a0 \u00a0 \u00a0 \u00a0 \u00a0 \u015eirketlerin k\u00fcmelenme anlay\u0131\u015f\u0131 ile m\u00fc\u015ftereken ihracata y\u00f6nlendirilmeleri ve d\u00fczenli ihracat\u00e7\u0131 olmalar\u0131 amac\u0131yla, i\u015fbirli\u011fi kurulu\u015flar\u0131nca, \u00fcyesi \u015firketlere y\u00f6nelik olarak y\u00fcr\u00fct\u00fclen; amac\u0131, kapsam\u0131, s\u00fcresi ile b\u00fct\u00e7esi belirli ihtiya\u00e7 analizi, istihdam, e\u011fitim, dan\u0131\u015fmanl\u0131k, tan\u0131t\u0131m, yurt d\u0131\u015f\u0131 pazarlama, sanal yurt d\u0131\u015f\u0131 pazarlama ve al\u0131m heyeti faaliyetlerinden olu\u015fan projedir.\u00a0<\/p><p><strong>\u00a0 \u00a0 \u00a0 \u00a0 \u00a0 \u0130hracat Konsorsiyumu Deste\u011fi<\/strong><\/p><p>\u00a0 \u00a0 \u00a0 \u00a0 \u00a0 5973 say\u0131l\u0131 Cumhurba\u015fkanl\u0131\u011f\u0131 Karar\u0131\u2019n\u0131n 20. maddesi kapsam\u0131nda,<\/p><p>\u00a0 \u00a0 \u00a0 \u00a0 \u00a0 \u0130hracat konsorsiyumlar\u0131n\u0131n \u015firketler ile arac\u0131l\u0131k s\u00f6zle\u015fmesi imzalayarak, s\u00f6zle\u015fme konusu mallar\u0131 k\u00fcresel pazarlara ihra\u00e7 etmeleri s\u00fcrecine dair;<\/p><ul><li>Tan\u0131t\u0131m,<\/li><li>Pazarlama,<\/li><li>Pazar ara\u015ft\u0131rmas\u0131,<\/li><li>Rapor sat\u0131n alma,<\/li><li>Dan\u0131\u015fmanl\u0131k,<\/li><li>E\u011fitim faaliyetlerine ili\u015fkin giderleri desteklenir.<\/li><\/ul><p>\u00a0<\/p><p><strong>\u00a0 \u00a0 \u00a0 \u00a0 \u00a0 Pazara Giri\u015f Rapor Deste\u011fi<\/strong><\/p><p>\u00a0 \u00a0 \u00a0 \u00a0 \u00a0 5973 say\u0131l\u0131 Cumhurba\u015fkanl\u0131\u011f\u0131 Karar\u0131\u2019n\u0131n 21. maddesi kapsam\u0131nda,<\/p><p>\u00a0 \u00a0 \u00a0 \u00a0 \u00a0 \u0130\u015fbirli\u011fi kurulu\u015flar\u0131n\u0131n;<\/p><p>\u00a0 \u00a0 \u00a0 \u00a0 \u00a0 Yurt d\u0131\u015f\u0131na y\u00f6nelik pazara giri\u015f stratejileri ile eylem planlar\u0131n\u0131n olu\u015fturulabilmesi ve \u00fcye \u015firketlerde payla\u015f\u0131lmak amac\u0131yla sat\u0131n al\u0131nan sekt\u00f6r, \u00fclke, yurt d\u0131\u015f\u0131nda yerle\u015fik \u015firket veya marka odakl\u0131 <u>rapor giderleri<\/u> desteklenir.<\/p><p><strong>\u00a0 \u00a0 \u00a0 \u00a0 \u00a0 <\/strong><\/p><p><strong>\u00a0 \u00a0 \u00a0 \u00a0 \u00a0 Sekt\u00f6rel Ticaret Heyeti ve Al\u0131m Heyeti Deste\u011fi<\/strong><\/p><p>\u00a0 \u00a0 \u00a0 \u00a0 \u00a0 5973 say\u0131l\u0131 Cumhurba\u015fkanl\u0131\u011f\u0131 Karar\u0131\u2019n\u0131n 24. maddesi kapsam\u0131nda,<\/p><p>\u00a0 \u00a0 \u00a0 \u00a0 \u00a0 \u0130\u015fbirli\u011fi kurulu\u015flar\u0131nca d\u00fczenlenen;<\/p><p>\u00a0 \u00a0 \u00a0 \u00a0 \u00a0 Sekt\u00f6rel <u>ticaret heyeti<\/u> faaliyetlerine ili\u015fkin ula\u015f\u0131m, konaklama, tan\u0131t\u0131m ve organizasyon giderleri ve<\/p><p>\u00a0 \u00a0 \u00a0 \u00a0 \u00a0 Sekt\u00f6rel <u>al\u0131m heyeti<\/u> faaliyetlerine ili\u015fkin ula\u015f\u0131m, konaklama, tan\u0131t\u0131m ve organizasyon giderleri desteklenir.<\/p><p>\u00a0<\/p><p><strong>\u00a0 \u00a0 \u00a0 \u00a0 \u00a0 Sanal Ticaret Heyeti Deste\u011fi<\/strong><\/p><p>\u00a0 \u00a0 \u00a0 \u00a0 \u00a0 5973 say\u0131l\u0131 Cumhurba\u015fkanl\u0131\u011f\u0131 Karar\u0131\u2019n\u0131n 25. maddesi kapsam\u0131nda,<\/p><p>\u00a0 \u00a0 \u00a0 \u00a0 \u00a0 Ticaret Bakanl\u0131\u011f\u0131 koordinasyonunda i\u015f birli\u011fi kurulu\u015flar\u0131nca d\u00fczenlenen <u>sanal ticaret heyeti<\/u> faaliyetlerine ili\u015fkin giderler desteklenir.<\/p><p><strong>\u00a0 \u00a0 \u00a0 \u00a0 \u00a0 <\/strong><\/p><p><strong>\u00a0 \u00a0 \u00a0 \u00a0 \u00a0 Tasar\u0131m Organizasyonu Deste\u011fi<\/strong><\/p><p>\u00a0 \u00a0 \u00a0 \u00a0 \u00a0 5973 say\u0131l\u0131 Cumhurba\u015fkanl\u0131\u011f\u0131 Karar\u0131\u2019n\u0131n 26. maddesi kapsam\u0131nda,<\/p><p>\u00a0 \u00a0 \u00a0 \u00a0 \u00a0 \u0130\u015fbirli\u011fi kurulu\u015flar\u0131n\u0131n tasar\u0131m k\u00fclt\u00fcr\u00fcn\u00fcn olu\u015fturulmas\u0131, yayg\u0131nla\u015ft\u0131r\u0131lmas\u0131 ile T\u00fcrk tasar\u0131mc\u0131lar\u0131n\u0131n ve \u00fcr\u00fcnlerinin yurti\u00e7i ve yurtd\u0131\u015f\u0131 pazarlarda tan\u0131t\u0131lmas\u0131, pazarlanmas\u0131 ve markala\u015fmas\u0131 amac\u0131yla ger\u00e7ekle\u015ftirecekleri sergi, bienal, tasar\u0131m fuar\u0131, tasar\u0131m yar\u0131\u015fmas\u0131 organizasyonlar\u0131 ile bu faaliyetlerin tan\u0131t\u0131m, reklam ve pazarlama faaliyetlerine ili\u015fkin giderleri desteklenir.<\/p><p>\u00a0 \u00a0 \u00a0 \u00a0 \u00a0 \u0130\u015fbirli\u011fi kurulu\u015flar\u0131 taraf\u0131ndan d\u00fczenlenen tasar\u0131m yar\u0131\u015fmalar\u0131nda dereceye giren y\u0131ll\u0131k en fazla 60 ki\u015finin <u>yurt d\u0131\u015f\u0131ndaki e\u011fitim giderlerine<\/u> ili\u015fkin i\u015fbirli\u011fi kurulu\u015flar\u0131n\u0131n ger\u00e7ekle\u015ftirecekleri harcamalar 1 y\u0131l s\u00fcreyle desteklenir.<\/p><p>\u00a0<\/p><p><strong>\u00a0 \u00a0 \u00a0 \u00a0 \u00a0 TURQUALITY Tan\u0131t\u0131m Projesi Deste\u011fi <\/strong><\/p><p>\u00a0 \u00a0 \u00a0 \u00a0 \u00a0 5973 say\u0131l\u0131 Cumhurba\u015fkanl\u0131\u011f\u0131 Karar\u0131\u2019n\u0131n 27. maddesi kapsam\u0131nda,<\/p><p>\u00a0 \u00a0 \u00a0 \u00a0 \u00a0 \u0130hracat\u00e7\u0131 birliklerinin i\u015ftigal sahas\u0131na giren \u00fcr\u00fcnlerinin yurtd\u0131\u015f\u0131 pazarlarda tan\u0131t\u0131lmas\u0131 amac\u0131yla Ticaret Bakanl\u0131\u011f\u0131\u2019na sunacaklar\u0131 proje kapsam\u0131nda ger\u00e7ekle\u015ftirecekleri tan\u0131t\u0131m, dan\u0131\u015fmanl\u0131k ile pazar ara\u015ft\u0131rmas\u0131 \u00e7al\u0131\u015fmas\u0131 ve raporlar\u0131na ili\u015fkin giderleri,<\/p><p>\u00a0 \u00a0 \u00a0 \u00a0 \u00a0 Ayn\u0131 anda en fazla 2 proje i\u00e7in, proje ba\u015f\u0131na desteklenir.<\/p><p>\u00a0 \u00a0 \u00a0 \u00a0 \u00a0 \u0130hracat\u00e7\u0131 birlikleri, ayn\u0131 \u00fclkede en fazla 2 proje i\u00e7in tan\u0131t\u0131m deste\u011finden faydaland\u0131r\u0131l\u0131r.<\/p><p>\u00a0<\/p><p><strong>\u00a0 \u00a0 \u00a0 \u00a0 \u00a0 TURQUALITY Proje Esasl\u0131 Desteklerde Dan\u0131\u015fmanl\u0131k Hizmeti Deste\u011fi <\/strong><\/p><p>\u00a0 \u00a0 \u00a0 \u00a0 \u00a0 5973 say\u0131l\u0131 Cumhurba\u015fkanl\u0131\u011f\u0131 Karar\u0131\u2019n\u0131n 28. Maddesi 2nci f\u0131kras\u0131 kapsam\u0131nda destek verilmektedir.<\/p>\t\t\t\t\t\t<\/div>\n\t\t\t\t<\/div>\n\t\t\t\t\t<\/div>\n\t\t<\/div>\n\t\t\t\t\t\t\t<\/div>\n\t\t<\/section>\n\t\t\t\t\t\t\t<\/div>\n\t\t","protected":false},"excerpt":{"rendered":"<p>KOB\u0130-K\u00fcmelenme ve Markala\u015fma &#8211; Tasar\u0131m Destekleri \u0130HRACATTA KOB\u0130-K\u00dcMELENME VE MARKALA\u015eMA- TASARIM DESTEKLER\u0130 NELERD\u0130R? PAZARA G\u0130R\u0130\u015e BELGES\u0130 DESTE\u011e\u0130 \u00a0 \u00a0 \u00a0 \u00a0 \u00a0 5973 say\u0131l\u0131 Cumhurba\u015fkanl\u0131\u011f\u0131 Karar\u0131\u2019n\u0131n 3. maddesi kapsam\u0131nda, \u015firketlerin pazara giri\u015f belgeleri ile ruhsatland\u0131rma ve kay\u0131t i\u015flemlerine ili\u015fkin harcamalar\u0131 desteklenir. \u00a0\u00a0 YURT DI\u015eI MARKA TESC\u0130L DESTE\u011e\u0130 \u00a0 \u00a0 \u00a0 \u00a0 \u00a0 5973 say\u0131l\u0131 Cumhurba\u015fkanl\u0131\u011f\u0131 [&hellip;]<\/p>\n","protected":false},"author":1,"featured_media":0,"parent":0,"menu_order":0,"comment_status":"closed","ping_status":"closed","template":"elementor_header_footer","meta":[],"_links":{"self":[{"href":"https:\/\/arpdestek.com\/index.php\/wp-json\/wp\/v2\/pages\/546"}],"collection":[{"href":"https:\/\/arpdestek.com\/index.php\/wp-json\/wp\/v2\/pages"}],"about":[{"href":"https:\/\/arpdestek.com\/index.php\/wp-json\/wp\/v2\/types\/page"}],"author":[{"embeddable":true,"href":"https:\/\/arpdestek.com\/index.php\/wp-json\/wp\/v2\/users\/1"}],"replies":[{"embeddable":true,"href":"https:\/\/arpdestek.com\/index.php\/wp-json\/wp\/v2\/comments?post=546"}],"version-history":[{"count":31,"href":"https:\/\/arpdestek.com\/index.php\/wp-json\/wp\/v2\/pages\/546\/revisions"}],"predecessor-version":[{"id":926,"href":"https:\/\/arpdestek.com\/index.php\/wp-json\/wp\/v2\/pages\/546\/revisions\/926"}],"wp:attachment":[{"href":"https:\/\/arpdestek.com\/index.php\/wp-json\/wp\/v2\/media?parent=546"}],"curies":[{"name":"wp","href":"https:\/\/api.w.org\/{rel}","templated":true}]}}