{"id":587,"date":"2023-03-23T17:32:05","date_gmt":"2023-03-23T14:32:05","guid":{"rendered":"https:\/\/arpdestek.com\/?page_id=587"},"modified":"2025-01-20T14:36:29","modified_gmt":"2025-01-20T11:36:29","slug":"hizmet-sektoru-destekleri-2","status":"publish","type":"page","link":"https:\/\/arpdestek.com\/index.php\/hizmet-sektoru-destekleri-2\/","title":{"rendered":"Hizmet Sekt\u00f6r\u00fc Destekleri"},"content":{"rendered":"\t\t<div data-elementor-type=\"wp-page\" data-elementor-id=\"587\" class=\"elementor elementor-587\">\n\t\t\t\t\t\t\t\t\t<section class=\"elementor-section elementor-top-section elementor-element elementor-element-330da16 elementor-section-boxed elementor-section-height-default elementor-section-height-default\" data-id=\"330da16\" data-element_type=\"section\">\n\t\t\t\t\t\t<div class=\"elementor-container elementor-column-gap-default\">\n\t\t\t\t\t<div class=\"elementor-column elementor-col-100 elementor-top-column elementor-element elementor-element-e4bd1b5\" data-id=\"e4bd1b5\" data-element_type=\"column\">\n\t\t\t<div class=\"elementor-widget-wrap elementor-element-populated\">\n\t\t\t\t\t\t\t\t<div class=\"elementor-element elementor-element-b9490ed elementor-widget elementor-widget-text-editor\" data-id=\"b9490ed\" data-element_type=\"widget\" data-widget_type=\"text-editor.default\">\n\t\t\t\t<div class=\"elementor-widget-container\">\n\t\t\t<style>\/*! elementor - v3.11.5 - 14-03-2023 *\/\n.elementor-widget-text-editor.elementor-drop-cap-view-stacked .elementor-drop-cap{background-color:#818a91;color:#fff}.elementor-widget-text-editor.elementor-drop-cap-view-framed .elementor-drop-cap{color:#818a91;border:3px solid;background-color:transparent}.elementor-widget-text-editor:not(.elementor-drop-cap-view-default) .elementor-drop-cap{margin-top:8px}.elementor-widget-text-editor:not(.elementor-drop-cap-view-default) .elementor-drop-cap-letter{width:1em;height:1em}.elementor-widget-text-editor .elementor-drop-cap{float:left;text-align:center;line-height:1;font-size:50px}.elementor-widget-text-editor .elementor-drop-cap-letter{display:inline-block}<\/style>\t\t\t\t<h5><strong>\u00a0 \u00a0 \u00a0 \u00a0H\u0130ZMET \u0130HRACATI NED\u0130R? NASIL GER\u00c7EKLE\u015eT\u0130R\u0130L\u0130R?<\/strong><\/h5><p>\u00a0 \u00a0 \u00a0 \u00a0 \u00a020\/04\/2022 tarihli ve <strong>5448 say\u0131l\u0131<\/strong> Hizmet \u0130hracat\u0131n\u0131n Tan\u0131mlanmas\u0131 S\u0131n\u0131fland\u0131r\u0131lmas\u0131 ve Desteklenmesi Hakk\u0131nda Karar\u2019a g\u00f6re\u00a0 hizmet ihracat\u0131, yurt d\u0131\u015f\u0131nda yerle\u015fik ki\u015fi veya kurulu\u015flara y\u00f6nelik olarak yurt i\u00e7inde ya da yurt d\u0131\u015f\u0131nda ger\u00e7ekle\u015ftirilen, yurt i\u00e7inde ya da yurt d\u0131\u015f\u0131nda faydalan\u0131lan belirli nitelikteki d\u00f6viz kazand\u0131r\u0131c\u0131 hizmet ve faaliyetlerin sunumlar\u0131n\u0131 ifade eder.<\/p><p>\u00a0<\/p><h5><strong>\u00a0 \u00a0 \u00a0 \u00a0H\u0130ZMET \u0130HRACATI DESTEKLER\u0130 NE \u015eEK\u0130LDE D\u00dcZENLENM\u0130\u015eT\u0130R?<\/strong><\/h5><p>\u00a0 \u00a0 \u00a0 \u00a0 \u00a0Hizmet ihracat\u0131 destekleri 20.04.2022 tarih ve <strong>5448<\/strong> <strong>say\u0131l\u0131 <\/strong>Cumhurba\u015fkanl\u0131\u011f\u0131 Karar\u0131 ile d\u00fczenlenmi\u015ftir.<\/p><p>\u00a0 \u00a0 \u00a0 \u00a0 \u00a0Bu kararla:\u00a0<\/p><p>\u00a0 \u00a0 \u00a0 \u00a0 \u00a0D\u00f6viz kazand\u0131r\u0131c\u0131 hizmet ve faaliyetler ile hizmet ihracat\u0131n\u0131n hukuki \u00e7er\u00e7evesinin olu\u015fturulmas\u0131n\u0131, hizmet ihracat\u0131m\u0131zda s\u00fcrd\u00fcr\u00fclebilir art\u0131\u015f\u0131n sa\u011flanmas\u0131 amac\u0131yla,<\/p><p>\u00a0 \u00a0 \u00a0 \u00a0 \u00a0\u0130hracata y\u00f6nelik kurumsal kapasite olu\u015fturulmas\u0131na ve kapasitenin g\u00fc\u00e7lendirilmesine,<\/p><p>\u00a0 \u00a0 \u00a0 \u00a0 \u00a0Yurt d\u0131\u015f\u0131 pazarlara eri\u015fime,<\/p><p>\u00a0 \u00a0 \u00a0 \u00a0 \u00a0Pazarda tutundurmaya ve<\/p><p>\u00a0 \u00a0 \u00a0 \u00a0 \u00a0Pazar pay\u0131n\u0131 artt\u0131rmaya y\u00f6nelik faaliyetlere ili\u015fkin giderlerin,<\/p><p>\u00a0 \u00a0 \u00a0 \u00a0 \u00a0Destekleme ve\u00a0 Fiyat \u0130stikrar Fonu (DF\u0130F)\u2019ndan kar\u015f\u0131lanmas\u0131na y\u00f6nelik d\u00fczenleme yap\u0131lm\u0131\u015ft\u0131r.<\/p><p>\u00a0<\/p><h5><strong>\u00a0 \u00a0 \u00a0 \u00a0H\u0130ZMET \u0130HRACATI Y\u00d6NTEMLER\u0130 NELERD\u0130R?<\/strong><\/h5><ul><li><strong>S\u0131n\u0131r \u00f6tesi hizmet ihracat\u0131:<\/strong> Yurt d\u0131\u015f\u0131nda yerle\u015fik ki\u015fi veya kurulu\u015flara y\u00f6nelik olarak yurt i\u00e7inde sa\u011flanan ve yurt d\u0131\u015f\u0131nda faydalan\u0131lan hizmet sunumudur.<\/li><li><strong>Yurt i\u00e7i hizmet ihracat\u0131:<\/strong> Yurt d\u0131\u015f\u0131nda yerle\u015fik ki\u015fi veya kurulu\u015flara yurt i\u00e7inde sa\u011flanan ve yurt i\u00e7inde faydalan\u0131lan hizmet sunumudur.<\/li><li><strong>Yurt d\u0131\u015f\u0131nda ticari varl\u0131k olu\u015fturulmas\u0131 yoluyla hizmet ihracat\u0131:<\/strong> Hizmet ihracat\u00e7\u0131lar\u0131 taraf\u0131ndan yurt d\u0131\u015f\u0131nda ticari varl\u0131k kurulmas\u0131 suretiyle sa\u011flanan hizmet sunumudur.<\/li><li><strong>Ger\u00e7ek ki\u015filer taraf\u0131ndan ger\u00e7ekle\u015ftirilen hizmet ihracat\u0131: <\/strong>Yurt i\u00e7inde yerle\u015fik ki\u015fi veya kurulu\u015flar ad\u0131na ya da ba\u011f\u0131ms\u0131z olarak ger\u00e7ek ki\u015filer taraf\u0131ndan yurt d\u0131\u015f\u0131nda sa\u011flanan hizmet sunumudur.<\/li><\/ul><p>\u00a0<\/p><h5><strong>\u00a0 \u00a0 \u00a0 \u00a0 H\u0130ZMET \u0130HRACATI KAPSAMINDA DESTEKLENEN SEKT\u00d6RLER HANG\u0130LER\u0130D\u0130R?<\/strong><\/h5><ul><li>E\u011fitim Hizmetleri<\/li><li>Fuarc\u0131l\u0131k Hizmetleri<\/li><li>Gayrimenkul Hizmetleri<\/li><li>K\u00fclt\u00fcrel ve Yarat\u0131c\u0131 End\u00fcstri Hizmetleri<\/li><li>Lojistik ve Ta\u015f\u0131mac\u0131l\u0131k Hizmetleri<\/li><li>Sa\u011fl\u0131k ve Spor Turizmi Hizmetleri<\/li><li>Y\u00f6netim Dan\u0131\u015fmanl\u0131\u011f\u0131 Hizmetleri<\/li><li>Ye\u015fil Hizmetler<\/li><li>Di\u011fer Sekt\u00f6rler<\/li><\/ul><p>\u00a0 \u00a0 \u00a0 \u00a0 \u00a0Hizmet ihracat\u0131 kapsam\u0131nda desteklenen sekt\u00f6rlere, hizmet ihracat\u0131n\u0131n y\u00f6neldi\u011fi \u00fclkenin hedef ve \u00f6ncelikli \u00fclkeler listesinde olmas\u0131 durumuna g\u00f6re ilave destekler verilmekte; hedef ve \u00f6ncelikli \u00fclke listesi sekt\u00f6rlere g\u00f6re farkl\u0131l\u0131k g\u00f6stermektedir.<\/p>\t\t\t\t\t\t<\/div>\n\t\t\t\t<\/div>\n\t\t\t\t\t<\/div>\n\t\t<\/div>\n\t\t\t\t\t\t\t<\/div>\n\t\t<\/section>\n\t\t\t\t\t\t\t<\/div>\n\t\t","protected":false},"excerpt":{"rendered":"<p>\u00a0 \u00a0 \u00a0 \u00a0H\u0130ZMET \u0130HRACATI NED\u0130R? NASIL GER\u00c7EKLE\u015eT\u0130R\u0130L\u0130R? \u00a0 \u00a0 \u00a0 \u00a0 \u00a020\/04\/2022 tarihli ve 5448 say\u0131l\u0131 Hizmet \u0130hracat\u0131n\u0131n Tan\u0131mlanmas\u0131 S\u0131n\u0131fland\u0131r\u0131lmas\u0131 ve Desteklenmesi Hakk\u0131nda Karar\u2019a g\u00f6re\u00a0 hizmet ihracat\u0131, yurt d\u0131\u015f\u0131nda yerle\u015fik ki\u015fi veya kurulu\u015flara y\u00f6nelik olarak yurt i\u00e7inde ya da yurt d\u0131\u015f\u0131nda ger\u00e7ekle\u015ftirilen, yurt i\u00e7inde ya da yurt d\u0131\u015f\u0131nda faydalan\u0131lan belirli nitelikteki d\u00f6viz kazand\u0131r\u0131c\u0131 hizmet [&hellip;]<\/p>\n","protected":false},"author":1,"featured_media":0,"parent":0,"menu_order":0,"comment_status":"closed","ping_status":"closed","template":"elementor_header_footer","meta":[],"_links":{"self":[{"href":"https:\/\/arpdestek.com\/index.php\/wp-json\/wp\/v2\/pages\/587"}],"collection":[{"href":"https:\/\/arpdestek.com\/index.php\/wp-json\/wp\/v2\/pages"}],"about":[{"href":"https:\/\/arpdestek.com\/index.php\/wp-json\/wp\/v2\/types\/page"}],"author":[{"embeddable":true,"href":"https:\/\/arpdestek.com\/index.php\/wp-json\/wp\/v2\/users\/1"}],"replies":[{"embeddable":true,"href":"https:\/\/arpdestek.com\/index.php\/wp-json\/wp\/v2\/comments?post=587"}],"version-history":[{"count":10,"href":"https:\/\/arpdestek.com\/index.php\/wp-json\/wp\/v2\/pages\/587\/revisions"}],"predecessor-version":[{"id":941,"href":"https:\/\/arpdestek.com\/index.php\/wp-json\/wp\/v2\/pages\/587\/revisions\/941"}],"wp:attachment":[{"href":"https:\/\/arpdestek.com\/index.php\/wp-json\/wp\/v2\/media?parent=587"}],"curies":[{"name":"wp","href":"https:\/\/api.w.org\/{rel}","templated":true}]}}